{"id":5868,"date":"2025-11-28T09:17:09","date_gmt":"2025-11-28T09:17:09","guid":{"rendered":"https:\/\/vapehosale.com\/?post_type=product&#038;p=5868"},"modified":"2025-11-28T09:36:38","modified_gmt":"2025-11-28T09:36:38","slug":"eu-warehouse-fumot-digital-box-12000-puffs","status":"publish","type":"product","link":"https:\/\/vapehosale.com\/et\/product\/eu-warehouse-fumot-digital-box-12000-puffs\/","title":{"rendered":"EU laos Fumot Digitaalne Karp 12000 Puhangut \u00dchekordne Vape"},"content":{"rendered":"<h2 style=\"text-align: center\">Hulgim\u00fc\u00fck Euroopa Laovaru Fumot Digitaalne Karp 12000 Puhangut \u00dchekordne Vape<\/h2>\n<p>Euroopa laos olev Fumot digitaalne karp 12000 puhangu on laetav, jaem\u00fc\u00fcgi valmis \u00fchekordne toode Fumot randm, mis on m\u00f5eldud prognoositavaks riiuli j\u00f5udluseks. Iga \u00fcksus annab 12 000 puhangu 20ml reservuaarist, kasutab k\u00f5rge t\u00f5hususega v\u00f5rgusilma-k\u00fcttekeha koos 2% nikotiinisoolaga ning sisaldab integreeritud 850mAh akut ning digitaalset karp-n\u00e4idikut selge aku ja kasutusstatistika jaoks. Laost Euroopa riikides 52 maitsevalikuga, see l\u00fchendab t\u00e4itmisaja ja lihtsustab varude planeerimist Euroopa jaem\u00fc\u00fcjatele ja jaotajatele.<\/p>\n<h3>Fumot Digitaalne Karp 12k Puhangute Omadused:<\/h3>\n<ol>\n<li>12 000 puhangu ja 20ml maht: pikaajaline kasutus iga\u00fcks annab m\u00f5\u00f5detava v\u00e4\u00e4rtuse hulgim\u00fc\u00fcjatele ja suure p\u00f6\u00f6rdega jaem\u00fc\u00fcjatele.<\/li>\n<li>v\u00f5rgusilma-k\u00fcte + 2% nikotiinisool: inseneritud \u00fchtlaseks soojendamiseks, tugeva maitse eraldamiseks ja sujuva 20 mg\/ml kurgu l\u00f6\u00f6gi jaoks.<\/li>\n<li>integreeritud 850mAh laetav aku: toetab seadme laadimists\u00fckleid, et maksimeerida seadme eluiga ja v\u00e4hendada j\u00e4\u00e4tmeid v\u00f5rreldes \u00fchekordsete toodetega.<\/li>\n<li>digitaalne karp-n\u00e4idik ja Euroopa laoseis: seadme ekraan n\u00e4itab aku ja kasutusstatistikat; 52 Euroopa laovaru maitsevalikut v\u00f5imaldavad kiire t\u00e4itmise ja laiemat riiuli valikut.<\/li>\n<\/ol>\n<h3>Fumot Digitaalne Karp 12000 Puhangute Maailm EU laos:<\/h3>\n<p>1 Jahutav piparm\u00fcnt<br \/>\n2 Arbuusij\u00e4\u00e4<br \/>\n3 Viinamarjaj\u00e4\u00e4<br \/>\n4 Mustikas-vaarikas<br \/>\n5 Maasikas-arbuus<br \/>\n6 Maasikas-banaan<br \/>\n7 Mahlane j\u00e4\u00e4<br \/>\n8 Kirss<br \/>\n9 Maasikaj\u00e4\u00e4<br \/>\n10 J\u00e4ine pops<br \/>\n11 Roosa limonaad<br \/>\n12 Mango j\u00e4\u00e4l<br \/>\n13 Segumarjad<br \/>\n14 Maasika s\u00f5\u00f5rik<br \/>\n15 Maasikas-viinamari<br \/>\n16 Kirsi-kola<br \/>\n17 Dr. Sinine<br \/>\n18 Mustikas j\u00e4\u00e4l<br \/>\n19 Kiivi-kannatuslill-guajaav<br \/>\n20 Maasika-kiivi<br \/>\n21 Virsiku-mango<br \/>\n22 Virsiku-j\u00e4\u00e4<br \/>\n23 Punase \u00f5una j\u00e4\u00e4<br \/>\n24 Mustika-n\u00e4rimiskumm<br \/>\n25 Marja-limonaad<br \/>\n26 Sinise vaarika limonaad<br \/>\n27 Sinine hapu vaarikas<br \/>\n28 Maasika Red Bull<br \/>\n29 \u00d5una-marja plahvatus<br \/>\n30 Arbuusimullin\u00e4ts<br \/>\n31 Vaarika-arbuus<br \/>\n32 Must j\u00e4\u00e4<br \/>\n33 Mustika-kirsi-j\u00f5hvika<br \/>\n34 Maasika-pommi (granaat\u00f5una)<br \/>\n35 Vimto<br \/>\n36 Kirsi-marja<br \/>\n37 Sidrun<br \/>\n38 Bingo Crush<br \/>\n39 Mustika-kiivi<br \/>\n41 Banaani j\u00e4\u00e4<br \/>\n42 Draakonivilja j\u00e4\u00e4<br \/>\n43 Puuvilja fusioon<br \/>\n44 Viinamarja-m\u00fcndi<br \/>\n45 Armastus 66<br \/>\n46 Ananassi j\u00e4\u00e4<br \/>\n47 Punase energia j\u00e4\u00e4<br \/>\n48 Kaks \u00f5una<br \/>\n50 Koola j\u00e4\u00e4<br \/>\n51 J\u00e4\u00e4tee sidruni j\u00e4\u00e4<br \/>\n52 J\u00e4\u00e4tee virsiku j\u00e4\u00e4<br \/>\n<span style=\"color: #ff0000\">M\u00e4rkus: maitse Euroopa laos on iga p\u00e4ev muutuv, palun v\u00f5tke \u00fchendust meie m\u00fc\u00fcgiteenusega uusimate maitsete nimekirja saamiseks<span class=\"x19la9d6 x1fc57z9 x6ikm8r x10wlt62 x19co3pv x11tp94h xfibh0p xiy17q3 x1xsqp64 x1lkfr7t xexx8yu xyri2b x18d9i69 x1c1uobl\"><span class=\"xrtxmta x1bhl96m\">\u2764\ufe0f<\/span><\/span><\/span><\/p>\n<h3>Miks valida Hulgim\u00fc\u00fck Fumot Digitaalne Karp 12000 Puhangut Euroopas?<\/h3>\n<ol>\n<li>laiendatud jaem\u00fc\u00fcgik\u00e4itlus: pakkudes 12 000 puhangu ja 20ml reservuaariga, v\u00e4hendab Fumot digitaalne karp uuesti t\u00e4itmise sagedust, alandab \u00fche\u00fchiku t\u00e4itmise kulusid ning annab jaem\u00fc\u00fcjatele prognoositava SKU eluaja m\u00fc\u00fcgi prognoosimiseks.<\/li>\n<li>\u00fchtlane maitse j\u00f5udlus: v\u00f5rgusilma-k\u00fcte koos 2% nikotiinisoolaga tagab \u00fchtlase soojendamise ja stabiilse aurutiheduse, s\u00e4ilitades maitse usaldusv\u00e4\u00e4rsuse ja kurgu l\u00f6\u00f6gi alates esimesest t\u00f5mbest kuni viimase t\u00fchjenemiseni.<\/li>\n<li>laetav ja usaldusv\u00e4\u00e4rne: integreeritud 850mAh laetav aku toetab korduvaid laadimists\u00fckleid, v\u00f5imaldades kasutajatel t\u00e4ielikult tarbida 20ml e-vedelikku ning v\u00e4hendada tagastamisi, mis on seotud toitekatkestustega.<\/li>\n<li>euroopa optimeeritud varustus: 52 maitset laos Euroopa laos ja hulgim\u00fc\u00fcgiks valmis pakendamine, see seade l\u00fchendab tarneaegu, h\u00f5lbustab tolliprotsesse ning laiendab riiuli valikut kiiresti.<\/li>\n<\/ol>\n<h3><strong>Pakendi sisu:<\/strong><\/h3>\n<p>1 x Euroopa laovaru Fumot digitaalne karp 12k \u00fchekordne vape<\/p>\n<h3>Hulgim\u00fc\u00fcja kontakt<\/h3>\n<p>\u2705<a href=\"https:\/\/vapehosale.com\/et\/product-category\/disposable-vape-in-european-warehouse\/\">Euroopa laos \u00fchekordne vape hulgim\u00fc\u00fck <\/a>Whatsapp:<a href=\"https:\/\/wa.me\/8618077105750\">+8618077105750<\/a><\/p>\n<p>\u2705 Hulgim\u00fc\u00fcjad ja edasim\u00fc\u00fcjad on teretulnud tellimusi kohandama<br \/>\n\u2705Pakume k\u00f5rgeima kvaliteediga tooteid ja professionaalseid teenuseid.<\/p>\n<p><img decoding=\"async\" class=\"alignnone size-full wp-image-2638\" src=\"https:\/\/vapehosale.com\/wp-content\/uploads\/2023\/09\/885301ea6f5e0b91f5ab2b1c85e665c.png\" alt=\"RandM Tehas\" width=\"670\" height=\"658\" srcset=\"https:\/\/vapehosale.com\/wp-content\/uploads\/2023\/09\/885301ea6f5e0b91f5ab2b1c85e665c.png 670w, https:\/\/vapehosale.com\/wp-content\/uploads\/2023\/09\/885301ea6f5e0b91f5ab2b1c85e665c-300x295.png 300w, https:\/\/vapehosale.com\/wp-content\/uploads\/2023\/09\/885301ea6f5e0b91f5ab2b1c85e665c-600x589.png 600w\" sizes=\"(max-width: 670px) 100vw, 670px\" \/><\/p>\n<p>Tootekataloogi saamiseks v\u00f5tke \u00fchendust:<a href=\"https:\/\/wa.me\/8618077105750\">Osta kohe, vaata k\u00f5iki hulgihindasid<\/a><br \/>\nMuud enimm\u00fc\u00fcdud aurustid, mida sa v\u00f5id vajada<\/p>\n<p><a href=\"https:\/\/vapehosale.com\/et\/product-category\/disposable-vape-in-european-warehouse\/\">Euroopa laos \u00dchekordsete Vape kataloog<\/a><br \/>\n<a href=\"https:\/\/vapehosale.com\/et\/product-tag\/elfbar-vape\/\">ELFBAR Eesti laos<\/a><br \/>\n<a href=\"https:\/\/vapehosale.com\/et\/product\/waspe-aiviou-150k-puffs-6-in-1-flavor-disposable-vape\/\">Waspe vape Eesti laos<\/a><\/p>\n<h3>Saatmisdetailid:<\/h3>\n<p>Saadetud: DHL\/UPS\/DPD\/GLS,<\/p>\n<p>Tarne Saksamaale\/Allemagne: 2-4 t\u00f6\u00f6p\u00e4eva<\/p>\n<p>Tarne teistele Euroopa riikidele: 7 t\u00f6\u00f6p\u00e4eva<\/p>\n<h4>Makseandmed:<\/h4>\n<p><span style=\"color: #ff0000\">ei toeta sularahas maksmist, tasuta saatmine<br \/>\n<\/span><\/p>\n<p>K\u00f5ik meie poe tooted on 100% originaalsed ja autentsed, seega on meie poe poliitika v\u00f5ltskaupade eest k\u00fcmnekordne h\u00fcvitis.<\/p>\n<h5><span style=\"color: #ff0000\">Minimaalne tellimus 50 tk<\/span><\/h5>","protected":false},"excerpt":{"rendered":"<p data-start=\"2414\" data-end=\"2672\">Fumot digitaalne karp 12000 puhangu Euroopa laos on laetav, v\u00f5rgusilma-k\u00fcttekeha \u00fchekordne pakkumine, mis annab 12 000 puhangu 20ml e-vedeliku ja 2% nikotiiniga, integreeritud 850mAh aku ja digitaalne n\u00e4idik, laos Euroopa riikides 52 maitsega.<span style=\"color: #ff0000\">(Fumot 15k hind eurodes tasuta saatmine)<\/span><\/p>\n<p><img decoding=\"async\" class=\"alignnone size-medium wp-image-2638\" src=\"https:\/\/vapehosale.com\/wp-content\/uploads\/2023\/09\/885301ea6f5e0b91f5ab2b1c85e665c-300x295.png\" alt=\"RandM Tehas\" width=\"300\" height=\"295\" srcset=\"https:\/\/vapehosale.com\/wp-content\/uploads\/2023\/09\/885301ea6f5e0b91f5ab2b1c85e665c-300x295.png 300w, https:\/\/vapehosale.com\/wp-content\/uploads\/2023\/09\/885301ea6f5e0b91f5ab2b1c85e665c-600x589.png 600w, https:\/\/vapehosale.com\/wp-content\/uploads\/2023\/09\/885301ea6f5e0b91f5ab2b1c85e665c.png 670w\" sizes=\"(max-width: 300px) 100vw, 300px\" \/><\/p>\n<p>&nbsp;<\/p>","protected":false},"featured_media":5869,"comment_status":"open","ping_status":"closed","template":"","meta":{"_uag_custom_page_level_css":"","_lmt_disableupdate":"no","_lmt_disable":"","site-sidebar-layout":"default","site-content-layout":"","ast-site-content-layout":"default","site-content-style":"default","site-sidebar-style":"default","ast-global-header-display":"","ast-banner-title-visibility":"","ast-main-header-display":"","ast-hfb-above-header-display":"","ast-hfb-below-header-display":"","ast-hfb-mobile-header-display":"","site-post-title":"","ast-breadcrumbs-content":"","ast-featured-img":"","footer-sml-layout":"","theme-transparent-header-meta":"default","adv-header-id-meta":"","stick-header-meta":"","header-above-stick-meta":"","header-main-stick-meta":"","header-below-stick-meta":"","astra-migrate-meta-layouts":"set","_joinchat":[]},"product_cat":[79,15],"product_tag":[76,70,35,33],"class_list":["post-5868","product","type-product","status-publish","has-post-thumbnail","hentry","product_cat-disposable-vape-in-european-warehouse","product_cat-vape-shop-wholesale","product_tag-airflow-control-vape","product_tag-legal-in-eu-vape","product_tag-rechargeable-disposable-device","product_tag-rgb-light-disposable-vape","desktop-align-left","tablet-align-left","mobile-align-left"],"yoast_head":"<!-- This site is optimized with the Yoast SEO plugin v21.1 - https:\/\/yoast.com\/wordpress\/plugins\/seo\/ -->\n<title>Eu Warehouse Fumot Digital Box 12000 Puffs Disposable Vape - Vape Wholesale<\/title>\n<meta name=\"description\" content=\"Wholesale europe warehouse fumot digital box 12000 puffs disposable vape\u2014 rechargeable 20ml mesh-coil disposable, 52 eu flavors, fast shipping.\" \/>\n<meta name=\"robots\" content=\"index, follow, max-snippet:-1, max-image-preview:large, max-video-preview:-1\" \/>\n<link rel=\"canonical\" href=\"https:\/\/vapehosale.com\/et\/product\/eu-warehouse-fumot-digital-box-12000-puffs\/\" \/>\n<meta property=\"og:locale\" content=\"et_EE\" \/>\n<meta property=\"og:type\" content=\"article\" \/>\n<meta property=\"og:title\" content=\"Eu Warehouse Fumot Digital Box 12000 Puffs Disposable Vape - Vape Wholesale\" \/>\n<meta property=\"og:description\" content=\"Wholesale europe warehouse fumot digital box 12000 puffs disposable vape\u2014 rechargeable 20ml mesh-coil disposable, 52 eu flavors, fast shipping.\" \/>\n<meta property=\"og:url\" content=\"https:\/\/vapehosale.com\/et\/product\/eu-warehouse-fumot-digital-box-12000-puffs\/\" \/>\n<meta property=\"og:site_name\" content=\"Vape Wholesale\" \/>\n<meta property=\"article:modified_time\" content=\"2025-11-28T09:36:38+00:00\" \/>\n<meta property=\"og:image\" content=\"https:\/\/vapehosale.com\/wp-content\/uploads\/2025\/11\/digital-box-12000-puffs-disposable.webp\" \/>\n\t<meta property=\"og:image:width\" content=\"1000\" \/>\n\t<meta property=\"og:image:height\" content=\"1777\" \/>\n\t<meta property=\"og:image:type\" content=\"image\/webp\" \/>\n<meta name=\"twitter:card\" content=\"summary_large_image\" \/>\n<meta name=\"twitter:label1\" content=\"Est. reading time\" \/>\n\t<meta name=\"twitter:data1\" content=\"3 minutit\" \/>\n<script type=\"application\/ld+json\" class=\"yoast-schema-graph\">{\"@context\":\"https:\/\/schema.org\",\"@graph\":[{\"@type\":\"WebPage\",\"@id\":\"https:\/\/vapehosale.com\/product\/eu-warehouse-fumot-digital-box-12000-puffs\/\",\"url\":\"https:\/\/vapehosale.com\/product\/eu-warehouse-fumot-digital-box-12000-puffs\/\",\"name\":\"Eu Warehouse Fumot Digital Box 12000 Puffs Disposable Vape - Vape Wholesale\",\"isPartOf\":{\"@id\":\"https:\/\/vapehosale.com\/#website\"},\"datePublished\":\"2025-11-28T09:17:09+00:00\",\"dateModified\":\"2025-11-28T09:36:38+00:00\",\"description\":\"Wholesale europe warehouse fumot digital box 12000 puffs disposable vape\u2014 rechargeable 20ml mesh-coil disposable, 52 eu flavors, fast shipping.\",\"breadcrumb\":{\"@id\":\"https:\/\/vapehosale.com\/product\/eu-warehouse-fumot-digital-box-12000-puffs\/#breadcrumb\"},\"inLanguage\":\"et\",\"potentialAction\":[{\"@type\":\"ReadAction\",\"target\":[\"https:\/\/vapehosale.com\/product\/eu-warehouse-fumot-digital-box-12000-puffs\/\"]}]},{\"@type\":\"BreadcrumbList\",\"@id\":\"https:\/\/vapehosale.com\/product\/eu-warehouse-fumot-digital-box-12000-puffs\/#breadcrumb\",\"itemListElement\":[{\"@type\":\"ListItem\",\"position\":1,\"name\":\"Home\",\"item\":\"https:\/\/vapehosale.com\/\"},{\"@type\":\"ListItem\",\"position\":2,\"name\":\"Best Sell Vapes\",\"item\":\"https:\/\/vapehosale.com\/vape-shop\/\"},{\"@type\":\"ListItem\",\"position\":3,\"name\":\"Eu Warehouse Fumot Digital Box 12000 Puffs Disposable Vape\"}]},{\"@type\":\"WebSite\",\"@id\":\"https:\/\/vapehosale.com\/#website\",\"url\":\"https:\/\/vapehosale.com\/\",\"name\":\"Vape Wholesale\",\"description\":\"Buy Vape Wholesale Price Near you\",\"potentialAction\":[{\"@type\":\"SearchAction\",\"target\":{\"@type\":\"EntryPoint\",\"urlTemplate\":\"https:\/\/vapehosale.com\/?s={search_term_string}\"},\"query-input\":\"required name=search_term_string\"}],\"inLanguage\":\"et\"}]}<\/script>\n<!-- \/ Yoast SEO plugin. -->","yoast_head_json":{"title":"Eu Warehouse Fumot Digital Box 12000 Puffs Disposable Vape - Vape Wholesale","description":"Wholesale europe warehouse fumot digital box 12000 puffs disposable vape\u2014 rechargeable 20ml mesh-coil disposable, 52 eu flavors, fast shipping.","robots":{"index":"index","follow":"follow","max-snippet":"max-snippet:-1","max-image-preview":"max-image-preview:large","max-video-preview":"max-video-preview:-1"},"canonical":"https:\/\/vapehosale.com\/et\/product\/eu-warehouse-fumot-digital-box-12000-puffs\/","og_locale":"et_EE","og_type":"article","og_title":"Eu Warehouse Fumot Digital Box 12000 Puffs Disposable Vape - Vape Wholesale","og_description":"Wholesale europe warehouse fumot digital box 12000 puffs disposable vape\u2014 rechargeable 20ml mesh-coil disposable, 52 eu flavors, fast shipping.","og_url":"https:\/\/vapehosale.com\/et\/product\/eu-warehouse-fumot-digital-box-12000-puffs\/","og_site_name":"Vape Wholesale","article_modified_time":"2025-11-28T09:36:38+00:00","og_image":[{"width":1000,"height":1777,"url":"https:\/\/vapehosale.com\/wp-content\/uploads\/2025\/11\/digital-box-12000-puffs-disposable.webp","type":"image\/webp"}],"twitter_card":"summary_large_image","twitter_misc":{"Est. reading time":"3 minutit"},"schema":{"@context":"https:\/\/schema.org","@graph":[{"@type":"WebPage","@id":"https:\/\/vapehosale.com\/product\/eu-warehouse-fumot-digital-box-12000-puffs\/","url":"https:\/\/vapehosale.com\/product\/eu-warehouse-fumot-digital-box-12000-puffs\/","name":"Eu Warehouse Fumot Digital Box 12000 Puffs Disposable Vape - Vape Wholesale","isPartOf":{"@id":"https:\/\/vapehosale.com\/#website"},"datePublished":"2025-11-28T09:17:09+00:00","dateModified":"2025-11-28T09:36:38+00:00","description":"Wholesale europe warehouse fumot digital box 12000 puffs disposable vape\u2014 rechargeable 20ml mesh-coil disposable, 52 eu flavors, fast shipping.","breadcrumb":{"@id":"https:\/\/vapehosale.com\/product\/eu-warehouse-fumot-digital-box-12000-puffs\/#breadcrumb"},"inLanguage":"et","potentialAction":[{"@type":"ReadAction","target":["https:\/\/vapehosale.com\/product\/eu-warehouse-fumot-digital-box-12000-puffs\/"]}]},{"@type":"BreadcrumbList","@id":"https:\/\/vapehosale.com\/product\/eu-warehouse-fumot-digital-box-12000-puffs\/#breadcrumb","itemListElement":[{"@type":"ListItem","position":1,"name":"Home","item":"https:\/\/vapehosale.com\/"},{"@type":"ListItem","position":2,"name":"Best Sell Vapes","item":"https:\/\/vapehosale.com\/vape-shop\/"},{"@type":"ListItem","position":3,"name":"Eu Warehouse Fumot Digital Box 12000 Puffs Disposable Vape"}]},{"@type":"WebSite","@id":"https:\/\/vapehosale.com\/#website","url":"https:\/\/vapehosale.com\/","name":"Vape Wholesale","description":"Buy Vape Wholesale Price Near you","potentialAction":[{"@type":"SearchAction","target":{"@type":"EntryPoint","urlTemplate":"https:\/\/vapehosale.com\/?s={search_term_string}"},"query-input":"required name=search_term_string"}],"inLanguage":"et"}]}},"uagb_featured_image_src":{"full":["https:\/\/vapehosale.com\/wp-content\/uploads\/2025\/11\/digital-box-12000-puffs-disposable.webp",1000,1777,false],"thumbnail":["https:\/\/vapehosale.com\/wp-content\/uploads\/2025\/11\/digital-box-12000-puffs-disposable-150x150.webp",150,150,true],"medium":["https:\/\/vapehosale.com\/wp-content\/uploads\/2025\/11\/digital-box-12000-puffs-disposable-169x300.webp",169,300,true],"medium_large":["https:\/\/vapehosale.com\/wp-content\/uploads\/2025\/11\/digital-box-12000-puffs-disposable-768x1365.webp",768,1365,true],"large":["https:\/\/vapehosale.com\/wp-content\/uploads\/2025\/11\/digital-box-12000-puffs-disposable-576x1024.webp",576,1024,true],"1536x1536":["https:\/\/vapehosale.com\/wp-content\/uploads\/2025\/11\/digital-box-12000-puffs-disposable-864x1536.webp",864,1536,true],"2048x2048":["https:\/\/vapehosale.com\/wp-content\/uploads\/2025\/11\/digital-box-12000-puffs-disposable.webp",1000,1777,false],"trp-custom-language-flag":["https:\/\/vapehosale.com\/wp-content\/uploads\/2025\/11\/digital-box-12000-puffs-disposable-7x12.webp",7,12,true],"woocommerce_thumbnail":["https:\/\/vapehosale.com\/wp-content\/uploads\/2025\/11\/digital-box-12000-puffs-disposable-300x300.webp",300,300,true],"woocommerce_single":["https:\/\/vapehosale.com\/wp-content\/uploads\/2025\/11\/digital-box-12000-puffs-disposable-600x1066.webp",600,1066,true],"woocommerce_gallery_thumbnail":["https:\/\/vapehosale.com\/wp-content\/uploads\/2025\/11\/digital-box-12000-puffs-disposable-100x100.webp",100,100,true],"wcpr-photo-reviews":["https:\/\/vapehosale.com\/wp-content\/uploads\/2025\/11\/digital-box-12000-puffs-disposable.webp",281,500,false]},"uagb_author_info":{"display_name":"Vicky hosale","author_link":"https:\/\/vapehosale.com\/et\/author\/"},"uagb_comment_info":0,"uagb_excerpt":"Fumot digital box 12000 puffs in Europe warehouse is a rechargeable, mesh-coil disposable offering 12,000 puffs from 20ml e-liquid with 2% nicotine, integrated 850mah battery and digital display, stocked in eu warehouses with 52 flavors.(Fumot 15k price in Euros free shipping) &nbsp;","_links":{"self":[{"href":"https:\/\/vapehosale.com\/et\/wp-json\/wp\/v2\/product\/5868","targetHints":{"allow":["GET"]}}],"collection":[{"href":"https:\/\/vapehosale.com\/et\/wp-json\/wp\/v2\/product"}],"about":[{"href":"https:\/\/vapehosale.com\/et\/wp-json\/wp\/v2\/types\/product"}],"replies":[{"embeddable":true,"href":"https:\/\/vapehosale.com\/et\/wp-json\/wp\/v2\/comments?post=5868"}],"wp:featuredmedia":[{"embeddable":true,"href":"https:\/\/vapehosale.com\/et\/wp-json\/wp\/v2\/media\/5869"}],"wp:attachment":[{"href":"https:\/\/vapehosale.com\/et\/wp-json\/wp\/v2\/media?parent=5868"}],"wp:term":[{"taxonomy":"product_cat","embeddable":true,"href":"https:\/\/vapehosale.com\/et\/wp-json\/wp\/v2\/product_cat?post=5868"},{"taxonomy":"product_tag","embeddable":true,"href":"https:\/\/vapehosale.com\/et\/wp-json\/wp\/v2\/product_tag?post=5868"}],"curies":[{"name":"wp","href":"https:\/\/api.w.org\/{rel}","templated":true}]}}