{"id":4927,"date":"2025-07-23T08:21:49","date_gmt":"2025-07-23T08:21:49","guid":{"rendered":"https:\/\/vapehosale.com\/?post_type=product&#038;p=4927"},"modified":"2025-11-24T08:21:32","modified_gmt":"2025-11-24T08:21:32","slug":"razz-bar-50000-puffs-disposable-vape","status":"publish","type":"product","link":"https:\/\/vapehosale.com\/et\/product\/razz-bar-50000-puffs-disposable-vape\/","title":{"rendered":"Razz Bar 50000 mahvi \u00fchekordne e-sigaret Eesti laos"},"content":{"rendered":"<h1 style=\"text-align: center\">Razz Bar 50000 Puhviga \u00dchekordne Vape<\/h1>\n<p>Razz Bar 50k Puhviga Maksimaalse vastupidavuse jaoks konstrueeritud see v\u00f5imas seade pakub t\u00f6\u00f6stusharu juhtivat 50 000 puhvi seadme kohta. Sellel on robustne 650mAh laetav aku (laetakse Type-C pordi kaudu), mis toetab selle tohutut mahtu. Valige oma eelistatud intensiivsus 2% v\u00f5i 5% soolalahuse nikotiini valikutega. T\u00e4iustatud v\u00f5rks\u00fcdamiku tehnoloogia tagab rikkaliku ja \u00fchtlase maitse eraldumise k\u00f5igi 16 erineva, esmaklassilise maitse puhul. Pakendatud t\u00f5husalt 200 \u00fchikut karbi kohta, on see meie Euroopa laos kiireks levitamiseks.<br \/>\n<img decoding=\"async\" class=\"alignnone size-full wp-image-4926\" src=\"https:\/\/vapehosale.com\/wp-content\/uploads\/2025\/07\/Wholesale-Razz-Bar-50k-Disposable-Vape.webp\" alt=\"Hulgim\u00fc\u00fck Razz Bar 50k \u00fchekordne vape\" width=\"1000\" height=\"1000\" srcset=\"https:\/\/vapehosale.com\/wp-content\/uploads\/2025\/07\/Wholesale-Razz-Bar-50k-Disposable-Vape.webp 1000w, https:\/\/vapehosale.com\/wp-content\/uploads\/2025\/07\/Wholesale-Razz-Bar-50k-Disposable-Vape-300x300.webp 300w, https:\/\/vapehosale.com\/wp-content\/uploads\/2025\/07\/Wholesale-Razz-Bar-50k-Disposable-Vape-150x150.webp 150w, https:\/\/vapehosale.com\/wp-content\/uploads\/2025\/07\/Wholesale-Razz-Bar-50k-Disposable-Vape-768x768.webp 768w, https:\/\/vapehosale.com\/wp-content\/uploads\/2025\/07\/Wholesale-Razz-Bar-50k-Disposable-Vape-600x600.webp 600w, https:\/\/vapehosale.com\/wp-content\/uploads\/2025\/07\/Wholesale-Razz-Bar-50k-Disposable-Vape-100x100.webp 100w\" sizes=\"(max-width: 1000px) 100vw, 1000px\" \/><\/p>\n<p>&nbsp;<\/p>\n<h2 data-start=\"1511\" data-end=\"1526\">Razz Bar 50k Puhviga Omadused:<\/h2>\n<ol>\n<li>Soolanikotiin: 2\/5%<\/li>\n<li>Puhve: 50K puhvi<\/li>\n<li>200 tk karbis<\/li>\n<li>Saadaval 16 maitset<\/li>\n<li>650mah taaslaetav<\/li>\n<li>V\u00f5rgusilma (Mesh) spiraal<\/li>\n<li>Type-c<\/li>\n<\/ol>\n<h2 data-start=\"1511\" data-end=\"1526\">Razz Bar 50000 Maitsete Nimekiri<\/h2>\n<p>1. Vaarika-arbuus<br \/>\n2.Maasikaj\u00e4\u00e4<br \/>\n3. Red Bull viinamari<br \/>\n4. Troopiline puuvili<br \/>\n5. Banaan<br \/>\n6.Mustikaj\u00e4\u00e4<br \/>\n7. Virsikuj\u00e4\u00e4<br \/>\n8. Ananassikookos<br \/>\n9.Arbuusij\u00e4\u00e4<br \/>\n10. Sidruni-laim<br \/>\n11.Maasika Banaan<br \/>\n12. H\u00e4rra sinine<br \/>\n13. Maasika-arbuusi n\u00e4ts<br \/>\n14. Roosa limonaad<br \/>\n15. Kirsikola<br \/>\n16. Kummikarud<\/p>\n<h3 data-start=\"2071\" data-end=\"2079\">KKK<strong>s: Razz Bar 50000 pihustiga \u00fchekordselt kasutatav vape<\/strong><\/h3>\n<ol start=\"1\">\n<li>\n<p class=\"ds-markdown-paragraph\"><strong>Kuidas saavutatakse Razz Bar vape 50000 pihustit?<\/strong><br \/>\n50K hinnang tuleneb meie seadme mahukast e-vedeliku mahutist, mis on optimeeritud t\u00f5husa Mesh Coil tehnoloogiaga ja mida on testitud standardse kasutuse korral pikema aja jooksul.<\/p>\n<\/li>\n<li>\n<p class=\"ds-markdown-paragraph\"><strong>Kas aku peab vastu razz bar \u00fchekordselt kasutataval vape 50000 pihustit?<\/strong><br \/>\nAbsoluutselt. Integreeritud 650mAh aku on Type-C kaudu laetav, tagades \u00fchtlase v\u00f5imsuse kogu seadme eluea jooksul.<\/p>\n<\/li>\n<li>\n<p class=\"ds-markdown-paragraph\"><strong>Millistes nikotiinitugevustes on razz bar vape 50k saadaval?<\/strong><br \/>\nKohandage oma kogemust kahe valikuga: pehmem 2% (20mg\/ml) v\u00f5i tugevam 5% (50mg\/ml) soolanikoti koostis.<\/p>\n<\/li>\n<li>\n<p class=\"ds-markdown-paragraph\"><strong>Kui kiire on razz bar \u00fchekordselt kasutatav vape 50000 pihustiga saatmine Euroopas?<\/strong><br \/>\nTellimused saadetakse otse meie EL-i laost, tagades tarnimise Euroopa aadressidele jooksul\u00a0<strong>3-5 t\u00f6\u00f6p\u00e4eva<\/strong>.<\/p>\n<\/li>\n<li>\n<p class=\"ds-markdown-paragraph\"><strong>Kas ma saan konkreetseid maitse soovitusi?<\/strong><br \/>\n16 unikaalse maitsega meie valik vastab erinevatele eelistustele \u2013 v\u00f5tke meiega proovide saamiseks \u00fchendust, et avastada oma enimm\u00fc\u00fcdud tooted!<\/p>\n<\/li>\n<\/ol>\n<h3 class=\"ds-markdown-paragraph\"><strong>Miks <\/strong><strong>Vali Vape Razz Bar 50k?<\/strong><\/h3>\n<ol start=\"1\">\n<li>\n<p class=\"ds-markdown-paragraph\"><strong>V\u00f5rratu pihustite arv:<\/strong> Razz Bar 50000 pihustiga Nautige seadme kohta erakordset 50000 pihustit, maksimeerides v\u00e4\u00e4rtust ja minimeerides sagedasi v\u00e4ljavahetusi.<\/p>\n<\/li>\n<li>\n<p class=\"ds-markdown-paragraph\"><strong>Mitmekesine maitsevalik:<\/strong> Vape Razz Bar 50k vape Rahuldage k\u00f5iki klientide maitseid laia valiku 16 esmaklassilise, erineva maitseprofiiliga.<\/p>\n<\/li>\n<li>\n<p class=\"ds-markdown-paragraph\"><strong>Kiire EL-i tarne:<\/strong> 50000 pihustit Razz bar \u00fchekordselt kasutatav vape Saate kiiresti varusid meie spetsiaalsest Euroopa laost 3-5 t\u00f6\u00f6p\u00e4eva jooksul.<\/p>\n<\/li>\n<li>\n<p class=\"ds-markdown-paragraph\"><strong>T\u00f5hus hulgipakendamine:<\/strong>\u00a0Optimeerige logistikat ja ladustamist karpidega, mis sisaldavad 200 m\u00fc\u00fcgivalmis \u00fchikut.<\/p>\n<\/li>\n<\/ol>\n<h3><strong>Pakendi sisu:<\/strong><\/h3>\n<p>1 x Razz Bar 50000 Puffs \u00fchekordne seade<\/p>\n<h3>Hulgim\u00fc\u00fcja kontakt<\/h3>\n<p>\u2705Originaaltehase Razz Bar \u00fchekordselt kasutatavate veipide hulgim\u00fc\u00fck Whatsapp:<a href=\"https:\/\/wa.me\/8618077105750\">+8618077105750<\/a><\/p>\n<p>\u2705 Hulgim\u00fc\u00fcjad ja edasim\u00fc\u00fcjad on teretulnud tellimusi kohandama<br \/>\n\u2705Pakume k\u00f5rgeima kvaliteediga tooteid ja professionaalseid teenuseid.<\/p>\n<p><img decoding=\"async\" class=\"alignnone size-full wp-image-2638\" src=\"https:\/\/vapehosale.com\/wp-content\/uploads\/2023\/09\/885301ea6f5e0b91f5ab2b1c85e665c.png\" alt=\"RandM Tehas\" width=\"670\" height=\"658\" srcset=\"https:\/\/vapehosale.com\/wp-content\/uploads\/2023\/09\/885301ea6f5e0b91f5ab2b1c85e665c.png 670w, https:\/\/vapehosale.com\/wp-content\/uploads\/2023\/09\/885301ea6f5e0b91f5ab2b1c85e665c-300x295.png 300w, https:\/\/vapehosale.com\/wp-content\/uploads\/2023\/09\/885301ea6f5e0b91f5ab2b1c85e665c-600x589.png 600w\" sizes=\"(max-width: 670px) 100vw, 670px\" \/><\/p>\n<p>Tootekataloogi saamiseks v\u00f5tke \u00fchendust:<a href=\"https:\/\/wa.me\/8618077105750\">Osta kohe, vaata k\u00f5iki hulgihindasid<\/a><br \/>\nMuud enimm\u00fc\u00fcdud aurustid, mida sa v\u00f5id vajada<\/p>\n<p><a href=\"https:\/\/vapehosale.com\/et\/product\/waspe-60000-puffs-triple-flavor-disposable-vape\/\">Waspe 60000 Puffs kolmekordse maitsega \u00fchekordselt kasutatav veip<\/a><\/p>\n<p><a href=\"https:\/\/vapehosale.com\/et\/product\/wga-crystal-salt-bar-e-juice-10ml\/\">Parim veibimahl internetis WGA Crystal Salt Bar E-Juice 10ML<\/a><\/p>\n<p><a href=\"https:\/\/vapehosale.com\/et\/product\/vapsolo-twins-20k-puffs-disposable-vape\/\">Hulgim\u00fc\u00fck Vapsolo Twins 20k T\u00f5mmet \u00dchekordne Veip Eesti Ladu<\/a><\/p>\n<p><a href=\"https:\/\/vapehosale.com\/et\/product\/okso-shisha-max-40k-puffs-dtl-disposable-vape\/\">OKSO Shisha Max 40k Puffs DTL \u00fchekordne e-sigaret hulgim\u00fc\u00fck<\/a><\/p>\n<p>Erilise kujuga mudel-vape:<a href=\"https:\/\/vapehosale.com\/et\/product\/bulk-buy-bang-king-12000\/\">pudeli kuju<\/a>\/Kokakoola purk\/<a href=\"https:\/\/vapehosale.com\/et\/product\/sidia-12000-puffs-disposable-device\/\">RGB valgus<\/a>\/Kristall<\/p>\n<h3>Saatmisdetailid:<\/h3>\n<p>DHL\/UPS\/DPD\/GLS, 3-5 t\u00f6\u00f6p\u00e4eva jooksul j\u00f5uab teie aadressile, saatmine Euroopa laost<\/p>\n<h4>Makseandmed:<\/h4>\n<p>Aktsepteerime tasumist panga\u00fclekandega v\u00f5i Western Unioni kaudu, oleme veipide tehas Hiinast, <span style=\"color: #ff0000\">sularahas maksmist vastu ei v\u00f5ta.<\/span><\/p>\n<p>K\u00f5ik meie poe tooted on 100% originaalsed ja autentsed, seega on meie poe poliitika v\u00f5ltskaupade eest k\u00fcmnekordne h\u00fcvitis.<\/p>\n<h5><span style=\"color: #ff0000\">Minimaalne tellimus 50 tk<\/span><\/h5>","protected":false},"excerpt":{"rendered":"<p data-start=\"2414\" data-end=\"2672\">Razz Bar 50k \u00dchekordne Vape: 50000 puhvi, 2%\/5% soolalahuse nikotiin, 16 maitset, 650mAh laetav aku, v\u00f5rks\u00fcdamik. Tarnitakse EL laost 3-5 p\u00e4evaga. Ideaalne suuremahuliseks hulgim\u00fc\u00fcgiks (200\/karp). <span style=\"color: #ff0000\">(veebisaidi hind ei sisalda saatmiskulusid)<\/span><\/p>\n<p><span style=\"color: #ff0000\">v\u00f5tke minuga \u00fchendust minimaalse tellimuse saamiseks, ainult 50 tk! alla 50 tk ei m\u00fc\u00fcda, <\/span>Ainult hulgim\u00fc\u00fck!<\/p>\n<p><img decoding=\"async\" class=\"alignnone size-medium wp-image-2638\" src=\"https:\/\/vapehosale.com\/wp-content\/uploads\/2023\/09\/885301ea6f5e0b91f5ab2b1c85e665c-300x295.png\" alt=\"RandM Tehas\" width=\"300\" height=\"295\" srcset=\"https:\/\/vapehosale.com\/wp-content\/uploads\/2023\/09\/885301ea6f5e0b91f5ab2b1c85e665c-300x295.png 300w, https:\/\/vapehosale.com\/wp-content\/uploads\/2023\/09\/885301ea6f5e0b91f5ab2b1c85e665c-600x589.png 600w, https:\/\/vapehosale.com\/wp-content\/uploads\/2023\/09\/885301ea6f5e0b91f5ab2b1c85e665c.png 670w\" sizes=\"(max-width: 300px) 100vw, 300px\" \/><\/p>\n<p>&nbsp;<\/p>","protected":false},"featured_media":4925,"comment_status":"open","ping_status":"closed","template":"","meta":{"_uag_custom_page_level_css":"","_lmt_disableupdate":"no","_lmt_disable":"","site-sidebar-layout":"default","site-content-layout":"","ast-site-content-layout":"default","site-content-style":"default","site-sidebar-style":"default","ast-global-header-display":"","ast-banner-title-visibility":"","ast-main-header-display":"","ast-hfb-above-header-display":"","ast-hfb-below-header-display":"","ast-hfb-mobile-header-display":"","site-post-title":"","ast-breadcrumbs-content":"","ast-featured-img":"","footer-sml-layout":"","theme-transparent-header-meta":"default","adv-header-id-meta":"","stick-header-meta":"","header-above-stick-meta":"","header-main-stick-meta":"","header-below-stick-meta":"","astra-migrate-meta-layouts":"set","_joinchat":[]},"product_cat":[15,98,41,79,55,145],"product_tag":[76,46,63,115,35,33,59],"class_list":["post-4927","product","type-product","status-publish","has-post-thumbnail","hentry","product_cat-vape-shop-wholesale","product_cat-wholesale-50k-puffs-disposable-vape","product_cat-europe-hot-sale-vape","product_cat-disposable-vape-in-european-warehouse","product_cat-minimum-order-quantity-50pcs","product_cat-razz-bar-vape","product_tag-airflow-control-vape","product_tag-double-mesh-coil-vape","product_tag-led-screen-disposable-vape","product_tag-razz-bar","product_tag-rechargeable-disposable-device","product_tag-rgb-light-disposable-vape","product_tag-smart-screen-disposable-vape","desktop-align-left","tablet-align-left","mobile-align-left"],"yoast_head":"<!-- This site is optimized with the Yoast SEO plugin v21.1 - https:\/\/yoast.com\/wordpress\/plugins\/seo\/ -->\n<title>Razz Bar 50000 Puffs Disposable Vape Europe Warehouse - Vape Wholesale<\/title>\n<meta name=\"description\" content=\"Wholesale Razz Bar 50k Disposable Vape: Massive 50K puffs, 16 flavors, rechargeable. Fast EU shipping. Buy wholesale now!\" \/>\n<meta name=\"robots\" content=\"index, follow, max-snippet:-1, max-image-preview:large, max-video-preview:-1\" \/>\n<link rel=\"canonical\" href=\"https:\/\/vapehosale.com\/et\/product\/razz-bar-50000-puffs-disposable-vape\/\" \/>\n<meta property=\"og:locale\" content=\"et_EE\" \/>\n<meta property=\"og:type\" content=\"article\" \/>\n<meta property=\"og:title\" content=\"Razz Bar 50000 Puffs Disposable Vape Europe Warehouse - Vape Wholesale\" \/>\n<meta property=\"og:description\" content=\"Wholesale Razz Bar 50k Disposable Vape: Massive 50K puffs, 16 flavors, rechargeable. Fast EU shipping. Buy wholesale now!\" \/>\n<meta property=\"og:url\" content=\"https:\/\/vapehosale.com\/et\/product\/razz-bar-50000-puffs-disposable-vape\/\" \/>\n<meta property=\"og:site_name\" content=\"Vape Wholesale\" \/>\n<meta property=\"article:modified_time\" content=\"2025-11-24T08:21:32+00:00\" \/>\n<meta property=\"og:image\" content=\"https:\/\/vapehosale.com\/wp-content\/uploads\/2025\/07\/Vaper-Razz-Bar-50000-Puffs-Disposable-Vape.webp\" \/>\n\t<meta property=\"og:image:width\" content=\"1000\" \/>\n\t<meta property=\"og:image:height\" content=\"1000\" \/>\n\t<meta property=\"og:image:type\" content=\"image\/webp\" \/>\n<meta name=\"twitter:card\" content=\"summary_large_image\" \/>\n<meta name=\"twitter:label1\" content=\"Est. reading time\" \/>\n\t<meta name=\"twitter:data1\" content=\"3 minutit\" \/>\n<script type=\"application\/ld+json\" class=\"yoast-schema-graph\">{\"@context\":\"https:\/\/schema.org\",\"@graph\":[{\"@type\":\"WebPage\",\"@id\":\"https:\/\/vapehosale.com\/product\/razz-bar-50000-puffs-disposable-vape\/\",\"url\":\"https:\/\/vapehosale.com\/product\/razz-bar-50000-puffs-disposable-vape\/\",\"name\":\"Razz Bar 50000 Puffs Disposable Vape Europe Warehouse - Vape Wholesale\",\"isPartOf\":{\"@id\":\"https:\/\/vapehosale.com\/#website\"},\"datePublished\":\"2025-07-23T08:21:49+00:00\",\"dateModified\":\"2025-11-24T08:21:32+00:00\",\"description\":\"Wholesale Razz Bar 50k Disposable Vape: Massive 50K puffs, 16 flavors, rechargeable. Fast EU shipping. Buy wholesale now!\",\"breadcrumb\":{\"@id\":\"https:\/\/vapehosale.com\/product\/razz-bar-50000-puffs-disposable-vape\/#breadcrumb\"},\"inLanguage\":\"et\",\"potentialAction\":[{\"@type\":\"ReadAction\",\"target\":[\"https:\/\/vapehosale.com\/product\/razz-bar-50000-puffs-disposable-vape\/\"]}]},{\"@type\":\"BreadcrumbList\",\"@id\":\"https:\/\/vapehosale.com\/product\/razz-bar-50000-puffs-disposable-vape\/#breadcrumb\",\"itemListElement\":[{\"@type\":\"ListItem\",\"position\":1,\"name\":\"Home\",\"item\":\"https:\/\/vapehosale.com\/\"},{\"@type\":\"ListItem\",\"position\":2,\"name\":\"Best Sell Vapes\",\"item\":\"https:\/\/vapehosale.com\/vape-shop\/\"},{\"@type\":\"ListItem\",\"position\":3,\"name\":\"Razz Bar 50000 Puffs Disposable Vape Europe Warehouse\"}]},{\"@type\":\"WebSite\",\"@id\":\"https:\/\/vapehosale.com\/#website\",\"url\":\"https:\/\/vapehosale.com\/\",\"name\":\"Vape Wholesale\",\"description\":\"Buy Vape Wholesale Price Near you\",\"potentialAction\":[{\"@type\":\"SearchAction\",\"target\":{\"@type\":\"EntryPoint\",\"urlTemplate\":\"https:\/\/vapehosale.com\/?s={search_term_string}\"},\"query-input\":\"required name=search_term_string\"}],\"inLanguage\":\"et\"}]}<\/script>\n<!-- \/ Yoast SEO plugin. -->","yoast_head_json":{"title":"Razz Bar 50000 Puffs Disposable Vape Europe Warehouse - Vape Wholesale","description":"Wholesale Razz Bar 50k Disposable Vape: Massive 50K puffs, 16 flavors, rechargeable. Fast EU shipping. Buy wholesale now!","robots":{"index":"index","follow":"follow","max-snippet":"max-snippet:-1","max-image-preview":"max-image-preview:large","max-video-preview":"max-video-preview:-1"},"canonical":"https:\/\/vapehosale.com\/et\/product\/razz-bar-50000-puffs-disposable-vape\/","og_locale":"et_EE","og_type":"article","og_title":"Razz Bar 50000 Puffs Disposable Vape Europe Warehouse - Vape Wholesale","og_description":"Wholesale Razz Bar 50k Disposable Vape: Massive 50K puffs, 16 flavors, rechargeable. Fast EU shipping. Buy wholesale now!","og_url":"https:\/\/vapehosale.com\/et\/product\/razz-bar-50000-puffs-disposable-vape\/","og_site_name":"Vape Wholesale","article_modified_time":"2025-11-24T08:21:32+00:00","og_image":[{"width":1000,"height":1000,"url":"https:\/\/vapehosale.com\/wp-content\/uploads\/2025\/07\/Vaper-Razz-Bar-50000-Puffs-Disposable-Vape.webp","type":"image\/webp"}],"twitter_card":"summary_large_image","twitter_misc":{"Est. reading time":"3 minutit"},"schema":{"@context":"https:\/\/schema.org","@graph":[{"@type":"WebPage","@id":"https:\/\/vapehosale.com\/product\/razz-bar-50000-puffs-disposable-vape\/","url":"https:\/\/vapehosale.com\/product\/razz-bar-50000-puffs-disposable-vape\/","name":"Razz Bar 50000 Puffs Disposable Vape Europe Warehouse - Vape Wholesale","isPartOf":{"@id":"https:\/\/vapehosale.com\/#website"},"datePublished":"2025-07-23T08:21:49+00:00","dateModified":"2025-11-24T08:21:32+00:00","description":"Wholesale Razz Bar 50k Disposable Vape: Massive 50K puffs, 16 flavors, rechargeable. Fast EU shipping. Buy wholesale now!","breadcrumb":{"@id":"https:\/\/vapehosale.com\/product\/razz-bar-50000-puffs-disposable-vape\/#breadcrumb"},"inLanguage":"et","potentialAction":[{"@type":"ReadAction","target":["https:\/\/vapehosale.com\/product\/razz-bar-50000-puffs-disposable-vape\/"]}]},{"@type":"BreadcrumbList","@id":"https:\/\/vapehosale.com\/product\/razz-bar-50000-puffs-disposable-vape\/#breadcrumb","itemListElement":[{"@type":"ListItem","position":1,"name":"Home","item":"https:\/\/vapehosale.com\/"},{"@type":"ListItem","position":2,"name":"Best Sell Vapes","item":"https:\/\/vapehosale.com\/vape-shop\/"},{"@type":"ListItem","position":3,"name":"Razz Bar 50000 Puffs Disposable Vape Europe Warehouse"}]},{"@type":"WebSite","@id":"https:\/\/vapehosale.com\/#website","url":"https:\/\/vapehosale.com\/","name":"Vape Wholesale","description":"Buy Vape Wholesale Price Near you","potentialAction":[{"@type":"SearchAction","target":{"@type":"EntryPoint","urlTemplate":"https:\/\/vapehosale.com\/?s={search_term_string}"},"query-input":"required name=search_term_string"}],"inLanguage":"et"}]}},"uagb_featured_image_src":{"full":["https:\/\/vapehosale.com\/wp-content\/uploads\/2025\/07\/Vaper-Razz-Bar-50000-Puffs-Disposable-Vape.webp",1000,1000,false],"thumbnail":["https:\/\/vapehosale.com\/wp-content\/uploads\/2025\/07\/Vaper-Razz-Bar-50000-Puffs-Disposable-Vape-150x150.webp",150,150,true],"medium":["https:\/\/vapehosale.com\/wp-content\/uploads\/2025\/07\/Vaper-Razz-Bar-50000-Puffs-Disposable-Vape-300x300.webp",300,300,true],"medium_large":["https:\/\/vapehosale.com\/wp-content\/uploads\/2025\/07\/Vaper-Razz-Bar-50000-Puffs-Disposable-Vape-768x768.webp",768,768,true],"large":["https:\/\/vapehosale.com\/wp-content\/uploads\/2025\/07\/Vaper-Razz-Bar-50000-Puffs-Disposable-Vape.webp",1000,1000,false],"1536x1536":["https:\/\/vapehosale.com\/wp-content\/uploads\/2025\/07\/Vaper-Razz-Bar-50000-Puffs-Disposable-Vape.webp",1000,1000,false],"2048x2048":["https:\/\/vapehosale.com\/wp-content\/uploads\/2025\/07\/Vaper-Razz-Bar-50000-Puffs-Disposable-Vape.webp",1000,1000,false],"trp-custom-language-flag":["https:\/\/vapehosale.com\/wp-content\/uploads\/2025\/07\/Vaper-Razz-Bar-50000-Puffs-Disposable-Vape.webp",12,12,false],"woocommerce_thumbnail":["https:\/\/vapehosale.com\/wp-content\/uploads\/2025\/07\/Vaper-Razz-Bar-50000-Puffs-Disposable-Vape-300x300.webp",300,300,true],"woocommerce_single":["https:\/\/vapehosale.com\/wp-content\/uploads\/2025\/07\/Vaper-Razz-Bar-50000-Puffs-Disposable-Vape-600x600.webp",600,600,true],"woocommerce_gallery_thumbnail":["https:\/\/vapehosale.com\/wp-content\/uploads\/2025\/07\/Vaper-Razz-Bar-50000-Puffs-Disposable-Vape-100x100.webp",100,100,true],"wcpr-photo-reviews":["https:\/\/vapehosale.com\/wp-content\/uploads\/2025\/07\/Vaper-Razz-Bar-50000-Puffs-Disposable-Vape.webp",500,500,false]},"uagb_author_info":{"display_name":"Vicky hosale","author_link":"https:\/\/vapehosale.com\/et\/author\/"},"uagb_comment_info":0,"uagb_excerpt":"Razz Bar 50k Disposable Vape: 50000 puffs, 2%\/5% salt nicotine, 16 flavors, 650mAh rechargeable battery, Mesh Coil. Shipped from EU warehouse in 3-5 days. Ideal for high-volume wholesale (200\/carton). (website price not include shipping cost) contact me for min order only 50 pcs! not sale under 50pcs, Wholesale only! &nbsp;","_links":{"self":[{"href":"https:\/\/vapehosale.com\/et\/wp-json\/wp\/v2\/product\/4927","targetHints":{"allow":["GET"]}}],"collection":[{"href":"https:\/\/vapehosale.com\/et\/wp-json\/wp\/v2\/product"}],"about":[{"href":"https:\/\/vapehosale.com\/et\/wp-json\/wp\/v2\/types\/product"}],"replies":[{"embeddable":true,"href":"https:\/\/vapehosale.com\/et\/wp-json\/wp\/v2\/comments?post=4927"}],"wp:featuredmedia":[{"embeddable":true,"href":"https:\/\/vapehosale.com\/et\/wp-json\/wp\/v2\/media\/4925"}],"wp:attachment":[{"href":"https:\/\/vapehosale.com\/et\/wp-json\/wp\/v2\/media?parent=4927"}],"wp:term":[{"taxonomy":"product_cat","embeddable":true,"href":"https:\/\/vapehosale.com\/et\/wp-json\/wp\/v2\/product_cat?post=4927"},{"taxonomy":"product_tag","embeddable":true,"href":"https:\/\/vapehosale.com\/et\/wp-json\/wp\/v2\/product_tag?post=4927"}],"curies":[{"name":"wp","href":"https:\/\/api.w.org\/{rel}","templated":true}]}}