{"id":3257,"date":"2024-11-26T07:07:13","date_gmt":"2024-11-26T07:07:13","guid":{"rendered":"https:\/\/vapehosale.com\/?post_type=product&#038;p=3257"},"modified":"2025-08-28T04:02:02","modified_gmt":"2025-08-28T04:02:02","slug":"wga-legend-30k-puffs-disposable-vape-dual-flavor-with-5-nicotine","status":"publish","type":"product","link":"https:\/\/vapehosale.com\/et\/product\/wga-legend-30k-puffs-disposable-vape-dual-flavor-with-5-nicotine\/","title":{"rendered":"Hulgi WGA Legend Ultra 30000 pahviga \u00fchekordselt kasutatav vape"},"content":{"rendered":"<h2 style=\"text-align: center\">WGA Legend 30000 Puffs kahekordse maitsega \u00fchekordne e-sigaret<\/h2>\n<p>WGA Legend 30k Puffs kahekordse maitsega \u00fchekordne e-sigaret 5% nikotiiniga defineerib mugavuse ja mitmek\u00fclgsuse oma uuendusliku kahemakise disainiga, mis v\u00f5imaldab kasutajatel sujuvalt \u00fche seadmega kahe maitsva e-vedeliku vahel vahetada. WGA 30000 puffs, millel on rikkalik 20ml + 2ml t\u00e4idetav e-vedeliku maht, tagab see WGA Legend 30k Puffs kahekordse maitsega pikema aurutamiskogemuse ilma sagedase t\u00e4itmiseta. Saadaval nii 2% kui ka 5% nikotiini tugevusega, WGA 30k e-sigaret rahuldab laia valikut eelistusi. J\u00f5ulise 650 mAh laetava akuga, mis toetab C-t\u00fc\u00fcpi kiirlaadimist, on see WGA e-sigaret Legend 30k Puffs loodud teid kogu p\u00e4eva jooksul tegevuses hoidma.<\/p>\n<p><img decoding=\"async\" class=\"alignnone size-full wp-image-3266\" src=\"https:\/\/vapehosale.com\/wp-content\/uploads\/2024\/11\/WGA-Legend-30k-Puffs-Switch-Vape-with-Mesh-Coil-650mAh-Battery-and-2-Nicotine.jpg\" alt=\"Suure mahutavusega WGA Legend 30k Puffs \u00fchekordselt kasutatav vape hulgihind ja kahekordsed maitsed\" width=\"800\" height=\"833\" srcset=\"https:\/\/vapehosale.com\/wp-content\/uploads\/2024\/11\/WGA-Legend-30k-Puffs-Switch-Vape-with-Mesh-Coil-650mAh-Battery-and-2-Nicotine.jpg 800w, https:\/\/vapehosale.com\/wp-content\/uploads\/2024\/11\/WGA-Legend-30k-Puffs-Switch-Vape-with-Mesh-Coil-650mAh-Battery-and-2-Nicotine-288x300.jpg 288w, https:\/\/vapehosale.com\/wp-content\/uploads\/2024\/11\/WGA-Legend-30k-Puffs-Switch-Vape-with-Mesh-Coil-650mAh-Battery-and-2-Nicotine-768x800.jpg 768w, https:\/\/vapehosale.com\/wp-content\/uploads\/2024\/11\/WGA-Legend-30k-Puffs-Switch-Vape-with-Mesh-Coil-650mAh-Battery-and-2-Nicotine-600x625.jpg 600w\" sizes=\"(max-width: 800px) 100vw, 800px\" \/><\/p>\n<p>&nbsp;<\/p>\n<h3>WGA Legend 30k Puffs maitsete nimekiri:<\/h3>\n<p>1.(MUSTIKA J\u00c4\u00c4)\/(MAASIKA J\u00c4\u00c4)<\/p>\n<p>2.(MUSTIKA VAAKSA KIRSS)\/(MUSTIKA MAASIKA P\u00d5DRAKIRSS)<\/p>\n<p>3.(SININE VAAKSA KIRSS)\/(SININE VAAKSA LEMONAAD)<\/p>\n<p>4.(SININE J\u00c4\u00c4KOKTEIL)\/(ROOSA J\u00c4\u00c4KOKTEIL)<\/p>\n<p>5.(GAASIKIRSS\/)KIRSSVAAKSA<\/p>\n<p>6.(GLAT\u0160ER M\u00dcNT\/)(KOLMEKORDNE MENTOOL)<\/p>\n<p>7.(KUMMIKARU)\/(SKITTLES)<\/p>\n<p>8.(MAHLANE PLOOM)(MANGO PLOOM ARBUUS)<\/p>\n<p>9.(LEMON<\/p>\n<p>10.(H\u00c4RRASMEES SININE)(SININE HAPU VAAKSA)<\/p>\n<p>11.(PLOOM GUAVA MAASIKAS)\/(MAHLANE PLOOM)<\/p>\n<p>12.(ANANASSIJ\u00c4\u00c4)\/(MAHLANE MANGO)<\/p>\n<p>13.(SAKURA VIINAMARJAS)\/(VIINAMARJA KUMMIKARU)<\/p>\n<p>14.(MAASIKA VAAKSA J\u00c4\u00c4)\/(MAASIKA SKITTLES)<\/p>\n<p>15.(ARBUUSI J\u00c4\u00c4)\/(TOPELT\u00d5UN)<\/p>\n<h3>WGA Legend 30000 Puffs toote omadused<\/h3>\n<ol>\n<li>Topeltmaitse l\u00fcliti mitmek\u00fclgseks veipimiseks.<\/li>\n<li>20ml + 2ml e-vedeliku mahutavus pikaajaliseks kasutamiseks.<\/li>\n<li>Laetav 650mAh aku Type-C pordiga.<\/li>\n<li>T\u00e4iustatud v\u00f5rkk\u00fcttekeha parema maitse saamiseks.<\/li>\n<li>Saadaval 2% ja 5% nikotiinitugevusega.<\/li>\n<\/ol>\n<div class=\"flex-shrink-0 flex flex-col relative items-end\"><\/div>\n<div class=\"group\/conversation-turn relative flex w-full min-w-0 flex-col agent-turn\">\n<div class=\"flex-col gap-1 md:gap-3\">\n<div class=\"flex max-w-full flex-col flex-grow\">\n<div class=\"min-h-8 text-message flex w-full flex-col items-end gap-2 whitespace-normal break-words [.text-message+&amp;]:mt-5\" dir=\"auto\" data-message-author-role=\"assistant\" data-message-id=\"2492c7e5-5072-45ad-8ad8-657482703d21\" data-message-model-slug=\"gpt-4o\">\n<div class=\"flex w-full flex-col gap-1 empty:hidden first:pt-[3px]\">\n<div class=\"markdown prose w-full break-words dark:prose-invert light\">\n<h3>Kuidas WGA 30000 Puffs Dual pod Vape'i uuesti t\u00e4ita?<\/h3>\n<p>WGA Legend 30k Puffs Switch Vape'i uuesti t\u00e4itmine on lihtne protsess, mis on loodud kasutaja mugavuse huvides.<\/p>\n<p>1. samm. Alustuseks leidke uuesti t\u00e4itmise port, mis on tavaliselt h\u00f5lpsaks tuvastamiseks m\u00e4rgistatud. Avage ettevaatlikult silikoontihend v\u00f5i kork, et p\u00e4\u00e4seda ligi t\u00e4itmisruumile.<\/p>\n<p>2. samm. Peene otsaga pudelit kasutades pigistage valitud e-vedelik \u00f5rnalt selleks etten\u00e4htud paaki, ilma seda \u00fcle t\u00e4itmata, et v\u00e4ltida lekkeid.<\/p>\n<p>3. samm. Enne seadme uuesti kokkupanekut veenduge, et tihend on kindlalt suletud. Laske veipil m\u00f5ni minut seista, et e-vedelik v\u00f5rkk\u00fcttekeha t\u00e4ielikult k\u00fcllastaks, et saavutada optimaalne j\u00f5udlus.<\/p>\n<p>See protsess tagab sujuva ja maitsva veipimiskogemuse, pikendades samal ajal teie seadme eluiga.<\/p>\n<h3>Kui palju e-vedelikku saan WGA 30000 puffs Double Flavor \u00fchekordselt kasutatavasse veipi t\u00e4ita?<\/h3>\n<p>See <strong>WGA Legend 30k Double Flavor \u00fchekordselt kasutatav veip<\/strong> on varustatud kahe eraldi paagiga, millest iga\u00fcks mahutab kuni <strong>10 ml e-vedelikku<\/strong>, andes sellele kombineeritud t\u00e4itmismahutavuse <strong>20ml<\/strong>. Seadmega on kaasas kaks <strong>10 ml e-vedeliku pudelit<\/strong> kaasas t\u00e4itmise mugavuse tagamiseks, koos <strong>2 ml eellaetud e-vedelikku<\/strong> paakides koheseks kasutamiseks. See l\u00e4bim\u00f5eldud disain tagab sujuva veipimiskogemuse, v\u00f5imaldades kasutajatel h\u00f5lpsasti vahetada kahe maitse vahel, s\u00e4ilitades samal ajal \u00fchtlase auru kvaliteedi. Kasutage alati kaasasolevaid t\u00e4itepudeleid, et v\u00e4ltida \u00fclet\u00e4itmist ja tagada optimaalne j\u00f5udlus.<\/p>\n<\/div>\n<\/div>\n<\/div>\n<\/div>\n<\/div>\n<\/div>\n<h5><strong>Pakendi sisu:<\/strong><\/h5>\n<p>1 x WGA vape Legend 30k Puffs kahekordne maitse<\/p>\n<p>\u2705Algtehase hulgim\u00fc\u00fck Whatsapp:<a href=\"https:\/\/wa.me\/8618077105750\">+8618077105750<\/a><\/p>\n<p>\u2705 Hulgim\u00fc\u00fcjad ja edasim\u00fc\u00fcjad on teretulnud tellimusi kohandama<br \/>\n\u2705Pakume k\u00f5rgeima kvaliteediga tooteid ja professionaalseid teenuseid.<\/p>\n<p><img decoding=\"async\" class=\"alignnone size-full wp-image-2638\" src=\"https:\/\/vapehosale.com\/wp-content\/uploads\/2023\/09\/885301ea6f5e0b91f5ab2b1c85e665c.png\" alt=\"RandM Tehas\" width=\"670\" height=\"658\" srcset=\"https:\/\/vapehosale.com\/wp-content\/uploads\/2023\/09\/885301ea6f5e0b91f5ab2b1c85e665c.png 670w, https:\/\/vapehosale.com\/wp-content\/uploads\/2023\/09\/885301ea6f5e0b91f5ab2b1c85e665c-300x295.png 300w, https:\/\/vapehosale.com\/wp-content\/uploads\/2023\/09\/885301ea6f5e0b91f5ab2b1c85e665c-600x589.png 600w\" sizes=\"(max-width: 670px) 100vw, 670px\" \/><\/p>\n<p>Tootekataloogi saamiseks v\u00f5tke \u00fchendust:<a href=\"https:\/\/wa.me\/8618077105750\">osta kohe<\/a><br \/>\nMuud enimm\u00fc\u00fcdud aurustid, mida sa v\u00f5id vajada<br \/>\n<a href=\"https:\/\/vapehosale.com\/et\/product\/vapme-crown-bar-18000-puffs-pro-max\/\">AL Fahker Vapme Crown Bar 18000 Puffs Pro Max<\/a><\/p>\n<p><a href=\"https:\/\/vapehosale.com\/et\/product\/vapme-jnr-shisha-hookah-12000-puffs\/\">Vapme JNR Shisha Hookah 15000 Puffs \u00fchekordne komplekt<\/a><\/p>\n<p><a href=\"https:\/\/vapehosale.com\/et\/product\/vapme-crystal-7000\/\">Osta Vapme Crystal 7000 Puffs \u00fchekordne veip Eestis<\/a><\/p>\n<p><a href=\"https:\/\/vapehosale.com\/et\/product\/vapme-digital-box-12000-puffs-disposable-vape\/\">Vapme Digital Box 12000 mahvi \u00fchekordselt kasutatav e-sigaret<\/a><\/p>\n<p>Erilise kujuga mudel-vape:<a href=\"https:\/\/vapehosale.com\/et\/product\/bulk-buy-bang-king-12000\/\">pudeli kuju<\/a>\/Kokakoola purk\/<a href=\"https:\/\/vapehosale.com\/et\/product\/sidia-12000-puffs-disposable-device\/\">RGB valgus<\/a>\/Kristall<\/p>\n<h4>Saatmisdetailid:<br \/>\nMe oleme tehas Hiinast, sularahas maksmist ei toeta.<\/h4>\n<p>Tootmisaeg: saadetakse v\u00e4lja 5 t\u00f6\u00f6p\u00e4eva jooksul (p\u00e4rast makse laekumist)<\/p>\n<p>Tarneaeg: 10-14 p\u00e4eva (P\u00fchade ja tollikontrolli korral l\u00fckkub tarneaeg edasi.)<\/p>\n<p>&nbsp;<\/p>\n<h4>Makseandmed:<\/h4>\n<p>Aktsepteerime tasumist panga\u00fclekandega v\u00f5i Western Unioni kaudu, oleme veipide tehas Hiinast, <span style=\"color: #ff0000\">sularahas maksmist vastu ei v\u00f5ta.<\/span><\/p>\n<p>K\u00f5ik meie poe tooted on 100% originaalsed ja autentsed, seega on meie poe poliitika v\u00f5ltskaupade eest k\u00fcmnekordne h\u00fcvitis.<\/p>","protected":false},"excerpt":{"rendered":"<p><span style=\"color: #ff0000\"><span style=\"color: #000000\"><strong>WGA Legend 30000 Puffs kahekordse maitsega \u00fchekordne e-sigaret<\/strong> sisaldab kahte 10 ml uuesti t\u00e4idetavat paaki, 2 ml eelt\u00e4idetud e-vedelikku, 650 mAh C-t\u00fc\u00fcpi laetavat akut ja v\u00f5rkm\u00e4hist<\/span>(veebisaidi hind ei sisalda saatmiskulusid)<\/span><\/p>\n<p><span style=\"color: #ff0000\">V\u00f5tke minuga \u00fchendust, min tellimus on vaid 50 tk! <\/span>Ainult hulgim\u00fc\u00fck!<\/p>\n<p><img decoding=\"async\" class=\"alignnone size-medium wp-image-2638\" src=\"https:\/\/vapehosale.com\/wp-content\/uploads\/2023\/09\/885301ea6f5e0b91f5ab2b1c85e665c-300x295.png\" alt=\"RandM Tehas\" width=\"300\" height=\"295\" srcset=\"https:\/\/vapehosale.com\/wp-content\/uploads\/2023\/09\/885301ea6f5e0b91f5ab2b1c85e665c-300x295.png 300w, https:\/\/vapehosale.com\/wp-content\/uploads\/2023\/09\/885301ea6f5e0b91f5ab2b1c85e665c-600x589.png 600w, https:\/\/vapehosale.com\/wp-content\/uploads\/2023\/09\/885301ea6f5e0b91f5ab2b1c85e665c.png 670w\" sizes=\"(max-width: 300px) 100vw, 300px\" \/><\/p>\n<p>&nbsp;<\/p>","protected":false},"featured_media":3264,"comment_status":"open","ping_status":"closed","template":"","meta":{"_uag_custom_page_level_css":"","_lmt_disableupdate":"no","_lmt_disable":"","site-sidebar-layout":"default","site-content-layout":"","ast-site-content-layout":"default","site-content-style":"default","site-sidebar-style":"default","ast-global-header-display":"","ast-banner-title-visibility":"","ast-main-header-display":"","ast-hfb-above-header-display":"","ast-hfb-below-header-display":"","ast-hfb-mobile-header-display":"","site-post-title":"","ast-breadcrumbs-content":"","ast-featured-img":"","footer-sml-layout":"","theme-transparent-header-meta":"default","adv-header-id-meta":"","stick-header-meta":"","header-above-stick-meta":"","header-main-stick-meta":"","header-below-stick-meta":"","astra-migrate-meta-layouts":"set","_joinchat":[]},"product_cat":[41,55,87,15,143],"product_tag":[76,35,33,66],"class_list":["post-3257","product","type-product","status-publish","has-post-thumbnail","hentry","product_cat-europe-hot-sale-vape","product_cat-minimum-order-quantity-50pcs","product_cat-puff-30k-disposable-vape","product_cat-vape-shop-wholesale","product_cat-wga-vape","product_tag-airflow-control-vape","product_tag-rechargeable-disposable-device","product_tag-rgb-light-disposable-vape","product_tag-wga-vape","desktop-align-left","tablet-align-left","mobile-align-left"],"yoast_head":"<!-- This site is optimized with the Yoast SEO plugin v21.1 - https:\/\/yoast.com\/wordpress\/plugins\/seo\/ -->\n<title>Wholesale WGA Legend Ultra 30000 Puffs Disposable Vape - Vape Wholesale<\/title>\n<meta name=\"description\" content=\"Wholesale WGA Legend 30k Puffs Dual Flavor 15+ double flavor instock , get your disccount in our website and choose your flavor now!\" \/>\n<meta name=\"robots\" content=\"index, follow, max-snippet:-1, max-image-preview:large, max-video-preview:-1\" \/>\n<link rel=\"canonical\" href=\"https:\/\/vapehosale.com\/et\/product\/wga-legend-30k-puffs-disposable-vape-dual-flavor-with-5-nicotine\/\" \/>\n<meta property=\"og:locale\" content=\"et_EE\" \/>\n<meta property=\"og:type\" content=\"article\" \/>\n<meta property=\"og:title\" content=\"Wholesale WGA Legend Ultra 30000 Puffs Disposable Vape - Vape Wholesale\" \/>\n<meta property=\"og:description\" content=\"Wholesale WGA Legend 30k Puffs Dual Flavor 15+ double flavor instock , get your disccount in our website and choose your flavor now!\" \/>\n<meta property=\"og:url\" content=\"https:\/\/vapehosale.com\/et\/product\/wga-legend-30k-puffs-disposable-vape-dual-flavor-with-5-nicotine\/\" \/>\n<meta property=\"og:site_name\" content=\"Vape Wholesale\" \/>\n<meta property=\"article:modified_time\" content=\"2025-08-28T04:02:02+00:00\" \/>\n<meta property=\"og:image\" content=\"https:\/\/vapehosale.com\/wp-content\/uploads\/2024\/11\/WGA-Legend-30k-Puffs-Refillable-Oil-Vape-20ml-E-liquid-with-Switchable-Flavors.jpg\" \/>\n\t<meta property=\"og:image:width\" content=\"800\" \/>\n\t<meta property=\"og:image:height\" content=\"833\" \/>\n\t<meta property=\"og:image:type\" content=\"image\/jpeg\" \/>\n<meta name=\"twitter:card\" content=\"summary_large_image\" \/>\n<meta name=\"twitter:label1\" content=\"Est. reading time\" \/>\n\t<meta name=\"twitter:data1\" content=\"3 minutit\" \/>\n<script type=\"application\/ld+json\" class=\"yoast-schema-graph\">{\"@context\":\"https:\/\/schema.org\",\"@graph\":[{\"@type\":\"WebPage\",\"@id\":\"https:\/\/vapehosale.com\/product\/wga-legend-30k-puffs-disposable-vape-dual-flavor-with-5-nicotine\/\",\"url\":\"https:\/\/vapehosale.com\/product\/wga-legend-30k-puffs-disposable-vape-dual-flavor-with-5-nicotine\/\",\"name\":\"Wholesale WGA Legend Ultra 30000 Puffs Disposable Vape - Vape Wholesale\",\"isPartOf\":{\"@id\":\"https:\/\/vapehosale.com\/#website\"},\"datePublished\":\"2024-11-26T07:07:13+00:00\",\"dateModified\":\"2025-08-28T04:02:02+00:00\",\"description\":\"Wholesale WGA Legend 30k Puffs Dual Flavor 15+ double flavor instock , get your disccount in our website and choose your flavor now!\",\"breadcrumb\":{\"@id\":\"https:\/\/vapehosale.com\/product\/wga-legend-30k-puffs-disposable-vape-dual-flavor-with-5-nicotine\/#breadcrumb\"},\"inLanguage\":\"et\",\"potentialAction\":[{\"@type\":\"ReadAction\",\"target\":[\"https:\/\/vapehosale.com\/product\/wga-legend-30k-puffs-disposable-vape-dual-flavor-with-5-nicotine\/\"]}]},{\"@type\":\"BreadcrumbList\",\"@id\":\"https:\/\/vapehosale.com\/product\/wga-legend-30k-puffs-disposable-vape-dual-flavor-with-5-nicotine\/#breadcrumb\",\"itemListElement\":[{\"@type\":\"ListItem\",\"position\":1,\"name\":\"Home\",\"item\":\"https:\/\/vapehosale.com\/\"},{\"@type\":\"ListItem\",\"position\":2,\"name\":\"Best Sell Vapes\",\"item\":\"https:\/\/vapehosale.com\/vape-shop\/\"},{\"@type\":\"ListItem\",\"position\":3,\"name\":\"Wholesale WGA Legend Ultra 30000 Puffs Disposable Vape\"}]},{\"@type\":\"WebSite\",\"@id\":\"https:\/\/vapehosale.com\/#website\",\"url\":\"https:\/\/vapehosale.com\/\",\"name\":\"Vape Wholesale\",\"description\":\"Buy Vape Wholesale Price Near you\",\"potentialAction\":[{\"@type\":\"SearchAction\",\"target\":{\"@type\":\"EntryPoint\",\"urlTemplate\":\"https:\/\/vapehosale.com\/?s={search_term_string}\"},\"query-input\":\"required name=search_term_string\"}],\"inLanguage\":\"et\"}]}<\/script>\n<!-- \/ Yoast SEO plugin. -->","yoast_head_json":{"title":"Wholesale WGA Legend Ultra 30000 Puffs Disposable Vape - Vape Wholesale","description":"Wholesale WGA Legend 30k Puffs Dual Flavor 15+ double flavor instock , get your disccount in our website and choose your flavor now!","robots":{"index":"index","follow":"follow","max-snippet":"max-snippet:-1","max-image-preview":"max-image-preview:large","max-video-preview":"max-video-preview:-1"},"canonical":"https:\/\/vapehosale.com\/et\/product\/wga-legend-30k-puffs-disposable-vape-dual-flavor-with-5-nicotine\/","og_locale":"et_EE","og_type":"article","og_title":"Wholesale WGA Legend Ultra 30000 Puffs Disposable Vape - Vape Wholesale","og_description":"Wholesale WGA Legend 30k Puffs Dual Flavor 15+ double flavor instock , get your disccount in our website and choose your flavor now!","og_url":"https:\/\/vapehosale.com\/et\/product\/wga-legend-30k-puffs-disposable-vape-dual-flavor-with-5-nicotine\/","og_site_name":"Vape Wholesale","article_modified_time":"2025-08-28T04:02:02+00:00","og_image":[{"width":800,"height":833,"url":"https:\/\/vapehosale.com\/wp-content\/uploads\/2024\/11\/WGA-Legend-30k-Puffs-Refillable-Oil-Vape-20ml-E-liquid-with-Switchable-Flavors.jpg","type":"image\/jpeg"}],"twitter_card":"summary_large_image","twitter_misc":{"Est. reading time":"3 minutit"},"schema":{"@context":"https:\/\/schema.org","@graph":[{"@type":"WebPage","@id":"https:\/\/vapehosale.com\/product\/wga-legend-30k-puffs-disposable-vape-dual-flavor-with-5-nicotine\/","url":"https:\/\/vapehosale.com\/product\/wga-legend-30k-puffs-disposable-vape-dual-flavor-with-5-nicotine\/","name":"Wholesale WGA Legend Ultra 30000 Puffs Disposable Vape - Vape Wholesale","isPartOf":{"@id":"https:\/\/vapehosale.com\/#website"},"datePublished":"2024-11-26T07:07:13+00:00","dateModified":"2025-08-28T04:02:02+00:00","description":"Wholesale WGA Legend 30k Puffs Dual Flavor 15+ double flavor instock , get your disccount in our website and choose your flavor now!","breadcrumb":{"@id":"https:\/\/vapehosale.com\/product\/wga-legend-30k-puffs-disposable-vape-dual-flavor-with-5-nicotine\/#breadcrumb"},"inLanguage":"et","potentialAction":[{"@type":"ReadAction","target":["https:\/\/vapehosale.com\/product\/wga-legend-30k-puffs-disposable-vape-dual-flavor-with-5-nicotine\/"]}]},{"@type":"BreadcrumbList","@id":"https:\/\/vapehosale.com\/product\/wga-legend-30k-puffs-disposable-vape-dual-flavor-with-5-nicotine\/#breadcrumb","itemListElement":[{"@type":"ListItem","position":1,"name":"Home","item":"https:\/\/vapehosale.com\/"},{"@type":"ListItem","position":2,"name":"Best Sell Vapes","item":"https:\/\/vapehosale.com\/vape-shop\/"},{"@type":"ListItem","position":3,"name":"Wholesale WGA Legend Ultra 30000 Puffs Disposable Vape"}]},{"@type":"WebSite","@id":"https:\/\/vapehosale.com\/#website","url":"https:\/\/vapehosale.com\/","name":"Vape Wholesale","description":"Buy Vape Wholesale Price Near you","potentialAction":[{"@type":"SearchAction","target":{"@type":"EntryPoint","urlTemplate":"https:\/\/vapehosale.com\/?s={search_term_string}"},"query-input":"required name=search_term_string"}],"inLanguage":"et"}]}},"uagb_featured_image_src":{"full":["https:\/\/vapehosale.com\/wp-content\/uploads\/2024\/11\/WGA-Legend-30k-Puffs-Refillable-Oil-Vape-20ml-E-liquid-with-Switchable-Flavors.jpg",800,833,false],"thumbnail":["https:\/\/vapehosale.com\/wp-content\/uploads\/2024\/11\/WGA-Legend-30k-Puffs-Refillable-Oil-Vape-20ml-E-liquid-with-Switchable-Flavors-150x150.jpg",150,150,true],"medium":["https:\/\/vapehosale.com\/wp-content\/uploads\/2024\/11\/WGA-Legend-30k-Puffs-Refillable-Oil-Vape-20ml-E-liquid-with-Switchable-Flavors-288x300.jpg",288,300,true],"medium_large":["https:\/\/vapehosale.com\/wp-content\/uploads\/2024\/11\/WGA-Legend-30k-Puffs-Refillable-Oil-Vape-20ml-E-liquid-with-Switchable-Flavors-768x800.jpg",768,800,true],"large":["https:\/\/vapehosale.com\/wp-content\/uploads\/2024\/11\/WGA-Legend-30k-Puffs-Refillable-Oil-Vape-20ml-E-liquid-with-Switchable-Flavors.jpg",800,833,false],"1536x1536":["https:\/\/vapehosale.com\/wp-content\/uploads\/2024\/11\/WGA-Legend-30k-Puffs-Refillable-Oil-Vape-20ml-E-liquid-with-Switchable-Flavors.jpg",800,833,false],"2048x2048":["https:\/\/vapehosale.com\/wp-content\/uploads\/2024\/11\/WGA-Legend-30k-Puffs-Refillable-Oil-Vape-20ml-E-liquid-with-Switchable-Flavors.jpg",800,833,false],"trp-custom-language-flag":["https:\/\/vapehosale.com\/wp-content\/uploads\/2024\/11\/WGA-Legend-30k-Puffs-Refillable-Oil-Vape-20ml-E-liquid-with-Switchable-Flavors.jpg",12,12,false],"woocommerce_thumbnail":["https:\/\/vapehosale.com\/wp-content\/uploads\/2024\/11\/WGA-Legend-30k-Puffs-Refillable-Oil-Vape-20ml-E-liquid-with-Switchable-Flavors-300x300.jpg",300,300,true],"woocommerce_single":["https:\/\/vapehosale.com\/wp-content\/uploads\/2024\/11\/WGA-Legend-30k-Puffs-Refillable-Oil-Vape-20ml-E-liquid-with-Switchable-Flavors-600x625.jpg",600,625,true],"woocommerce_gallery_thumbnail":["https:\/\/vapehosale.com\/wp-content\/uploads\/2024\/11\/WGA-Legend-30k-Puffs-Refillable-Oil-Vape-20ml-E-liquid-with-Switchable-Flavors-100x100.jpg",100,100,true],"wcpr-photo-reviews":["https:\/\/vapehosale.com\/wp-content\/uploads\/2024\/11\/WGA-Legend-30k-Puffs-Refillable-Oil-Vape-20ml-E-liquid-with-Switchable-Flavors.jpg",480,500,false]},"uagb_author_info":{"display_name":"Vicky hosale","author_link":"https:\/\/vapehosale.com\/et\/author\/"},"uagb_comment_info":0,"uagb_excerpt":"WGA Legend 30000 Puffs Double Flavor Disposable Vape features dual 10ml refillable tanks, preloaded 2ml e-liquid, a 650mAh Type-C rechargeable battery, and mesh coil(website price not include shipping cost) contact me for min order only 50 pcs! Wholesale only! &nbsp;","_links":{"self":[{"href":"https:\/\/vapehosale.com\/et\/wp-json\/wp\/v2\/product\/3257","targetHints":{"allow":["GET"]}}],"collection":[{"href":"https:\/\/vapehosale.com\/et\/wp-json\/wp\/v2\/product"}],"about":[{"href":"https:\/\/vapehosale.com\/et\/wp-json\/wp\/v2\/types\/product"}],"replies":[{"embeddable":true,"href":"https:\/\/vapehosale.com\/et\/wp-json\/wp\/v2\/comments?post=3257"}],"wp:featuredmedia":[{"embeddable":true,"href":"https:\/\/vapehosale.com\/et\/wp-json\/wp\/v2\/media\/3264"}],"wp:attachment":[{"href":"https:\/\/vapehosale.com\/et\/wp-json\/wp\/v2\/media?parent=3257"}],"wp:term":[{"taxonomy":"product_cat","embeddable":true,"href":"https:\/\/vapehosale.com\/et\/wp-json\/wp\/v2\/product_cat?post=3257"},{"taxonomy":"product_tag","embeddable":true,"href":"https:\/\/vapehosale.com\/et\/wp-json\/wp\/v2\/product_tag?post=3257"}],"curies":[{"name":"wp","href":"https:\/\/api.w.org\/{rel}","templated":true}]}}