{"id":6725,"date":"2026-05-11T03:55:42","date_gmt":"2026-05-11T03:55:42","guid":{"rendered":"https:\/\/vapehosale.com\/?post_type=product&#038;p=6725"},"modified":"2026-05-11T09:36:42","modified_gmt":"2026-05-11T09:36:42","slug":"vapme-digital-box-50000-puffs-disposable-vape","status":"publish","type":"product","link":"https:\/\/vapehosale.com\/es\/product\/vapme-digital-box-50000-puffs-disposable-vape\/","title":{"rendered":"Vapme Digital Box 50K Puffs Vape Desechable"},"content":{"rendered":"<h2>Supera los l\u00edmites: Hasta 50.000 caladas de rendimiento inigualable<\/h2>\n<p data-start=\"117\" data-end=\"386\">Vapme Caja Digital 50K Puffs es m\u00e1s que un vape desechable. Representa un nuevo est\u00e1ndar en rendimiento de vapeo ultra duradero. Equipado con un sistema avanzado de control de e-l\u00edquido, este dispositivo de alta capacidad ofrece hasta 50.000 caladas suaves y sabrosas.<\/p>\n<p data-start=\"388\" data-end=\"584\">Ya sea que est\u00e9s viajando, desplaz\u00e1ndote o usando Vapme Caja Digital 50K Vape durante todo el d\u00eda, la Vapme Caja Digital 50K est\u00e1 dise\u00f1ada para durar semanas o incluso meses, eliminando la necesidad de reemplazos frecuentes.<br \/>\n<img decoding=\"async\" class=\"alignnone size-full wp-image-6723\" src=\"https:\/\/vapehosale.com\/wp-content\/uploads\/2026\/05\/Best-Vapme-Digital-Box-50k-flavors-list.webp\" alt=\"Lista de mejores sabores de Vapme Digital Box 50k\" width=\"1000\" height=\"666\" srcset=\"https:\/\/vapehosale.com\/wp-content\/uploads\/2026\/05\/Best-Vapme-Digital-Box-50k-flavors-list.webp 1000w, https:\/\/vapehosale.com\/wp-content\/uploads\/2026\/05\/Best-Vapme-Digital-Box-50k-flavors-list-300x200.webp 300w, https:\/\/vapehosale.com\/wp-content\/uploads\/2026\/05\/Best-Vapme-Digital-Box-50k-flavors-list-768x511.webp 768w, https:\/\/vapehosale.com\/wp-content\/uploads\/2026\/05\/Best-Vapme-Digital-Box-50k-flavors-list-18x12.webp 18w, https:\/\/vapehosale.com\/wp-content\/uploads\/2026\/05\/Best-Vapme-Digital-Box-50k-flavors-list-600x400.webp 600w\" sizes=\"(max-width: 1000px) 100vw, 1000px\" \/><\/p>\n<h3 data-start=\"388\" data-end=\"584\">vapme caja digital 50k Especificaciones T\u00e9cnicas<\/h3>\n<table>\n<thead>\n<tr>\n<th>Especificaci\u00f3n<\/th>\n<th>Detalles<\/th>\n<\/tr>\n<\/thead>\n<tbody>\n<tr>\n<td>Marca<\/td>\n<td>Vapme<\/td>\n<\/tr>\n<tr>\n<td>Modelo<\/td>\n<td>Caja Digital 50000<\/td>\n<\/tr>\n<tr>\n<td>N\u00famero de Caladas<\/td>\n<td>Hasta 50.000 caladas<\/td>\n<\/tr>\n<tr>\n<td>Concentraci\u00f3n de nicotina<\/td>\n<td>\u00a0Sal de nicotina 2%, 5%<\/td>\n<\/tr>\n<tr>\n<td>Capacidad de E-l\u00edquido<\/td>\n<td>Gran dep\u00f3sito de e-l\u00edquido precargado<\/td>\n<\/tr>\n<tr>\n<td>Capacidad de la Bater\u00eda<\/td>\n<td>Bater\u00eda recargable de 650mAh de cobalto puro<\/td>\n<\/tr>\n<tr>\n<td>Puerto de carga<\/td>\n<td>Carga r\u00e1pida USB Tipo-C<\/td>\n<\/tr>\n<tr>\n<td>Tipo de resistencia<\/td>\n<td>La resistencia de malla doble de 1.0\u03a9<\/td>\n<\/tr>\n<tr>\n<td>Pantalla<\/td>\n<td>Pantalla digital LED<\/td>\n<\/tr>\n<tr>\n<td>Estilo de vapeo<\/td>\n<td>MTL (Boca a Pulm\u00f3n)<\/td>\n<\/tr>\n<\/tbody>\n<\/table>\n<h3>Lista de sabores Vapme Caja Digital 50K Puffs<\/h3>\n<p>1. Hielo de ar\u00e1ndano y frambuesa<br \/>\n2. Hielo de cereza<br \/>\n3. Kiwi Maracuy\u00e1 Guayaba<br \/>\n4. Helado de Fresa<br \/>\n5. Fresa Kiwi<br \/>\n6. Fresa Red Bull<br \/>\n7.Fresa sand\u00eda<br \/>\n8.Hielo de sand\u00eda<br \/>\n9. Helado de Durazno Jugoso<br \/>\n10. Amor 66<br \/>\n11. Durazno, Mango y Pi\u00f1a<br \/>\n12. Limonada de Ar\u00e1ndano Azul<br \/>\n13.Cereza cola<br \/>\n14. Ponche de Frutas Tropicales<br \/>\n15. Helado de Mel\u00f3n Triple<br \/>\n16. Batido de Fresa y Pl\u00e1tano<br \/>\n17. Se\u00f1or azul<br \/>\n18. Caramelo de fresa y frambuesa<br \/>\n19. Helado de Sand\u00eda y Kiwi<br \/>\n20. Ar\u00e1ndano Azul, Ar\u00e1ndano Rojo y Cereza<\/p>\n<h3><a href=\"https:\/\/vapehosale.com\/es\/product-category\/vapme-vape\/\"><strong class=\"Yjhzub\" data-sfc-root=\"c\" data-sfc-cb=\"\" data-complete=\"true\">Vapme Vape Descartable Venta al por mayor <\/strong><\/a>Contacto del mayorista<\/h3>\n<p>\u2709\ufe0f Correo electr\u00f3nico: vicky@essenvape.com<br \/>\n\ud83d\udcde WhatsApp\/N\u00famero de tel\u00e9fono: <a href=\"https:\/\/wa.me\/8618077105750\">+8618077105750<\/a><br \/>\n\ud83d\udd58 Horario de trabajo: 9:00 a.m. \u2013 6:00 p.m.<br \/>\n\ud83d\udccd Ubicaci\u00f3n: Shenzhen<\/p>\n<p>\u2705Mayoristas y distribuidores son bienvenidos a personalizar pedidos<br \/>\n\u2705Ofrecemos productos de la m\u00e1s alta calidad y los servicios m\u00e1s profesionales.<\/p>\n<p><img decoding=\"async\" class=\"alignnone size-full wp-image-2638\" src=\"https:\/\/vapehosale.com\/wp-content\/uploads\/2023\/09\/885301ea6f5e0b91f5ab2b1c85e665c.png\" alt=\"F\u00e1brica RandM\" width=\"670\" height=\"658\" srcset=\"https:\/\/vapehosale.com\/wp-content\/uploads\/2023\/09\/885301ea6f5e0b91f5ab2b1c85e665c.png 670w, https:\/\/vapehosale.com\/wp-content\/uploads\/2023\/09\/885301ea6f5e0b91f5ab2b1c85e665c-300x295.png 300w, https:\/\/vapehosale.com\/wp-content\/uploads\/2023\/09\/885301ea6f5e0b91f5ab2b1c85e665c-600x589.png 600w\" sizes=\"(max-width: 670px) 100vw, 670px\" \/><\/p>\n<h2 data-start=\"2346\" data-end=\"2384\">\u00bfPor qu\u00e9 elegir Vapme Vape con Pantalla Inteligente de 50K?<\/h2>\n<ol data-start=\"2386\" data-end=\"2653\">\n<li data-start=\"2386\" data-end=\"2423\">Hasta 50,000 caladas para un uso prolongado<\/li>\n<li data-start=\"2424\" data-end=\"2478\">Pantalla LED inteligente para monitoreo de bater\u00eda y e-l\u00edquido<\/li>\n<li data-start=\"2479\" data-end=\"2524\">Bobina de malla doble para una entrega de sabor superior<\/li>\n<li data-start=\"2525\" data-end=\"2575\">Bater\u00eda recargable de 650mAh con carga Tipo-C<\/li>\n<li data-start=\"2576\" data-end=\"2612\">Opciones de diferentes niveles de nicotina<\/li>\n<li data-start=\"2613\" data-end=\"2653\">Dise\u00f1o compacto con ergonom\u00eda premium<\/li>\n<\/ol>\n<h3><strong>Contenido del paquete:<\/strong><\/h3>\n<p>1 x Vape desechable Solaris de 30k caladas Don Leon 1942<\/p>\n<h2 data-start=\"591\" data-end=\"649\">Pantalla digital inteligente: Monitorizaci\u00f3n en tiempo real de un vistazo<\/h2>\n<p data-start=\"651\" data-end=\"762\">La pantalla digital de alta definici\u00f3n integrada en el Vapme Box Style 50000 Puffs te da control total sobre tu experiencia de vapeo mostrando:<\/p>\n<ol data-start=\"764\" data-end=\"818\">\n<li data-start=\"764\" data-end=\"791\">Porcentaje de nivel de e-l\u00edquido<\/li>\n<li data-start=\"792\" data-end=\"818\">Porcentaje de nivel de bater\u00eda<\/li>\n<\/ol>\n<p data-start=\"820\" data-end=\"916\">Con datos precisos en tiempo real, siempre sabes cu\u00e1ndo es momento de recargar o reemplazar tu dispositivo.<\/p>\n<h2 data-start=\"923\" data-end=\"980\">Tecnolog\u00eda de doble resistencia de malla: Consistencia mejorada del sabor<\/h2>\n<p data-start=\"982\" data-end=\"1086\">El Vapme Dual Mesh 50000 Puffs Vape cuenta con un sistema de doble resistencia de malla de 1.0\u03a9 dise\u00f1ado para un calentamiento r\u00e1pido y uniforme.<\/p>\n<p data-start=\"1088\" data-end=\"1219\">En comparaci\u00f3n con los dise\u00f1os tradicionales de una sola resistencia, la estructura de doble malla aumenta la eficiencia de atomizaci\u00f3n hasta en un 50%, lo que resulta en:<\/p>\n<ol data-start=\"1221\" data-end=\"1358\">\n<li data-start=\"1221\" data-end=\"1248\">Mayor intensidad de sabor<\/li>\n<li data-start=\"1249\" data-end=\"1276\">Producci\u00f3n de vapor m\u00e1s suave<\/li>\n<li data-start=\"1277\" data-end=\"1306\">Rendimiento m\u00e1s consistente<\/li>\n<li data-start=\"1307\" data-end=\"1358\">Mejor retenci\u00f3n del sabor desde la primera hasta la \u00faltima calada<\/li>\n<\/ol>\n<p data-start=\"1360\" data-end=\"1448\">Desde mezclas dulces de frutas hasta perfiles de mentol helado, cada inhalaci\u00f3n se mantiene rica y equilibrada.<\/p>\n<h2 data-start=\"1455\" data-end=\"1491\">Dise\u00f1o ergon\u00f3mico y port\u00e1til tipo caja<\/h2>\n<p data-start=\"1493\" data-end=\"1598\">A pesar de su enorme capacidad de caladas, el Vapme Box Style 50000 Puffs mantiene un formato compacto y c\u00f3modo.<\/p>\n<p data-start=\"1600\" data-end=\"1628\">Los principales beneficios de dise\u00f1o incluyen:<\/p>\n<ul data-start=\"1630\" data-end=\"1759\">\n<li data-start=\"1630\" data-end=\"1658\">Exterior texturizado antideslizante<\/li>\n<li data-start=\"1659\" data-end=\"1688\">Boquilla plana y c\u00f3moda<\/li>\n<li data-start=\"1689\" data-end=\"1716\">Forma de caja f\u00e1cil de llevar en el bolsillo<\/li>\n<li data-start=\"1717\" data-end=\"1759\">Optimizado para vapeo boca a pulm\u00f3n (MTL)<\/li>\n<\/ul>\n<p data-start=\"1761\" data-end=\"1833\">El Vapme Smart Display Vape Desechable se siente seguro en la mano y c\u00f3modo durante un uso prolongado.<\/p>\n<p>Contactar para cat\u00e1logo de productos:<a href=\"https:\/\/wa.me\/8618077105750\">comprar ahora ver todo el precio al por mayor<\/a><br \/>\nOtros vapes de alta venta que te pueden interesar<\/p>\n<p><a href=\"https:\/\/vapehosale.com\/es\/product-category\/vapme-vape\/\">Vapme Vape Cerca de M\u00ed\ud83d\udc48\ud83c\udffb<\/a><br \/>\n<a href=\"https:\/\/vapehosale.com\/es\/product-category\/wholesale-50k-puffs-disposable-vape\/\"><strong class=\"Yjhzub\" data-sfc-root=\"c\" data-sfc-cb=\"\" data-complete=\"true\">Vape desechable 50000 caladas<\/strong><\/a><\/p>\n<p><a href=\"https:\/\/vapehosale.com\/es\/product-category\/disposable-vape-in-european-warehouse\/\">obtener el cat\u00e1logo de vapes desechables del Almac\u00e9n de la UE Aqu\u00ed\ud83d\udc48\ud83c\udffb<\/a><\/p>\n<h4>Tiempo de env\u00edo:<\/h4>\n<p>env\u00edo desde almac\u00e9n en China<\/p>\n<p>1. Tiempo de producci\u00f3n: env\u00edo en un m\u00e1ximo de 5 d\u00edas laborables (tras recibir el pago)<\/p>\n<p>2. Tiempo de env\u00edo: 10-14 d\u00edas (En caso de festivos o inspecci\u00f3n aduanera, el tiempo de env\u00edo se retrasar\u00e1.)<\/p>\n<h4>M\u00e9todos de pago:<\/h4>\n<p>1. Transferencia bancaria \/ Western Union \/ Wise \/ Revolut \/ Postepay \u2705<span style=\"color: #ff0000\"><span class=\"x1rg5ohu x16dsc37 x19la9d6 x1fc57z9 x6ikm8r x10wlt62 x19co3pv x11tp94h xw4jnvo x1qx5ct2 xfibh0p xiy17q3 x1xsqp64 x1lkfr7t xexx8yu xyri2b x18d9i69 x1c1uobl\"><span class=\"xrtxmta x1bhl96m\"><br \/>\n<\/span><\/span><\/span><span class=\"x1rg5ohu x16dsc37 x19la9d6 x1fc57z9 x6ikm8r x10wlt62 x19co3pv x11tp94h xw4jnvo x1qx5ct2 xfibh0p xiy17q3 x1xsqp64 x1lkfr7t xexx8yu xyri2b x18d9i69 x1c1uobl\"><span class=\"xrtxmta x1bhl96m\">2.<\/span><\/span><span class=\"x1rg5ohu x16dsc37 x19la9d6 x1fc57z9 x6ikm8r x10wlt62 x19co3pv x11tp94h xw4jnvo x1qx5ct2 xfibh0p xiy17q3 x1xsqp64 x1lkfr7t xexx8yu xyri2b x18d9i69 x1c1uobl\"><span class=\"xrtxmta x1bhl96m\">factura proporcionada<br \/>\nfactura proforma\u27a1\ufe0fcuenta bancaria de la empresa\u27a1\ufe0finformaci\u00f3n de facturaci\u00f3n<br \/>\n3.no soportar <span style=\"color: #ff0000\">pago contra entrega<\/span> a\u00fan\u274c<br \/>\n<\/span><\/span><\/p>\n<p>Todos los productos en nuestra tienda son 100% originales y aut\u00e9nticos, por lo que la compensaci\u00f3n de diez veces por productos falsificados es nuestra pol\u00edtica de tienda.<\/p>\n<h5><span style=\"color: #ff0000\">Pedido m\u00ednimo de 50 unidades<\/span><\/h5>","protected":false},"excerpt":{"rendered":"<p data-start=\"2414\" data-end=\"2672\">Vapme Caja Digital 50000 Puffs es un vape desechable de alta capacidad dise\u00f1ado para usuarios que buscan m\u00e1xima duraci\u00f3n y rendimiento premium. Cuenta con una pantalla LED inteligente que muestra los niveles de bater\u00eda y e-l\u00edquido en tiempo real, una resistencia de doble malla de 1.0\u03a9 para una mayor consistencia de sabor, y una bater\u00eda recargable de 650mAh con carga r\u00e1pida Tipo-C. Disponible en concentraciones de nicotina 2% y 5%, este dispositivo ofrece hasta 50.000 caladas en un dise\u00f1o compacto y ergon\u00f3mico tipo caja.<br \/>\n<span style=\"color: #ff0000\">(El precio del sitio web no incluye los gastos de env\u00edo)<\/span><\/p>\n<p><span style=\"color: #ff0000\">MOQ:50pcs, contacta a Vicky para el cat\u00e1logo mayorista de Vezol ahora<\/span><\/p>\n<p><img decoding=\"async\" class=\"alignnone size-medium wp-image-2638\" src=\"https:\/\/vapehosale.com\/wp-content\/uploads\/2023\/09\/885301ea6f5e0b91f5ab2b1c85e665c-300x295.png\" alt=\"F\u00e1brica RandM\" width=\"300\" height=\"295\" srcset=\"https:\/\/vapehosale.com\/wp-content\/uploads\/2023\/09\/885301ea6f5e0b91f5ab2b1c85e665c-300x295.png 300w, https:\/\/vapehosale.com\/wp-content\/uploads\/2023\/09\/885301ea6f5e0b91f5ab2b1c85e665c-600x589.png 600w, https:\/\/vapehosale.com\/wp-content\/uploads\/2023\/09\/885301ea6f5e0b91f5ab2b1c85e665c.png 670w\" sizes=\"(max-width: 300px) 100vw, 300px\" \/><\/p>\n<p>&nbsp;<\/p>","protected":false},"featured_media":6719,"comment_status":"open","ping_status":"closed","template":"","meta":{"_uag_custom_page_level_css":"","_lmt_disableupdate":"no","_lmt_disable":"","site-sidebar-layout":"default","site-content-layout":"","ast-site-content-layout":"default","site-content-style":"default","site-sidebar-style":"default","ast-global-header-display":"","ast-banner-title-visibility":"","ast-main-header-display":"","ast-hfb-above-header-display":"","ast-hfb-below-header-display":"","ast-hfb-mobile-header-display":"","site-post-title":"","ast-breadcrumbs-content":"","ast-featured-img":"","footer-sml-layout":"","theme-transparent-header-meta":"default","adv-header-id-meta":"","stick-header-meta":"","header-above-stick-meta":"","header-main-stick-meta":"","header-below-stick-meta":"","astra-migrate-meta-layouts":"set","_joinchat":[]},"product_cat":[98,41,55,15,137],"product_tag":[35,53],"class_list":["post-6725","product","type-product","status-publish","has-post-thumbnail","hentry","product_cat-wholesale-50k-puffs-disposable-vape","product_cat-europe-hot-sale-vape","product_cat-minimum-order-quantity-50pcs","product_cat-vape-shop-wholesale","product_cat-vapme-vape","product_tag-rechargeable-disposable-device","product_tag-vapme-vape","desktop-align-left","tablet-align-left","mobile-align-left"],"yoast_head":"<!-- This site is optimized with the Yoast SEO plugin v21.1 - https:\/\/yoast.com\/wordpress\/plugins\/seo\/ -->\n<title>Vapme Digital Box 50K Puffs Disposable Vape - Vape Wholesale<\/title>\n<meta name=\"description\" content=\"Buy Vapme Digital Box 50000 Puffs with a smart LED display, dual mesh coil, 650mAh rechargeable battery, and Type-C charging for long-lasting flavor.\" \/>\n<meta name=\"robots\" content=\"index, follow, max-snippet:-1, max-image-preview:large, max-video-preview:-1\" \/>\n<link rel=\"canonical\" href=\"https:\/\/vapehosale.com\/es\/product\/vapme-digital-box-50000-puffs-disposable-vape\/\" \/>\n<meta property=\"og:locale\" content=\"es_ES\" \/>\n<meta property=\"og:type\" content=\"article\" \/>\n<meta property=\"og:title\" content=\"Vapme Digital Box 50K Puffs Disposable Vape - Vape Wholesale\" \/>\n<meta property=\"og:description\" content=\"Buy Vapme Digital Box 50000 Puffs with a smart LED display, dual mesh coil, 650mAh rechargeable battery, and Type-C charging for long-lasting flavor.\" \/>\n<meta property=\"og:url\" content=\"https:\/\/vapehosale.com\/es\/product\/vapme-digital-box-50000-puffs-disposable-vape\/\" \/>\n<meta property=\"og:site_name\" content=\"Vape Wholesale\" \/>\n<meta property=\"article:modified_time\" content=\"2026-05-11T09:36:42+00:00\" \/>\n<meta property=\"og:image\" content=\"https:\/\/vapehosale.com\/wp-content\/uploads\/2026\/05\/Vapme-Digital-Box-50k-bulk-buy-discounts.webp\" \/>\n\t<meta property=\"og:image:width\" content=\"1000\" \/>\n\t<meta property=\"og:image:height\" content=\"1000\" \/>\n\t<meta property=\"og:image:type\" content=\"image\/webp\" \/>\n<meta name=\"twitter:card\" content=\"summary_large_image\" \/>\n<meta name=\"twitter:label1\" content=\"Tiempo de lectura\" \/>\n\t<meta name=\"twitter:data1\" content=\"3 minutos\" \/>\n<script type=\"application\/ld+json\" class=\"yoast-schema-graph\">{\"@context\":\"https:\/\/schema.org\",\"@graph\":[{\"@type\":\"WebPage\",\"@id\":\"https:\/\/vapehosale.com\/product\/vapme-digital-box-50000-puffs-disposable-vape\/\",\"url\":\"https:\/\/vapehosale.com\/product\/vapme-digital-box-50000-puffs-disposable-vape\/\",\"name\":\"Vapme Digital Box 50K Puffs Disposable Vape - Vape Wholesale\",\"isPartOf\":{\"@id\":\"https:\/\/vapehosale.com\/#website\"},\"datePublished\":\"2026-05-11T03:55:42+00:00\",\"dateModified\":\"2026-05-11T09:36:42+00:00\",\"description\":\"Buy Vapme Digital Box 50000 Puffs with a smart LED display, dual mesh coil, 650mAh rechargeable battery, and Type-C charging for long-lasting flavor.\",\"breadcrumb\":{\"@id\":\"https:\/\/vapehosale.com\/product\/vapme-digital-box-50000-puffs-disposable-vape\/#breadcrumb\"},\"inLanguage\":\"es\",\"potentialAction\":[{\"@type\":\"ReadAction\",\"target\":[\"https:\/\/vapehosale.com\/product\/vapme-digital-box-50000-puffs-disposable-vape\/\"]}]},{\"@type\":\"BreadcrumbList\",\"@id\":\"https:\/\/vapehosale.com\/product\/vapme-digital-box-50000-puffs-disposable-vape\/#breadcrumb\",\"itemListElement\":[{\"@type\":\"ListItem\",\"position\":1,\"name\":\"Home\",\"item\":\"https:\/\/vapehosale.com\/\"},{\"@type\":\"ListItem\",\"position\":2,\"name\":\"Best Sell Vapes\",\"item\":\"https:\/\/vapehosale.com\/vape-shop\/\"},{\"@type\":\"ListItem\",\"position\":3,\"name\":\"Vapme Digital Box 50K Puffs Disposable Vape\"}]},{\"@type\":\"WebSite\",\"@id\":\"https:\/\/vapehosale.com\/#website\",\"url\":\"https:\/\/vapehosale.com\/\",\"name\":\"Vape Wholesale\",\"description\":\"Buy Vape Wholesale Price Near you\",\"potentialAction\":[{\"@type\":\"SearchAction\",\"target\":{\"@type\":\"EntryPoint\",\"urlTemplate\":\"https:\/\/vapehosale.com\/?s={search_term_string}\"},\"query-input\":\"required name=search_term_string\"}],\"inLanguage\":\"es\"}]}<\/script>\n<!-- \/ Yoast SEO plugin. -->","yoast_head_json":{"title":"Vapme Digital Box 50K Puffs Disposable Vape - Vape Wholesale","description":"Buy Vapme Digital Box 50000 Puffs with a smart LED display, dual mesh coil, 650mAh rechargeable battery, and Type-C charging for long-lasting flavor.","robots":{"index":"index","follow":"follow","max-snippet":"max-snippet:-1","max-image-preview":"max-image-preview:large","max-video-preview":"max-video-preview:-1"},"canonical":"https:\/\/vapehosale.com\/es\/product\/vapme-digital-box-50000-puffs-disposable-vape\/","og_locale":"es_ES","og_type":"article","og_title":"Vapme Digital Box 50K Puffs Disposable Vape - Vape Wholesale","og_description":"Buy Vapme Digital Box 50000 Puffs with a smart LED display, dual mesh coil, 650mAh rechargeable battery, and Type-C charging for long-lasting flavor.","og_url":"https:\/\/vapehosale.com\/es\/product\/vapme-digital-box-50000-puffs-disposable-vape\/","og_site_name":"Vape Wholesale","article_modified_time":"2026-05-11T09:36:42+00:00","og_image":[{"width":1000,"height":1000,"url":"https:\/\/vapehosale.com\/wp-content\/uploads\/2026\/05\/Vapme-Digital-Box-50k-bulk-buy-discounts.webp","type":"image\/webp"}],"twitter_card":"summary_large_image","twitter_misc":{"Tiempo de lectura":"3 minutos"},"schema":{"@context":"https:\/\/schema.org","@graph":[{"@type":"WebPage","@id":"https:\/\/vapehosale.com\/product\/vapme-digital-box-50000-puffs-disposable-vape\/","url":"https:\/\/vapehosale.com\/product\/vapme-digital-box-50000-puffs-disposable-vape\/","name":"Vapme Digital Box 50K Puffs Disposable Vape - Vape Wholesale","isPartOf":{"@id":"https:\/\/vapehosale.com\/#website"},"datePublished":"2026-05-11T03:55:42+00:00","dateModified":"2026-05-11T09:36:42+00:00","description":"Buy Vapme Digital Box 50000 Puffs with a smart LED display, dual mesh coil, 650mAh rechargeable battery, and Type-C charging for long-lasting flavor.","breadcrumb":{"@id":"https:\/\/vapehosale.com\/product\/vapme-digital-box-50000-puffs-disposable-vape\/#breadcrumb"},"inLanguage":"es","potentialAction":[{"@type":"ReadAction","target":["https:\/\/vapehosale.com\/product\/vapme-digital-box-50000-puffs-disposable-vape\/"]}]},{"@type":"BreadcrumbList","@id":"https:\/\/vapehosale.com\/product\/vapme-digital-box-50000-puffs-disposable-vape\/#breadcrumb","itemListElement":[{"@type":"ListItem","position":1,"name":"Home","item":"https:\/\/vapehosale.com\/"},{"@type":"ListItem","position":2,"name":"Best Sell Vapes","item":"https:\/\/vapehosale.com\/vape-shop\/"},{"@type":"ListItem","position":3,"name":"Vapme Digital Box 50K Puffs Disposable Vape"}]},{"@type":"WebSite","@id":"https:\/\/vapehosale.com\/#website","url":"https:\/\/vapehosale.com\/","name":"Vape Wholesale","description":"Buy Vape Wholesale Price Near you","potentialAction":[{"@type":"SearchAction","target":{"@type":"EntryPoint","urlTemplate":"https:\/\/vapehosale.com\/?s={search_term_string}"},"query-input":"required name=search_term_string"}],"inLanguage":"es"}]}},"uagb_featured_image_src":{"full":["https:\/\/vapehosale.com\/wp-content\/uploads\/2026\/05\/Vapme-Digital-Box-50k-bulk-buy-discounts.webp",1000,1000,false],"thumbnail":["https:\/\/vapehosale.com\/wp-content\/uploads\/2026\/05\/Vapme-Digital-Box-50k-bulk-buy-discounts-150x150.webp",150,150,true],"medium":["https:\/\/vapehosale.com\/wp-content\/uploads\/2026\/05\/Vapme-Digital-Box-50k-bulk-buy-discounts-300x300.webp",300,300,true],"medium_large":["https:\/\/vapehosale.com\/wp-content\/uploads\/2026\/05\/Vapme-Digital-Box-50k-bulk-buy-discounts-768x768.webp",768,768,true],"large":["https:\/\/vapehosale.com\/wp-content\/uploads\/2026\/05\/Vapme-Digital-Box-50k-bulk-buy-discounts.webp",1000,1000,false],"1536x1536":["https:\/\/vapehosale.com\/wp-content\/uploads\/2026\/05\/Vapme-Digital-Box-50k-bulk-buy-discounts.webp",1000,1000,false],"2048x2048":["https:\/\/vapehosale.com\/wp-content\/uploads\/2026\/05\/Vapme-Digital-Box-50k-bulk-buy-discounts.webp",1000,1000,false],"trp-custom-language-flag":["https:\/\/vapehosale.com\/wp-content\/uploads\/2026\/05\/Vapme-Digital-Box-50k-bulk-buy-discounts-12x12.webp",12,12,true],"woocommerce_thumbnail":["https:\/\/vapehosale.com\/wp-content\/uploads\/2026\/05\/Vapme-Digital-Box-50k-bulk-buy-discounts-300x300.webp",300,300,true],"woocommerce_single":["https:\/\/vapehosale.com\/wp-content\/uploads\/2026\/05\/Vapme-Digital-Box-50k-bulk-buy-discounts-600x600.webp",600,600,true],"woocommerce_gallery_thumbnail":["https:\/\/vapehosale.com\/wp-content\/uploads\/2026\/05\/Vapme-Digital-Box-50k-bulk-buy-discounts-100x100.webp",100,100,true],"wcpr-photo-reviews":["https:\/\/vapehosale.com\/wp-content\/uploads\/2026\/05\/Vapme-Digital-Box-50k-bulk-buy-discounts.webp",500,500,false]},"uagb_author_info":{"display_name":"Vicky hosale","author_link":"https:\/\/vapehosale.com\/es\/author\/"},"uagb_comment_info":0,"uagb_excerpt":"Vapme Digital Box 50000 Puffs is a high-capacity disposable vape designed for users who want maximum longevity and premium performance. It features a smart LED display that shows battery and e-liquid levels in real time, a 1.0\u03a9 dual mesh coil for enhanced flavor consistency, and a 650mAh rechargeable battery with Type-C fast charging. Available in\u00a0&hellip;","_links":{"self":[{"href":"https:\/\/vapehosale.com\/es\/wp-json\/wp\/v2\/product\/6725","targetHints":{"allow":["GET"]}}],"collection":[{"href":"https:\/\/vapehosale.com\/es\/wp-json\/wp\/v2\/product"}],"about":[{"href":"https:\/\/vapehosale.com\/es\/wp-json\/wp\/v2\/types\/product"}],"replies":[{"embeddable":true,"href":"https:\/\/vapehosale.com\/es\/wp-json\/wp\/v2\/comments?post=6725"}],"wp:featuredmedia":[{"embeddable":true,"href":"https:\/\/vapehosale.com\/es\/wp-json\/wp\/v2\/media\/6719"}],"wp:attachment":[{"href":"https:\/\/vapehosale.com\/es\/wp-json\/wp\/v2\/media?parent=6725"}],"wp:term":[{"taxonomy":"product_cat","embeddable":true,"href":"https:\/\/vapehosale.com\/es\/wp-json\/wp\/v2\/product_cat?post=6725"},{"taxonomy":"product_tag","embeddable":true,"href":"https:\/\/vapehosale.com\/es\/wp-json\/wp\/v2\/product_tag?post=6725"}],"curies":[{"name":"wp","href":"https:\/\/api.w.org\/{rel}","templated":true}]}}