{"id":6368,"date":"2026-02-05T09:23:36","date_gmt":"2026-02-05T09:23:36","guid":{"rendered":"https:\/\/vapehosale.com\/?post_type=product&#038;p=6368"},"modified":"2026-02-05T09:42:19","modified_gmt":"2026-02-05T09:42:19","slug":"aivono-avn-mate-120k-puffs-disposable-vape","status":"publish","type":"product","link":"https:\/\/vapehosale.com\/es\/product\/aivono-avn-mate-120k-puffs-disposable-vape\/","title":{"rendered":"Vape desechable AIVONO AVN MATE 120k caladas"},"content":{"rendered":"<h2 style=\"text-align: center\">Venta al por mayor de AIVONO AVN MATE 120k Puffs Vape desechable<\/h2>\n<p>Aivono 120k puffs avn mate est\u00e1 dise\u00f1ado para una duraci\u00f3n extrema: calificado en 120,000 caladas con un generoso dep\u00f3sito de 36ml de e-l\u00edquido y una robusta bater\u00eda de 850mah. Su n\u00facleo de 1.0\u03a9 y el puerto recargable tipo-C mantienen una salida constante, mientras que la pantalla LED muestra la bater\u00eda y el modo. La tecnolog\u00eda de doble sabor permite a los usuarios cambiar entre dos sabores por dispositivo, reduciendo devoluciones y aumentando el potencial de compras repetidas. Dise\u00f1ado para vendedores al por mayor, cada unidad ofrece m\u00e9tricas de rendimiento medibles, vida \u00fatil predecible y satisfacci\u00f3n constante en la garganta.<br \/>\n<img decoding=\"async\" class=\"alignnone size-full wp-image-6308\" src=\"https:\/\/vapehosale.com\/wp-content\/uploads\/2026\/01\/Aivono-2-flavor-120K-Puffs-Dual-Flavor-Disposable-Vape.webp\" alt=\"Vape desechable de 2 sabores Aivono 120K caladas de doble sabor\" width=\"1000\" height=\"675\" srcset=\"https:\/\/vapehosale.com\/wp-content\/uploads\/2026\/01\/Aivono-2-flavor-120K-Puffs-Dual-Flavor-Disposable-Vape.webp 1000w, https:\/\/vapehosale.com\/wp-content\/uploads\/2026\/01\/Aivono-2-flavor-120K-Puffs-Dual-Flavor-Disposable-Vape-300x203.webp 300w, https:\/\/vapehosale.com\/wp-content\/uploads\/2026\/01\/Aivono-2-flavor-120K-Puffs-Dual-Flavor-Disposable-Vape-768x518.webp 768w, https:\/\/vapehosale.com\/wp-content\/uploads\/2026\/01\/Aivono-2-flavor-120K-Puffs-Dual-Flavor-Disposable-Vape-18x12.webp 18w, https:\/\/vapehosale.com\/wp-content\/uploads\/2026\/01\/Aivono-2-flavor-120K-Puffs-Dual-Flavor-Disposable-Vape-600x405.webp 600w\" sizes=\"(max-width: 1000px) 100vw, 1000px\" \/><\/p>\n<h3 data-start=\"1185\" data-end=\"1205\">Caracter\u00edsticas clave del Aivono Mate 120k Puffs:<\/h3>\n<ol>\n<li>Caladas: 120000 caladas<\/li>\n<li>N\u00facleo: 1.0\/\u03a9<\/li>\n<li>E-l\u00edquido: 36ml<\/li>\n<li>Nicotina: 2%\/5%<\/li>\n<li>Bater\u00eda: 850mAh<\/li>\n<li>Recargable: Type-C<\/li>\n<li>Pantalla LED<\/li>\n<li>Doble sabor<\/li>\n<\/ol>\n<h3 data-start=\"1185\" data-end=\"1205\">Lista de sabores de Aivono Mate 120000 Puffs:<\/h3>\n<p>1.CEREZA COLA+AGUA MEL\u00d3N HIELO<br \/>\n2.KIWI FRUTA PASI\u00d3N GUAYABA+<br \/>\nHIELO DE AR\u00c1NDANOS<br \/>\n3.DULCE ARCO\u00cdRIS+MR.BLUE<br \/>\n4.BEBIDA ENERG\u00c9TICA+TRIPLE MANGO<br \/>\n5.FRESA PL\u00c1TANO+ LIM\u00d3N ROSA<br \/>\n6.AR\u00c1NDANO AZUL+FRAMBUESA MENTA LIM\u00d3N<br \/>\n6. AR\u00c1NDANO AZUL Y FRAMBUESA<br \/>\n+PI\u00d1A HIELO<br \/>\n8.PI\u00d1A NARANJA LIM\u00d3N +MENTA<br \/>\n9.LIM\u00d3N LIM\u00d3N +UVA HIELO<br \/>\n10.GOMINOLAS+MEZCLA DE FRUTAS<\/p>\n<h3><strong>Contenido del paquete:<\/strong><\/h3>\n<p>1 x Aivono Vape desechable AVN MATE 120k caladas<\/p>\n<h3 class=\"ds-markdown-paragraph\">Preguntas frecuentes sobre aivono 120k caladas<\/h3>\n<ol>\n<li data-start=\"587\" data-end=\"721\">\u00bfCu\u00e1ntas caladas proporciona aivono mate 120k? \ud83e\udd14<br data-start=\"627\" data-end=\"630\" \/>cada avn mate tiene una calificaci\u00f3n de 120000 caladas, dise\u00f1ado para uso prolongado y menos reemplazos.<\/li>\n<li data-start=\"726\" data-end=\"899\">\u00bfCu\u00e1l es la capacidad de e-l\u00edquido y las opciones de nicotina disponibles en el vape desechable de doble sabor aivono 120k? \ud83d\udd1e<br data-start=\"787\" data-end=\"790\" \/>el vape desechable de doble sabor aivono 120k contiene 36ml de e-l\u00edquido y ofrece opciones de nicotina 2% y 5% para adaptarse a los requisitos del mercado.<\/li>\n<li data-start=\"904\" data-end=\"1080\">\u00bfLa bater\u00eda es recargable y cu\u00e1nto dura el vape desechable aivono 2en1 120k? \ud83d\udd0b<br data-start=\"961\" data-end=\"964\" \/>s\u00ed \u2014 una bater\u00eda de 850mah con carga tipo-c mantiene el dispositivo en funcionamiento durante per\u00edodos prolongados antes de recargar.<\/li>\n<li data-start=\"1085\" data-end=\"1242\">\u00bfQu\u00e9 es \u201cdoble sabor\u201d y c\u00f3mo funciona aivono 120k? \ud83c\udf08<br data-start=\"1133\" data-end=\"1136\" \/>el doble sabor permite a los usuarios disfrutar de dos sabores pre-cargados en un solo dispositivo y cambiar entre ellos para mayor variedad.<\/li>\n<li data-start=\"1247\" data-end=\"1410\">\u00bfQu\u00e9 bobina y rendimiento pueden esperar los minoristas? \ud83c\udf2c\ufe0f<br data-start=\"1298\" data-end=\"1301\" \/>un n\u00facleo de 1.0\u03a9 con flujo de aire optimizado y pantalla LED proporciona una salida de vapor estable y f\u00e1cil monitoreo del stock.<\/li>\n<\/ol>\n<h3>Contacto del mayorista<\/h3>\n<p>Original <a href=\"https:\/\/vapehosale.com\/es\/product-category\/aivono-vape\/\">Vape Aivono<\/a> Whatsapp mayorista:<a href=\"https:\/\/wa.me\/8618077105750\">+8618077105750<\/a><\/p>\n<p>Mayoristas y distribuidores son bienvenidos a personalizar sus pedidos<br \/>\nOfrecemos productos de la m\u00e1s alta calidad y los servicios m\u00e1s profesionales.<\/p>\n<p><img decoding=\"async\" class=\"alignnone size-full wp-image-2638\" src=\"https:\/\/vapehosale.com\/wp-content\/uploads\/2023\/09\/885301ea6f5e0b91f5ab2b1c85e665c.png\" alt=\"F\u00e1brica RandM\" width=\"670\" height=\"658\" srcset=\"https:\/\/vapehosale.com\/wp-content\/uploads\/2023\/09\/885301ea6f5e0b91f5ab2b1c85e665c.png 670w, https:\/\/vapehosale.com\/wp-content\/uploads\/2023\/09\/885301ea6f5e0b91f5ab2b1c85e665c-300x295.png 300w, https:\/\/vapehosale.com\/wp-content\/uploads\/2023\/09\/885301ea6f5e0b91f5ab2b1c85e665c-600x589.png 600w\" sizes=\"(max-width: 670px) 100vw, 670px\" \/><\/p>\n<p>Contactar para cat\u00e1logo de productos:<a href=\"https:\/\/wa.me\/8618077105750\">comprar ahora<\/a><br \/>\nOtros vapes de alta venta que te pueden interesar<br \/>\n<a href=\"https:\/\/vapehosale.com\/es\/product-category\/aivono-vape\/\">Precio mayorista de vape desechable Aivono<\/a><br \/>\n<a href=\"https:\/\/vapehosale.com\/es\/product-category\/wholesale-100k-puffs-disposable-vape\/\">Precio de venta superior de vape 100k<\/a><br \/>\n<a href=\"https:\/\/vapehosale.com\/es\/product-category\/bang-vape-kit\/\">Bang Leader Vape en venta principal en Europa, obt\u00e9n precio al por mayor aqu\u00ed<\/a><\/p>\n<p>Otra marca de vape que puedes buscar\uff1a<a href=\"https:\/\/vapehosale.com\/es\/product-category\/al-fakher-vape\/\">Al Fakher Vape<\/a><br \/>\n<a href=\"https:\/\/vapehosale.com\/es\/product-category\/randm-fumot-vape\/\">Vape RandM Fumot<\/a>\u00a0 <a href=\"https:\/\/vapehosale.com\/es\/product-category\/razz-bar-vape\/\">Razz Bar Vape<\/a><\/p>\n<h4>Detalles de env\u00edo:<\/h4>\n<p>1. Tiempo de producci\u00f3n: dentro de 5 d\u00edas laborables despu\u00e9s de recibir el pago<\/p>\n<p>2. Tiempo de env\u00edo: 10-14 d\u00edas (En caso de festivos y inspecci\u00f3n aduanera, el tiempo de env\u00edo se retrasar\u00e1.)<\/p>\n<h4>Detalles de pago:<\/h4>\n<p>Todos los productos en nuestra tienda son 100% originales y aut\u00e9nticos, por lo que la compensaci\u00f3n de diez veces por productos falsificados es nuestra pol\u00edtica de tienda.<\/p>\n<h5><span style=\"color: #ff0000\">Pedido m\u00ednimo de 50 unidades<\/span><\/h5>","protected":false},"excerpt":{"rendered":"<p>Aivono 120k puffs avn mate ofrece una durabilidad masiva con 120000 caladas, 36ml de e-l\u00edquido, bater\u00eda recargable tipo-C de 850mah, n\u00facleo de 1.0\u03a9 y tecnolog\u00eda de doble sabor. La pantalla LED y el rendimiento confiable lo hacen ideal para minoristas y compradores al por mayor que buscan productos desechables medibles y de larga duraci\u00f3n.<br \/>\n<span style=\"color: #ff0000\">(El precio del sitio web no incluye los gastos de env\u00edo)<\/span><\/p>\n<p><span style=\"color: #ff0000\">\u00a1Cont\u00e1ctame para un pedido m\u00ednimo de solo 50 unidades! \u00a1Cont\u00e1ctame y obt\u00e9n un descuento hoy!<\/span><\/p>\n<p><img decoding=\"async\" class=\"alignnone size-medium wp-image-2638\" src=\"https:\/\/vapehosale.com\/wp-content\/uploads\/2023\/09\/885301ea6f5e0b91f5ab2b1c85e665c-300x295.png\" alt=\"F\u00e1brica RandM\" width=\"300\" height=\"295\" srcset=\"https:\/\/vapehosale.com\/wp-content\/uploads\/2023\/09\/885301ea6f5e0b91f5ab2b1c85e665c-300x295.png 300w, https:\/\/vapehosale.com\/wp-content\/uploads\/2023\/09\/885301ea6f5e0b91f5ab2b1c85e665c-600x589.png 600w, https:\/\/vapehosale.com\/wp-content\/uploads\/2023\/09\/885301ea6f5e0b91f5ab2b1c85e665c.png 670w\" sizes=\"(max-width: 300px) 100vw, 300px\" \/><\/p>\n<p>&nbsp;<\/p>","protected":false},"featured_media":6296,"comment_status":"open","ping_status":"closed","template":"","meta":{"_uag_custom_page_level_css":"","_lmt_disableupdate":"no","_lmt_disable":"","site-sidebar-layout":"default","site-content-layout":"","ast-site-content-layout":"default","site-content-style":"default","site-sidebar-style":"default","ast-global-header-display":"","ast-banner-title-visibility":"","ast-main-header-display":"","ast-hfb-above-header-display":"","ast-hfb-below-header-display":"","ast-hfb-mobile-header-display":"","site-post-title":"","ast-breadcrumbs-content":"","ast-featured-img":"","footer-sml-layout":"","theme-transparent-header-meta":"default","adv-header-id-meta":"","stick-header-meta":"","header-above-stick-meta":"","header-main-stick-meta":"","header-below-stick-meta":"","astra-migrate-meta-layouts":"set","_joinchat":[]},"product_cat":[99,160,41,55,15],"product_tag":[35],"class_list":["post-6368","product","type-product","status-publish","has-post-thumbnail","hentry","product_cat-wholesale-100k-puffs-disposable-vape","product_cat-aivono-vape","product_cat-europe-hot-sale-vape","product_cat-minimum-order-quantity-50pcs","product_cat-vape-shop-wholesale","product_tag-rechargeable-disposable-device","desktop-align-left","tablet-align-left","mobile-align-left"],"yoast_head":"<!-- This site is optimized with the Yoast SEO plugin v21.1 - https:\/\/yoast.com\/wordpress\/plugins\/seo\/ -->\n<title>AIVONO AVN MATE 120k Puffs Disposable Vape - Vape Wholesale<\/title>\n<meta name=\"description\" content=\"Wholesale dual flavor disposable vape aivono 120k puffs \u2014 120,000 puffs, 36ml, type-c rechargeable, premium long-lasting disposable vape.\" \/>\n<meta name=\"robots\" content=\"index, follow, max-snippet:-1, max-image-preview:large, max-video-preview:-1\" \/>\n<link rel=\"canonical\" href=\"https:\/\/vapehosale.com\/es\/product\/aivono-avn-mate-120k-puffs-disposable-vape\/\" \/>\n<meta property=\"og:locale\" content=\"es_ES\" \/>\n<meta property=\"og:type\" content=\"article\" \/>\n<meta property=\"og:title\" content=\"AIVONO AVN MATE 120k Puffs Disposable Vape - Vape Wholesale\" \/>\n<meta property=\"og:description\" content=\"Wholesale dual flavor disposable vape aivono 120k puffs \u2014 120,000 puffs, 36ml, type-c rechargeable, premium long-lasting disposable vape.\" \/>\n<meta property=\"og:url\" content=\"https:\/\/vapehosale.com\/es\/product\/aivono-avn-mate-120k-puffs-disposable-vape\/\" \/>\n<meta property=\"og:site_name\" content=\"Vape Wholesale\" \/>\n<meta property=\"article:modified_time\" content=\"2026-02-05T09:42:19+00:00\" \/>\n<meta property=\"og:image\" content=\"https:\/\/vapehosale.com\/wp-content\/uploads\/2026\/01\/Aivono-120K-Puffs-Dual-Flavor-Run-Mate-Disposable-Vape.webp\" \/>\n\t<meta property=\"og:image:width\" content=\"1000\" \/>\n\t<meta property=\"og:image:height\" content=\"1070\" \/>\n\t<meta property=\"og:image:type\" content=\"image\/webp\" \/>\n<meta name=\"twitter:card\" content=\"summary_large_image\" \/>\n<meta name=\"twitter:label1\" content=\"Tiempo de lectura\" \/>\n\t<meta name=\"twitter:data1\" content=\"3 minutos\" \/>\n<script type=\"application\/ld+json\" class=\"yoast-schema-graph\">{\"@context\":\"https:\/\/schema.org\",\"@graph\":[{\"@type\":\"WebPage\",\"@id\":\"https:\/\/vapehosale.com\/product\/aivono-avn-mate-120k-puffs-disposable-vape\/\",\"url\":\"https:\/\/vapehosale.com\/product\/aivono-avn-mate-120k-puffs-disposable-vape\/\",\"name\":\"AIVONO AVN MATE 120k Puffs Disposable Vape - Vape Wholesale\",\"isPartOf\":{\"@id\":\"https:\/\/vapehosale.com\/#website\"},\"datePublished\":\"2026-02-05T09:23:36+00:00\",\"dateModified\":\"2026-02-05T09:42:19+00:00\",\"description\":\"Wholesale dual flavor disposable vape aivono 120k puffs \u2014 120,000 puffs, 36ml, type-c rechargeable, premium long-lasting disposable vape.\",\"breadcrumb\":{\"@id\":\"https:\/\/vapehosale.com\/product\/aivono-avn-mate-120k-puffs-disposable-vape\/#breadcrumb\"},\"inLanguage\":\"es\",\"potentialAction\":[{\"@type\":\"ReadAction\",\"target\":[\"https:\/\/vapehosale.com\/product\/aivono-avn-mate-120k-puffs-disposable-vape\/\"]}]},{\"@type\":\"BreadcrumbList\",\"@id\":\"https:\/\/vapehosale.com\/product\/aivono-avn-mate-120k-puffs-disposable-vape\/#breadcrumb\",\"itemListElement\":[{\"@type\":\"ListItem\",\"position\":1,\"name\":\"Home\",\"item\":\"https:\/\/vapehosale.com\/\"},{\"@type\":\"ListItem\",\"position\":2,\"name\":\"Best Sell Vapes\",\"item\":\"https:\/\/vapehosale.com\/vape-shop\/\"},{\"@type\":\"ListItem\",\"position\":3,\"name\":\"AIVONO AVN MATE 120k Puffs Disposable Vape\"}]},{\"@type\":\"WebSite\",\"@id\":\"https:\/\/vapehosale.com\/#website\",\"url\":\"https:\/\/vapehosale.com\/\",\"name\":\"Vape Wholesale\",\"description\":\"Buy Vape Wholesale Price Near you\",\"potentialAction\":[{\"@type\":\"SearchAction\",\"target\":{\"@type\":\"EntryPoint\",\"urlTemplate\":\"https:\/\/vapehosale.com\/?s={search_term_string}\"},\"query-input\":\"required name=search_term_string\"}],\"inLanguage\":\"es\"}]}<\/script>\n<!-- \/ Yoast SEO plugin. -->","yoast_head_json":{"title":"AIVONO AVN MATE 120k Puffs Disposable Vape - Vape Wholesale","description":"Wholesale dual flavor disposable vape aivono 120k puffs \u2014 120,000 puffs, 36ml, type-c rechargeable, premium long-lasting disposable vape.","robots":{"index":"index","follow":"follow","max-snippet":"max-snippet:-1","max-image-preview":"max-image-preview:large","max-video-preview":"max-video-preview:-1"},"canonical":"https:\/\/vapehosale.com\/es\/product\/aivono-avn-mate-120k-puffs-disposable-vape\/","og_locale":"es_ES","og_type":"article","og_title":"AIVONO AVN MATE 120k Puffs Disposable Vape - Vape Wholesale","og_description":"Wholesale dual flavor disposable vape aivono 120k puffs \u2014 120,000 puffs, 36ml, type-c rechargeable, premium long-lasting disposable vape.","og_url":"https:\/\/vapehosale.com\/es\/product\/aivono-avn-mate-120k-puffs-disposable-vape\/","og_site_name":"Vape Wholesale","article_modified_time":"2026-02-05T09:42:19+00:00","og_image":[{"width":1000,"height":1070,"url":"https:\/\/vapehosale.com\/wp-content\/uploads\/2026\/01\/Aivono-120K-Puffs-Dual-Flavor-Run-Mate-Disposable-Vape.webp","type":"image\/webp"}],"twitter_card":"summary_large_image","twitter_misc":{"Tiempo de lectura":"3 minutos"},"schema":{"@context":"https:\/\/schema.org","@graph":[{"@type":"WebPage","@id":"https:\/\/vapehosale.com\/product\/aivono-avn-mate-120k-puffs-disposable-vape\/","url":"https:\/\/vapehosale.com\/product\/aivono-avn-mate-120k-puffs-disposable-vape\/","name":"AIVONO AVN MATE 120k Puffs Disposable Vape - Vape Wholesale","isPartOf":{"@id":"https:\/\/vapehosale.com\/#website"},"datePublished":"2026-02-05T09:23:36+00:00","dateModified":"2026-02-05T09:42:19+00:00","description":"Wholesale dual flavor disposable vape aivono 120k puffs \u2014 120,000 puffs, 36ml, type-c rechargeable, premium long-lasting disposable vape.","breadcrumb":{"@id":"https:\/\/vapehosale.com\/product\/aivono-avn-mate-120k-puffs-disposable-vape\/#breadcrumb"},"inLanguage":"es","potentialAction":[{"@type":"ReadAction","target":["https:\/\/vapehosale.com\/product\/aivono-avn-mate-120k-puffs-disposable-vape\/"]}]},{"@type":"BreadcrumbList","@id":"https:\/\/vapehosale.com\/product\/aivono-avn-mate-120k-puffs-disposable-vape\/#breadcrumb","itemListElement":[{"@type":"ListItem","position":1,"name":"Home","item":"https:\/\/vapehosale.com\/"},{"@type":"ListItem","position":2,"name":"Best Sell Vapes","item":"https:\/\/vapehosale.com\/vape-shop\/"},{"@type":"ListItem","position":3,"name":"AIVONO AVN MATE 120k Puffs Disposable Vape"}]},{"@type":"WebSite","@id":"https:\/\/vapehosale.com\/#website","url":"https:\/\/vapehosale.com\/","name":"Vape Wholesale","description":"Buy Vape Wholesale Price Near you","potentialAction":[{"@type":"SearchAction","target":{"@type":"EntryPoint","urlTemplate":"https:\/\/vapehosale.com\/?s={search_term_string}"},"query-input":"required name=search_term_string"}],"inLanguage":"es"}]}},"uagb_featured_image_src":{"full":["https:\/\/vapehosale.com\/wp-content\/uploads\/2026\/01\/Aivono-120K-Puffs-Dual-Flavor-Run-Mate-Disposable-Vape.webp",1000,1070,false],"thumbnail":["https:\/\/vapehosale.com\/wp-content\/uploads\/2026\/01\/Aivono-120K-Puffs-Dual-Flavor-Run-Mate-Disposable-Vape-150x150.webp",150,150,true],"medium":["https:\/\/vapehosale.com\/wp-content\/uploads\/2026\/01\/Aivono-120K-Puffs-Dual-Flavor-Run-Mate-Disposable-Vape-280x300.webp",280,300,true],"medium_large":["https:\/\/vapehosale.com\/wp-content\/uploads\/2026\/01\/Aivono-120K-Puffs-Dual-Flavor-Run-Mate-Disposable-Vape-768x822.webp",768,822,true],"large":["https:\/\/vapehosale.com\/wp-content\/uploads\/2026\/01\/Aivono-120K-Puffs-Dual-Flavor-Run-Mate-Disposable-Vape-957x1024.webp",957,1024,true],"1536x1536":["https:\/\/vapehosale.com\/wp-content\/uploads\/2026\/01\/Aivono-120K-Puffs-Dual-Flavor-Run-Mate-Disposable-Vape.webp",1000,1070,false],"2048x2048":["https:\/\/vapehosale.com\/wp-content\/uploads\/2026\/01\/Aivono-120K-Puffs-Dual-Flavor-Run-Mate-Disposable-Vape.webp",1000,1070,false],"trp-custom-language-flag":["https:\/\/vapehosale.com\/wp-content\/uploads\/2026\/01\/Aivono-120K-Puffs-Dual-Flavor-Run-Mate-Disposable-Vape-11x12.webp",11,12,true],"woocommerce_thumbnail":["https:\/\/vapehosale.com\/wp-content\/uploads\/2026\/01\/Aivono-120K-Puffs-Dual-Flavor-Run-Mate-Disposable-Vape-300x300.webp",300,300,true],"woocommerce_single":["https:\/\/vapehosale.com\/wp-content\/uploads\/2026\/01\/Aivono-120K-Puffs-Dual-Flavor-Run-Mate-Disposable-Vape-600x642.webp",600,642,true],"woocommerce_gallery_thumbnail":["https:\/\/vapehosale.com\/wp-content\/uploads\/2026\/01\/Aivono-120K-Puffs-Dual-Flavor-Run-Mate-Disposable-Vape-100x100.webp",100,100,true],"wcpr-photo-reviews":["https:\/\/vapehosale.com\/wp-content\/uploads\/2026\/01\/Aivono-120K-Puffs-Dual-Flavor-Run-Mate-Disposable-Vape.webp",467,500,false]},"uagb_author_info":{"display_name":"Vicky hosale","author_link":"https:\/\/vapehosale.com\/es\/author\/"},"uagb_comment_info":0,"uagb_excerpt":"Aivono 120k puffs avn mate delivers massive longevity with 120000 puffs, 36ml e-liquid, 850mah type-c rechargeable battery, 1.0\u03a9 core and double-flavor tech. led display and reliable performance make it ideal for retailers and bulk buyers seeking measurable, long-lasting disposables. (website price not include shipping cost) contact me for min order only 50 pcs! Contact me&hellip;","_links":{"self":[{"href":"https:\/\/vapehosale.com\/es\/wp-json\/wp\/v2\/product\/6368","targetHints":{"allow":["GET"]}}],"collection":[{"href":"https:\/\/vapehosale.com\/es\/wp-json\/wp\/v2\/product"}],"about":[{"href":"https:\/\/vapehosale.com\/es\/wp-json\/wp\/v2\/types\/product"}],"replies":[{"embeddable":true,"href":"https:\/\/vapehosale.com\/es\/wp-json\/wp\/v2\/comments?post=6368"}],"wp:featuredmedia":[{"embeddable":true,"href":"https:\/\/vapehosale.com\/es\/wp-json\/wp\/v2\/media\/6296"}],"wp:attachment":[{"href":"https:\/\/vapehosale.com\/es\/wp-json\/wp\/v2\/media?parent=6368"}],"wp:term":[{"taxonomy":"product_cat","embeddable":true,"href":"https:\/\/vapehosale.com\/es\/wp-json\/wp\/v2\/product_cat?post=6368"},{"taxonomy":"product_tag","embeddable":true,"href":"https:\/\/vapehosale.com\/es\/wp-json\/wp\/v2\/product_tag?post=6368"}],"curies":[{"name":"wp","href":"https:\/\/api.w.org\/{rel}","templated":true}]}}