{"id":1572,"date":"2023-09-27T08:09:18","date_gmt":"2023-09-27T08:09:18","guid":{"rendered":"https:\/\/vapehosale.com\/?post_type=product&#038;p=1572"},"modified":"2024-10-16T09:20:58","modified_gmt":"2024-10-16T09:20:58","slug":"vbon-9000-puffs-disposable-vape","status":"publish","type":"product","link":"https:\/\/vapehosale.com\/es\/product\/vbon-9000-puffs-disposable-vape\/","title":{"rendered":"Vapeador Desechable VBON 9000 Caladas al por Mayor 20mg"},"content":{"rendered":"<h2 style=\"text-align: center\">\u00bfQu\u00e9 es VBON 9000 Puffs Vape Desechable?<\/h2>\n<p>El vape desechable VBON 9000 puffs es uno de los cigarrillos electr\u00f3nicos desechables m\u00e1s populares en Italia. Est\u00e1 equipado con luz RGB en la parte inferior y emitir\u00e1 una luz RGB fr\u00eda cada vez que inhales. El vape contiene 18ML de e-l\u00edquido y una bater\u00eda recargable de 600mah, por lo que usar la carga tipo-c puede proporcionar 9000 inhalaciones.<\/p>\n<p><img decoding=\"async\" class=\"alignnone size-full wp-image-1573\" src=\"https:\/\/vapehosale.com\/wp-content\/uploads\/2023\/09\/France-hot-sale-VBON-9000-Puffs-Disposable-vape-wholesale-.png\" alt=\"Venta al por mayor de vape desechable VBON 9000 Puffs de gran venta en Francia\" width=\"809\" height=\"834\" srcset=\"https:\/\/vapehosale.com\/wp-content\/uploads\/2023\/09\/France-hot-sale-VBON-9000-Puffs-Disposable-vape-wholesale-.png 809w, https:\/\/vapehosale.com\/wp-content\/uploads\/2023\/09\/France-hot-sale-VBON-9000-Puffs-Disposable-vape-wholesale--291x300.png 291w, https:\/\/vapehosale.com\/wp-content\/uploads\/2023\/09\/France-hot-sale-VBON-9000-Puffs-Disposable-vape-wholesale--768x792.png 768w, https:\/\/vapehosale.com\/wp-content\/uploads\/2023\/09\/France-hot-sale-VBON-9000-Puffs-Disposable-vape-wholesale--600x619.png 600w\" sizes=\"(max-width: 809px) 100vw, 809px\" \/><\/p>\n<p>&nbsp;<\/p>\n<h4>Piensa que quiz\u00e1s quieras saber sobre VBON 9000 Puffs<\/h4>\n<p>&nbsp;<\/p>\n<h6>1. \u00bfPuedo apagar la luz RGB?<\/h6>\n<p>No puedes apagar la luz RGB de VBon, porque la luz RGB fr\u00eda es una caracter\u00edstica del cigarrillo electr\u00f3nico desechable VBon 9000 puffs, se activar\u00e1 con cada calada hasta que se agote la bater\u00eda.<\/p>\n<h5>2. \u00bfCu\u00e1l es el mejor sabor?<\/h5>\n<p>Personalmente, recomiendo los siguientes 3 sabores a las personas que usan cigarrillos electr\u00f3nicos por primera vez y quieren dejar de fumar cigarrillos electr\u00f3nicos<br \/>\nTop 1: Red Bull<\/p>\n<p>Top 2: Hielo de sand\u00eda<\/p>\n<p>Top 3: Mamba<\/p>\n<p>\uf06c \u00bfSe puede recargar? S\u00ed, recarga tipo-c<br \/>\n\uf06c \u00bfCu\u00e1l es el precio minorista sugerido? 12-15\u20ac<br \/>\n\uf06c \u00bfCu\u00e1ntas inhalaciones puedo obtener de un dispositivo desechable VBON 9000 Puffs?<br \/>\n\uf06c \u00bfPuedo rellenar el kit Vbon 9000?<\/p>\n<h4>Especificaciones:<\/h4>\n<p>1. Nivel de nicotina 2% 5%<br \/>\n2. Inhalaciones: 9000 inhalaciones de vape desechable de larga duraci\u00f3n<br \/>\n3. Capacidad: 18ml<br \/>\n4. 30 sabores disponibles<br \/>\n5. 600Mah incorporados<br \/>\n6. Recarga Tipo-C<br \/>\n7.Hecho en China<\/p>\n<h4>Lista de Sabores:<\/h4>\n<p>1. Guayaba, maracuy\u00e1 y kiwi<\/p>\n<p>2. Bayas mixtas<\/p>\n<p>3.Hielo de Frambuesa Azul<\/p>\n<p>4. Granada de ar\u00e1ndanos<\/p>\n<p>5. Ar\u00e1ndano, cereza y ar\u00e1ndano rojo<\/p>\n<p>6. Red Bull<\/p>\n<p>7.Sand\u00eda helada<\/p>\n<p>8. Hielo de sand\u00eda Brazz<\/p>\n<p>9.Fresa Sand\u00eda<\/p>\n<p>10. Limonada de fresa<\/p>\n<p>11. Crema de fresa<\/p>\n<p>12. Hielo de fresa<\/p>\n<p>13. Fresa Kiwi<\/p>\n<p>14. Limonada de fresa y sand\u00eda<\/p>\n<p>15. Mango con hielo<\/p>\n<p>16. Hielo de melocot\u00f3n<\/p>\n<p>17. Melocot\u00f3n y mango<\/p>\n<p>18. Hielo de ar\u00e1ndanos<\/p>\n<p>19. Pi\u00f1a, mango y melocot\u00f3n<\/p>\n<p>20. Caramelos de melocot\u00f3n y ar\u00e1ndanos<\/p>\n<p>21. Osito de goma<\/p>\n<p>22. Guayaba, melocot\u00f3n y mango<\/p>\n<p>23. Guayaba, naranja y maracuy\u00e1<\/p>\n<p>24. Hielo de manzana roja<\/p>\n<p>25. Lim\u00f3n y melocot\u00f3n<\/p>\n<p>26. lim\u00f3n, menta y lima<\/p>\n<p>27. fresa, pi\u00f1a y naranja<\/p>\n<p>28. Manzana y melocot\u00f3n<\/p>\n<p>29. agitar, agitar, hielo<\/p>\n<p>manba<\/p>\n<p><a href=\"https:\/\/vapehosale.com\/es\/product\/randm-tornado-7000-puffs-disposable-vape\/\">Vaporizador de oferta RandM Tornado 7000<\/a> y <a href=\"https:\/\/vapehosale.com\/es\/product\/bulk-buy-randm-tornado-9000\/\">RandM Tornado 9000 Puff<\/a> Venta al por mayor <a href=\"https:\/\/vapehosale.com\/es\/product\/fumot-digital-box-12000-puffs\/\">Fumot Digital Box 12000 caladas<\/a><br \/>\nContactar para cat\u00e1logo de productos:<a href=\"https:\/\/wa.me\/8618077105750\">comprar ahora<\/a><\/p>\n<p>Otros vapes desechables que te pueden gustar:<a href=\"https:\/\/vapehosale.com\/es\/product\/bulk-buy-bang-king-12000\/\">Bang king 12000 caladas<\/a>\/<a href=\"https:\/\/vapehosale.com\/es\/product\/sidia-12000-puffs-disposable-device\/\">Vapme 12000 caladas<\/a>\/Vapme 7000 caladas\/Bang 8000 caladas\/ELFBAR bc5000 caladas<\/p>\n<p>Modelo de vape con forma especial:<a href=\"https:\/\/vapehosale.com\/es\/product\/bulk-buy-bang-king-12000\/\">forma de botella<\/a>\/Lata de Coca-Cola\/<a href=\"https:\/\/vapehosale.com\/es\/product\/sidia-12000-puffs-disposable-device\/\">luz RGB<\/a>\/Cristal<\/p>\n<h4>Detalles de env\u00edo:<\/h4>\n<p>Tiempo de producci\u00f3n: 3-10 d\u00edas laborables<br \/>\nTiempo de env\u00edo: 8-14 d\u00edas laborables<\/p>\n<p>Todos los productos en nuestra tienda son 100% originales y aut\u00e9nticos, por lo que la compensaci\u00f3n de diez veces por productos falsificados es nuestra pol\u00edtica de tienda.<\/p>\n<h3>Servicio posventa:<\/h3>\n<p><span style=\"color: #ff0000\">Aviso: No se admiten devoluciones ni cambios por motivos no relacionados con la calidad<\/span><br \/>\n1. Los clientes pueden elegir el sabor que deseen, pero si el sabor est\u00e1 agotado, el departamento de producci\u00f3n elegir\u00e1 un sabor popular para reemplazarlo. Los clientes no pueden solicitar reembolsos o cambios bas\u00e1ndose en los sabores.<\/p>\n<p>2. Cuando ocurran problemas de calidad, proporcione descripciones espec\u00edficas en video y en im\u00e1genes.<br \/>\nSi no puede proporcionar pruebas como videos y fotos, los productos no podr\u00e1n ser reemplazados.<\/p>\n<p>Para obtener un precio al por mayor m\u00e1s detallado, MOQ, sabores disponibles, por favor contacte a nuestra gerente de ventas vicky <a href=\"https:\/\/wa.me\/8618077105750\">whatsapp:+8618077105750<\/a><\/p>\n<p>&nbsp;<\/p>\n<p>&nbsp;<\/p>\n<h4 style=\"text-align: center\">Env\u00edo y exhibici\u00f3n de f\u00e1brica:<\/h4>\n<p><img decoding=\"async\" class=\"alignnone size-medium wp-image-1422\" src=\"https:\/\/vapehosale.com\/wp-content\/uploads\/2023\/09\/factory-2-300x200.jpg\" alt=\"F\u00e1brica de vapers (2)\" width=\"300\" height=\"200\" srcset=\"https:\/\/vapehosale.com\/wp-content\/uploads\/2023\/09\/factory-2-300x200.jpg 300w, https:\/\/vapehosale.com\/wp-content\/uploads\/2023\/09\/factory-2-1024x682.jpg 1024w, https:\/\/vapehosale.com\/wp-content\/uploads\/2023\/09\/factory-2-768x512.jpg 768w, https:\/\/vapehosale.com\/wp-content\/uploads\/2023\/09\/factory-2-600x400.jpg 600w, https:\/\/vapehosale.com\/wp-content\/uploads\/2023\/09\/factory-2.jpg 1280w\" sizes=\"(max-width: 300px) 100vw, 300px\" \/><img decoding=\"async\" class=\"alignnone size-medium wp-image-1423\" src=\"https:\/\/vapehosale.com\/wp-content\/uploads\/2023\/09\/RANDM-TORNADO-12000-VAEP-FACTORY-300x225.jpg\" alt=\"F\u00c1BRICA DE VAPERS RANDM TORNADO 12000\" width=\"300\" height=\"225\" srcset=\"https:\/\/vapehosale.com\/wp-content\/uploads\/2023\/09\/RANDM-TORNADO-12000-VAEP-FACTORY-300x225.jpg 300w, https:\/\/vapehosale.com\/wp-content\/uploads\/2023\/09\/RANDM-TORNADO-12000-VAEP-FACTORY-1024x768.jpg 1024w, https:\/\/vapehosale.com\/wp-content\/uploads\/2023\/09\/RANDM-TORNADO-12000-VAEP-FACTORY-768x576.jpg 768w, https:\/\/vapehosale.com\/wp-content\/uploads\/2023\/09\/RANDM-TORNADO-12000-VAEP-FACTORY-1536x1152.jpg 1536w, https:\/\/vapehosale.com\/wp-content\/uploads\/2023\/09\/RANDM-TORNADO-12000-VAEP-FACTORY-600x450.jpg 600w, https:\/\/vapehosale.com\/wp-content\/uploads\/2023\/09\/RANDM-TORNADO-12000-VAEP-FACTORY.jpg 1702w\" sizes=\"(max-width: 300px) 100vw, 300px\" \/><img decoding=\"async\" class=\"alignnone size-medium wp-image-1425\" src=\"https:\/\/vapehosale.com\/wp-content\/uploads\/2023\/09\/WAREHOUSE-300x193.jpg\" alt=\"ALMAC\u00c9N\" width=\"300\" height=\"193\" srcset=\"https:\/\/vapehosale.com\/wp-content\/uploads\/2023\/09\/WAREHOUSE-300x193.jpg 300w, https:\/\/vapehosale.com\/wp-content\/uploads\/2023\/09\/WAREHOUSE.jpg 557w\" sizes=\"(max-width: 300px) 100vw, 300px\" \/><img decoding=\"async\" class=\"alignnone size-medium wp-image-1564\" src=\"https:\/\/vapehosale.com\/wp-content\/uploads\/2023\/09\/f9454add9518c005b999699bbc181d1-169x300.jpg\" alt=\"Env\u00edo de f\u00e1brica de vapers\" width=\"169\" height=\"300\" srcset=\"https:\/\/vapehosale.com\/wp-content\/uploads\/2023\/09\/f9454add9518c005b999699bbc181d1-169x300.jpg 169w, https:\/\/vapehosale.com\/wp-content\/uploads\/2023\/09\/f9454add9518c005b999699bbc181d1-576x1024.jpg 576w, https:\/\/vapehosale.com\/wp-content\/uploads\/2023\/09\/f9454add9518c005b999699bbc181d1-768x1365.jpg 768w, https:\/\/vapehosale.com\/wp-content\/uploads\/2023\/09\/f9454add9518c005b999699bbc181d1-864x1536.jpg 864w, https:\/\/vapehosale.com\/wp-content\/uploads\/2023\/09\/f9454add9518c005b999699bbc181d1-600x1067.jpg 600w, https:\/\/vapehosale.com\/wp-content\/uploads\/2023\/09\/f9454add9518c005b999699bbc181d1.jpg 1080w\" sizes=\"(max-width: 169px) 100vw, 169px\" \/><\/p>","protected":false},"excerpt":{"rendered":"<p>El kit desechable VBON 9000 Puffs utiliza tipo-c para recargar, cada dispositivo contiene una bater\u00eda de 600mah y 18ml de aceite, puedes usarlo en cualquier lugar, pero no en lugares p\u00fablicos, contacta a Vicky para pedidos al por mayor, el pedido m\u00ednimo solo necesita 100 piezas<\/p>\n<p><img decoding=\"async\" class=\"alignnone size-medium wp-image-2638\" src=\"https:\/\/vapehosale.com\/wp-content\/uploads\/2023\/09\/885301ea6f5e0b91f5ab2b1c85e665c-300x295.png\" alt=\"F\u00e1brica RandM\" width=\"300\" height=\"295\" srcset=\"https:\/\/vapehosale.com\/wp-content\/uploads\/2023\/09\/885301ea6f5e0b91f5ab2b1c85e665c-300x295.png 300w, https:\/\/vapehosale.com\/wp-content\/uploads\/2023\/09\/885301ea6f5e0b91f5ab2b1c85e665c-600x589.png 600w, https:\/\/vapehosale.com\/wp-content\/uploads\/2023\/09\/885301ea6f5e0b91f5ab2b1c85e665c.png 670w\" sizes=\"(max-width: 300px) 100vw, 300px\" \/><\/p>\n<p><span style=\"color: #ff0000\">NOTA: El precio del sitio web no incluye los gastos de env\u00edo. Por favor, proporciona tu c\u00f3digo postal para verificar los costos de env\u00edo.<\/span><\/p>\n<p>&nbsp;<\/p>","protected":false},"featured_media":1578,"comment_status":"open","ping_status":"closed","template":"","meta":{"_uag_custom_page_level_css":"","_lmt_disableupdate":"","_lmt_disable":"","site-sidebar-layout":"default","site-content-layout":"","ast-site-content-layout":"default","site-content-style":"default","site-sidebar-style":"default","ast-global-header-display":"","ast-banner-title-visibility":"","ast-main-header-display":"","ast-hfb-above-header-display":"","ast-hfb-below-header-display":"","ast-hfb-mobile-header-display":"","site-post-title":"","ast-breadcrumbs-content":"","ast-featured-img":"","footer-sml-layout":"","theme-transparent-header-meta":"default","adv-header-id-meta":"","stick-header-meta":"","header-above-stick-meta":"","header-main-stick-meta":"","header-below-stick-meta":"","astra-migrate-meta-layouts":"set","_joinchat":[]},"product_cat":[15,86],"product_tag":[35,33,40],"class_list":["post-1572","product","type-product","status-publish","has-post-thumbnail","hentry","product_cat-vape-shop-wholesale","product_cat-9000-vape","product_tag-rechargeable-disposable-device","product_tag-rgb-light-disposable-vape","product_tag-sidia-vape","desktop-align-left","tablet-align-left","mobile-align-left"],"yoast_head":"<!-- This site is optimized with the Yoast SEO plugin v21.1 - https:\/\/yoast.com\/wordpress\/plugins\/seo\/ -->\n<title>Wholesale VBON 9000 Puffs Disposable Vape 20mg - Vape Wholesale<\/title>\n<meta name=\"description\" content=\"VBON 9000 Puffs is a rechargeable disposable device that contains 18ml e-liquid and an 600mah rechargeble battery\uff0ceach device provide 9000 puffs.\" \/>\n<meta name=\"robots\" content=\"index, follow, max-snippet:-1, max-image-preview:large, max-video-preview:-1\" \/>\n<link rel=\"canonical\" href=\"https:\/\/vapehosale.com\/es\/product\/vbon-9000-puffs-disposable-vape\/\" \/>\n<meta property=\"og:locale\" content=\"es_ES\" \/>\n<meta property=\"og:type\" content=\"article\" \/>\n<meta property=\"og:title\" content=\"Wholesale VBON 9000 Puffs Disposable Vape 20mg - Vape Wholesale\" \/>\n<meta property=\"og:description\" content=\"VBON 9000 Puffs is a rechargeable disposable device that contains 18ml e-liquid and an 600mah rechargeble battery\uff0ceach device provide 9000 puffs.\" \/>\n<meta property=\"og:url\" content=\"https:\/\/vapehosale.com\/es\/product\/vbon-9000-puffs-disposable-vape\/\" \/>\n<meta property=\"og:site_name\" content=\"Vape Wholesale\" \/>\n<meta property=\"article:modified_time\" content=\"2024-10-16T09:20:58+00:00\" \/>\n<meta property=\"og:image\" content=\"https:\/\/vapehosale.com\/wp-content\/uploads\/2023\/09\/Best-sale-VBON-9000-Puffs-Disposable-vape-wholesale-.jpg\" \/>\n\t<meta property=\"og:image:width\" content=\"800\" \/>\n\t<meta property=\"og:image:height\" content=\"800\" \/>\n\t<meta property=\"og:image:type\" content=\"image\/jpeg\" \/>\n<meta name=\"twitter:card\" content=\"summary_large_image\" \/>\n<meta name=\"twitter:label1\" content=\"Tiempo de lectura\" \/>\n\t<meta name=\"twitter:data1\" content=\"4 minutos\" \/>\n<script type=\"application\/ld+json\" class=\"yoast-schema-graph\">{\"@context\":\"https:\/\/schema.org\",\"@graph\":[{\"@type\":\"WebPage\",\"@id\":\"https:\/\/vapehosale.com\/product\/vbon-9000-puffs-disposable-vape\/\",\"url\":\"https:\/\/vapehosale.com\/product\/vbon-9000-puffs-disposable-vape\/\",\"name\":\"Wholesale VBON 9000 Puffs Disposable Vape 20mg - Vape Wholesale\",\"isPartOf\":{\"@id\":\"https:\/\/vapehosale.com\/#website\"},\"datePublished\":\"2023-09-27T08:09:18+00:00\",\"dateModified\":\"2024-10-16T09:20:58+00:00\",\"description\":\"VBON 9000 Puffs is a rechargeable disposable device that contains 18ml e-liquid and an 600mah rechargeble battery\uff0ceach device provide 9000 puffs.\",\"breadcrumb\":{\"@id\":\"https:\/\/vapehosale.com\/product\/vbon-9000-puffs-disposable-vape\/#breadcrumb\"},\"inLanguage\":\"es\",\"potentialAction\":[{\"@type\":\"ReadAction\",\"target\":[\"https:\/\/vapehosale.com\/product\/vbon-9000-puffs-disposable-vape\/\"]}]},{\"@type\":\"BreadcrumbList\",\"@id\":\"https:\/\/vapehosale.com\/product\/vbon-9000-puffs-disposable-vape\/#breadcrumb\",\"itemListElement\":[{\"@type\":\"ListItem\",\"position\":1,\"name\":\"Home\",\"item\":\"https:\/\/vapehosale.com\/\"},{\"@type\":\"ListItem\",\"position\":2,\"name\":\"Best Sell Vapes\",\"item\":\"https:\/\/vapehosale.com\/vape-shop\/\"},{\"@type\":\"ListItem\",\"position\":3,\"name\":\"Wholesale VBON 9000 Puffs Disposable Vape 20mg\"}]},{\"@type\":\"WebSite\",\"@id\":\"https:\/\/vapehosale.com\/#website\",\"url\":\"https:\/\/vapehosale.com\/\",\"name\":\"Vape Wholesale\",\"description\":\"Buy Vape Wholesale Price Near you\",\"potentialAction\":[{\"@type\":\"SearchAction\",\"target\":{\"@type\":\"EntryPoint\",\"urlTemplate\":\"https:\/\/vapehosale.com\/?s={search_term_string}\"},\"query-input\":\"required name=search_term_string\"}],\"inLanguage\":\"es\"}]}<\/script>\n<!-- \/ Yoast SEO plugin. -->","yoast_head_json":{"title":"Wholesale VBON 9000 Puffs Disposable Vape 20mg - Vape Wholesale","description":"VBON 9000 Puffs is a rechargeable disposable device that contains 18ml e-liquid and an 600mah rechargeble battery\uff0ceach device provide 9000 puffs.","robots":{"index":"index","follow":"follow","max-snippet":"max-snippet:-1","max-image-preview":"max-image-preview:large","max-video-preview":"max-video-preview:-1"},"canonical":"https:\/\/vapehosale.com\/es\/product\/vbon-9000-puffs-disposable-vape\/","og_locale":"es_ES","og_type":"article","og_title":"Wholesale VBON 9000 Puffs Disposable Vape 20mg - Vape Wholesale","og_description":"VBON 9000 Puffs is a rechargeable disposable device that contains 18ml e-liquid and an 600mah rechargeble battery\uff0ceach device provide 9000 puffs.","og_url":"https:\/\/vapehosale.com\/es\/product\/vbon-9000-puffs-disposable-vape\/","og_site_name":"Vape Wholesale","article_modified_time":"2024-10-16T09:20:58+00:00","og_image":[{"width":800,"height":800,"url":"https:\/\/vapehosale.com\/wp-content\/uploads\/2023\/09\/Best-sale-VBON-9000-Puffs-Disposable-vape-wholesale-.jpg","type":"image\/jpeg"}],"twitter_card":"summary_large_image","twitter_misc":{"Tiempo de lectura":"4 minutos"},"schema":{"@context":"https:\/\/schema.org","@graph":[{"@type":"WebPage","@id":"https:\/\/vapehosale.com\/product\/vbon-9000-puffs-disposable-vape\/","url":"https:\/\/vapehosale.com\/product\/vbon-9000-puffs-disposable-vape\/","name":"Wholesale VBON 9000 Puffs Disposable Vape 20mg - Vape Wholesale","isPartOf":{"@id":"https:\/\/vapehosale.com\/#website"},"datePublished":"2023-09-27T08:09:18+00:00","dateModified":"2024-10-16T09:20:58+00:00","description":"VBON 9000 Puffs is a rechargeable disposable device that contains 18ml e-liquid and an 600mah rechargeble battery\uff0ceach device provide 9000 puffs.","breadcrumb":{"@id":"https:\/\/vapehosale.com\/product\/vbon-9000-puffs-disposable-vape\/#breadcrumb"},"inLanguage":"es","potentialAction":[{"@type":"ReadAction","target":["https:\/\/vapehosale.com\/product\/vbon-9000-puffs-disposable-vape\/"]}]},{"@type":"BreadcrumbList","@id":"https:\/\/vapehosale.com\/product\/vbon-9000-puffs-disposable-vape\/#breadcrumb","itemListElement":[{"@type":"ListItem","position":1,"name":"Home","item":"https:\/\/vapehosale.com\/"},{"@type":"ListItem","position":2,"name":"Best Sell Vapes","item":"https:\/\/vapehosale.com\/vape-shop\/"},{"@type":"ListItem","position":3,"name":"Wholesale VBON 9000 Puffs Disposable Vape 20mg"}]},{"@type":"WebSite","@id":"https:\/\/vapehosale.com\/#website","url":"https:\/\/vapehosale.com\/","name":"Vape Wholesale","description":"Buy Vape Wholesale Price Near you","potentialAction":[{"@type":"SearchAction","target":{"@type":"EntryPoint","urlTemplate":"https:\/\/vapehosale.com\/?s={search_term_string}"},"query-input":"required name=search_term_string"}],"inLanguage":"es"}]}},"uagb_featured_image_src":{"full":["https:\/\/vapehosale.com\/wp-content\/uploads\/2023\/09\/Best-sale-VBON-9000-Puffs-Disposable-vape-wholesale-.jpg",800,800,false],"thumbnail":["https:\/\/vapehosale.com\/wp-content\/uploads\/2023\/09\/Best-sale-VBON-9000-Puffs-Disposable-vape-wholesale--150x150.jpg",150,150,true],"medium":["https:\/\/vapehosale.com\/wp-content\/uploads\/2023\/09\/Best-sale-VBON-9000-Puffs-Disposable-vape-wholesale--300x300.jpg",300,300,true],"medium_large":["https:\/\/vapehosale.com\/wp-content\/uploads\/2023\/09\/Best-sale-VBON-9000-Puffs-Disposable-vape-wholesale--768x768.jpg",768,768,true],"large":["https:\/\/vapehosale.com\/wp-content\/uploads\/2023\/09\/Best-sale-VBON-9000-Puffs-Disposable-vape-wholesale-.jpg",800,800,false],"1536x1536":["https:\/\/vapehosale.com\/wp-content\/uploads\/2023\/09\/Best-sale-VBON-9000-Puffs-Disposable-vape-wholesale-.jpg",800,800,false],"2048x2048":["https:\/\/vapehosale.com\/wp-content\/uploads\/2023\/09\/Best-sale-VBON-9000-Puffs-Disposable-vape-wholesale-.jpg",800,800,false],"trp-custom-language-flag":["https:\/\/vapehosale.com\/wp-content\/uploads\/2023\/09\/Best-sale-VBON-9000-Puffs-Disposable-vape-wholesale-.jpg",12,12,false],"woocommerce_thumbnail":["https:\/\/vapehosale.com\/wp-content\/uploads\/2023\/09\/Best-sale-VBON-9000-Puffs-Disposable-vape-wholesale--300x300.jpg",300,300,true],"woocommerce_single":["https:\/\/vapehosale.com\/wp-content\/uploads\/2023\/09\/Best-sale-VBON-9000-Puffs-Disposable-vape-wholesale--600x600.jpg",600,600,true],"woocommerce_gallery_thumbnail":["https:\/\/vapehosale.com\/wp-content\/uploads\/2023\/09\/Best-sale-VBON-9000-Puffs-Disposable-vape-wholesale--100x100.jpg",100,100,true],"wcpr-photo-reviews":["https:\/\/vapehosale.com\/wp-content\/uploads\/2023\/09\/Best-sale-VBON-9000-Puffs-Disposable-vape-wholesale-.jpg",500,500,false]},"uagb_author_info":{"display_name":"Vicky hosale","author_link":"https:\/\/vapehosale.com\/es\/author\/"},"uagb_comment_info":0,"uagb_excerpt":"VBON 9000 Puffs Disposable Kit use type-c to recharge,each device contain 600mah battery and 18ml oil, you can use it any where, but not public places, contact vicky for wholesale order, min order only need 100pcs NOTE: The website price does not include shipping costs. Please provide your postcode to check about shipping costs. &nbsp;","_links":{"self":[{"href":"https:\/\/vapehosale.com\/es\/wp-json\/wp\/v2\/product\/1572","targetHints":{"allow":["GET"]}}],"collection":[{"href":"https:\/\/vapehosale.com\/es\/wp-json\/wp\/v2\/product"}],"about":[{"href":"https:\/\/vapehosale.com\/es\/wp-json\/wp\/v2\/types\/product"}],"replies":[{"embeddable":true,"href":"https:\/\/vapehosale.com\/es\/wp-json\/wp\/v2\/comments?post=1572"}],"wp:featuredmedia":[{"embeddable":true,"href":"https:\/\/vapehosale.com\/es\/wp-json\/wp\/v2\/media\/1578"}],"wp:attachment":[{"href":"https:\/\/vapehosale.com\/es\/wp-json\/wp\/v2\/media?parent=1572"}],"wp:term":[{"taxonomy":"product_cat","embeddable":true,"href":"https:\/\/vapehosale.com\/es\/wp-json\/wp\/v2\/product_cat?post=1572"},{"taxonomy":"product_tag","embeddable":true,"href":"https:\/\/vapehosale.com\/es\/wp-json\/wp\/v2\/product_tag?post=1572"}],"curies":[{"name":"wp","href":"https:\/\/api.w.org\/{rel}","templated":true}]}}