{"id":2644,"date":"2024-08-23T08:00:12","date_gmt":"2024-08-23T08:00:12","guid":{"rendered":"https:\/\/vapehosale.com\/?post_type=product&#038;p=2644"},"modified":"2025-08-28T10:00:42","modified_gmt":"2025-08-28T10:00:42","slug":"waspe-vape-aiviou-25000-puffs","status":"publish","type":"product","link":"https:\/\/vapehosale.com\/de\/product\/waspe-vape-aiviou-25000-puffs\/","title":{"rendered":"Waspe Aiviou 25000 Puffs Einweg-Vape"},"content":{"rendered":"<h2 style=\"text-align: center\">Gro\u00dfhandel Waspe Aiviou 25000 Puffs Einweg-Vape<\/h2>\n<p>Waspe Aiviou 25000 Puffs Einweg-Vape integriert die neueste Dual-Mesh-Vernebelungstechnologie, um den echten Fruchtgeschmack wiederherzustellen, und das einfache und elegante Box-Design von Aiviou 25000 Puffs eignet sich nicht nur f\u00fcr den t\u00e4glichen Transport, sondern kann auch Ihren Geschmack bei verschiedenen Anl\u00e4ssen zeigen. Egal, ob Sie an einer Party teilnehmen oder ein Barbecue im Freien veranstalten, der Waspe 25000 Puffs kann ein langanhaltendes und leistungsstarkes Dampferlebnis bieten. Ausgestattet mit einem 650mAh-Reinkobalt-Akku, m\u00fcssen Sie nicht h\u00e4ufig aufladen und genie\u00dfen wirklich den Komfort eines intelligenten Einwegger\u00e4ts.<\/p>\n<p><img decoding=\"async\" class=\"alignnone size-large wp-image-2646\" src=\"https:\/\/vapehosale.com\/wp-content\/uploads\/2024\/08\/Charging-Prorection-Disposable-Vape-Waspe-Aiviou-25000-puffs-1024x640.jpg\" alt=\"Ladeschutz Einweg-Vape Waspe Aiviou 25000 Z\u00fcge\" width=\"1024\" height=\"640\" srcset=\"https:\/\/vapehosale.com\/wp-content\/uploads\/2024\/08\/Charging-Prorection-Disposable-Vape-Waspe-Aiviou-25000-puffs-1024x640.jpg 1024w, https:\/\/vapehosale.com\/wp-content\/uploads\/2024\/08\/Charging-Prorection-Disposable-Vape-Waspe-Aiviou-25000-puffs-300x188.jpg 300w, https:\/\/vapehosale.com\/wp-content\/uploads\/2024\/08\/Charging-Prorection-Disposable-Vape-Waspe-Aiviou-25000-puffs-768x480.jpg 768w, https:\/\/vapehosale.com\/wp-content\/uploads\/2024\/08\/Charging-Prorection-Disposable-Vape-Waspe-Aiviou-25000-puffs-1536x960.jpg 1536w, https:\/\/vapehosale.com\/wp-content\/uploads\/2024\/08\/Charging-Prorection-Disposable-Vape-Waspe-Aiviou-25000-puffs-600x375.jpg 600w, https:\/\/vapehosale.com\/wp-content\/uploads\/2024\/08\/Charging-Prorection-Disposable-Vape-Waspe-Aiviou-25000-puffs.jpg 2000w\" sizes=\"(max-width: 1024px) 100vw, 1024px\" \/><\/p>\n<h4>Waspe Aiviou 25000 Puffs Geschmacksliste:<\/h4>\n<p>1.Erdbeere Kiwi<br \/>\n2.Waldbeeren<br \/>\n3. Blaubeere auf Eis<br \/>\n4. Traubeneis<br \/>\n5. Kirscheis<br \/>\n6. Blaubeere Himbeere Limonade<br \/>\n7. Pfirsicheis<br \/>\nErdbeer-Wassermelone<br \/>\n9.Pfirsich Mango Wassermelone<br \/>\n10.Wassermelone auf Eis<\/p>\n<h4>Waspe Aiviou 25000 Puffs Informationen:<\/h4>\n<p><img decoding=\"async\" class=\"alignnone size-large wp-image-2649\" src=\"https:\/\/vapehosale.com\/wp-content\/uploads\/2024\/08\/Mesh-Coil-Waspe-Disposable-Vape-Aiviou-25000-Puffs-1024x598.jpg\" alt=\"Mesh-Coil Waspe Einweg-Vape Aiviou 25000 Z\u00fcge\" width=\"1024\" height=\"598\" srcset=\"https:\/\/vapehosale.com\/wp-content\/uploads\/2024\/08\/Mesh-Coil-Waspe-Disposable-Vape-Aiviou-25000-Puffs-1024x598.jpg 1024w, https:\/\/vapehosale.com\/wp-content\/uploads\/2024\/08\/Mesh-Coil-Waspe-Disposable-Vape-Aiviou-25000-Puffs-300x175.jpg 300w, https:\/\/vapehosale.com\/wp-content\/uploads\/2024\/08\/Mesh-Coil-Waspe-Disposable-Vape-Aiviou-25000-Puffs-768x448.jpg 768w, https:\/\/vapehosale.com\/wp-content\/uploads\/2024\/08\/Mesh-Coil-Waspe-Disposable-Vape-Aiviou-25000-Puffs-1536x896.jpg 1536w, https:\/\/vapehosale.com\/wp-content\/uploads\/2024\/08\/Mesh-Coil-Waspe-Disposable-Vape-Aiviou-25000-Puffs-600x350.jpg 600w, https:\/\/vapehosale.com\/wp-content\/uploads\/2024\/08\/Mesh-Coil-Waspe-Disposable-Vape-Aiviou-25000-Puffs.jpg 2000w\" sizes=\"(max-width: 1024px) 100vw, 1024px\" \/><\/p>\n<p><img decoding=\"async\" class=\"alignnone size-large wp-image-2645\" src=\"https:\/\/vapehosale.com\/wp-content\/uploads\/2024\/08\/25000-Puffs-Disposable-Vape-Waspe-Vape-Wholesale-1024x597.jpg\" alt=\"25000 Z\u00fcge Einweg-Vape Waspe Vape Gro\u00dfhandel\" width=\"1024\" height=\"597\" srcset=\"https:\/\/vapehosale.com\/wp-content\/uploads\/2024\/08\/25000-Puffs-Disposable-Vape-Waspe-Vape-Wholesale-1024x597.jpg 1024w, https:\/\/vapehosale.com\/wp-content\/uploads\/2024\/08\/25000-Puffs-Disposable-Vape-Waspe-Vape-Wholesale-300x175.jpg 300w, https:\/\/vapehosale.com\/wp-content\/uploads\/2024\/08\/25000-Puffs-Disposable-Vape-Waspe-Vape-Wholesale-768x448.jpg 768w, https:\/\/vapehosale.com\/wp-content\/uploads\/2024\/08\/25000-Puffs-Disposable-Vape-Waspe-Vape-Wholesale-1536x895.jpg 1536w, https:\/\/vapehosale.com\/wp-content\/uploads\/2024\/08\/25000-Puffs-Disposable-Vape-Waspe-Vape-Wholesale-600x350.jpg 600w, https:\/\/vapehosale.com\/wp-content\/uploads\/2024\/08\/25000-Puffs-Disposable-Vape-Waspe-Vape-Wholesale.jpg 2000w\" sizes=\"(max-width: 1024px) 100vw, 1024px\" \/><\/p>\n<p>&nbsp;<\/p>\n<h4>Was ist eine Dual-Mesh-Einwegbox? Und ist der Dual-Mesh Waspe 25000 Puffs Einweg-Pod gut?<\/h4>\n<p>Das \u201eDual Mesh\u201c Spulendesign in den Waspe Aiviou 25000 Puffs Einweg-E-Zigaretten hat mehrere Vorteile, die es auf dem Markt weit verbreitet machen. Im Folgenden sind die Hauptvorteile von Dual-Netz-Spulen in Einweg-E-Zigaretten aufgef\u00fchrt:<\/p>\n<h6>1. Verbessertes Geschmackserlebnis<\/h6>\n<p>Gleichm\u00e4\u00dfiges Erhitzen: Das Dual-Mesh-Spulendesign erhitzt das E-Liquid gleichm\u00e4\u00dfiger, indem es die Kontaktfl\u00e4che mit dem E-Liquid vergr\u00f6\u00dfert, wodurch ein intensiverer und reinerer Geschmack freigesetzt wird.<br \/>\nSt\u00e4rkere Geschmacks\u00fcbertragung: Im Vergleich zu herk\u00f6mmlichen Einzelspulen k\u00f6nnen Dual-Mesh-Spulen mehr Geschmacksdetails erfassen und \u00fcbertragen, sodass Benutzer ein realistischeres Geschmackserlebnis genie\u00dfen k\u00f6nnen.<\/p>\n<h6>2. Gr\u00f6\u00dferes Dampfvolumen<\/h6>\n<p>Verbesserte Dampfproduktion: Dual-Mesh-Spulen k\u00f6nnen gleichzeitig mehr Heizleistung liefern und so gr\u00f6\u00dfere, dichtere Dampfwolken erzeugen. F\u00fcr Benutzer, die das \u201egro\u00dfe Dampf\u201c-Erlebnis m\u00f6gen, kann die Dual-Netz-Spule ihre Bed\u00fcrfnisse erf\u00fcllen.<\/p>\n<h6>3. Schnelleres Erhitzen<\/h6>\n<p>Schnelle Reaktion: Aufgrund des speziellen Designs der Netzstruktur heizt sich die doppelte Mesh-Spule schneller auf, sodass der Benutzer den Geschmack des E-Liquids und die Dampfentwicklung beim Einatmen fast ohne Verz\u00f6gerung sp\u00fcrt.<\/p>\n<h6>4. Verl\u00e4ngern Sie die Lebensdauer der Spule<\/h6>\n<p>Reduzierung von Kohlenstoffablagerungen: Die Struktur der Doppel-Mesh-Spule tr\u00e4gt dazu bei, die Bildung von Kohlenstoffablagerungen zu reduzieren und die Lebensdauer der Spule zu verl\u00e4ngern. Dies ist besonders wichtig bei Einweg-E-Zigaretten, da es eine l\u00e4ngere und gleichbleibende Nutzungserfahrung bedeutet.<\/p>\n<h6>5. Sanfteres Inhalationserlebnis<\/h6>\n<p>Reduzieren von Dry Burning: Da die Dual-Mesh-Spule das E-Liquid gleichm\u00e4\u00dfiger erhitzen kann, wird das Risiko von Dry Burning reduziert, sodass der Benutzer ein sanfteres und angenehmeres Inhalationserlebnis genie\u00dfen kann.<br \/>\nGeringerer Luftstromwiderstand: Ein Dual-Mesh-Spulendesign f\u00fchrt in der Regel auch zu einem sanfteren Luftstrom, wodurch jeder Zug nat\u00fcrlicher wird und der Widerstand, den herk\u00f6mmliche Spulen verursachen k\u00f6nnen, verringert wird.<\/p>\n<h6>6. Effiziente Energienutzung<\/h6>\n<p>Bessere Effizienz der Batterienutzung: Da die Doppelgitterspule das E-Liquid effizienter erhitzen kann, kann eine relativ niedrige Leistung eine ideale Dampfmenge erzeugen, wodurch die Effizienz der Batterienutzung verbessert und die Nutzungsdauer von Einweg-E-Zigaretten verl\u00e4ngert wird.<br \/>\nInsgesamt k\u00f6nnen Einweg-E-Zigaretten mit Doppel-Mesh-Spulen einen reichhaltigeren Geschmack, ein gr\u00f6\u00dferes und dichteres Dampfvolumen, eine schnellere Reaktionsgeschwindigkeit und eine l\u00e4ngere Lebensdauer bieten, was sie f\u00fcr Benutzer, die ein qualitativ hochwertiges Erlebnis anstreben, geeignet macht.<\/p>\n<h4>Ist die Kindersicherung bei der Einweg-Box-Vape Waspe 25000 Puffs besser?<\/h4>\n<p>Sicherheitsmerkmal Kindersicherung: Waspe Aiviou 25000 Puffs enthalten eine Kindersicherung. Die Kindersicherung ist ein wichtiges Sicherheitsmerkmal, insbesondere f\u00fcr Benutzer, die Kinder zu Hause haben. Diese Funktion verhindert eine versehentliche Nutzung durch kleine Kinder, was angesichts der mit Nikotin verbundenen Risiken ein entscheidender Vorteil ist.<\/p>\n<h5><strong>Paketinhalt:<\/strong><\/h5>\n<p>1 x Waspe 25000 Z\u00fcge Vape Box<\/p>\n<p><a href=\"https:\/\/vapehosale.com\/de\/product\/randm-tornado-7000-puffs-disposable-vape\/\">Hei\u00df verkaufte Vape<br \/>\n<\/a><a href=\"https:\/\/vapehosale.com\/de\/product\/al-fahker-evappe-crown-bar-18000-puffs-pro-max\/\">Al Fakher 18000 Puffs Gro\u00dfhandel<\/a><br \/>\n<a href=\"https:\/\/vapehosale.com\/de\/product\/original-shisha-hookah-15000-puffs-jnr-disposable-vape\/\">Shisha Wasserpfeife 15000 Z\u00fcge<\/a><br \/>\n<a href=\"https:\/\/vapehosale.com\/de\/product\/wga-crystal-plus-20k-disposable-vapes\/\">WGA CryStal Plus 20k Einweg-Box<\/a><br \/>\n<a href=\"https:\/\/vapehosale.com\/de\/product\/original-crystal-bar-600-puffs-disposable-vape\/\">Crystal Bar 600 Puffs Einweg-Vape<\/a><br \/>\nKontakt f\u00fcr Produktkatalog:<a href=\"https:\/\/wa.me\/8618077105750\">Jetzt einkaufen<\/a><\/p>\n<p>Vape-Modell in besonderer Form:<a href=\"https:\/\/vapehosale.com\/de\/product\/bulk-buy-bang-king-12000\/\">Flaschenform<\/a>\/Cola-Dose\/<a href=\"https:\/\/vapehosale.com\/de\/product\/sidia-12000-puffs-disposable-device\/\">RGB-Licht<\/a>\/Kristall<\/p>\n<h4>Versanddetails:<br \/>\nWir sind eine E-Zigaretten-Fabrik aus China und unterst\u00fctzen keine Barzahlung bei Lieferung.<\/h4>\n<p><img decoding=\"async\" class=\"alignnone size-full wp-image-2636\" src=\"https:\/\/vapehosale.com\/wp-content\/uploads\/2024\/08\/08cd586e84373c021e8ec9b990d8dae.png\" alt=\"Einweg-Vape schneller Versand\" width=\"726\" height=\"265\" srcset=\"https:\/\/vapehosale.com\/wp-content\/uploads\/2024\/08\/08cd586e84373c021e8ec9b990d8dae.png 726w, https:\/\/vapehosale.com\/wp-content\/uploads\/2024\/08\/08cd586e84373c021e8ec9b990d8dae-300x110.png 300w, https:\/\/vapehosale.com\/wp-content\/uploads\/2024\/08\/08cd586e84373c021e8ec9b990d8dae-600x219.png 600w\" sizes=\"(max-width: 726px) 100vw, 726px\" \/><\/p>\n<h4>Zahlungsdetails:<\/h4>\n<p>Wir unterst\u00fctzen die Zahlung per Bank\u00fcberweisung oder Western Union, wir sind eine Vape-Fabrik aus China, <span style=\"color: #ff0000\">keine Barzahlung bei Lieferung m\u00f6glich.<\/span><\/p>\n<p>Alle Produkte in unserem Gesch\u00e4ft sind 100% original und authentisch, daher ist eine zehnfache Entsch\u00e4digung f\u00fcr gef\u00e4lschte Waren unsere Gesch\u00e4ftspolitik.<\/p>\n<h5><span style=\"color: #ff0000\">Kann ich zuerst eine Probe erhalten? Mindestbestellung 50 St\u00fcck, keine kostenlose Probe.<\/span><\/h5>\n<h3>Kundendienst:<\/h3>\n<p><span style=\"color: #ff0000\">Hinweis: Keine R\u00fcckerstattung oder Umtausch bei nicht qualit\u00e4tsbedingten Problemen<br \/>\n<span style=\"color: #000000\">Produkte werden frisch nach Kundenwunsch hergestellt, keine R\u00fcckerstattung bei fehlenden Qualit\u00e4tsproblemen nach Erhalt der Ware.<\/span><\/span><\/p>\n<p>1. Minderj\u00e4hrigen unter 21+ ist der Kauf von Einweg-Vape und Zubeh\u00f6r untersagt.<\/p>\n<p>2. Einige kleine Inselgebiete in europ\u00e4ischen L\u00e4ndern erfordern zus\u00e4tzliche Geb\u00fchren f\u00fcr abgelegene Gebiete. Bitte konsultieren Sie uns vor dem Kauf.<\/p>\n<p>3. Die Preise auf unserer Website enthalten keine Versandkosten. Bitte kontaktieren Sie die Verkaufsmanagerin Vicky, um sich vor der Bestellung \u00fcber die Versandkosten zu informieren.<\/p>\n<h4>Kontaktieren Sie mich jetzt f\u00fcr den Gro\u00dfhandel!<\/h4>\n<p>\u2705Gro\u00dfhandel ab Werk Whatsapp:<a href=\"https:\/\/wa.me\/8618077105750\">+8618077105750<\/a><\/p>\n<p>\u2705Gro\u00dfh\u00e4ndler und H\u00e4ndler sind willkommen, Bestellungen anzupassen<br \/>\n\u2705Bieten Sie Produkte von h\u00f6chster Qualit\u00e4t und den professionellsten Service.<\/p>\n<p><img decoding=\"async\" class=\"alignnone size-full wp-image-2638\" src=\"https:\/\/vapehosale.com\/wp-content\/uploads\/2023\/09\/885301ea6f5e0b91f5ab2b1c85e665c.png\" alt=\"RandM Fabrik\" width=\"670\" height=\"658\" srcset=\"https:\/\/vapehosale.com\/wp-content\/uploads\/2023\/09\/885301ea6f5e0b91f5ab2b1c85e665c.png 670w, https:\/\/vapehosale.com\/wp-content\/uploads\/2023\/09\/885301ea6f5e0b91f5ab2b1c85e665c-300x295.png 300w, https:\/\/vapehosale.com\/wp-content\/uploads\/2023\/09\/885301ea6f5e0b91f5ab2b1c85e665c-600x589.png 600w\" sizes=\"(max-width: 670px) 100vw, 670px\" \/><\/p>\n<p>&nbsp;<\/p>","protected":false},"excerpt":{"rendered":"<p>Waspe Vape Aiviou 25000 Puffs, ben\u00f6tigen Sie 50 St\u00fcck? \u00a0\u00a0 <a href=\"https:\/\/wa.me\/8618077105750\">\u00a0kontaktieren Sie mich f\u00fcr eine Bestellung von 50 St\u00fcck <\/a><br \/>\n100% original Waspe Aiviou 25000 Puffs mit digitaler Box, und enth\u00e4lt 25ml und einen 650mAh-Akku, kann Ihnen riesige 25000 Z\u00fcge bieten.<\/p>\n<p><span style=\"color: #ff0000\">Kontaktieren Sie mich f\u00fcr Mindestbestellungen ab 50 St\u00fcck! Kein Verkauf unter 50 St\u00fcck. <\/span>Nur Gro\u00dfhandel!<\/p>\n<p><img decoding=\"async\" class=\"alignnone size-medium wp-image-2638\" src=\"https:\/\/vapehosale.com\/wp-content\/uploads\/2023\/09\/885301ea6f5e0b91f5ab2b1c85e665c-300x295.png\" alt=\"RandM Fabrik\" width=\"300\" height=\"295\" srcset=\"https:\/\/vapehosale.com\/wp-content\/uploads\/2023\/09\/885301ea6f5e0b91f5ab2b1c85e665c-300x295.png 300w, https:\/\/vapehosale.com\/wp-content\/uploads\/2023\/09\/885301ea6f5e0b91f5ab2b1c85e665c-600x589.png 600w, https:\/\/vapehosale.com\/wp-content\/uploads\/2023\/09\/885301ea6f5e0b91f5ab2b1c85e665c.png 670w\" sizes=\"(max-width: 300px) 100vw, 300px\" \/><\/p>\n<p><span style=\"color: #ff0000\">HINWEIS:Der Preis auf der Website beinhaltet keine Versandkosten. Bitte geben Sie Ihre Postleitzahl an, um die Versandkosten zu \u00fcberpr\u00fcfen.<\/span><\/p>\n<p>&nbsp;<\/p>","protected":false},"featured_media":2654,"comment_status":"open","ping_status":"closed","template":"","meta":{"_uag_custom_page_level_css":"","_lmt_disableupdate":"no","_lmt_disable":"","site-sidebar-layout":"default","site-content-layout":"","ast-site-content-layout":"default","site-content-style":"default","site-sidebar-style":"default","ast-global-header-display":"","ast-banner-title-visibility":"","ast-main-header-display":"","ast-hfb-above-header-display":"","ast-hfb-below-header-display":"","ast-hfb-mobile-header-display":"","site-post-title":"","ast-breadcrumbs-content":"","ast-featured-img":"","footer-sml-layout":"","theme-transparent-header-meta":"default","adv-header-id-meta":"","stick-header-meta":"","header-above-stick-meta":"","header-main-stick-meta":"","header-below-stick-meta":"","astra-migrate-meta-layouts":"set","_joinchat":[]},"product_cat":[88,41,55,15,142],"product_tag":[76,35,33,44],"class_list":["post-2644","product","type-product","status-publish","has-post-thumbnail","hentry","product_cat-25k-vape","product_cat-europe-hot-sale-vape","product_cat-minimum-order-quantity-50pcs","product_cat-vape-shop-wholesale","product_cat-waspe-vape","product_tag-airflow-control-vape","product_tag-rechargeable-disposable-device","product_tag-rgb-light-disposable-vape","product_tag-waspe-vape","desktop-align-left","tablet-align-left","mobile-align-left"],"yoast_head":"<!-- This site is optimized with the Yoast SEO plugin v21.1 - https:\/\/yoast.com\/wordpress\/plugins\/seo\/ -->\n<title>Waspe Aiviou 25000 Puffs Disposable Vape - Vape Wholesale<\/title>\n<meta name=\"description\" content=\"Experts in Waspe Aiviou 25000 Puffs Disposable Vape and accessory wholesale. fast delivery, and the best global prices\u2014explore our range now!\" \/>\n<meta name=\"robots\" content=\"index, follow, max-snippet:-1, max-image-preview:large, max-video-preview:-1\" \/>\n<link rel=\"canonical\" href=\"https:\/\/vapehosale.com\/de\/product\/waspe-vape-aiviou-25000-puffs\/\" \/>\n<meta property=\"og:locale\" content=\"de_DE\" \/>\n<meta property=\"og:type\" content=\"article\" \/>\n<meta property=\"og:title\" content=\"Waspe Aiviou 25000 Puffs Disposable Vape - Vape Wholesale\" \/>\n<meta property=\"og:description\" content=\"Experts in Waspe Aiviou 25000 Puffs Disposable Vape and accessory wholesale. fast delivery, and the best global prices\u2014explore our range now!\" \/>\n<meta property=\"og:url\" content=\"https:\/\/vapehosale.com\/de\/product\/waspe-vape-aiviou-25000-puffs\/\" \/>\n<meta property=\"og:site_name\" content=\"Vape Wholesale\" \/>\n<meta property=\"article:modified_time\" content=\"2025-08-28T10:00:42+00:00\" \/>\n<meta property=\"og:image\" content=\"https:\/\/vapehosale.com\/wp-content\/uploads\/2024\/08\/Waspe-Aiviou-25000-Vape-Real-Pictures.jpg\" \/>\n\t<meta property=\"og:image:width\" content=\"1800\" \/>\n\t<meta property=\"og:image:height\" content=\"2200\" \/>\n\t<meta property=\"og:image:type\" content=\"image\/jpeg\" \/>\n<meta name=\"twitter:card\" content=\"summary_large_image\" \/>\n<meta name=\"twitter:label1\" content=\"Gesch\u00e4tzte Lesezeit\" \/>\n\t<meta name=\"twitter:data1\" content=\"5\u00a0Minuten\" \/>\n<script type=\"application\/ld+json\" class=\"yoast-schema-graph\">{\"@context\":\"https:\/\/schema.org\",\"@graph\":[{\"@type\":\"WebPage\",\"@id\":\"https:\/\/vapehosale.com\/product\/waspe-vape-aiviou-25000-puffs\/\",\"url\":\"https:\/\/vapehosale.com\/product\/waspe-vape-aiviou-25000-puffs\/\",\"name\":\"Waspe Aiviou 25000 Puffs Disposable Vape - Vape Wholesale\",\"isPartOf\":{\"@id\":\"https:\/\/vapehosale.com\/#website\"},\"datePublished\":\"2024-08-23T08:00:12+00:00\",\"dateModified\":\"2025-08-28T10:00:42+00:00\",\"description\":\"Experts in Waspe Aiviou 25000 Puffs Disposable Vape and accessory wholesale. fast delivery, and the best global prices\u2014explore our range now!\",\"breadcrumb\":{\"@id\":\"https:\/\/vapehosale.com\/product\/waspe-vape-aiviou-25000-puffs\/#breadcrumb\"},\"inLanguage\":\"de\",\"potentialAction\":[{\"@type\":\"ReadAction\",\"target\":[\"https:\/\/vapehosale.com\/product\/waspe-vape-aiviou-25000-puffs\/\"]}]},{\"@type\":\"BreadcrumbList\",\"@id\":\"https:\/\/vapehosale.com\/product\/waspe-vape-aiviou-25000-puffs\/#breadcrumb\",\"itemListElement\":[{\"@type\":\"ListItem\",\"position\":1,\"name\":\"Home\",\"item\":\"https:\/\/vapehosale.com\/\"},{\"@type\":\"ListItem\",\"position\":2,\"name\":\"Best Sell Vapes\",\"item\":\"https:\/\/vapehosale.com\/vape-shop\/\"},{\"@type\":\"ListItem\",\"position\":3,\"name\":\"Waspe Aiviou 25000 Puffs Disposable Vape\"}]},{\"@type\":\"WebSite\",\"@id\":\"https:\/\/vapehosale.com\/#website\",\"url\":\"https:\/\/vapehosale.com\/\",\"name\":\"Vape Wholesale\",\"description\":\"Buy Vape Wholesale Price Near you\",\"potentialAction\":[{\"@type\":\"SearchAction\",\"target\":{\"@type\":\"EntryPoint\",\"urlTemplate\":\"https:\/\/vapehosale.com\/?s={search_term_string}\"},\"query-input\":\"required name=search_term_string\"}],\"inLanguage\":\"de\"}]}<\/script>\n<!-- \/ Yoast SEO plugin. -->","yoast_head_json":{"title":"Waspe Aiviou 25000 Puffs Disposable Vape - Vape Wholesale","description":"Experts in Waspe Aiviou 25000 Puffs Disposable Vape and accessory wholesale. fast delivery, and the best global prices\u2014explore our range now!","robots":{"index":"index","follow":"follow","max-snippet":"max-snippet:-1","max-image-preview":"max-image-preview:large","max-video-preview":"max-video-preview:-1"},"canonical":"https:\/\/vapehosale.com\/de\/product\/waspe-vape-aiviou-25000-puffs\/","og_locale":"de_DE","og_type":"article","og_title":"Waspe Aiviou 25000 Puffs Disposable Vape - Vape Wholesale","og_description":"Experts in Waspe Aiviou 25000 Puffs Disposable Vape and accessory wholesale. fast delivery, and the best global prices\u2014explore our range now!","og_url":"https:\/\/vapehosale.com\/de\/product\/waspe-vape-aiviou-25000-puffs\/","og_site_name":"Vape Wholesale","article_modified_time":"2025-08-28T10:00:42+00:00","og_image":[{"width":1800,"height":2200,"url":"https:\/\/vapehosale.com\/wp-content\/uploads\/2024\/08\/Waspe-Aiviou-25000-Vape-Real-Pictures.jpg","type":"image\/jpeg"}],"twitter_card":"summary_large_image","twitter_misc":{"Gesch\u00e4tzte Lesezeit":"5\u00a0Minuten"},"schema":{"@context":"https:\/\/schema.org","@graph":[{"@type":"WebPage","@id":"https:\/\/vapehosale.com\/product\/waspe-vape-aiviou-25000-puffs\/","url":"https:\/\/vapehosale.com\/product\/waspe-vape-aiviou-25000-puffs\/","name":"Waspe Aiviou 25000 Puffs Disposable Vape - Vape Wholesale","isPartOf":{"@id":"https:\/\/vapehosale.com\/#website"},"datePublished":"2024-08-23T08:00:12+00:00","dateModified":"2025-08-28T10:00:42+00:00","description":"Experts in Waspe Aiviou 25000 Puffs Disposable Vape and accessory wholesale. fast delivery, and the best global prices\u2014explore our range now!","breadcrumb":{"@id":"https:\/\/vapehosale.com\/product\/waspe-vape-aiviou-25000-puffs\/#breadcrumb"},"inLanguage":"de","potentialAction":[{"@type":"ReadAction","target":["https:\/\/vapehosale.com\/product\/waspe-vape-aiviou-25000-puffs\/"]}]},{"@type":"BreadcrumbList","@id":"https:\/\/vapehosale.com\/product\/waspe-vape-aiviou-25000-puffs\/#breadcrumb","itemListElement":[{"@type":"ListItem","position":1,"name":"Home","item":"https:\/\/vapehosale.com\/"},{"@type":"ListItem","position":2,"name":"Best Sell Vapes","item":"https:\/\/vapehosale.com\/vape-shop\/"},{"@type":"ListItem","position":3,"name":"Waspe Aiviou 25000 Puffs Disposable Vape"}]},{"@type":"WebSite","@id":"https:\/\/vapehosale.com\/#website","url":"https:\/\/vapehosale.com\/","name":"Vape Wholesale","description":"Buy Vape Wholesale Price Near you","potentialAction":[{"@type":"SearchAction","target":{"@type":"EntryPoint","urlTemplate":"https:\/\/vapehosale.com\/?s={search_term_string}"},"query-input":"required name=search_term_string"}],"inLanguage":"de"}]}},"uagb_featured_image_src":{"full":["https:\/\/vapehosale.com\/wp-content\/uploads\/2024\/08\/Waspe-Aiviou-25000-Vape-Real-Pictures.jpg",1800,2200,false],"thumbnail":["https:\/\/vapehosale.com\/wp-content\/uploads\/2024\/08\/Waspe-Aiviou-25000-Vape-Real-Pictures-150x150.jpg",150,150,true],"medium":["https:\/\/vapehosale.com\/wp-content\/uploads\/2024\/08\/Waspe-Aiviou-25000-Vape-Real-Pictures-245x300.jpg",245,300,true],"medium_large":["https:\/\/vapehosale.com\/wp-content\/uploads\/2024\/08\/Waspe-Aiviou-25000-Vape-Real-Pictures-768x939.jpg",768,939,true],"large":["https:\/\/vapehosale.com\/wp-content\/uploads\/2024\/08\/Waspe-Aiviou-25000-Vape-Real-Pictures-838x1024.jpg",838,1024,true],"1536x1536":["https:\/\/vapehosale.com\/wp-content\/uploads\/2024\/08\/Waspe-Aiviou-25000-Vape-Real-Pictures-1257x1536.jpg",1257,1536,true],"2048x2048":["https:\/\/vapehosale.com\/wp-content\/uploads\/2024\/08\/Waspe-Aiviou-25000-Vape-Real-Pictures-1676x2048.jpg",1676,2048,true],"trp-custom-language-flag":["https:\/\/vapehosale.com\/wp-content\/uploads\/2024\/08\/Waspe-Aiviou-25000-Vape-Real-Pictures.jpg",10,12,false],"woocommerce_thumbnail":["https:\/\/vapehosale.com\/wp-content\/uploads\/2024\/08\/Waspe-Aiviou-25000-Vape-Real-Pictures-300x300.jpg",300,300,true],"woocommerce_single":["https:\/\/vapehosale.com\/wp-content\/uploads\/2024\/08\/Waspe-Aiviou-25000-Vape-Real-Pictures-600x733.jpg",600,733,true],"woocommerce_gallery_thumbnail":["https:\/\/vapehosale.com\/wp-content\/uploads\/2024\/08\/Waspe-Aiviou-25000-Vape-Real-Pictures-100x100.jpg",100,100,true],"wcpr-photo-reviews":["https:\/\/vapehosale.com\/wp-content\/uploads\/2024\/08\/Waspe-Aiviou-25000-Vape-Real-Pictures.jpg",409,500,false]},"uagb_author_info":{"display_name":"Vicky hosale","author_link":"https:\/\/vapehosale.com\/de\/author\/"},"uagb_comment_info":0,"uagb_excerpt":"Waspe Vape Aiviou 25000 Puffs you need 50pcs? \u00a0\u00a0 \u00a0contact me for order 50pcs 100% original doule mesh waspe aiviou 25000puffs with digital box, and contain 25ml and 650mah battery, can provide you huge 25000 puffs. contact me for min order only 50 pcs! not sale under 50pcs, Wholesale only! NOTE:The website price does not&hellip;","_links":{"self":[{"href":"https:\/\/vapehosale.com\/de\/wp-json\/wp\/v2\/product\/2644","targetHints":{"allow":["GET"]}}],"collection":[{"href":"https:\/\/vapehosale.com\/de\/wp-json\/wp\/v2\/product"}],"about":[{"href":"https:\/\/vapehosale.com\/de\/wp-json\/wp\/v2\/types\/product"}],"replies":[{"embeddable":true,"href":"https:\/\/vapehosale.com\/de\/wp-json\/wp\/v2\/comments?post=2644"}],"wp:featuredmedia":[{"embeddable":true,"href":"https:\/\/vapehosale.com\/de\/wp-json\/wp\/v2\/media\/2654"}],"wp:attachment":[{"href":"https:\/\/vapehosale.com\/de\/wp-json\/wp\/v2\/media?parent=2644"}],"wp:term":[{"taxonomy":"product_cat","embeddable":true,"href":"https:\/\/vapehosale.com\/de\/wp-json\/wp\/v2\/product_cat?post=2644"},{"taxonomy":"product_tag","embeddable":true,"href":"https:\/\/vapehosale.com\/de\/wp-json\/wp\/v2\/product_tag?post=2644"}],"curies":[{"name":"wp","href":"https:\/\/api.w.org\/{rel}","templated":true}]}}