{"id":1695,"date":"2023-10-17T02:21:27","date_gmt":"2023-10-17T02:21:27","guid":{"rendered":"https:\/\/vapehosale.com\/?post_type=product&#038;p=1695"},"modified":"2026-03-20T08:08:31","modified_gmt":"2026-03-20T08:08:31","slug":"vapme-crystal-7000","status":"publish","type":"product","link":"https:\/\/vapehosale.com\/de\/product\/vapme-crystal-7000\/","title":{"rendered":"Gro\u00dfhandel Vapme Crystal 7k Puffs Einweg-Vape"},"content":{"rendered":"<h2 style=\"text-align: center\">Gro\u00dfhandel Vapme Crystal 7000 Puffs Einweg-Vape<\/h2>\n<p>Vapme Crystal 7k Puffs ist ein Einweg-Vape, der rundum Licht ausstrahlt, und sein K\u00f6rperdesign ist vom Anime Pirate Hunter inspiriert. Jede Geschmacksrichtung hat einen exklusiven IP-Charakter.<br \/>\nVapme Crystal 7000 Puffs Einweg-Vapes sind in insgesamt 12 Geschmacksrichtungen erh\u00e4ltlich. Jeder wiederaufladbare Crystal 7k Puffs Vape enth\u00e4lt 14 ml E-Liquid und einen 600 mAh Akku und verf\u00fcgt \u00fcber erstklassige 0,8 \u03a9 Mesh-Coio-Zerst\u00e4ubungstechnologie, sodass jedes Ger\u00e4t 7000 Z\u00fcge liefern kann, bevor das E-Liquid aufgebraucht ist. Alle Geschmacksrichtungen bieten Ihnen ein au\u00dfergew\u00f6hnliches Erlebnis.<\/p>\n<p><img decoding=\"async\" class=\"alignnone size-large wp-image-1710\" src=\"https:\/\/vapehosale.com\/wp-content\/uploads\/2023\/10\/Vapme-Crystal-7000-Puffs-Real-Picture-1024x1024.jpg\" alt=\"Vapme Crystal 7000 Z\u00fcge Echtes Bild\" width=\"1024\" height=\"1024\" srcset=\"https:\/\/vapehosale.com\/wp-content\/uploads\/2023\/10\/Vapme-Crystal-7000-Puffs-Real-Picture-1024x1024.jpg 1024w, https:\/\/vapehosale.com\/wp-content\/uploads\/2023\/10\/Vapme-Crystal-7000-Puffs-Real-Picture-300x300.jpg 300w, https:\/\/vapehosale.com\/wp-content\/uploads\/2023\/10\/Vapme-Crystal-7000-Puffs-Real-Picture-150x150.jpg 150w, https:\/\/vapehosale.com\/wp-content\/uploads\/2023\/10\/Vapme-Crystal-7000-Puffs-Real-Picture-768x768.jpg 768w, https:\/\/vapehosale.com\/wp-content\/uploads\/2023\/10\/Vapme-Crystal-7000-Puffs-Real-Picture-1536x1536.jpg 1536w, https:\/\/vapehosale.com\/wp-content\/uploads\/2023\/10\/Vapme-Crystal-7000-Puffs-Real-Picture-600x600.jpg 600w, https:\/\/vapehosale.com\/wp-content\/uploads\/2023\/10\/Vapme-Crystal-7000-Puffs-Real-Picture-100x100.jpg 100w, https:\/\/vapehosale.com\/wp-content\/uploads\/2023\/10\/Vapme-Crystal-7000-Puffs-Real-Picture.jpg 2000w\" sizes=\"(max-width: 1024px) 100vw, 1024px\" \/><\/p>\n<h3>1. Hat der Vapme Crystal 7k Einweg-Vape ein RGB-Licht?<\/h3>\n<p>Wenn Sie den Crystal 7k Vapme Vape verwenden, wird das RGB-Licht mit jedem Zug ausgel\u00f6st, und das funkelnde RGB-Licht erzeugt eine einzigartige optische Anziehungskraft f\u00fcr Sie.<\/p>\n<p><img decoding=\"async\" class=\"alignnone size-thumbnail wp-image-1719\" src=\"https:\/\/vapehosale.com\/wp-content\/uploads\/2023\/10\/Vapme-Crystal-7000-Puffs-RGB-light-Display-150x150.jpg\" alt=\"Vapme Crystal 7000 Z\u00fcge RGB Lichtanzeige\" width=\"150\" height=\"150\" srcset=\"https:\/\/vapehosale.com\/wp-content\/uploads\/2023\/10\/Vapme-Crystal-7000-Puffs-RGB-light-Display-150x150.jpg 150w, https:\/\/vapehosale.com\/wp-content\/uploads\/2023\/10\/Vapme-Crystal-7000-Puffs-RGB-light-Display-300x300.jpg 300w, https:\/\/vapehosale.com\/wp-content\/uploads\/2023\/10\/Vapme-Crystal-7000-Puffs-RGB-light-Display-100x100.jpg 100w\" sizes=\"(max-width: 150px) 100vw, 150px\" \/><img decoding=\"async\" class=\"alignnone size-thumbnail wp-image-1718\" src=\"https:\/\/vapehosale.com\/wp-content\/uploads\/2023\/10\/Vapme-Crystal-7000-Puffs-Disposable-Vape-Wholesale-150x150.jpg\" alt=\"Vapme Crystal 7000 Puffs Einweg-Vape Gro\u00dfhandel\" width=\"150\" height=\"150\" srcset=\"https:\/\/vapehosale.com\/wp-content\/uploads\/2023\/10\/Vapme-Crystal-7000-Puffs-Disposable-Vape-Wholesale-150x150.jpg 150w, https:\/\/vapehosale.com\/wp-content\/uploads\/2023\/10\/Vapme-Crystal-7000-Puffs-Disposable-Vape-Wholesale-300x300.jpg 300w, https:\/\/vapehosale.com\/wp-content\/uploads\/2023\/10\/Vapme-Crystal-7000-Puffs-Disposable-Vape-Wholesale-100x100.jpg 100w\" sizes=\"(max-width: 150px) 100vw, 150px\" \/><img decoding=\"async\" class=\"alignnone size-thumbnail wp-image-1716\" src=\"https:\/\/vapehosale.com\/wp-content\/uploads\/2023\/10\/RGB-light-Vape-Vapme-Crystal-7000-Wholesale-150x150.jpg\" alt=\"RGB-Licht Vape Vapme Crystal 7000 Gro\u00dfhandel\" width=\"150\" height=\"150\" srcset=\"https:\/\/vapehosale.com\/wp-content\/uploads\/2023\/10\/RGB-light-Vape-Vapme-Crystal-7000-Wholesale-150x150.jpg 150w, https:\/\/vapehosale.com\/wp-content\/uploads\/2023\/10\/RGB-light-Vape-Vapme-Crystal-7000-Wholesale-300x300.jpg 300w, https:\/\/vapehosale.com\/wp-content\/uploads\/2023\/10\/RGB-light-Vape-Vapme-Crystal-7000-Wholesale-100x100.jpg 100w\" sizes=\"(max-width: 150px) 100vw, 150px\" \/><img decoding=\"async\" class=\"alignnone size-thumbnail wp-image-1717\" src=\"https:\/\/vapehosale.com\/wp-content\/uploads\/2023\/10\/RGB-Vape-Crystal-7000-Disposable-Vape-150x150.jpg\" alt=\"RGB Vape Crystal 7000 Einweg-Vape\" width=\"150\" height=\"150\" srcset=\"https:\/\/vapehosale.com\/wp-content\/uploads\/2023\/10\/RGB-Vape-Crystal-7000-Disposable-Vape-150x150.jpg 150w, https:\/\/vapehosale.com\/wp-content\/uploads\/2023\/10\/RGB-Vape-Crystal-7000-Disposable-Vape-300x300.jpg 300w, https:\/\/vapehosale.com\/wp-content\/uploads\/2023\/10\/RGB-Vape-Crystal-7000-Disposable-Vape-100x100.jpg 100w\" sizes=\"(max-width: 150px) 100vw, 150px\" \/><\/p>\n<h5><\/h5>\n<h3>2. Ist der Vapme Crystal 7k Vape sicher?<\/h3>\n<p>Nat\u00fcrlich ist der Vapme Crystal 7k sicher.<br \/>\nDas Au\u00dfengeh\u00e4use besteht aus umweltfreundlichem Kunststoff und die Batterie verwendet reine Kobaltbatterien. Wir verwenden die hochwertigste Batterie unter den Materialien f\u00fcr Einweg-Kits, da eine gute Batterie das Explosionsrisiko vermeidet. Sichere E-Liquid-Komponenten sind \u00e4u\u00dferst wichtig und kosteng\u00fcnstig. Billiges Vape-\u00d6l kann minderwertiges Vape-\u00d6l sein, das viele Male verwendet wurde und Krebs verursachen kann. Wir verwenden nur Einweg-Vape-\u00d6l mit CE-Zertifizierung, da die Sicherheit der Inhaltsstoffe die erste Wahl in unserer Fabrik ist.<\/p>\n<h3>Vapme Crystal 7000 Puffs Spezifikationen:<\/h3>\n<p>1. 2%\/3%\/5% Nikotingehalt<br \/>\n2. Z\u00fcge: 7000 Z\u00fcge Einweg-Vape<br \/>\n3. Fassungsverm\u00f6gen: 14 ml<br \/>\n5. 13 Geschmacksrichtungen verf\u00fcgbar<br \/>\n6. Eingebauter 600 mAh Akku<br \/>\n7. Mesh Coil 1.0\u03a9<br \/>\n8. Hergestellt in China<\/p>\n<h3>Gro\u00dfhandel Vapme 7k 56+ Geschmacksliste:<\/h3>\n<p>1. Blaubeere Himbeere<br \/>\n2. Traubenbeere<br \/>\n3. Erdbeer-Wassermelone-Bubblegum<br \/>\n4. Erdbeer-Himbeer-Bonbon<br \/>\n5. Erdbeer-Banane<br \/>\n6. Erdbeer-Mango<br \/>\n7. Pfirsich-Mango-Ananas<br \/>\n8.Wassermelone Eis<br \/>\n9. Dreifache Mango<br \/>\n10. Kirscheis<br \/>\n11. Passionsfrucht-Melonen-Eis<br \/>\n12. Kiwi-Passionsfrucht-Guave<br \/>\n13. Erdbeereis<br \/>\n14. Pfirsicheis<br \/>\n15. Blaue Himbeer-Limonade<br \/>\n16. Erdbeer-Kiwi<br \/>\n17. Energy-Drink<br \/>\n18. Kirsch-Cola<br \/>\n19. Gemischte Beeren Eis<br \/>\n20. Zitrone<br \/>\n21. Erdbeer-Traube<br \/>\n22. Schwarze Johannisbeere Eis<br \/>\n23. Blaubeer-Cranberry-Kirsche<br \/>\n24. Wassermelonen-Kiwi-Eis<br \/>\n25. Kirschbeere<br \/>\n26. Minze<br \/>\n27. Tropischer Fruchtpunsch<br \/>\n28. Herr Blau<br \/>\n29. Doppelapfel<br \/>\n30. Bananeneis<br \/>\n31. Lady Killa<br \/>\n32. Wassermelonen-Bull<br \/>\n33. Ananas-Kiwi-Eis<br \/>\n34. Erdbeer-Drachenfrucht-Eis<br \/>\n35. Wassermelone Zitrone<br \/>\n36. Dreifach Melone Eis<br \/>\n37. Blaubeer Himbeer Pfirsich<br \/>\n38. Erdbeer Himbeer Eis<br \/>\n39. Wassermelone Skittle<br \/>\n40. Erdbeer Gummib\u00e4rchen<br \/>\n41. Erdbeer Red Bull<br \/>\n42. Schwarzer Drache Eis<br \/>\n43. Trauben Eis<br \/>\n44.Blaubeere Wassermelone Eis<br \/>\n45.Pfirsich Beere Eis<br \/>\n46.Apfel Kiwi Eis<br \/>\n47.Purple Traube Eis<br \/>\n48.Gr\u00fcner Apfel Eis<br \/>\n49.Mango Eis<br \/>\n50.Wassermelone Kirsche<br \/>\n51.Zitrone Minze<br \/>\n52.Saftige Grapefruit Eis<br \/>\n53.Pfirsich Blue Razz<br \/>\n54.Orange Mango Guave Eis<br \/>\n55.Ananas Eis<br \/>\n56.Rosa Limonade<\/p>\n<p><a href=\"https:\/\/vapehosale.com\/de\/product\/randm-tornado-7000-puffs-disposable-vape\/\">Hei\u00df verkaufte Vape <\/a>Gro\u00dfhandel :<a href=\"https:\/\/vapehosale.com\/de\/product\/fumot-digital-box-12000-puffs\/\">Fumot Digital Box 12000 Z\u00fcge<\/a><br \/>\n<a href=\"https:\/\/vapehosale.com\/de\/product\/fumot-leopard-40k-disposable-vape\/\">Fumot Vape Leopard 40K Z\u00fcge\u00a0<\/a><br \/>\n<a href=\"https:\/\/vapehosale.com\/de\/product\/fumot-eco-50000-puffs\/\">RandM Fumot Eco 50000 Z\u00fcge<\/a><br \/>\n<a href=\"https:\/\/vapehosale.com\/de\/product-category\/vapme-vape\/\">Weitere Vapme Vape Gro\u00dfhandelspreise hier<\/a><\/p>\n<h4>Versanddetails:<\/h4>\n<p>Produktionszeit: 5 Arbeitstage<br \/>\nLieferzeit: 10-14 Werktage<\/p>\n<p>Alle Produkte in unserem Gesch\u00e4ft sind 100% original und authentisch, daher ist eine zehnfache Entsch\u00e4digung f\u00fcr gef\u00e4lschte Waren unsere Gesch\u00e4ftspolitik.<\/p>\n<h3>Kundendienst:<\/h3>\n<p>F\u00fcr detailliertere Gro\u00dfhandelspreise, MOQ, verf\u00fcgbare Geschmacksrichtungen kontaktieren Sie bitte unseren Vertriebsleiter Vicky <a href=\"https:\/\/wa.me\/8618077105750\">WhatsApp:+8618077105750<\/a><\/p>\n<p><img decoding=\"async\" class=\"alignnone size-full wp-image-2638\" src=\"https:\/\/vapehosale.com\/wp-content\/uploads\/2023\/09\/885301ea6f5e0b91f5ab2b1c85e665c.png\" alt=\"RandM Fabrik\" width=\"670\" height=\"658\" srcset=\"https:\/\/vapehosale.com\/wp-content\/uploads\/2023\/09\/885301ea6f5e0b91f5ab2b1c85e665c.png 670w, https:\/\/vapehosale.com\/wp-content\/uploads\/2023\/09\/885301ea6f5e0b91f5ab2b1c85e665c-300x295.png 300w, https:\/\/vapehosale.com\/wp-content\/uploads\/2023\/09\/885301ea6f5e0b91f5ab2b1c85e665c-600x589.png 600w\" sizes=\"(max-width: 670px) 100vw, 670px\" \/><\/p>","protected":false},"excerpt":{"rendered":"<p>Hochwertige wiederaufladbare Vapme Crystal 7000 Puffs Vapes sind ein sehr hei\u00dfer Verkaufsartikel auf dem europ\u00e4ischen Markt. Es sind insgesamt 43 Geschmacksrichtungen erh\u00e4ltlich.<span style=\"color: #ff0000\">Der Website-Preis beinhaltet nicht die Versandkosten.\u00a0<\/span><\/p>\n<p>Kontaktieren Sie den Verkaufsleiter Vicky, um noch heute einen Rabatt zu erhalten.<strong><span style=\"color: #ff0000\">Mindestbestellmenge nur 50 St\u00fcck!\u00a0<\/span><\/strong><\/p>\n<p><img decoding=\"async\" class=\"alignnone size-medium wp-image-2638\" src=\"https:\/\/vapehosale.com\/wp-content\/uploads\/2023\/09\/885301ea6f5e0b91f5ab2b1c85e665c-300x295.png\" alt=\"RandM Fabrik\" width=\"300\" height=\"295\" srcset=\"https:\/\/vapehosale.com\/wp-content\/uploads\/2023\/09\/885301ea6f5e0b91f5ab2b1c85e665c-300x295.png 300w, https:\/\/vapehosale.com\/wp-content\/uploads\/2023\/09\/885301ea6f5e0b91f5ab2b1c85e665c-600x589.png 600w, https:\/\/vapehosale.com\/wp-content\/uploads\/2023\/09\/885301ea6f5e0b91f5ab2b1c85e665c.png 670w\" sizes=\"(max-width: 300px) 100vw, 300px\" \/><\/p>\n<p>&nbsp;<\/p>\n<p>&nbsp;<\/p>","protected":false},"featured_media":1698,"comment_status":"open","ping_status":"closed","template":"","meta":{"_uag_custom_page_level_css":"","_lmt_disableupdate":"no","_lmt_disable":"","site-sidebar-layout":"default","site-content-layout":"","ast-site-content-layout":"default","site-content-style":"default","site-sidebar-style":"default","ast-global-header-display":"","ast-banner-title-visibility":"","ast-main-header-display":"","ast-hfb-above-header-display":"","ast-hfb-below-header-display":"","ast-hfb-mobile-header-display":"","site-post-title":"","ast-breadcrumbs-content":"","ast-featured-img":"","footer-sml-layout":"","theme-transparent-header-meta":"default","adv-header-id-meta":"","stick-header-meta":"","header-above-stick-meta":"","header-main-stick-meta":"","header-below-stick-meta":"","astra-migrate-meta-layouts":"set","_joinchat":[]},"product_cat":[15,55,91,137],"product_tag":[35,33,53],"class_list":["post-1695","product","type-product","status-publish","has-post-thumbnail","hentry","product_cat-vape-shop-wholesale","product_cat-minimum-order-quantity-50pcs","product_cat-7000-puffs-disposable-vape","product_cat-vapme-vape","product_tag-rechargeable-disposable-device","product_tag-rgb-light-disposable-vape","product_tag-vapme-vape","desktop-align-left","tablet-align-left","mobile-align-left"],"yoast_head":"<!-- This site is optimized with the Yoast SEO plugin v21.1 - https:\/\/yoast.com\/wordpress\/plugins\/seo\/ -->\n<title>Wholesale Vapme Crystal 7k Puffs Disposable Vape - Vape Wholesale<\/title>\n<meta name=\"description\" content=\"Want to wholesale High quality Vapme Crystal 7000? get a big disscount on wholesale disposable vape on this shop! More disccount waitting for you!\" \/>\n<meta name=\"robots\" content=\"index, follow, max-snippet:-1, max-image-preview:large, max-video-preview:-1\" \/>\n<link rel=\"canonical\" href=\"https:\/\/vapehosale.com\/de\/product\/vapme-crystal-7000\/\" \/>\n<meta property=\"og:locale\" content=\"de_DE\" \/>\n<meta property=\"og:type\" content=\"article\" \/>\n<meta property=\"og:title\" content=\"Wholesale Vapme Crystal 7k Puffs Disposable Vape - Vape Wholesale\" \/>\n<meta property=\"og:description\" content=\"Want to wholesale High quality Vapme Crystal 7000? get a big disscount on wholesale disposable vape on this shop! More disccount waitting for you!\" \/>\n<meta property=\"og:url\" content=\"https:\/\/vapehosale.com\/de\/product\/vapme-crystal-7000\/\" \/>\n<meta property=\"og:site_name\" content=\"Vape Wholesale\" \/>\n<meta property=\"article:modified_time\" content=\"2026-03-20T08:08:31+00:00\" \/>\n<meta property=\"og:image\" content=\"https:\/\/vapehosale.com\/wp-content\/uploads\/2023\/10\/High-Quality-Vapme-Crystal-7000-Puffs-.jpg\" \/>\n\t<meta property=\"og:image:width\" content=\"800\" \/>\n\t<meta property=\"og:image:height\" content=\"800\" \/>\n\t<meta property=\"og:image:type\" content=\"image\/jpeg\" \/>\n<meta name=\"twitter:card\" content=\"summary_large_image\" \/>\n<meta name=\"twitter:label1\" content=\"Gesch\u00e4tzte Lesezeit\" \/>\n\t<meta name=\"twitter:data1\" content=\"4\u00a0Minuten\" \/>\n<script type=\"application\/ld+json\" class=\"yoast-schema-graph\">{\"@context\":\"https:\/\/schema.org\",\"@graph\":[{\"@type\":\"WebPage\",\"@id\":\"https:\/\/vapehosale.com\/product\/vapme-crystal-7000\/\",\"url\":\"https:\/\/vapehosale.com\/product\/vapme-crystal-7000\/\",\"name\":\"Wholesale Vapme Crystal 7k Puffs Disposable Vape - Vape Wholesale\",\"isPartOf\":{\"@id\":\"https:\/\/vapehosale.com\/#website\"},\"datePublished\":\"2023-10-17T02:21:27+00:00\",\"dateModified\":\"2026-03-20T08:08:31+00:00\",\"description\":\"Want to wholesale High quality Vapme Crystal 7000? get a big disscount on wholesale disposable vape on this shop! More disccount waitting for you!\",\"breadcrumb\":{\"@id\":\"https:\/\/vapehosale.com\/product\/vapme-crystal-7000\/#breadcrumb\"},\"inLanguage\":\"de\",\"potentialAction\":[{\"@type\":\"ReadAction\",\"target\":[\"https:\/\/vapehosale.com\/product\/vapme-crystal-7000\/\"]}]},{\"@type\":\"BreadcrumbList\",\"@id\":\"https:\/\/vapehosale.com\/product\/vapme-crystal-7000\/#breadcrumb\",\"itemListElement\":[{\"@type\":\"ListItem\",\"position\":1,\"name\":\"Home\",\"item\":\"https:\/\/vapehosale.com\/\"},{\"@type\":\"ListItem\",\"position\":2,\"name\":\"Best Sell Vapes\",\"item\":\"https:\/\/vapehosale.com\/vape-shop\/\"},{\"@type\":\"ListItem\",\"position\":3,\"name\":\"Wholesale Vapme Crystal 7k Puffs Disposable Vape\"}]},{\"@type\":\"WebSite\",\"@id\":\"https:\/\/vapehosale.com\/#website\",\"url\":\"https:\/\/vapehosale.com\/\",\"name\":\"Vape Wholesale\",\"description\":\"Buy Vape Wholesale Price Near you\",\"potentialAction\":[{\"@type\":\"SearchAction\",\"target\":{\"@type\":\"EntryPoint\",\"urlTemplate\":\"https:\/\/vapehosale.com\/?s={search_term_string}\"},\"query-input\":\"required name=search_term_string\"}],\"inLanguage\":\"de\"}]}<\/script>\n<!-- \/ Yoast SEO plugin. -->","yoast_head_json":{"title":"Wholesale Vapme Crystal 7k Puffs Disposable Vape - Vape Wholesale","description":"Want to wholesale High quality Vapme Crystal 7000? get a big disscount on wholesale disposable vape on this shop! More disccount waitting for you!","robots":{"index":"index","follow":"follow","max-snippet":"max-snippet:-1","max-image-preview":"max-image-preview:large","max-video-preview":"max-video-preview:-1"},"canonical":"https:\/\/vapehosale.com\/de\/product\/vapme-crystal-7000\/","og_locale":"de_DE","og_type":"article","og_title":"Wholesale Vapme Crystal 7k Puffs Disposable Vape - Vape Wholesale","og_description":"Want to wholesale High quality Vapme Crystal 7000? get a big disscount on wholesale disposable vape on this shop! More disccount waitting for you!","og_url":"https:\/\/vapehosale.com\/de\/product\/vapme-crystal-7000\/","og_site_name":"Vape Wholesale","article_modified_time":"2026-03-20T08:08:31+00:00","og_image":[{"width":800,"height":800,"url":"https:\/\/vapehosale.com\/wp-content\/uploads\/2023\/10\/High-Quality-Vapme-Crystal-7000-Puffs-.jpg","type":"image\/jpeg"}],"twitter_card":"summary_large_image","twitter_misc":{"Gesch\u00e4tzte Lesezeit":"4\u00a0Minuten"},"schema":{"@context":"https:\/\/schema.org","@graph":[{"@type":"WebPage","@id":"https:\/\/vapehosale.com\/product\/vapme-crystal-7000\/","url":"https:\/\/vapehosale.com\/product\/vapme-crystal-7000\/","name":"Wholesale Vapme Crystal 7k Puffs Disposable Vape - Vape Wholesale","isPartOf":{"@id":"https:\/\/vapehosale.com\/#website"},"datePublished":"2023-10-17T02:21:27+00:00","dateModified":"2026-03-20T08:08:31+00:00","description":"Want to wholesale High quality Vapme Crystal 7000? get a big disscount on wholesale disposable vape on this shop! More disccount waitting for you!","breadcrumb":{"@id":"https:\/\/vapehosale.com\/product\/vapme-crystal-7000\/#breadcrumb"},"inLanguage":"de","potentialAction":[{"@type":"ReadAction","target":["https:\/\/vapehosale.com\/product\/vapme-crystal-7000\/"]}]},{"@type":"BreadcrumbList","@id":"https:\/\/vapehosale.com\/product\/vapme-crystal-7000\/#breadcrumb","itemListElement":[{"@type":"ListItem","position":1,"name":"Home","item":"https:\/\/vapehosale.com\/"},{"@type":"ListItem","position":2,"name":"Best Sell Vapes","item":"https:\/\/vapehosale.com\/vape-shop\/"},{"@type":"ListItem","position":3,"name":"Wholesale Vapme Crystal 7k Puffs Disposable Vape"}]},{"@type":"WebSite","@id":"https:\/\/vapehosale.com\/#website","url":"https:\/\/vapehosale.com\/","name":"Vape Wholesale","description":"Buy Vape Wholesale Price Near you","potentialAction":[{"@type":"SearchAction","target":{"@type":"EntryPoint","urlTemplate":"https:\/\/vapehosale.com\/?s={search_term_string}"},"query-input":"required name=search_term_string"}],"inLanguage":"de"}]}},"uagb_featured_image_src":{"full":["https:\/\/vapehosale.com\/wp-content\/uploads\/2023\/10\/High-Quality-Vapme-Crystal-7000-Puffs-.jpg",800,800,false],"thumbnail":["https:\/\/vapehosale.com\/wp-content\/uploads\/2023\/10\/High-Quality-Vapme-Crystal-7000-Puffs--150x150.jpg",150,150,true],"medium":["https:\/\/vapehosale.com\/wp-content\/uploads\/2023\/10\/High-Quality-Vapme-Crystal-7000-Puffs--300x300.jpg",300,300,true],"medium_large":["https:\/\/vapehosale.com\/wp-content\/uploads\/2023\/10\/High-Quality-Vapme-Crystal-7000-Puffs--768x768.jpg",768,768,true],"large":["https:\/\/vapehosale.com\/wp-content\/uploads\/2023\/10\/High-Quality-Vapme-Crystal-7000-Puffs-.jpg",800,800,false],"1536x1536":["https:\/\/vapehosale.com\/wp-content\/uploads\/2023\/10\/High-Quality-Vapme-Crystal-7000-Puffs-.jpg",800,800,false],"2048x2048":["https:\/\/vapehosale.com\/wp-content\/uploads\/2023\/10\/High-Quality-Vapme-Crystal-7000-Puffs-.jpg",800,800,false],"trp-custom-language-flag":["https:\/\/vapehosale.com\/wp-content\/uploads\/2023\/10\/High-Quality-Vapme-Crystal-7000-Puffs-.jpg",12,12,false],"woocommerce_thumbnail":["https:\/\/vapehosale.com\/wp-content\/uploads\/2023\/10\/High-Quality-Vapme-Crystal-7000-Puffs--300x300.jpg",300,300,true],"woocommerce_single":["https:\/\/vapehosale.com\/wp-content\/uploads\/2023\/10\/High-Quality-Vapme-Crystal-7000-Puffs--600x600.jpg",600,600,true],"woocommerce_gallery_thumbnail":["https:\/\/vapehosale.com\/wp-content\/uploads\/2023\/10\/High-Quality-Vapme-Crystal-7000-Puffs--100x100.jpg",100,100,true],"wcpr-photo-reviews":["https:\/\/vapehosale.com\/wp-content\/uploads\/2023\/10\/High-Quality-Vapme-Crystal-7000-Puffs-.jpg",500,500,false]},"uagb_author_info":{"display_name":"Vicky hosale","author_link":"https:\/\/vapehosale.com\/de\/author\/"},"uagb_comment_info":0,"uagb_excerpt":"high-quality Vapme Crystal 7000 Puffs rechargeable vape are a very hot sale disposable device in the european market , there are a total of 43 flavors is available.The website price does not include shipping costs.\u00a0 Contact sales manager vicky get disccount today,Min order only 50pcs!\u00a0 &nbsp; &nbsp;","_links":{"self":[{"href":"https:\/\/vapehosale.com\/de\/wp-json\/wp\/v2\/product\/1695","targetHints":{"allow":["GET"]}}],"collection":[{"href":"https:\/\/vapehosale.com\/de\/wp-json\/wp\/v2\/product"}],"about":[{"href":"https:\/\/vapehosale.com\/de\/wp-json\/wp\/v2\/types\/product"}],"replies":[{"embeddable":true,"href":"https:\/\/vapehosale.com\/de\/wp-json\/wp\/v2\/comments?post=1695"}],"wp:featuredmedia":[{"embeddable":true,"href":"https:\/\/vapehosale.com\/de\/wp-json\/wp\/v2\/media\/1698"}],"wp:attachment":[{"href":"https:\/\/vapehosale.com\/de\/wp-json\/wp\/v2\/media?parent=1695"}],"wp:term":[{"taxonomy":"product_cat","embeddable":true,"href":"https:\/\/vapehosale.com\/de\/wp-json\/wp\/v2\/product_cat?post=1695"},{"taxonomy":"product_tag","embeddable":true,"href":"https:\/\/vapehosale.com\/de\/wp-json\/wp\/v2\/product_tag?post=1695"}],"curies":[{"name":"wp","href":"https:\/\/api.w.org\/{rel}","templated":true}]}}