{"id":1490,"date":"2023-09-21T02:02:20","date_gmt":"2023-09-21T02:02:20","guid":{"rendered":"https:\/\/vapehosale.com\/?post_type=product&#038;p=1490"},"modified":"2025-11-28T09:11:35","modified_gmt":"2025-11-28T09:11:35","slug":"fumot-digital-box-12000-puffs","status":"publish","type":"product","link":"https:\/\/vapehosale.com\/de\/product\/fumot-digital-box-12000-puffs\/","title":{"rendered":"Gro\u00dfhandel RandM Fumot Digital Box 12000 Z\u00fcge Vape"},"content":{"rendered":"<h1 style=\"text-align: center\">Gro\u00dfhandel Fumot Digital Box 12000 Z\u00fcge Wiederaufladbare Vape<\/h1>\n<p>Das wiederaufladbare Vape-Ger\u00e4t Fumot Digital Box 12000 Puffs bietet eine au\u00dfergew\u00f6hnliche Langlebigkeit mit 12.000 Puffs, angetrieben durch eine betr\u00e4chtliche 20-ml-E-Liquid-Kapazit\u00e4t und einen integrierten 850-mAh-Akku, wodurch die Notwendigkeit st\u00e4ndiger Aufladungen oder Nachf\u00fcllungen erheblich reduziert wird. Die fortschrittliche Mesh Coil sorgt f\u00fcr eine effiziente Verdampfung des E-Liquids f\u00fcr einen intensiveren Geschmack und dichtere Wolken. \u00dcber die integrierte Digitalbox-Anzeige k\u00f6nnen Sie Ihre Nutzung klar \u00fcberwachen, da diese den Akkustand und den E-Liquid-F\u00fcllstand anzeigt. W\u00e4hlen Sie Ihre bevorzugte Nikotinst\u00e4rke: 2% (20mg\/ml) oder 5% (50mg\/ml). Der Fumot 12000 Puffs ist in 52 verschiedenen Geschmacksrichtungen erh\u00e4ltlich. Entdecken Sie Ihren perfekten ganzt\u00e4gigen Begleiter, der f\u00fcr dauerhafte Leistung konzipiert ist.<\/p>\n<p><img decoding=\"async\" class=\"alignnone size-full wp-image-1498\" src=\"https:\/\/vapehosale.com\/wp-content\/uploads\/2023\/09\/Fumot-Digital-Box-12000-puffs-Disposable-Vape-Wholesale.jpg\" alt=\"Fumot Digital Box 12000 Puffs Einweg-Vape Gro\u00dfhandel\" width=\"842\" height=\"540\" srcset=\"https:\/\/vapehosale.com\/wp-content\/uploads\/2023\/09\/Fumot-Digital-Box-12000-puffs-Disposable-Vape-Wholesale.jpg 842w, https:\/\/vapehosale.com\/wp-content\/uploads\/2023\/09\/Fumot-Digital-Box-12000-puffs-Disposable-Vape-Wholesale-300x192.jpg 300w, https:\/\/vapehosale.com\/wp-content\/uploads\/2023\/09\/Fumot-Digital-Box-12000-puffs-Disposable-Vape-Wholesale-768x493.jpg 768w, https:\/\/vapehosale.com\/wp-content\/uploads\/2023\/09\/Fumot-Digital-Box-12000-puffs-Disposable-Vape-Wholesale-600x385.jpg 600w\" sizes=\"(max-width: 842px) 100vw, 842px\" \/><\/p>\n<h3>Wo kann ich Fumot 12000 Puffs zum Gro\u00dfhandelspreis (Massenkaufpreis) kaufen?<\/h3>\n<h4>Fumot 12000 Preis: 18\u20ac-20\u20ac<\/h4>\n<p><a href=\"https:\/\/wa.me\/8618077105750\">Bitte kontaktieren Sie Verkaufsleiterin Vicky f\u00fcr weitere Informationen. Die Verkaufsleiterin wird Ihnen helfen, alle Probleme Ihrer Bestellung zu l\u00f6sen.<\/a><br \/>\n<img decoding=\"async\" class=\"alignnone size-medium wp-image-5650\" src=\"https:\/\/vapehosale.com\/wp-content\/uploads\/2025\/10\/8a420713276bf7cf308193b71e051aa3-300x274.jpg\" alt=\"Vicky\" width=\"300\" height=\"274\" srcset=\"https:\/\/vapehosale.com\/wp-content\/uploads\/2025\/10\/8a420713276bf7cf308193b71e051aa3-300x274.jpg 300w, https:\/\/vapehosale.com\/wp-content\/uploads\/2025\/10\/8a420713276bf7cf308193b71e051aa3-1024x937.jpg 1024w, https:\/\/vapehosale.com\/wp-content\/uploads\/2025\/10\/8a420713276bf7cf308193b71e051aa3-768x703.jpg 768w, https:\/\/vapehosale.com\/wp-content\/uploads\/2025\/10\/8a420713276bf7cf308193b71e051aa3-13x12.jpg 13w, https:\/\/vapehosale.com\/wp-content\/uploads\/2025\/10\/8a420713276bf7cf308193b71e051aa3-600x549.jpg 600w, https:\/\/vapehosale.com\/wp-content\/uploads\/2025\/10\/8a420713276bf7cf308193b71e051aa3.jpg 1080w\" sizes=\"(max-width: 300px) 100vw, 300px\" \/><\/p>\n<h2>Fumot Digital Box 12000 Merkmale:<\/h2>\n<p>Marke: Fumot RandM<br \/>\nNikotin: 2% 5%<br \/>\nPuffs: 12000<br \/>\nKapazit\u00e4t: 20ml<br \/>\n52 Geschmacksrichtungen erh\u00e4ltlich<br \/>\n850mAh wiederaufladbar<br \/>\nMesh Spule<br \/>\ndigitale Box-Anzeige<br \/>\nGewicht: 90g\/Stk<br \/>\n200 St\u00fcck pro Karton<\/p>\n<h2>RandM Fumot 12000 Z\u00fcge Geschmacks\u00fcbersicht:<\/h2>\n<p>1 K\u00fchle Minze<br \/>\n2 Wassermelone Eis<br \/>\n3 Traube Eis<br \/>\n4 Blaubeere Himbeere<br \/>\n5 Erdbeere Wassermelone<br \/>\n6 Erdbeere Banane<br \/>\n7 Saftiges Eis<br \/>\n8 Kirsche<br \/>\n9 Erdbeere Eis<br \/>\n10 Eislutscher<br \/>\n11 Pinke Limonade<br \/>\n12 Mango Auf Eis<br \/>\n13 Gemischte Beeren<br \/>\n14 Erdbeere Donut<br \/>\n15 Erdbeere Traube<br \/>\n16 Kirsch Cola<br \/>\n17 Dr. Blau<br \/>\n18 Blaubeere Auf Eis<br \/>\n19 Kiwi Passionsfrucht Guave<br \/>\n20 Erdbeere Kiwi<br \/>\n21 Pfirsich Mango<br \/>\n22 Pfirsich-Eis<br \/>\n23 Roter Apfel-Eis<br \/>\n24 Blaubeer-Kaugummi<br \/>\n25 Beerenlimonade<br \/>\n26 Blaue Himbeer-Limonade<br \/>\n27 Blaue saure Himbeere<br \/>\n28 Erdbeer Red Bull<br \/>\n29 Apfel-Beeren-Explosion<br \/>\n30 Wassermelonen-Kaugummi<br \/>\n31 Himbeer-Wassermelone<br \/>\n32 Schwarzes Eis<br \/>\n33 Heidelbeere Kirsche Preiselbeere<br \/>\n34 Erdbeere Pomp (Granatapfel)<br \/>\n35 Vimto<br \/>\n36 Kirsche Beere<br \/>\n37 Zitrone<br \/>\n38 Bingo Crush<br \/>\n39 Heidelbeere Kiwi<br \/>\n41 Bananeneis<br \/>\n42 Drachenfruchteis<br \/>\n43 Fruchtige Fusion<br \/>\n44 Traube Minze<br \/>\n45 Liebe 66<br \/>\n46 Ananaseis<br \/>\n47 Rotes Energieeis<br \/>\n48 Doppelapfel<br \/>\n50 Cola-Eis<br \/>\n51 Eistee Zitrone Eis<br \/>\n52 Eistee Pfirsich Eis<\/p>\n<h2>FAQ zum Kauf <span class=\"___SText_anxqe-ko_\" data-ui-name=\"Link.Text\">Fumot Vape 12000 Z\u00fcge wiederaufladbare Vapes<\/span><\/h2>\n<h4>Wie erkenne ich, dass der Fumot Vape 12000 Z\u00fcge wiederaufladbare Vape leer ist?<\/h4>\n<p>Wenn der Fumot Vape 12k keinen Strom mehr hat, zeigt sich dies normalerweise durch weniger Rauch, schw\u00e4cheren Geschmack oder gar keinen Rauch mehr. Das digitale 12k Kit verf\u00fcgt \u00fcber eine Batterieanzeige, die Ihnen hilft, den Ladestand zu \u00fcberwachen.<\/p>\n<h4>Wo kann ich den Fumot Digital Box 12000 wiederaufladbaren Einweg-Vape im Gro\u00dfhandel kaufen?<\/h4>\n<p>Der Fumot Vape 12k Digital Box kann in physischen Gesch\u00e4ften und Online-Shops erworben werden, insbesondere auf Gro\u00dfhandelsplattformen wie vapehosale.com, wo Benutzer eine gro\u00dfe Anzahl verschiedener Marken und Modelle von Vapes finden und Rabatte f\u00fcr Gro\u00dfeink\u00e4ufe genie\u00dfen k\u00f6nnen.<\/p>\n<h4>Wie viele Geschmacksrichtungen sind f\u00fcr den Fumot Vape Digital Box 12000 Z\u00fcge Vape erh\u00e4ltlich?<\/h4>\n<p>Fumot 12000 Z\u00fcge sind insgesamt 52+ Geschmacksrichtungen erh\u00e4ltlich.<\/p>\n<h4>Was bedeutet RandM Vape?<\/h4>\n<p>RandM Fumot Vape bedeutet Rick and Morty Vape<\/p>\n<h4>Fumot Digital Box 12000 Z\u00fcge Preis?<\/h4>\n<p>Der Einzelhandelspreis im Lager in Deutschland betr\u00e4gt 12\u20ac-15\u20ac\/St\u00fcck<\/p>\n<h4>Fumot Digital Box 12000 Z\u00fcge Verpackungsanzeige:<\/h4>\n<p><img decoding=\"async\" class=\"alignnone size-full wp-image-1768\" src=\"https:\/\/vapehosale.com\/wp-content\/uploads\/2023\/09\/15ce3368342a167b2c874627795f4ee.png\" alt=\"Fumot 12000 Puffs Vape-Paket\" width=\"565\" height=\"594\" srcset=\"https:\/\/vapehosale.com\/wp-content\/uploads\/2023\/09\/15ce3368342a167b2c874627795f4ee.png 565w, https:\/\/vapehosale.com\/wp-content\/uploads\/2023\/09\/15ce3368342a167b2c874627795f4ee-285x300.png 285w\" sizes=\"(max-width: 565px) 100vw, 565px\" \/><\/p>\n<p>&nbsp;<\/p>\n<p><a href=\"https:\/\/vapehosale.com\/de\/product-category\/randm-fumot-vape\/\">Hei\u00dfer Verkauf Vape Fumot Vape Gro\u00dfhandel EU-Lager<\/a><br \/>\n<a href=\"https:\/\/vapehosale.com\/de\/product-category\/12000-puffs-disposable-vape\/\">Bester 12000 Z\u00fcge Einweg-Vape Hei\u00dfer Verkauf\u00a0<\/a><br \/>\nKontakt f\u00fcr Produktkatalog:<a href=\"https:\/\/wa.me\/8618077105750\">Jetzt einkaufen<\/a><\/p>\n<h4>Versanddetails:<\/h4>\n<p>Produktionszeit: 5 Arbeitstage<br \/>\nLieferzeit: 8-14 Werktage<\/p>\n<p>Alle Produkte in unserem Shop sind 100% original und authentisch, Zehnfache Entsch\u00e4digung bei F\u00e4lschungen.<\/p>\n<p>F\u00fcr detailliertere Gro\u00dfhandelspreise, Mindestbestellmengen und Artikelnummern kontaktieren Sie bitte unseren Verkaufsleiter Vicky <a href=\"https:\/\/wa.me\/8618077105750\">WhatsApp:+8618077105750<\/a><\/p>\n<p><img decoding=\"async\" class=\"alignnone size-full wp-image-2638\" src=\"https:\/\/vapehosale.com\/wp-content\/uploads\/2023\/09\/885301ea6f5e0b91f5ab2b1c85e665c.png\" alt=\"RandM Fabrik\" width=\"670\" height=\"658\" srcset=\"https:\/\/vapehosale.com\/wp-content\/uploads\/2023\/09\/885301ea6f5e0b91f5ab2b1c85e665c.png 670w, https:\/\/vapehosale.com\/wp-content\/uploads\/2023\/09\/885301ea6f5e0b91f5ab2b1c85e665c-300x295.png 300w, https:\/\/vapehosale.com\/wp-content\/uploads\/2023\/09\/885301ea6f5e0b91f5ab2b1c85e665c-600x589.png 600w\" sizes=\"(max-width: 670px) 100vw, 670px\" \/><\/p>","protected":false},"excerpt":{"rendered":"<p>RandM Fumot 12000 Puffs ist eine Einweg-E-Zigarette mit Batterie- und \u00d6lanzeige, so k\u00f6nnen Sie anhand der Batterieanzeige leicht erkennen, wann Sie Ihr Ger\u00e4t aufladen m\u00fcssen. Es sind 52 Geschmacksrichtungen erh\u00e4ltlich.<span style=\"color: #ff0000\">Der Website-Preis beinhaltet keine Versandkosten<\/span><\/p>\n<p>Willkommen, um Vicky auf WhatsApp f\u00fcr den Gro\u00dfhandel mit Fumot Digital Box 12000 Puffs hinzuzuf\u00fcgen. Die Mindestbestellmenge betr\u00e4gt nur 50 St\u00fcck!<\/p>\n<p><img decoding=\"async\" class=\"alignnone size-medium wp-image-5650\" src=\"https:\/\/vapehosale.com\/wp-content\/uploads\/2025\/10\/8a420713276bf7cf308193b71e051aa3-300x274.jpg\" alt=\"Vicky\" width=\"300\" height=\"274\" srcset=\"https:\/\/vapehosale.com\/wp-content\/uploads\/2025\/10\/8a420713276bf7cf308193b71e051aa3-300x274.jpg 300w, https:\/\/vapehosale.com\/wp-content\/uploads\/2025\/10\/8a420713276bf7cf308193b71e051aa3-1024x937.jpg 1024w, https:\/\/vapehosale.com\/wp-content\/uploads\/2025\/10\/8a420713276bf7cf308193b71e051aa3-768x703.jpg 768w, https:\/\/vapehosale.com\/wp-content\/uploads\/2025\/10\/8a420713276bf7cf308193b71e051aa3-13x12.jpg 13w, https:\/\/vapehosale.com\/wp-content\/uploads\/2025\/10\/8a420713276bf7cf308193b71e051aa3-600x549.jpg 600w, https:\/\/vapehosale.com\/wp-content\/uploads\/2025\/10\/8a420713276bf7cf308193b71e051aa3.jpg 1080w\" sizes=\"(max-width: 300px) 100vw, 300px\" \/><\/p>\n<p>&nbsp;<\/p>\n<p>&nbsp;<\/p>","protected":false},"featured_media":1497,"comment_status":"open","ping_status":"closed","template":"","meta":{"_uag_custom_page_level_css":"","_lmt_disableupdate":"no","_lmt_disable":"","site-sidebar-layout":"default","site-content-layout":"","ast-site-content-layout":"default","site-content-style":"default","site-sidebar-style":"default","ast-global-header-display":"","ast-banner-title-visibility":"","ast-main-header-display":"","ast-hfb-above-header-display":"","ast-hfb-below-header-display":"","ast-hfb-mobile-header-display":"","site-post-title":"","ast-breadcrumbs-content":"","ast-featured-img":"","footer-sml-layout":"","theme-transparent-header-meta":"default","adv-header-id-meta":"","stick-header-meta":"","header-above-stick-meta":"","header-main-stick-meta":"","header-below-stick-meta":"","astra-migrate-meta-layouts":"set","_joinchat":[]},"product_cat":[15,83,41,55,89],"product_tag":[43,72,46,52,36,114,63,31,35,33,59],"class_list":["post-1490","product","type-product","status-publish","has-post-thumbnail","hentry","product_cat-vape-shop-wholesale","product_cat-12000-puffs-disposable-vape","product_cat-europe-hot-sale-vape","product_cat-minimum-order-quantity-50pcs","product_cat-randm-fumot-vape","product_tag-12000-puffs-vape-12k-vape","product_tag-2-nicotine-vape","product_tag-double-mesh-coil-vape","product_tag-fumot-12000-puffs","product_tag-fumot-digital-box-12000-puffs","product_tag-fumot-vape","product_tag-led-screen-disposable-vape","product_tag-randm-tornado-vape","product_tag-rechargeable-disposable-device","product_tag-rgb-light-disposable-vape","product_tag-smart-screen-disposable-vape","desktop-align-left","tablet-align-left","mobile-align-left"],"yoast_head":"<!-- This site is optimized with the Yoast SEO plugin v21.1 - https:\/\/yoast.com\/wordpress\/plugins\/seo\/ -->\n<title>Wholesale RandM Fumot Digital Box 12000 Puffs Vape - Vape Wholesale<\/title>\n<meta name=\"description\" content=\"Wholesale RandM Fumot Digital Box 12000 Puffs is a rechargeable disposable device that contains 20ml of e-liquid and an 600mah rechargeable battery.\" \/>\n<meta name=\"robots\" content=\"index, follow, max-snippet:-1, max-image-preview:large, max-video-preview:-1\" \/>\n<link rel=\"canonical\" href=\"https:\/\/vapehosale.com\/de\/product\/fumot-digital-box-12000-puffs\/\" \/>\n<meta property=\"og:locale\" content=\"de_DE\" \/>\n<meta property=\"og:type\" content=\"article\" \/>\n<meta property=\"og:title\" content=\"Wholesale RandM Fumot Digital Box 12000 Puffs Vape - Vape Wholesale\" \/>\n<meta property=\"og:description\" content=\"Wholesale RandM Fumot Digital Box 12000 Puffs is a rechargeable disposable device that contains 20ml of e-liquid and an 600mah rechargeable battery.\" \/>\n<meta property=\"og:url\" content=\"https:\/\/vapehosale.com\/de\/product\/fumot-digital-box-12000-puffs\/\" \/>\n<meta property=\"og:site_name\" content=\"Vape Wholesale\" \/>\n<meta property=\"article:modified_time\" content=\"2025-11-28T09:11:35+00:00\" \/>\n<meta property=\"og:image\" content=\"https:\/\/vapehosale.com\/wp-content\/uploads\/2023\/09\/Fumot-Digital-Box-12000-Digital-Box.jpg\" \/>\n\t<meta property=\"og:image:width\" content=\"474\" \/>\n\t<meta property=\"og:image:height\" content=\"600\" \/>\n\t<meta property=\"og:image:type\" content=\"image\/jpeg\" \/>\n<meta name=\"twitter:card\" content=\"summary_large_image\" \/>\n<meta name=\"twitter:label1\" content=\"Gesch\u00e4tzte Lesezeit\" \/>\n\t<meta name=\"twitter:data1\" content=\"4\u00a0Minuten\" \/>\n<script type=\"application\/ld+json\" class=\"yoast-schema-graph\">{\"@context\":\"https:\/\/schema.org\",\"@graph\":[{\"@type\":\"WebPage\",\"@id\":\"https:\/\/vapehosale.com\/product\/fumot-digital-box-12000-puffs\/\",\"url\":\"https:\/\/vapehosale.com\/product\/fumot-digital-box-12000-puffs\/\",\"name\":\"Wholesale RandM Fumot Digital Box 12000 Puffs Vape - Vape Wholesale\",\"isPartOf\":{\"@id\":\"https:\/\/vapehosale.com\/#website\"},\"datePublished\":\"2023-09-21T02:02:20+00:00\",\"dateModified\":\"2025-11-28T09:11:35+00:00\",\"description\":\"Wholesale RandM Fumot Digital Box 12000 Puffs is a rechargeable disposable device that contains 20ml of e-liquid and an 600mah rechargeable battery.\",\"breadcrumb\":{\"@id\":\"https:\/\/vapehosale.com\/product\/fumot-digital-box-12000-puffs\/#breadcrumb\"},\"inLanguage\":\"de\",\"potentialAction\":[{\"@type\":\"ReadAction\",\"target\":[\"https:\/\/vapehosale.com\/product\/fumot-digital-box-12000-puffs\/\"]}]},{\"@type\":\"BreadcrumbList\",\"@id\":\"https:\/\/vapehosale.com\/product\/fumot-digital-box-12000-puffs\/#breadcrumb\",\"itemListElement\":[{\"@type\":\"ListItem\",\"position\":1,\"name\":\"Home\",\"item\":\"https:\/\/vapehosale.com\/\"},{\"@type\":\"ListItem\",\"position\":2,\"name\":\"Best Sell Vapes\",\"item\":\"https:\/\/vapehosale.com\/vape-shop\/\"},{\"@type\":\"ListItem\",\"position\":3,\"name\":\"Wholesale RandM Fumot Digital Box 12000 Puffs Vape\"}]},{\"@type\":\"WebSite\",\"@id\":\"https:\/\/vapehosale.com\/#website\",\"url\":\"https:\/\/vapehosale.com\/\",\"name\":\"Vape Wholesale\",\"description\":\"Buy Vape Wholesale Price Near you\",\"potentialAction\":[{\"@type\":\"SearchAction\",\"target\":{\"@type\":\"EntryPoint\",\"urlTemplate\":\"https:\/\/vapehosale.com\/?s={search_term_string}\"},\"query-input\":\"required name=search_term_string\"}],\"inLanguage\":\"de\"}]}<\/script>\n<!-- \/ Yoast SEO plugin. -->","yoast_head_json":{"title":"Wholesale RandM Fumot Digital Box 12000 Puffs Vape - Vape Wholesale","description":"Wholesale RandM Fumot Digital Box 12000 Puffs is a rechargeable disposable device that contains 20ml of e-liquid and an 600mah rechargeable battery.","robots":{"index":"index","follow":"follow","max-snippet":"max-snippet:-1","max-image-preview":"max-image-preview:large","max-video-preview":"max-video-preview:-1"},"canonical":"https:\/\/vapehosale.com\/de\/product\/fumot-digital-box-12000-puffs\/","og_locale":"de_DE","og_type":"article","og_title":"Wholesale RandM Fumot Digital Box 12000 Puffs Vape - Vape Wholesale","og_description":"Wholesale RandM Fumot Digital Box 12000 Puffs is a rechargeable disposable device that contains 20ml of e-liquid and an 600mah rechargeable battery.","og_url":"https:\/\/vapehosale.com\/de\/product\/fumot-digital-box-12000-puffs\/","og_site_name":"Vape Wholesale","article_modified_time":"2025-11-28T09:11:35+00:00","og_image":[{"width":474,"height":600,"url":"https:\/\/vapehosale.com\/wp-content\/uploads\/2023\/09\/Fumot-Digital-Box-12000-Digital-Box.jpg","type":"image\/jpeg"}],"twitter_card":"summary_large_image","twitter_misc":{"Gesch\u00e4tzte Lesezeit":"4\u00a0Minuten"},"schema":{"@context":"https:\/\/schema.org","@graph":[{"@type":"WebPage","@id":"https:\/\/vapehosale.com\/product\/fumot-digital-box-12000-puffs\/","url":"https:\/\/vapehosale.com\/product\/fumot-digital-box-12000-puffs\/","name":"Wholesale RandM Fumot Digital Box 12000 Puffs Vape - Vape Wholesale","isPartOf":{"@id":"https:\/\/vapehosale.com\/#website"},"datePublished":"2023-09-21T02:02:20+00:00","dateModified":"2025-11-28T09:11:35+00:00","description":"Wholesale RandM Fumot Digital Box 12000 Puffs is a rechargeable disposable device that contains 20ml of e-liquid and an 600mah rechargeable battery.","breadcrumb":{"@id":"https:\/\/vapehosale.com\/product\/fumot-digital-box-12000-puffs\/#breadcrumb"},"inLanguage":"de","potentialAction":[{"@type":"ReadAction","target":["https:\/\/vapehosale.com\/product\/fumot-digital-box-12000-puffs\/"]}]},{"@type":"BreadcrumbList","@id":"https:\/\/vapehosale.com\/product\/fumot-digital-box-12000-puffs\/#breadcrumb","itemListElement":[{"@type":"ListItem","position":1,"name":"Home","item":"https:\/\/vapehosale.com\/"},{"@type":"ListItem","position":2,"name":"Best Sell Vapes","item":"https:\/\/vapehosale.com\/vape-shop\/"},{"@type":"ListItem","position":3,"name":"Wholesale RandM Fumot Digital Box 12000 Puffs Vape"}]},{"@type":"WebSite","@id":"https:\/\/vapehosale.com\/#website","url":"https:\/\/vapehosale.com\/","name":"Vape Wholesale","description":"Buy Vape Wholesale Price Near you","potentialAction":[{"@type":"SearchAction","target":{"@type":"EntryPoint","urlTemplate":"https:\/\/vapehosale.com\/?s={search_term_string}"},"query-input":"required name=search_term_string"}],"inLanguage":"de"}]}},"uagb_featured_image_src":{"full":["https:\/\/vapehosale.com\/wp-content\/uploads\/2023\/09\/Fumot-Digital-Box-12000-Digital-Box.jpg",474,600,false],"thumbnail":["https:\/\/vapehosale.com\/wp-content\/uploads\/2023\/09\/Fumot-Digital-Box-12000-Digital-Box-150x150.jpg",150,150,true],"medium":["https:\/\/vapehosale.com\/wp-content\/uploads\/2023\/09\/Fumot-Digital-Box-12000-Digital-Box-237x300.jpg",237,300,true],"medium_large":["https:\/\/vapehosale.com\/wp-content\/uploads\/2023\/09\/Fumot-Digital-Box-12000-Digital-Box.jpg",474,600,false],"large":["https:\/\/vapehosale.com\/wp-content\/uploads\/2023\/09\/Fumot-Digital-Box-12000-Digital-Box.jpg",474,600,false],"1536x1536":["https:\/\/vapehosale.com\/wp-content\/uploads\/2023\/09\/Fumot-Digital-Box-12000-Digital-Box.jpg",474,600,false],"2048x2048":["https:\/\/vapehosale.com\/wp-content\/uploads\/2023\/09\/Fumot-Digital-Box-12000-Digital-Box.jpg",474,600,false],"trp-custom-language-flag":["https:\/\/vapehosale.com\/wp-content\/uploads\/2023\/09\/Fumot-Digital-Box-12000-Digital-Box.jpg",9,12,false],"woocommerce_thumbnail":["https:\/\/vapehosale.com\/wp-content\/uploads\/2023\/09\/Fumot-Digital-Box-12000-Digital-Box-300x300.jpg",300,300,true],"woocommerce_single":["https:\/\/vapehosale.com\/wp-content\/uploads\/2023\/09\/Fumot-Digital-Box-12000-Digital-Box.jpg",474,600,false],"woocommerce_gallery_thumbnail":["https:\/\/vapehosale.com\/wp-content\/uploads\/2023\/09\/Fumot-Digital-Box-12000-Digital-Box-100x100.jpg",100,100,true],"wcpr-photo-reviews":["https:\/\/vapehosale.com\/wp-content\/uploads\/2023\/09\/Fumot-Digital-Box-12000-Digital-Box.jpg",395,500,false]},"uagb_author_info":{"display_name":"Vicky hosale","author_link":"https:\/\/vapehosale.com\/de\/author\/"},"uagb_comment_info":38,"uagb_excerpt":"RandM Fumot 12000 Puffs is a disposable vape with a battery and oil display, you can easy to know when your need recharge your device though the battery display screen,there is 52\u00a0 flavor available.The website price does not include shipping costs Welcome to add vicky whatsapp for wholesale fumot digital box 12000 puffs, min order&hellip;","_links":{"self":[{"href":"https:\/\/vapehosale.com\/de\/wp-json\/wp\/v2\/product\/1490","targetHints":{"allow":["GET"]}}],"collection":[{"href":"https:\/\/vapehosale.com\/de\/wp-json\/wp\/v2\/product"}],"about":[{"href":"https:\/\/vapehosale.com\/de\/wp-json\/wp\/v2\/types\/product"}],"replies":[{"embeddable":true,"href":"https:\/\/vapehosale.com\/de\/wp-json\/wp\/v2\/comments?post=1490"}],"wp:featuredmedia":[{"embeddable":true,"href":"https:\/\/vapehosale.com\/de\/wp-json\/wp\/v2\/media\/1497"}],"wp:attachment":[{"href":"https:\/\/vapehosale.com\/de\/wp-json\/wp\/v2\/media?parent=1490"}],"wp:term":[{"taxonomy":"product_cat","embeddable":true,"href":"https:\/\/vapehosale.com\/de\/wp-json\/wp\/v2\/product_cat?post=1490"},{"taxonomy":"product_tag","embeddable":true,"href":"https:\/\/vapehosale.com\/de\/wp-json\/wp\/v2\/product_tag?post=1490"}],"curies":[{"name":"wp","href":"https:\/\/api.w.org\/{rel}","templated":true}]}}