{"id":1453,"date":"2023-09-19T10:02:58","date_gmt":"2023-09-19T10:02:58","guid":{"rendered":"https:\/\/vapehosale.com\/?post_type=product&#038;p=1453"},"modified":"2025-08-29T08:33:33","modified_gmt":"2025-08-29T08:33:33","slug":"randm-tornado-7000-puffs-disposable-vape","status":"publish","type":"product","link":"https:\/\/vapehosale.com\/de\/product\/randm-tornado-7000-puffs-disposable-vape\/","title":{"rendered":"Gro\u00dfhandel RandM Tornado 7000 Puffs Einweg-Vape"},"content":{"rendered":"<h1 style=\"text-align: center\">Gro\u00dfhandel RandM Tornado 7000 Z\u00fcge Einweg-Vape?<\/h1>\n<p>RandM Tornado 7000 Z\u00fcge ist eine Einweg-Vape, die die Luftzufuhr einstellen kann, nur erforderlich ist <span style=\"font-size: 16px\">Sanft den unteren Luftstromregler drehen, um die passende Zuggr\u00f6\u00dfe zu erhalten, und Tornado 7000 ist eines der meistverkauften Einweg-Vapes in der Tornado-Serie. <span class=\"___SText_anxqe-ko_\" data-ui-name=\"Link.Text\">randm vapes 7k mit <\/span>einzigartigem Design, Verwendung eines visuellen \u00d6lbechers und RGB-Licht-Trigger, die sich von allen anderen Einweg-Vapes unterscheiden.<\/span><\/p>\n<p><img decoding=\"async\" class=\"alignnone size-full wp-image-3105\" src=\"https:\/\/vapehosale.com\/wp-content\/uploads\/2023\/09\/RandM-Tornado-7000-Puffs-Rechargeable-Disposable-Vape.jpg\" alt=\"RandM Tornado 7000 Z\u00fcge Wiederaufladbare Einweg-Vape\" width=\"1920\" height=\"1100\" srcset=\"https:\/\/vapehosale.com\/wp-content\/uploads\/2023\/09\/RandM-Tornado-7000-Puffs-Rechargeable-Disposable-Vape.jpg 1920w, https:\/\/vapehosale.com\/wp-content\/uploads\/2023\/09\/RandM-Tornado-7000-Puffs-Rechargeable-Disposable-Vape-300x172.jpg 300w, https:\/\/vapehosale.com\/wp-content\/uploads\/2023\/09\/RandM-Tornado-7000-Puffs-Rechargeable-Disposable-Vape-1024x587.jpg 1024w, https:\/\/vapehosale.com\/wp-content\/uploads\/2023\/09\/RandM-Tornado-7000-Puffs-Rechargeable-Disposable-Vape-768x440.jpg 768w, https:\/\/vapehosale.com\/wp-content\/uploads\/2023\/09\/RandM-Tornado-7000-Puffs-Rechargeable-Disposable-Vape-1536x880.jpg 1536w, https:\/\/vapehosale.com\/wp-content\/uploads\/2023\/09\/RandM-Tornado-7000-Puffs-Rechargeable-Disposable-Vape-600x344.jpg 600w\" sizes=\"(max-width: 1920px) 100vw, 1920px\" \/><\/p>\n<p>&nbsp;<\/p>\n<h2>Rick and Morty Vape 7k (RandM) Einweg-Spezifikationen:<\/h2>\n<p>1.850mAh Typ-c wiederaufladbarer Akku<br \/>\n2,14ml vorgef\u00fclltes E-Liquid<br \/>\n3,2% und 5% Nikotin<br \/>\n4. Fast 7000 Z\u00fcge zufriedenstellend<br \/>\n5. Einstellbare Luftzufuhr<br \/>\nRGB-Licht<\/p>\n<h2>RandM Tornado 7000 Geschmacksliste:<\/h2>\n<p>1. COOL MINT<br \/>\n2. LUSH ICE<br \/>\n3. MANDARINEN EIS<br \/>\n4. ERDBEER-DONUT<br \/>\n5. GUMMIB\u00c4RCHEN<br \/>\n6. BLAUBEERE AUF EIS<br \/>\n7. MANGO AUF EIS<br \/>\n8 PFIRSICH EIS<br \/>\n9 BANANEN EIS<br \/>\n10 TRAUBEN EIS<br \/>\n11 ROSA LIMONADE<br \/>\n12 PINA COLADA RUM<br \/>\n13 GEMISCHTE BEEREN<br \/>\n14 BANANEN-MILCHSHAKE<br \/>\n15 ERDBEERE WASSERMELONE<br \/>\n16 ROTER APFEL ZITRONE<br \/>\n17 ANANAS EIS<br \/>\n18 ZUCKERWATTEN<br \/>\n19 ERDBEERE BANANE<br \/>\n20 ERDBEER EIS<br \/>\n21 ERDBEERE KIWI<br \/>\n22. ROTER ENERGY ICE<br \/>\n23. BLAUE HIMBEER-LIMONADE<br \/>\n24. ROTE APFEL-ICE<br \/>\n25. BEEREN-LIMONADE<br \/>\n26. BLAUBEER-BUBBLEGUM<br \/>\n27. BLAUSOUR RASPBERRY<br \/>\n28. DR BLAU<br \/>\n29. APFEL-PEACH-BIRNE<br \/>\n30. BLAUBEER-Granatapfel<br \/>\n31. VIMTO<br \/>\n32. KIWI-PASSIONSFRUCHT-GUAVE<br \/>\n33.COLAEIS<br \/>\n34.SAURE APFEL<br \/>\n35.SCHWARZE JOHANNISBEERE MENTHOL<br \/>\n36.TIGERBLUT<br \/>\n37.PFIRSICH HEIDELBEERE BONBON<br \/>\n38.PFIRSICH MANGO<br \/>\n39.ERDBEERE RED BULL<br \/>\n40.SCHWARZE JOHANNISBEERE EIS<br \/>\n41.ERDBEERE WASSERMELONE ZITRONENLIMONADE<br \/>\n42.KIRSCHE<br \/>\n43.BLAUE HIMBEER KIRSCHE<br \/>\n44. SKITTLES<br \/>\n45.HEIDELBEERE HIMBEERE<br \/>\n46.ERDBEERE TRAUBE<br \/>\n47.HEIDELBEERE KIRSCHE MOOSBEERE<br \/>\n48.APFEL BEEREN EXPLOSION<br \/>\n49.KIRSCHE COLA<br \/>\n50.ZITONE<br \/>\n51.PINK EXPLOSION<br \/>\n52.PAZIFIK K\u00dcHLER<br \/>\n53.WASSEREIS<br \/>\nBINGO-SCHW\u00c4RMEREI<br \/>\n55. VIMTO CRUSH<br \/>\n56. TABAK<\/p>\n<h3>Wie benutzt man den Randm Tornado 7000 Vape?<\/h3>\n<p>Schritt 1: Den versiegelten Beutel aufrei\u00dfen<br \/>\nSchritt 2: Ziehen Sie den Aufkleber ab<br \/>\nLetzter Schritt: Ziehen Sie den Silikonstopfen heraus und lassen Sie ihn 3 Minuten stehen, dann k\u00f6nnen Sie ihn verwenden<\/p>\n<p>Bitte lesen Sie die Gebrauchsanweisung f\u00fcr RandM Tornado 7000 Puffs sorgf\u00e4ltig durch, um Produktprobleme aufgrund unsachgem\u00e4\u00dfer Bedienung zu vermeiden.<\/p>\n<h3>Randm Tornado Vapes 7000 Ladeanleitung:<\/h3>\n<p>Fumot RandM vape 7k kann nicht mit einem Schnellladeger\u00e4t aufgeladen werden, die Standard-Sicherheitsleistung von Einweg-Vapes betr\u00e4gt 5V 1A. Wenn Sie ein Schnellladeger\u00e4t verwenden, wird der Akku direkt besch\u00e4digt.<\/p>\n<p>2. Wenn die Batterie fast leer ist, blinkt am Boden des Kits eine Leuchte. Wenn Sie das Gef\u00fchl haben, dass die Menge des Rauchs nicht gro\u00df ist, liegt das auch daran, dass die Batterieleistung unzureichend ist. Laden Sie es rechtzeitig auf, bevor die Batterie des Fumot Vape Tornados 7000 ersch\u00f6pft ist, sonst kann es zu Sch\u00e4den an der Batterie kommen, was dazu f\u00fchrt, dass die E-Zigarette nicht mehr rauchen kann.<\/p>\n<h3>Fumot Vape Tornado 7000 Puffs Hauptmerkmale und Vorteile<\/h3>\n<ol>\n<li><strong>Mesh Coil Technologie \u2013 Mehr Dampf, besserer Geschmack<\/strong>Die RandM vapes 7000 Puffs verwenden fortschrittliche Mesh-Coil-Technologie, die dichteren Dampf und intensiveren Geschmack liefert. Mesh-Coils erhitzen gleichm\u00e4\u00dfiger als herk\u00f6mmliche Coils und sorgen daf\u00fcr, dass jeder Zug sanft und geschmacksintensiv ist.<\/li>\n<li><strong>Auslaufsicheres Design mit \u00d6lspulen-Trennung<\/strong>Mit seinem innovativen Design zur Trennung von \u00d6l und Coil ist dieses Vape sehr auslaufsicher, und die getrennte Struktur erh\u00f6ht die Stabilit\u00e4t des Ger\u00e4ts, was ein sauberes und konstantes Dampferlebnis gew\u00e4hrleistet.\n\n---\n\nW\u00fcrden Sie gerne weitere Texte aus dem Bereich E-Zigaretten oder \u00e4hnlichen Produktbeschreibungen \u00fcbersetzen lassen?<\/li>\n<li><strong>8-Sekunden-Automatik-Sperre, um verbrannte Spulen zu verhindern<\/strong>Mit seiner integrierten 8-Sekunden-Auto-Lock-Funktion verhindert der RandM Tornado das Durchbrennen der Spule, indem er nach 8 Sekunden kontinuierlichen Inhalierens automatisch stoppt. Diese Funktion verl\u00e4ngert die Lebensdauer des Ger\u00e4ts und gew\u00e4hrleistet eine sichere Nutzung.<\/li>\n<li><strong>Einstellbare Luftstromkontrolle<\/strong>Sie k\u00f6nnen den Luftstrom einfach anpassen, um ihr Dampferlebnis individuell zu gestalten. Egal, ob Sie einen strafferen oder lockereren Zug bevorzugen, diese Funktion erm\u00f6glicht es Ihnen, die Dampfdichte und den Einatemwiderstand f\u00fcr ein personalisiertes Erlebnis zu steuern.<\/li>\n<li><strong>RGB-Leuchten beim Dampfen<\/strong>Jeder Zug aktiviert dynamische RGB-Lichter und sorgt f\u00fcr einen unterhaltsamen und stilvollen visuellen Effekt. Perfekt f\u00fcr Benutzer, die m\u00f6chten, dass ihr Vape mit einem modernen, farbenfrohen Touch auff\u00e4llt.<\/li>\n<\/ol>\n<p>Mit diesen Funktionen ist der Vape <strong>RandM Tornado 7k Puffs wiederaufladbar<\/strong>\u00a0hebt sich als leistungsstarkes Ger\u00e4t hervor, das gro\u00dfartigen Geschmack, anpassbaren Luftstrom, ein auslaufsicheres Design und eine auff\u00e4llige RGB-Beleuchtung bietet. Ideal f\u00fcr Vaper, die Bequemlichkeit, Stil und \u00fcberragende Funktionalit\u00e4t suchen.<\/p>\n<p><strong>Kontaktieren Sie unsere Vertriebsleiterin Vicky via WhatsApp unter +8618077105750, um weitere Rabatte zu erhalten!<\/strong><\/p>\n<p><img decoding=\"async\" class=\"alignnone size-full wp-image-2638\" src=\"https:\/\/vapehosale.com\/wp-content\/uploads\/2023\/09\/885301ea6f5e0b91f5ab2b1c85e665c.png\" alt=\"RandM Fabrik\" width=\"670\" height=\"658\" srcset=\"https:\/\/vapehosale.com\/wp-content\/uploads\/2023\/09\/885301ea6f5e0b91f5ab2b1c85e665c.png 670w, https:\/\/vapehosale.com\/wp-content\/uploads\/2023\/09\/885301ea6f5e0b91f5ab2b1c85e665c-300x295.png 300w, https:\/\/vapehosale.com\/wp-content\/uploads\/2023\/09\/885301ea6f5e0b91f5ab2b1c85e665c-600x589.png 600w\" sizes=\"(max-width: 670px) 100vw, 670px\" \/><\/p>\n<p>Weitere beliebte Vapes, die Sie ben\u00f6tigen k\u00f6nnten<\/p>\n<div class=\"sm-table-layout__cell sm-table-layout__cell_align_left sm-table-layout__cell_fixed-cell_phrase\" role=\"cell\" data-testid=\"table-cell-keyword\">\n<div class=\"sm-cell-phrase\">\n<p><a href=\"https:\/\/vapehosale.com\/de\/product-category\/9000-vape\/\">Gro\u00dfhandel: Einweg-Vape von RandM hier<span class=\"x19la9d6 x1fc57z9 x6ikm8r x10wlt62 x19co3pv x1g5zs5t xfibh0p xiy17q3 x1xsqp64 x1lkfr7t xexx8yu xyri2b x18d9i69 x1c1uobl\"><span class=\"xrtxmta x1bhl96m\">\ud83d\udc48<\/span><\/span><\/a><\/p>\n<div class=\"sm-cell-phrase__addons-container\"><a href=\"https:\/\/vapehosale.com\/de\/product\/randm-fumot-tornado-30k-music-disposable-vape\/\">Fumot Vape RandM Vape <\/a><span class=\"___SText_anxqe-kmt_\" data-ui-name=\"Link.Text\">tornado 30k Musik<br \/>\n<a href=\"https:\/\/vapehosale.com\/de\/product-category\/7000-puffs-disposable-vape\/\">7000 Z\u00fcge Einweg-Vape jetzt im Angebot!<\/a><\/span><\/div>\n<\/div>\n<\/div>\n<p>Kontakt f\u00fcr Produktkatalog:<a href=\"https:\/\/wa.me\/8618077105750\">Jetzt einkaufen<\/a><\/p>","protected":false},"excerpt":{"rendered":"<p>Randm Tornados 7k wiederaufladbare Einweg-Vape, die 14ml E-Liquid enth\u00e4lt und mit einer 850mAh wiederaufladbaren Batterie ausgestattet ist, jede Fumot 7k Vape kann 7000 Z\u00fcge liefern, 40+ Geschmacksrichtungen auf Lager, wartet darauf, von Ihnen heute gew\u00e4hlt zu werden!<span style=\"color: #ff0000\">(Der auf der Website angegebene Preis beinhaltet keine Versandkosten)<\/span><br \/>\n<span style=\"color: #000000\">Kontaktieren Sie Vikcy f\u00fcr weitere Rabatte, RandM Vape Gro\u00dfhandel Mindestbestellmenge nur 50 St\u00fcck!<\/span><\/p>\n<p><img decoding=\"async\" class=\"alignnone size-medium wp-image-2638\" src=\"https:\/\/vapehosale.com\/wp-content\/uploads\/2023\/09\/885301ea6f5e0b91f5ab2b1c85e665c-300x295.png\" alt=\"RandM Fabrik\" width=\"300\" height=\"295\" srcset=\"https:\/\/vapehosale.com\/wp-content\/uploads\/2023\/09\/885301ea6f5e0b91f5ab2b1c85e665c-300x295.png 300w, https:\/\/vapehosale.com\/wp-content\/uploads\/2023\/09\/885301ea6f5e0b91f5ab2b1c85e665c-600x589.png 600w, https:\/\/vapehosale.com\/wp-content\/uploads\/2023\/09\/885301ea6f5e0b91f5ab2b1c85e665c.png 670w\" sizes=\"(max-width: 300px) 100vw, 300px\" \/><\/p>\n<p><span style=\"color: #ff0000\">HINWEIS: Der Website-Preis beinhaltet keine Versandkosten. Bitte geben Sie Ihre Postleitzahl an, um die Versandkosten zu pr\u00fcfen.<\/span><\/p>","protected":false},"featured_media":3104,"comment_status":"closed","ping_status":"closed","template":"","meta":{"_uag_custom_page_level_css":"","_lmt_disableupdate":"no","_lmt_disable":"","site-sidebar-layout":"default","site-content-layout":"","ast-site-content-layout":"default","site-content-style":"default","site-sidebar-style":"default","ast-global-header-display":"","ast-banner-title-visibility":"","ast-main-header-display":"","ast-hfb-above-header-display":"","ast-hfb-below-header-display":"","ast-hfb-mobile-header-display":"","site-post-title":"","ast-breadcrumbs-content":"","ast-featured-img":"","footer-sml-layout":"","theme-transparent-header-meta":"default","adv-header-id-meta":"","stick-header-meta":"","header-above-stick-meta":"","header-main-stick-meta":"","header-below-stick-meta":"","astra-migrate-meta-layouts":"set","_joinchat":[]},"product_cat":[41,55,89,91,15],"product_tag":[32,114,31,33],"class_list":["post-1453","product","type-product","status-publish","has-post-thumbnail","hentry","product_cat-europe-hot-sale-vape","product_cat-minimum-order-quantity-50pcs","product_cat-randm-fumot-vape","product_cat-7000-puffs-disposable-vape","product_cat-vape-shop-wholesale","product_tag-7000-puffs-disposable-vape","product_tag-fumot-vape","product_tag-randm-tornado-vape","product_tag-rgb-light-disposable-vape","desktop-align-left","tablet-align-left","mobile-align-left"],"yoast_head":"<!-- This site is optimized with the Yoast SEO plugin v21.1 - https:\/\/yoast.com\/wordpress\/plugins\/seo\/ -->\n<title>Wholesale RandM Tornado 7000 Puffs Disposable Vape - Vape Wholesale<\/title>\n<meta name=\"description\" content=\"RandM Tornado 7000 Puffs Rechargeable Vape with mesh coil, leak-proof design, RGB lights, and adjustable airflow for the ultimate vaping experience\" \/>\n<meta name=\"robots\" content=\"index, follow, max-snippet:-1, max-image-preview:large, max-video-preview:-1\" \/>\n<link rel=\"canonical\" href=\"https:\/\/vapehosale.com\/de\/product\/randm-tornado-7000-puffs-disposable-vape\/\" \/>\n<meta property=\"og:locale\" content=\"de_DE\" \/>\n<meta property=\"og:type\" content=\"article\" \/>\n<meta property=\"og:title\" content=\"Wholesale RandM Tornado 7000 Puffs Disposable Vape - Vape Wholesale\" \/>\n<meta property=\"og:description\" content=\"RandM Tornado 7000 Puffs Rechargeable Vape with mesh coil, leak-proof design, RGB lights, and adjustable airflow for the ultimate vaping experience\" \/>\n<meta property=\"og:url\" content=\"https:\/\/vapehosale.com\/de\/product\/randm-tornado-7000-puffs-disposable-vape\/\" \/>\n<meta property=\"og:site_name\" content=\"Vape Wholesale\" \/>\n<meta property=\"article:modified_time\" content=\"2025-08-29T08:33:33+00:00\" \/>\n<meta property=\"og:image\" content=\"https:\/\/vapehosale.com\/wp-content\/uploads\/2023\/09\/RandM-Factory-Direct-7000-Puffs-RGB-Vape.jpg\" \/>\n\t<meta property=\"og:image:width\" content=\"1440\" \/>\n\t<meta property=\"og:image:height\" content=\"1800\" \/>\n\t<meta property=\"og:image:type\" content=\"image\/jpeg\" \/>\n<meta name=\"twitter:card\" content=\"summary_large_image\" \/>\n<meta name=\"twitter:label1\" content=\"Gesch\u00e4tzte Lesezeit\" \/>\n\t<meta name=\"twitter:data1\" content=\"4\u00a0Minuten\" \/>\n<script type=\"application\/ld+json\" class=\"yoast-schema-graph\">{\"@context\":\"https:\/\/schema.org\",\"@graph\":[{\"@type\":\"WebPage\",\"@id\":\"https:\/\/vapehosale.com\/product\/randm-tornado-7000-puffs-disposable-vape\/\",\"url\":\"https:\/\/vapehosale.com\/product\/randm-tornado-7000-puffs-disposable-vape\/\",\"name\":\"Wholesale RandM Tornado 7000 Puffs Disposable Vape - Vape Wholesale\",\"isPartOf\":{\"@id\":\"https:\/\/vapehosale.com\/#website\"},\"datePublished\":\"2023-09-19T10:02:58+00:00\",\"dateModified\":\"2025-08-29T08:33:33+00:00\",\"description\":\"RandM Tornado 7000 Puffs Rechargeable Vape with mesh coil, leak-proof design, RGB lights, and adjustable airflow for the ultimate vaping experience\",\"breadcrumb\":{\"@id\":\"https:\/\/vapehosale.com\/product\/randm-tornado-7000-puffs-disposable-vape\/#breadcrumb\"},\"inLanguage\":\"de\",\"potentialAction\":[{\"@type\":\"ReadAction\",\"target\":[\"https:\/\/vapehosale.com\/product\/randm-tornado-7000-puffs-disposable-vape\/\"]}]},{\"@type\":\"BreadcrumbList\",\"@id\":\"https:\/\/vapehosale.com\/product\/randm-tornado-7000-puffs-disposable-vape\/#breadcrumb\",\"itemListElement\":[{\"@type\":\"ListItem\",\"position\":1,\"name\":\"Home\",\"item\":\"https:\/\/vapehosale.com\/\"},{\"@type\":\"ListItem\",\"position\":2,\"name\":\"Best Sell Vapes\",\"item\":\"https:\/\/vapehosale.com\/vape-shop\/\"},{\"@type\":\"ListItem\",\"position\":3,\"name\":\"Wholesale RandM Tornado 7000 Puffs Disposable Vape\"}]},{\"@type\":\"WebSite\",\"@id\":\"https:\/\/vapehosale.com\/#website\",\"url\":\"https:\/\/vapehosale.com\/\",\"name\":\"Vape Wholesale\",\"description\":\"Buy Vape Wholesale Price Near you\",\"potentialAction\":[{\"@type\":\"SearchAction\",\"target\":{\"@type\":\"EntryPoint\",\"urlTemplate\":\"https:\/\/vapehosale.com\/?s={search_term_string}\"},\"query-input\":\"required name=search_term_string\"}],\"inLanguage\":\"de\"}]}<\/script>\n<!-- \/ Yoast SEO plugin. -->","yoast_head_json":{"title":"Wholesale RandM Tornado 7000 Puffs Disposable Vape - Vape Wholesale","description":"RandM Tornado 7000 Puffs Rechargeable Vape with mesh coil, leak-proof design, RGB lights, and adjustable airflow for the ultimate vaping experience","robots":{"index":"index","follow":"follow","max-snippet":"max-snippet:-1","max-image-preview":"max-image-preview:large","max-video-preview":"max-video-preview:-1"},"canonical":"https:\/\/vapehosale.com\/de\/product\/randm-tornado-7000-puffs-disposable-vape\/","og_locale":"de_DE","og_type":"article","og_title":"Wholesale RandM Tornado 7000 Puffs Disposable Vape - Vape Wholesale","og_description":"RandM Tornado 7000 Puffs Rechargeable Vape with mesh coil, leak-proof design, RGB lights, and adjustable airflow for the ultimate vaping experience","og_url":"https:\/\/vapehosale.com\/de\/product\/randm-tornado-7000-puffs-disposable-vape\/","og_site_name":"Vape Wholesale","article_modified_time":"2025-08-29T08:33:33+00:00","og_image":[{"width":1440,"height":1800,"url":"https:\/\/vapehosale.com\/wp-content\/uploads\/2023\/09\/RandM-Factory-Direct-7000-Puffs-RGB-Vape.jpg","type":"image\/jpeg"}],"twitter_card":"summary_large_image","twitter_misc":{"Gesch\u00e4tzte Lesezeit":"4\u00a0Minuten"},"schema":{"@context":"https:\/\/schema.org","@graph":[{"@type":"WebPage","@id":"https:\/\/vapehosale.com\/product\/randm-tornado-7000-puffs-disposable-vape\/","url":"https:\/\/vapehosale.com\/product\/randm-tornado-7000-puffs-disposable-vape\/","name":"Wholesale RandM Tornado 7000 Puffs Disposable Vape - Vape Wholesale","isPartOf":{"@id":"https:\/\/vapehosale.com\/#website"},"datePublished":"2023-09-19T10:02:58+00:00","dateModified":"2025-08-29T08:33:33+00:00","description":"RandM Tornado 7000 Puffs Rechargeable Vape with mesh coil, leak-proof design, RGB lights, and adjustable airflow for the ultimate vaping experience","breadcrumb":{"@id":"https:\/\/vapehosale.com\/product\/randm-tornado-7000-puffs-disposable-vape\/#breadcrumb"},"inLanguage":"de","potentialAction":[{"@type":"ReadAction","target":["https:\/\/vapehosale.com\/product\/randm-tornado-7000-puffs-disposable-vape\/"]}]},{"@type":"BreadcrumbList","@id":"https:\/\/vapehosale.com\/product\/randm-tornado-7000-puffs-disposable-vape\/#breadcrumb","itemListElement":[{"@type":"ListItem","position":1,"name":"Home","item":"https:\/\/vapehosale.com\/"},{"@type":"ListItem","position":2,"name":"Best Sell Vapes","item":"https:\/\/vapehosale.com\/vape-shop\/"},{"@type":"ListItem","position":3,"name":"Wholesale RandM Tornado 7000 Puffs Disposable Vape"}]},{"@type":"WebSite","@id":"https:\/\/vapehosale.com\/#website","url":"https:\/\/vapehosale.com\/","name":"Vape Wholesale","description":"Buy Vape Wholesale Price Near you","potentialAction":[{"@type":"SearchAction","target":{"@type":"EntryPoint","urlTemplate":"https:\/\/vapehosale.com\/?s={search_term_string}"},"query-input":"required name=search_term_string"}],"inLanguage":"de"}]}},"uagb_featured_image_src":{"full":["https:\/\/vapehosale.com\/wp-content\/uploads\/2023\/09\/RandM-Factory-Direct-7000-Puffs-RGB-Vape.jpg",1440,1800,false],"thumbnail":["https:\/\/vapehosale.com\/wp-content\/uploads\/2023\/09\/RandM-Factory-Direct-7000-Puffs-RGB-Vape-150x150.jpg",150,150,true],"medium":["https:\/\/vapehosale.com\/wp-content\/uploads\/2023\/09\/RandM-Factory-Direct-7000-Puffs-RGB-Vape-240x300.jpg",240,300,true],"medium_large":["https:\/\/vapehosale.com\/wp-content\/uploads\/2023\/09\/RandM-Factory-Direct-7000-Puffs-RGB-Vape-768x960.jpg",768,960,true],"large":["https:\/\/vapehosale.com\/wp-content\/uploads\/2023\/09\/RandM-Factory-Direct-7000-Puffs-RGB-Vape-819x1024.jpg",819,1024,true],"1536x1536":["https:\/\/vapehosale.com\/wp-content\/uploads\/2023\/09\/RandM-Factory-Direct-7000-Puffs-RGB-Vape-1229x1536.jpg",1229,1536,true],"2048x2048":["https:\/\/vapehosale.com\/wp-content\/uploads\/2023\/09\/RandM-Factory-Direct-7000-Puffs-RGB-Vape.jpg",1440,1800,false],"trp-custom-language-flag":["https:\/\/vapehosale.com\/wp-content\/uploads\/2023\/09\/RandM-Factory-Direct-7000-Puffs-RGB-Vape.jpg",10,12,false],"woocommerce_thumbnail":["https:\/\/vapehosale.com\/wp-content\/uploads\/2023\/09\/RandM-Factory-Direct-7000-Puffs-RGB-Vape-300x300.jpg",300,300,true],"woocommerce_single":["https:\/\/vapehosale.com\/wp-content\/uploads\/2023\/09\/RandM-Factory-Direct-7000-Puffs-RGB-Vape-600x750.jpg",600,750,true],"woocommerce_gallery_thumbnail":["https:\/\/vapehosale.com\/wp-content\/uploads\/2023\/09\/RandM-Factory-Direct-7000-Puffs-RGB-Vape-100x100.jpg",100,100,true],"wcpr-photo-reviews":["https:\/\/vapehosale.com\/wp-content\/uploads\/2023\/09\/RandM-Factory-Direct-7000-Puffs-RGB-Vape.jpg",400,500,false]},"uagb_author_info":{"display_name":"Vicky hosale","author_link":"https:\/\/vapehosale.com\/de\/author\/"},"uagb_comment_info":8,"uagb_excerpt":"Randm tornados 7k rechargeable disposable vape that contains 14ml of e-liquid and an 850mah rechargeable battery,\u00a0 each fumot 7k vapes can provide 7000 puffs, 40+ flavor instock, waittinig for you to choose today!(website price not include shipping cost) Contact vikcy for more disscount,RandM vape wholesale min order only need 50pcs! NOTE: The website price does&hellip;","_links":{"self":[{"href":"https:\/\/vapehosale.com\/de\/wp-json\/wp\/v2\/product\/1453","targetHints":{"allow":["GET"]}}],"collection":[{"href":"https:\/\/vapehosale.com\/de\/wp-json\/wp\/v2\/product"}],"about":[{"href":"https:\/\/vapehosale.com\/de\/wp-json\/wp\/v2\/types\/product"}],"replies":[{"embeddable":true,"href":"https:\/\/vapehosale.com\/de\/wp-json\/wp\/v2\/comments?post=1453"}],"wp:featuredmedia":[{"embeddable":true,"href":"https:\/\/vapehosale.com\/de\/wp-json\/wp\/v2\/media\/3104"}],"wp:attachment":[{"href":"https:\/\/vapehosale.com\/de\/wp-json\/wp\/v2\/media?parent=1453"}],"wp:term":[{"taxonomy":"product_cat","embeddable":true,"href":"https:\/\/vapehosale.com\/de\/wp-json\/wp\/v2\/product_cat?post=1453"},{"taxonomy":"product_tag","embeddable":true,"href":"https:\/\/vapehosale.com\/de\/wp-json\/wp\/v2\/product_tag?post=1453"}],"curies":[{"name":"wp","href":"https:\/\/api.w.org\/{rel}","templated":true}]}}