{"id":6457,"date":"2026-03-18T09:42:24","date_gmt":"2026-03-18T09:42:24","guid":{"rendered":"https:\/\/vapehosale.com\/?post_type=product&#038;p=6457"},"modified":"2026-03-18T09:57:00","modified_gmt":"2026-03-18T09:57:00","slug":"okso-digital-box-12000-puffs-disposable-vape","status":"publish","type":"product","link":"https:\/\/vapehosale.com\/da\/product\/okso-digital-box-12000-puffs-disposable-vape\/","title":{"rendered":"Engros OKSO Digital Box 12000 Puffs Engangs Vape"},"content":{"rendered":"<h2>Digital Box 12k Puffs OKSO Beskrivelse:<\/h2>\n<p>Okso digital box 12000 puffs er designet til detailhandlere med h\u00f8j oms\u00e6tning: hver enhed leverer 12.000 puffs fra en 25ml tank og drives af et 13350 (500mah) genopladeligt batteri med type-c opladning. En 0,8\u03a9 mesh coil sikrer j\u00e6vn opvarmning for ensartet smag, mens den indbyggede digitale sk\u00e6rm viser puff-antal og batteriniveau. Tilg\u00e6ngelig i 2% og 5% nikotin, dens kompakte box-design forenkler hyldeplads og forbedrer oms\u00e6tningen. En forseglingsbeskyttelse hj\u00e6lper med at beskytte e-v\u00e6sken under transport, hvilket g\u00f8r den p\u00e5lidelig for engrosforhandlere i EU.<br \/>\n<img decoding=\"async\" class=\"alignnone size-full wp-image-6444\" src=\"https:\/\/vapehosale.com\/wp-content\/uploads\/2026\/03\/OKSO-Digital-Box-12k-Puffs-Disposable-Vape.webp\" alt=\"OKSO Digital Box 12k Puffs Engangs Vape\" width=\"1000\" height=\"416\" srcset=\"https:\/\/vapehosale.com\/wp-content\/uploads\/2026\/03\/OKSO-Digital-Box-12k-Puffs-Disposable-Vape.webp 1000w, https:\/\/vapehosale.com\/wp-content\/uploads\/2026\/03\/OKSO-Digital-Box-12k-Puffs-Disposable-Vape-300x125.webp 300w, https:\/\/vapehosale.com\/wp-content\/uploads\/2026\/03\/OKSO-Digital-Box-12k-Puffs-Disposable-Vape-768x319.webp 768w, https:\/\/vapehosale.com\/wp-content\/uploads\/2026\/03\/OKSO-Digital-Box-12k-Puffs-Disposable-Vape-18x7.webp 18w, https:\/\/vapehosale.com\/wp-content\/uploads\/2026\/03\/OKSO-Digital-Box-12k-Puffs-Disposable-Vape-600x250.webp 600w\" sizes=\"(max-width: 1000px) 100vw, 1000px\" \/> <img decoding=\"async\" class=\"alignnone size-full wp-image-6455\" src=\"https:\/\/vapehosale.com\/wp-content\/uploads\/2026\/03\/OKSO-Digital-Box-12k-Puffs-Disposable-Vape-Top-Sale.webp\" alt=\"OKSO Digital Box 12k Puffs Engangs Vape Top Salg\" width=\"1000\" height=\"228\" srcset=\"https:\/\/vapehosale.com\/wp-content\/uploads\/2026\/03\/OKSO-Digital-Box-12k-Puffs-Disposable-Vape-Top-Sale.webp 1000w, https:\/\/vapehosale.com\/wp-content\/uploads\/2026\/03\/OKSO-Digital-Box-12k-Puffs-Disposable-Vape-Top-Sale-300x68.webp 300w, https:\/\/vapehosale.com\/wp-content\/uploads\/2026\/03\/OKSO-Digital-Box-12k-Puffs-Disposable-Vape-Top-Sale-768x175.webp 768w, https:\/\/vapehosale.com\/wp-content\/uploads\/2026\/03\/OKSO-Digital-Box-12k-Puffs-Disposable-Vape-Top-Sale-18x4.webp 18w, https:\/\/vapehosale.com\/wp-content\/uploads\/2026\/03\/OKSO-Digital-Box-12k-Puffs-Disposable-Vape-Top-Sale-600x137.webp 600w\" sizes=\"(max-width: 1000px) 100vw, 1000px\" \/><\/p>\n<h2 data-start=\"1511\" data-end=\"1526\">OKSO Digital Box 12000 Puffs N\u00f8glefunktioner:<\/h2>\n<p>1. Puffs: 12000 puffs<br \/>\n2. Kerne: Mesh coil 0,8ohm<br \/>\n3. E-v\u00e6ske: 25ml<br \/>\n4. Nikotin: 2%\/5%<br \/>\n5. Batteri: 13350-500mah<br \/>\n6. Genopladelig: Type-C<br \/>\n7. Digital sk\u00e6rm<br \/>\n8. M\u00e6rke: OKSO<\/p>\n<h2 data-start=\"1511\" data-end=\"1526\">OKSO Digital Box 12000 Puffs Smagsliste<\/h2>\n<p class=\"\" data-start=\"37\" data-end=\"69\">1. Jordb\u00e6r Is<br \/>\n2. Jordb\u00e6r Eksplosion<br \/>\n3. Jordb\u00e6r Vandmelon<br \/>\n4. Blandet Frugt<br \/>\n5. Bl\u00e5 Razz Is<br \/>\n6. Bl\u00e5b\u00e6r Sur Hindb\u00e6r<br \/>\n7. Kiwi Passionfrugt<br \/>\n8.Dobbelt \u00c6ble<br \/>\n9.Vandmelon-is<br \/>\n10.Vandmelon Boblegum<br \/>\n11.Kokosmelon<br \/>\n12.Cherry Cola<br \/>\n13.Peber Ice<br \/>\n14.Jordb\u00e6r Banan<br \/>\n15.Mr Blue<br \/>\n16.Blackberry is<br \/>\n17.Mango Ice<br \/>\n18.Drue Ice<br \/>\n19.Peber B\u00e6r<br \/>\n20. Jordb\u00e6r Kiwi Frugt<\/p>\n<h3>Engroskontakt<\/h3>\n<h3>\u2705Hvor kan man engros OKSO Engangsvape? OKSO Engangsvape grossist Whatsapp:<a href=\"https:\/\/wa.me\/8618077105750\">+8618077105750\u00a0<\/a><\/h3>\n<p>\u2705 Engrosforhandlere og forhandlere er velkomne til at tilpasse ordrer<br \/>\n\u2705Leverer produkter af h\u00f8jeste kvalitet og de mest professionelle tjenester.<\/p>\n<p><img decoding=\"async\" class=\"alignnone size-full wp-image-2638\" src=\"https:\/\/vapehosale.com\/wp-content\/uploads\/2023\/09\/885301ea6f5e0b91f5ab2b1c85e665c.png\" alt=\"RandM Fabrik\" width=\"670\" height=\"658\" srcset=\"https:\/\/vapehosale.com\/wp-content\/uploads\/2023\/09\/885301ea6f5e0b91f5ab2b1c85e665c.png 670w, https:\/\/vapehosale.com\/wp-content\/uploads\/2023\/09\/885301ea6f5e0b91f5ab2b1c85e665c-300x295.png 300w, https:\/\/vapehosale.com\/wp-content\/uploads\/2023\/09\/885301ea6f5e0b91f5ab2b1c85e665c-600x589.png 600w\" sizes=\"(max-width: 670px) 100vw, 670px\" \/><\/p>\n<h4 data-start=\"2071\" data-end=\"2079\">FAQ Om Okso engangs Vape digital box 12k puffs<\/h4>\n<ol>\n<li data-start=\"603\" data-end=\"721\">hvor mange puffs og hvor meget e-v\u00e6ske indeholder okso digital box 12k vapes? \ud83d\udd22<br data-start=\"654\" data-end=\"657\" \/>hver okso digital box 12k vapes indeholder <strong data-start=\"679\" data-end=\"695\">12.000 sug<\/strong> og <strong data-start=\"700\" data-end=\"708\">25ml<\/strong> af e-juice.<\/li>\n<li data-start=\"726\" data-end=\"824\">hvilke nikotinstyrker er okso vape digital 12000 puffs tilg\u00e6ngelige? \ud83d\udd1e<br data-start=\"767\" data-end=\"770\" \/>tilg\u00e6ngelig i <strong data-start=\"786\" data-end=\"802\">2% (20mg\/ml)<\/strong> og <strong data-start=\"807\" data-end=\"823\">5% (50mg\/ml)<\/strong>.<\/li>\n<li data-start=\"829\" data-end=\"976\">er batteriet genopladeligt, og hvordan oplades Okso vape digital box 12000 puffs? \ud83d\udd0b<br data-start=\"882\" data-end=\"885\" \/>ja \u2014 en <strong data-start=\"896\" data-end=\"914\">13350 (500mah)<\/strong> genopladeligt batteri med <strong data-start=\"938\" data-end=\"948\">Type-C<\/strong> opladning til hurtige p\u00e5fyldninger.<\/li>\n<li data-start=\"981\" data-end=\"1113\">hvad viser Okso vape digital box 12k digitalt display? \ud83d\udcca<br data-start=\"1019\" data-end=\"1022\" \/>det fulde display viser <strong data-start=\"1048\" data-end=\"1077\">puff-t\u00e6lling, batteriniveau<\/strong>, og hj\u00e6lper forhandlere med at overv\u00e5ge brugen.<\/li>\n<li data-start=\"1118\" data-end=\"1281\">hvilket coil- og dampkvalitet kan kunder forvente? \ud83c\udf2c\ufe0f<br data-start=\"1171\" data-end=\"1174\" \/>okso engangs vape digital box 12k puffs dual mesh <strong data-start=\"1187\" data-end=\"1195\">0,8\u03a9<\/strong> coil-design sikrer stabil opvarmning, ensartet smag og p\u00e5lidelig dampproduktion.<\/li>\n<\/ol>\n<h3><strong>Pakkens indhold:<\/strong><\/h3>\n<p>1 x <strong>\u00a0OKSO Engangs vape digital box 12000 puffs<\/strong><\/p>\n<p>Kontakt for produktkatalog:<a href=\"https:\/\/wa.me\/8618077105750\">k\u00f8b nu tjek alle engrospriserne<\/a><br \/>\nAndre bedst s\u00e6lgende vape du m\u00e5ske har brug for<\/p>\n<p><a href=\"https:\/\/vapehosale.com\/da\/product-category\/okso-vape\/\">OKSO engangs vape engrospris\ud83d\udc48\ud83c\udffb<\/a><\/p>\n<p><a href=\"https:\/\/vapehosale.com\/da\/product-category\/disposable-vape-in-european-warehouse\/\">F\u00e5 Eu Lager engangsvape katalog Her\ud83d\udc48\ud83c\udffb<\/a><\/p>\n<h4>Forsendelsesdetaljer:<br \/>\nvi er fabrik fra Kina, underst\u00f8tter ikke efterkrav.<\/h4>\n<h4>Betalingsdetaljer:<\/h4>\n<p>Vi underst\u00f8tter betaling via bankoverf\u00f8rsel eller western union, vi er vape-fabrik fra Kina, <span style=\"color: #ff0000\">underst\u00f8tter ikke efterkrav.<\/span><\/p>\n<p>Alle produkter i vores butik er 100% originale og autentiske, s\u00e5 ti gange kompensation for falske varer er vores butikspolitik.<\/p>\n<h5><span style=\"color: #ff0000\">Min. ordre 100 stk<\/span><\/h5>","protected":false},"excerpt":{"rendered":"<p data-start=\"2414\" data-end=\"2672\">okso digital box 12000 puffs leverer 12.000 puffs fra en 25ml tank med et 13350 500mah genopladeligt batteri, type-c opladning, 0,8\u03a9 mesh coil og en digital sk\u00e6rm\u2014tilg\u00e6ngelig i 2%\/5% nikotin, ideel til engros- og detailmarked i EU<span style=\"color: #ff0000\">.(webstedspris inkluderer ikke forsendelsesomkostninger)<\/span><\/p>\n<p><span style=\"color: #ff0000\">kontakt mig for min. ordre kun 50 stk! ikke salg under 50 stk, <\/span>Kun engros!<\/p>\n<p><img decoding=\"async\" class=\"alignnone size-medium wp-image-2638\" src=\"https:\/\/vapehosale.com\/wp-content\/uploads\/2023\/09\/885301ea6f5e0b91f5ab2b1c85e665c-300x295.png\" alt=\"RandM Fabrik\" width=\"300\" height=\"295\" srcset=\"https:\/\/vapehosale.com\/wp-content\/uploads\/2023\/09\/885301ea6f5e0b91f5ab2b1c85e665c-300x295.png 300w, https:\/\/vapehosale.com\/wp-content\/uploads\/2023\/09\/885301ea6f5e0b91f5ab2b1c85e665c-600x589.png 600w, https:\/\/vapehosale.com\/wp-content\/uploads\/2023\/09\/885301ea6f5e0b91f5ab2b1c85e665c.png 670w\" sizes=\"(max-width: 300px) 100vw, 300px\" \/><\/p>\n<p>&nbsp;<\/p>","protected":false},"featured_media":6451,"comment_status":"open","ping_status":"closed","template":"","meta":{"_uag_custom_page_level_css":"","_lmt_disableupdate":"no","_lmt_disable":"","site-sidebar-layout":"default","site-content-layout":"","ast-site-content-layout":"default","site-content-style":"default","site-sidebar-style":"default","ast-global-header-display":"","ast-banner-title-visibility":"","ast-main-header-display":"","ast-hfb-above-header-display":"","ast-hfb-below-header-display":"","ast-hfb-mobile-header-display":"","site-post-title":"","ast-breadcrumbs-content":"","ast-featured-img":"","footer-sml-layout":"","theme-transparent-header-meta":"default","adv-header-id-meta":"","stick-header-meta":"","header-above-stick-meta":"","header-main-stick-meta":"","header-below-stick-meta":"","astra-migrate-meta-layouts":"set","_joinchat":[]},"product_cat":[83,41,55,154,15],"product_tag":[35],"class_list":["post-6457","product","type-product","status-publish","has-post-thumbnail","hentry","product_cat-12000-puffs-disposable-vape","product_cat-europe-hot-sale-vape","product_cat-minimum-order-quantity-50pcs","product_cat-okso-vape","product_cat-vape-shop-wholesale","product_tag-rechargeable-disposable-device","desktop-align-left","tablet-align-left","mobile-align-left"],"yoast_head":"<!-- This site is optimized with the Yoast SEO plugin v21.1 - https:\/\/yoast.com\/wordpress\/plugins\/seo\/ -->\n<title>Wholesale OKSO Digital Box 12000 Puffs Disposable Vape - Vape Wholesale<\/title>\n<meta name=\"description\" content=\"Wholesale okso digital box 12k puffs \u2014 12,000 puffs, 25ml, 500mah rechargeable, 0.8\u03a9 mesh, type-c, 28 flavor instock today!\" \/>\n<meta name=\"robots\" content=\"index, follow, max-snippet:-1, max-image-preview:large, max-video-preview:-1\" \/>\n<link rel=\"canonical\" href=\"https:\/\/vapehosale.com\/da\/product\/okso-digital-box-12000-puffs-disposable-vape\/\" \/>\n<meta property=\"og:locale\" content=\"da_DK\" \/>\n<meta property=\"og:type\" content=\"article\" \/>\n<meta property=\"og:title\" content=\"Wholesale OKSO Digital Box 12000 Puffs Disposable Vape - Vape Wholesale\" \/>\n<meta property=\"og:description\" content=\"Wholesale okso digital box 12k puffs \u2014 12,000 puffs, 25ml, 500mah rechargeable, 0.8\u03a9 mesh, type-c, 28 flavor instock today!\" \/>\n<meta property=\"og:url\" content=\"https:\/\/vapehosale.com\/da\/product\/okso-digital-box-12000-puffs-disposable-vape\/\" \/>\n<meta property=\"og:site_name\" content=\"Vape Wholesale\" \/>\n<meta property=\"article:modified_time\" content=\"2026-03-18T09:57:00+00:00\" \/>\n<meta property=\"og:image\" content=\"https:\/\/vapehosale.com\/wp-content\/uploads\/2026\/03\/Original-Digital-Box-12k-Puffs-Disposable-Vape-OKSO.webp\" \/>\n\t<meta property=\"og:image:width\" content=\"1000\" \/>\n\t<meta property=\"og:image:height\" content=\"1000\" \/>\n\t<meta property=\"og:image:type\" content=\"image\/webp\" \/>\n<meta name=\"twitter:card\" content=\"summary_large_image\" \/>\n<meta name=\"twitter:label1\" content=\"Estimeret l\u00e6setid\" \/>\n\t<meta name=\"twitter:data1\" content=\"3 minutter\" \/>\n<script type=\"application\/ld+json\" class=\"yoast-schema-graph\">{\"@context\":\"https:\/\/schema.org\",\"@graph\":[{\"@type\":\"WebPage\",\"@id\":\"https:\/\/vapehosale.com\/product\/okso-digital-box-12000-puffs-disposable-vape\/\",\"url\":\"https:\/\/vapehosale.com\/product\/okso-digital-box-12000-puffs-disposable-vape\/\",\"name\":\"Wholesale OKSO Digital Box 12000 Puffs Disposable Vape - Vape Wholesale\",\"isPartOf\":{\"@id\":\"https:\/\/vapehosale.com\/#website\"},\"datePublished\":\"2026-03-18T09:42:24+00:00\",\"dateModified\":\"2026-03-18T09:57:00+00:00\",\"description\":\"Wholesale okso digital box 12k puffs \u2014 12,000 puffs, 25ml, 500mah rechargeable, 0.8\u03a9 mesh, type-c, 28 flavor instock today!\",\"breadcrumb\":{\"@id\":\"https:\/\/vapehosale.com\/product\/okso-digital-box-12000-puffs-disposable-vape\/#breadcrumb\"},\"inLanguage\":\"da-DK\",\"potentialAction\":[{\"@type\":\"ReadAction\",\"target\":[\"https:\/\/vapehosale.com\/product\/okso-digital-box-12000-puffs-disposable-vape\/\"]}]},{\"@type\":\"BreadcrumbList\",\"@id\":\"https:\/\/vapehosale.com\/product\/okso-digital-box-12000-puffs-disposable-vape\/#breadcrumb\",\"itemListElement\":[{\"@type\":\"ListItem\",\"position\":1,\"name\":\"Home\",\"item\":\"https:\/\/vapehosale.com\/\"},{\"@type\":\"ListItem\",\"position\":2,\"name\":\"Best Sell Vapes\",\"item\":\"https:\/\/vapehosale.com\/vape-shop\/\"},{\"@type\":\"ListItem\",\"position\":3,\"name\":\"Wholesale OKSO Digital Box 12000 Puffs Disposable Vape\"}]},{\"@type\":\"WebSite\",\"@id\":\"https:\/\/vapehosale.com\/#website\",\"url\":\"https:\/\/vapehosale.com\/\",\"name\":\"Vape Wholesale\",\"description\":\"Buy Vape Wholesale Price Near you\",\"potentialAction\":[{\"@type\":\"SearchAction\",\"target\":{\"@type\":\"EntryPoint\",\"urlTemplate\":\"https:\/\/vapehosale.com\/?s={search_term_string}\"},\"query-input\":\"required name=search_term_string\"}],\"inLanguage\":\"da-DK\"}]}<\/script>\n<!-- \/ Yoast SEO plugin. -->","yoast_head_json":{"title":"Wholesale OKSO Digital Box 12000 Puffs Disposable Vape - Vape Wholesale","description":"Wholesale okso digital box 12k puffs \u2014 12,000 puffs, 25ml, 500mah rechargeable, 0.8\u03a9 mesh, type-c, 28 flavor instock today!","robots":{"index":"index","follow":"follow","max-snippet":"max-snippet:-1","max-image-preview":"max-image-preview:large","max-video-preview":"max-video-preview:-1"},"canonical":"https:\/\/vapehosale.com\/da\/product\/okso-digital-box-12000-puffs-disposable-vape\/","og_locale":"da_DK","og_type":"article","og_title":"Wholesale OKSO Digital Box 12000 Puffs Disposable Vape - Vape Wholesale","og_description":"Wholesale okso digital box 12k puffs \u2014 12,000 puffs, 25ml, 500mah rechargeable, 0.8\u03a9 mesh, type-c, 28 flavor instock today!","og_url":"https:\/\/vapehosale.com\/da\/product\/okso-digital-box-12000-puffs-disposable-vape\/","og_site_name":"Vape Wholesale","article_modified_time":"2026-03-18T09:57:00+00:00","og_image":[{"width":1000,"height":1000,"url":"https:\/\/vapehosale.com\/wp-content\/uploads\/2026\/03\/Original-Digital-Box-12k-Puffs-Disposable-Vape-OKSO.webp","type":"image\/webp"}],"twitter_card":"summary_large_image","twitter_misc":{"Estimeret l\u00e6setid":"3 minutter"},"schema":{"@context":"https:\/\/schema.org","@graph":[{"@type":"WebPage","@id":"https:\/\/vapehosale.com\/product\/okso-digital-box-12000-puffs-disposable-vape\/","url":"https:\/\/vapehosale.com\/product\/okso-digital-box-12000-puffs-disposable-vape\/","name":"Wholesale OKSO Digital Box 12000 Puffs Disposable Vape - Vape Wholesale","isPartOf":{"@id":"https:\/\/vapehosale.com\/#website"},"datePublished":"2026-03-18T09:42:24+00:00","dateModified":"2026-03-18T09:57:00+00:00","description":"Wholesale okso digital box 12k puffs \u2014 12,000 puffs, 25ml, 500mah rechargeable, 0.8\u03a9 mesh, type-c, 28 flavor instock today!","breadcrumb":{"@id":"https:\/\/vapehosale.com\/product\/okso-digital-box-12000-puffs-disposable-vape\/#breadcrumb"},"inLanguage":"da-DK","potentialAction":[{"@type":"ReadAction","target":["https:\/\/vapehosale.com\/product\/okso-digital-box-12000-puffs-disposable-vape\/"]}]},{"@type":"BreadcrumbList","@id":"https:\/\/vapehosale.com\/product\/okso-digital-box-12000-puffs-disposable-vape\/#breadcrumb","itemListElement":[{"@type":"ListItem","position":1,"name":"Home","item":"https:\/\/vapehosale.com\/"},{"@type":"ListItem","position":2,"name":"Best Sell Vapes","item":"https:\/\/vapehosale.com\/vape-shop\/"},{"@type":"ListItem","position":3,"name":"Wholesale OKSO Digital Box 12000 Puffs Disposable Vape"}]},{"@type":"WebSite","@id":"https:\/\/vapehosale.com\/#website","url":"https:\/\/vapehosale.com\/","name":"Vape Wholesale","description":"Buy Vape Wholesale Price Near you","potentialAction":[{"@type":"SearchAction","target":{"@type":"EntryPoint","urlTemplate":"https:\/\/vapehosale.com\/?s={search_term_string}"},"query-input":"required name=search_term_string"}],"inLanguage":"da-DK"}]}},"uagb_featured_image_src":{"full":["https:\/\/vapehosale.com\/wp-content\/uploads\/2026\/03\/Original-Digital-Box-12k-Puffs-Disposable-Vape-OKSO.webp",1000,1000,false],"thumbnail":["https:\/\/vapehosale.com\/wp-content\/uploads\/2026\/03\/Original-Digital-Box-12k-Puffs-Disposable-Vape-OKSO-150x150.webp",150,150,true],"medium":["https:\/\/vapehosale.com\/wp-content\/uploads\/2026\/03\/Original-Digital-Box-12k-Puffs-Disposable-Vape-OKSO-300x300.webp",300,300,true],"medium_large":["https:\/\/vapehosale.com\/wp-content\/uploads\/2026\/03\/Original-Digital-Box-12k-Puffs-Disposable-Vape-OKSO-768x768.webp",768,768,true],"large":["https:\/\/vapehosale.com\/wp-content\/uploads\/2026\/03\/Original-Digital-Box-12k-Puffs-Disposable-Vape-OKSO.webp",1000,1000,false],"1536x1536":["https:\/\/vapehosale.com\/wp-content\/uploads\/2026\/03\/Original-Digital-Box-12k-Puffs-Disposable-Vape-OKSO.webp",1000,1000,false],"2048x2048":["https:\/\/vapehosale.com\/wp-content\/uploads\/2026\/03\/Original-Digital-Box-12k-Puffs-Disposable-Vape-OKSO.webp",1000,1000,false],"trp-custom-language-flag":["https:\/\/vapehosale.com\/wp-content\/uploads\/2026\/03\/Original-Digital-Box-12k-Puffs-Disposable-Vape-OKSO-12x12.webp",12,12,true],"woocommerce_thumbnail":["https:\/\/vapehosale.com\/wp-content\/uploads\/2026\/03\/Original-Digital-Box-12k-Puffs-Disposable-Vape-OKSO-300x300.webp",300,300,true],"woocommerce_single":["https:\/\/vapehosale.com\/wp-content\/uploads\/2026\/03\/Original-Digital-Box-12k-Puffs-Disposable-Vape-OKSO-600x600.webp",600,600,true],"woocommerce_gallery_thumbnail":["https:\/\/vapehosale.com\/wp-content\/uploads\/2026\/03\/Original-Digital-Box-12k-Puffs-Disposable-Vape-OKSO-100x100.webp",100,100,true],"wcpr-photo-reviews":["https:\/\/vapehosale.com\/wp-content\/uploads\/2026\/03\/Original-Digital-Box-12k-Puffs-Disposable-Vape-OKSO.webp",500,500,false]},"uagb_author_info":{"display_name":"Vicky hosale","author_link":"https:\/\/vapehosale.com\/da\/author\/"},"uagb_comment_info":0,"uagb_excerpt":"okso digital box 12000 puffs delivers 12,000 puffs from a 25ml tank with a 13350 500mah rechargeable battery, type-c charging, 0.8\u03a9 mesh coil and a digital display\u2014available in 2%\/5% nicotine, ideal for eu warehouse wholesale and retail.(website price not include shipping cost) contact me for min order only 50 pcs! not sale under 50pcs, Wholesale&hellip;","_links":{"self":[{"href":"https:\/\/vapehosale.com\/da\/wp-json\/wp\/v2\/product\/6457","targetHints":{"allow":["GET"]}}],"collection":[{"href":"https:\/\/vapehosale.com\/da\/wp-json\/wp\/v2\/product"}],"about":[{"href":"https:\/\/vapehosale.com\/da\/wp-json\/wp\/v2\/types\/product"}],"replies":[{"embeddable":true,"href":"https:\/\/vapehosale.com\/da\/wp-json\/wp\/v2\/comments?post=6457"}],"wp:featuredmedia":[{"embeddable":true,"href":"https:\/\/vapehosale.com\/da\/wp-json\/wp\/v2\/media\/6451"}],"wp:attachment":[{"href":"https:\/\/vapehosale.com\/da\/wp-json\/wp\/v2\/media?parent=6457"}],"wp:term":[{"taxonomy":"product_cat","embeddable":true,"href":"https:\/\/vapehosale.com\/da\/wp-json\/wp\/v2\/product_cat?post=6457"},{"taxonomy":"product_tag","embeddable":true,"href":"https:\/\/vapehosale.com\/da\/wp-json\/wp\/v2\/product_tag?post=6457"}],"curies":[{"name":"wp","href":"https:\/\/api.w.org\/{rel}","templated":true}]}}