{"id":5731,"date":"2025-11-21T08:16:13","date_gmt":"2025-11-21T08:16:13","guid":{"rendered":"https:\/\/vapehosale.com\/?post_type=product&#038;p=5731"},"modified":"2025-11-26T09:07:23","modified_gmt":"2025-11-26T09:07:23","slug":"uzy-6in1-150000-puffs-disposable-vape","status":"publish","type":"product","link":"https:\/\/vapehosale.com\/da\/product\/uzy-6in1-150000-puffs-disposable-vape\/","title":{"rendered":"UZY 6in1 150000 Puffs Engangs Vape med Sk\u00e6rm"},"content":{"rendered":"<h2 style=\"text-align: center\">Engros UZY 6in1 150000 Puffs Engangs Vape med Sk\u00e6rm<\/h2>\n<p>UZY 6 i 1 150K Engangs Vape leverer enest\u00e5ende 150.000 puffs, inkluderer seks kuraterede smagsvarianter, hver optimeret til rig smag gennem en 1,0 ohm quad mesh coil. Med en \u00e6gte 64 ml e-v\u00e6skekapacitet og nikotinalternativer p\u00e5 2% eller 5% im\u00f8dekommer den forskellige pr\u00e6ferencer. Det integrerede 650mAh batteri underst\u00f8tter langvarig brug og genoplades hurtigt via Type-C-porten. Et smart LED-display giver pr\u00e6cis, realtids overv\u00e5gning af batteri- og e-v\u00e6skeniveauer, hvilket sikrer uafbrudte vaping-sessioner og brugerkomfort.<br \/>\n<img decoding=\"async\" class=\"alignnone size-large wp-image-5716\" src=\"https:\/\/vapehosale.com\/wp-content\/uploads\/2025\/11\/UZY-6-in-1-150K-150000-Puffs-Disposable-Kit-Top-Sale-1024x439.webp\" alt=\"UZY 6 i 1 150K 150000 Pust Engangs Kit Top Salg\" width=\"1024\" height=\"439\" srcset=\"https:\/\/vapehosale.com\/wp-content\/uploads\/2025\/11\/UZY-6-in-1-150K-150000-Puffs-Disposable-Kit-Top-Sale-1024x439.webp 1024w, https:\/\/vapehosale.com\/wp-content\/uploads\/2025\/11\/UZY-6-in-1-150K-150000-Puffs-Disposable-Kit-Top-Sale-300x128.webp 300w, https:\/\/vapehosale.com\/wp-content\/uploads\/2025\/11\/UZY-6-in-1-150K-150000-Puffs-Disposable-Kit-Top-Sale-768x329.webp 768w, https:\/\/vapehosale.com\/wp-content\/uploads\/2025\/11\/UZY-6-in-1-150K-150000-Puffs-Disposable-Kit-Top-Sale-1536x658.webp 1536w, https:\/\/vapehosale.com\/wp-content\/uploads\/2025\/11\/UZY-6-in-1-150K-150000-Puffs-Disposable-Kit-Top-Sale-2048x877.webp 2048w, https:\/\/vapehosale.com\/wp-content\/uploads\/2025\/11\/UZY-6-in-1-150K-150000-Puffs-Disposable-Kit-Top-Sale-18x8.webp 18w, https:\/\/vapehosale.com\/wp-content\/uploads\/2025\/11\/UZY-6-in-1-150K-150000-Puffs-Disposable-Kit-Top-Sale-600x257.webp 600w\" sizes=\"(max-width: 1024px) 100vw, 1024px\" \/><br \/>\n<img decoding=\"async\" class=\"alignnone size-large wp-image-5729\" src=\"https:\/\/vapehosale.com\/wp-content\/uploads\/2025\/11\/Disposable-Vape-UZY-150000-Puff-150k-Vape-6-IN-1-1024x496.webp\" alt=\"Engangs Vape UZY 150000 Pust 150k Vape 6 I 1\" width=\"1024\" height=\"496\" srcset=\"https:\/\/vapehosale.com\/wp-content\/uploads\/2025\/11\/Disposable-Vape-UZY-150000-Puff-150k-Vape-6-IN-1-1024x496.webp 1024w, https:\/\/vapehosale.com\/wp-content\/uploads\/2025\/11\/Disposable-Vape-UZY-150000-Puff-150k-Vape-6-IN-1-300x145.webp 300w, https:\/\/vapehosale.com\/wp-content\/uploads\/2025\/11\/Disposable-Vape-UZY-150000-Puff-150k-Vape-6-IN-1-768x372.webp 768w, https:\/\/vapehosale.com\/wp-content\/uploads\/2025\/11\/Disposable-Vape-UZY-150000-Puff-150k-Vape-6-IN-1-1536x744.webp 1536w, https:\/\/vapehosale.com\/wp-content\/uploads\/2025\/11\/Disposable-Vape-UZY-150000-Puff-150k-Vape-6-IN-1-2048x992.webp 2048w, https:\/\/vapehosale.com\/wp-content\/uploads\/2025\/11\/Disposable-Vape-UZY-150000-Puff-150k-Vape-6-IN-1-18x9.webp 18w, https:\/\/vapehosale.com\/wp-content\/uploads\/2025\/11\/Disposable-Vape-UZY-150000-Puff-150k-Vape-6-IN-1-600x291.webp 600w\" sizes=\"(max-width: 1024px) 100vw, 1024px\" \/><\/p>\n<h3 data-start=\"1185\" data-end=\"1205\">UZY 6in1 150k Puffs Funktioner:<\/h3>\n<p>Puffs: 150K Puffs<br \/>\nSEKS Smagsvarianter<br \/>\nQuad Mesh Coil: 1.0ohm<br \/>\nE-v\u00e6ske: \u00c6gte 64ml<br \/>\nNikotin: 0mg\/20mg\/30mg\/50mg<br \/>\nBatteri:650mah<br \/>\nGenopladelig: Type-C Opladningsport<br \/>\nLED Sk\u00e6rm (Smart Sk\u00e6rm)<br \/>\nTydeligt Angiv Batteri- og E-v\u00e6skestands<br \/>\nProduktv\u00e6gt: 120g\/stk<br \/>\nAntal: 120 stk.\/krt., 10 stk.\/boks<br \/>\nG.W.: 18kg<\/p>\n<h3 data-start=\"1185\" data-end=\"1205\">UZY 150k Puffs 6in1 Smagsliste:<\/h3>\n<p>1. vandmelon is \/jordb\u00e6r mamba \/jordb\u00e6r vandmelon<br \/>\n2. Bl\u00e5b\u00e6r Is \/Hindb\u00e6r Citron \/Vandmelon Bubblegum<br \/>\n3. Jordb\u00e6r Kiwi \/Bl\u00e5b\u00e6r Kokos \/Blandet B\u00e6r<br \/>\n4. Drue Is \/Mango Peber \/Bl\u00e5b\u00e6r Vandmelon<br \/>\n5. Bl\u00e5b\u00e6r Hindb\u00e6r \/Triple Melon \/Jordb\u00e6r Is<br \/>\n6. Jordb\u00e6r Kiwi \/Bl\u00e5b\u00e6r Is \/Kirseb\u00e6r is<br \/>\n7. Kiwi Passion Frugt Guava \/Peach Lemon \/Love 66<br \/>\n8. Jordb\u00e6r Dragefrugt \/Red Bull \/Hindb\u00e6r Vandmelon<br \/>\n9. Peber Is \/To \u00c6bler \/Triple Mango<br \/>\n10.Blandet B\u00e6r \/Fizzy Kirseb\u00e6r\/ Fersken Citron<\/p>\n<h3><strong>Pakkens indhold:<\/strong><\/h3>\n<p>1 x UZY 150000 Puffs 6in1 smags engangs vape<\/p>\n<h3 class=\"ds-markdown-paragraph\">FAQ \u2013 UZY engangs vape 150k puffs 6 i 1 smag<\/h3>\n<ol start=\"1\">\n<li>\n<p class=\"ds-markdown-paragraph\"><strong>Hvor lang tid varer UZY 6 i 1 150K engangs vape typisk?<\/strong><br \/>\nDen giver op til 150.000 puffs, svarende til flere ugers regelm\u00e6ssig brug afh\u00e6ngigt af individuelle vaner.<\/p>\n<\/li>\n<li>\n<p class=\"ds-markdown-paragraph\"><strong>Hvad er de seks smagsmuligheder for uzy 150k puffs?<\/strong><br \/>\nEnheden har et roterende udvalg af seks forskellige smagsprofiler, s\u00e5som frugtige og forfriskende smage, designet til at forbedre din vapingoplevelse.<\/p>\n<\/li>\n<li>\n<p class=\"ds-markdown-paragraph\"><strong>Hvordan viser uzy engangs vape 150k LED-display batteri- og e-v\u00e6skestatus?<\/strong><br \/>\nDen smarte sk\u00e6rm viser klare procentangivelser for b\u00e5de batterilevetid og e-v\u00e6skem\u00e6ngde, hvilket g\u00f8r det nemt at f\u00f8lge med uden g\u00e6tteri.<\/p>\n<\/li>\n<li>\n<p class=\"ds-markdown-paragraph\"><strong>Er Uzy vape 150k puffs batteriet genopladeligt, og hvad er opladningstiden?<\/strong><br \/>\nJa, 650mAh batteriet underst\u00f8tter Type-C genopladning, hvilket typisk tager omkring 60 minutter for en fuld opladning fra zero.<\/p>\n<\/li>\n<li>\n<p class=\"ds-markdown-paragraph\"><strong>Hvilke nikotinstyrker tilbydes med uzy 6in1 150k puffs engangs vape?<\/strong><br \/>\nDu kan v\u00e6lge mellem 2% (20mg) og 5% (50mg) nikotinkoncentrationer for at matche din \u00f8nskede intensitet.<\/p>\n<\/li>\n<\/ol>\n<h3>Engroskontakt<\/h3>\n<p>\u2705Original <a href=\"https:\/\/vapehosale.com\/da\/product-category\/uzy-vape\/\">UZY Engangs Vape<\/a> Fabriks engros Whatsapp:<a href=\"https:\/\/wa.me\/8618077105750\">+8618077105750<\/a><\/p>\n<p>\u2705 Engrosforhandlere og forhandlere er velkomne til at tilpasse ordrer<br \/>\n\u2705Leverer produkter af h\u00f8jeste kvalitet og de mest professionelle tjenester.<\/p>\n<p><img decoding=\"async\" class=\"alignnone size-full wp-image-2638\" src=\"https:\/\/vapehosale.com\/wp-content\/uploads\/2023\/09\/885301ea6f5e0b91f5ab2b1c85e665c.png\" alt=\"RandM Fabrik\" width=\"670\" height=\"658\" srcset=\"https:\/\/vapehosale.com\/wp-content\/uploads\/2023\/09\/885301ea6f5e0b91f5ab2b1c85e665c.png 670w, https:\/\/vapehosale.com\/wp-content\/uploads\/2023\/09\/885301ea6f5e0b91f5ab2b1c85e665c-300x295.png 300w, https:\/\/vapehosale.com\/wp-content\/uploads\/2023\/09\/885301ea6f5e0b91f5ab2b1c85e665c-600x589.png 600w\" sizes=\"(max-width: 670px) 100vw, 670px\" \/><\/p>\n<p>Kontakt for produktkatalog:<a href=\"https:\/\/wa.me\/8618077105750\">k\u00f8b nu<\/a><br \/>\nAndre bedst s\u00e6lgende vape du m\u00e5ske har brug for<\/p>\n<p><a href=\"https:\/\/vapehosale.com\/da\/product-category\/uzy-vape\/\">UZY engangs vape bedste engrospris<span class=\"x19la9d6 x1fc57z9 x6ikm8r x10wlt62 x19co3pv x1g5zs5t xfibh0p xiy17q3 x1xsqp64 x1lkfr7t xexx8yu xyri2b x18d9i69 x1c1uobl\"><span class=\"xrtxmta x1bhl96m\">\ud83d\udc48<\/span><\/span><\/a><br \/>\n<a href=\"https:\/\/vapehosale.com\/da\/product-category\/wholesale-100k-puffs-disposable-vape\/\">100k puffs vape Top salg i Europa, f\u00e5 engrospris her<\/a><\/p>\n<p>Speciel form model vape:<a href=\"https:\/\/vapehosale.com\/da\/product\/bulk-buy-bang-king-12000\/\">flaskeform<\/a>\/Cola d\u00e5se\/<a href=\"https:\/\/vapehosale.com\/da\/product\/sidia-12000-puffs-disposable-device\/\">RGB lys<\/a>\/Krystal<\/p>\n<h4>Forsendelsesdetaljer:<\/h4>\n<p>1.Produktionstid: inden for 5 arbejdsdage sendes ud (efter modtagelse af betaling)<\/p>\n<p>2. Leveringstid: 10-14 dage \uff08I tilf\u00e6lde af helligdage og toldkontrol vil leveringstiden blive forsinket.\uff09<\/p>\n<h4>Betalingsdetaljer:<\/h4>\n<p>Vi underst\u00f8tter betaling via bankoverf\u00f8rsel eller western union, vi er vape-fabrik fra Kina, <span style=\"color: #ff0000\">underst\u00f8tter ikke efterkrav.<\/span><\/p>\n<p>Alle produkter i vores butik er 100% originale og autentiske, s\u00e5 ti gange kompensation for falske varer er vores butikspolitik.<\/p>\n<h5><span style=\"color: #ff0000\">Min ordre 50 stk<\/span><\/h5>","protected":false},"excerpt":{"rendered":"<p>UZY 6 i 1 150K Engangs Vape, med 150.000 puffs, seks smagsvarianter og en 1,0 ohm quad mesh coil. Med 64 ml e-v\u00e6ske, 650mAh batteri, Type-C opladning og smart LED-display sikrer den p\u00e5lidelig ydeevne. Ideel til langvarig tilfredshed og bekvemmelighed.<br \/>\n<span style=\"color: #ff0000\">(webstedspris inkluderer ikke forsendelsesomkostninger)<\/span><\/p>\n<p><span style=\"color: #ff0000\">Kontakt mig for minimumsbestilling kun 50 stk! Kontakt mig og f\u00e5 rabat i dag!<\/span><\/p>\n<p><img decoding=\"async\" class=\"alignnone size-medium wp-image-2638\" src=\"https:\/\/vapehosale.com\/wp-content\/uploads\/2023\/09\/885301ea6f5e0b91f5ab2b1c85e665c-300x295.png\" alt=\"RandM Fabrik\" width=\"300\" height=\"295\" srcset=\"https:\/\/vapehosale.com\/wp-content\/uploads\/2023\/09\/885301ea6f5e0b91f5ab2b1c85e665c-300x295.png 300w, https:\/\/vapehosale.com\/wp-content\/uploads\/2023\/09\/885301ea6f5e0b91f5ab2b1c85e665c-600x589.png 600w, https:\/\/vapehosale.com\/wp-content\/uploads\/2023\/09\/885301ea6f5e0b91f5ab2b1c85e665c.png 670w\" sizes=\"(max-width: 300px) 100vw, 300px\" \/><\/p>\n<p>&nbsp;<\/p>","protected":false},"featured_media":5724,"comment_status":"open","ping_status":"closed","template":"","meta":{"_uag_custom_page_level_css":"","_lmt_disableupdate":"no","_lmt_disable":"","site-sidebar-layout":"default","site-content-layout":"","ast-site-content-layout":"default","site-content-style":"default","site-sidebar-style":"default","ast-global-header-display":"","ast-banner-title-visibility":"","ast-main-header-display":"","ast-hfb-above-header-display":"","ast-hfb-below-header-display":"","ast-hfb-mobile-header-display":"","site-post-title":"","ast-breadcrumbs-content":"","ast-featured-img":"","footer-sml-layout":"","theme-transparent-header-meta":"default","adv-header-id-meta":"","stick-header-meta":"","header-above-stick-meta":"","header-main-stick-meta":"","header-below-stick-meta":"","astra-migrate-meta-layouts":"set","_joinchat":[]},"product_cat":[15,99,41,79,55,150],"product_tag":[76,35,33],"class_list":["post-5731","product","type-product","status-publish","has-post-thumbnail","hentry","product_cat-vape-shop-wholesale","product_cat-wholesale-100k-puffs-disposable-vape","product_cat-europe-hot-sale-vape","product_cat-disposable-vape-in-european-warehouse","product_cat-minimum-order-quantity-50pcs","product_cat-uzy-vape","product_tag-airflow-control-vape","product_tag-rechargeable-disposable-device","product_tag-rgb-light-disposable-vape","desktop-align-left","tablet-align-left","mobile-align-left"],"yoast_head":"<!-- This site is optimized with the Yoast SEO plugin v21.1 - https:\/\/yoast.com\/wordpress\/plugins\/seo\/ -->\n<title>UZY 6in1 150000 Puffs Disposable Vape With Screen - Vape Wholesale<\/title>\n<meta name=\"description\" content=\"Wholesale UZY 6 in 1 150K Disposable Vape with 150,000 puffs, 6 flavors, and smart LED display. Rechargeable Type-C design for long-lasting use. Shop now!\" \/>\n<meta name=\"robots\" content=\"index, follow, max-snippet:-1, max-image-preview:large, max-video-preview:-1\" \/>\n<link rel=\"canonical\" href=\"https:\/\/vapehosale.com\/da\/product\/uzy-6in1-150000-puffs-disposable-vape\/\" \/>\n<meta property=\"og:locale\" content=\"da_DK\" \/>\n<meta property=\"og:type\" content=\"article\" \/>\n<meta property=\"og:title\" content=\"UZY 6in1 150000 Puffs Disposable Vape With Screen - Vape Wholesale\" \/>\n<meta property=\"og:description\" content=\"Wholesale UZY 6 in 1 150K Disposable Vape with 150,000 puffs, 6 flavors, and smart LED display. Rechargeable Type-C design for long-lasting use. Shop now!\" \/>\n<meta property=\"og:url\" content=\"https:\/\/vapehosale.com\/da\/product\/uzy-6in1-150000-puffs-disposable-vape\/\" \/>\n<meta property=\"og:site_name\" content=\"Vape Wholesale\" \/>\n<meta property=\"article:modified_time\" content=\"2025-11-26T09:07:23+00:00\" \/>\n<meta property=\"og:image\" content=\"https:\/\/vapehosale.com\/wp-content\/uploads\/2025\/11\/UZY-150K-Puffs-6-In-1-Switch-Vape-Pen-Wholesale-scaled.webp\" \/>\n\t<meta property=\"og:image:width\" content=\"2560\" \/>\n\t<meta property=\"og:image:height\" content=\"2361\" \/>\n\t<meta property=\"og:image:type\" content=\"image\/webp\" \/>\n<meta name=\"twitter:card\" content=\"summary_large_image\" \/>\n<meta name=\"twitter:label1\" content=\"Estimeret l\u00e6setid\" \/>\n\t<meta name=\"twitter:data1\" content=\"3 minutter\" \/>\n<script type=\"application\/ld+json\" class=\"yoast-schema-graph\">{\"@context\":\"https:\/\/schema.org\",\"@graph\":[{\"@type\":\"WebPage\",\"@id\":\"https:\/\/vapehosale.com\/product\/uzy-6in1-150000-puffs-disposable-vape\/\",\"url\":\"https:\/\/vapehosale.com\/product\/uzy-6in1-150000-puffs-disposable-vape\/\",\"name\":\"UZY 6in1 150000 Puffs Disposable Vape With Screen - Vape Wholesale\",\"isPartOf\":{\"@id\":\"https:\/\/vapehosale.com\/#website\"},\"datePublished\":\"2025-11-21T08:16:13+00:00\",\"dateModified\":\"2025-11-26T09:07:23+00:00\",\"description\":\"Wholesale UZY 6 in 1 150K Disposable Vape with 150,000 puffs, 6 flavors, and smart LED display. Rechargeable Type-C design for long-lasting use. Shop now!\",\"breadcrumb\":{\"@id\":\"https:\/\/vapehosale.com\/product\/uzy-6in1-150000-puffs-disposable-vape\/#breadcrumb\"},\"inLanguage\":\"da-DK\",\"potentialAction\":[{\"@type\":\"ReadAction\",\"target\":[\"https:\/\/vapehosale.com\/product\/uzy-6in1-150000-puffs-disposable-vape\/\"]}]},{\"@type\":\"BreadcrumbList\",\"@id\":\"https:\/\/vapehosale.com\/product\/uzy-6in1-150000-puffs-disposable-vape\/#breadcrumb\",\"itemListElement\":[{\"@type\":\"ListItem\",\"position\":1,\"name\":\"Home\",\"item\":\"https:\/\/vapehosale.com\/\"},{\"@type\":\"ListItem\",\"position\":2,\"name\":\"Best Sell Vapes\",\"item\":\"https:\/\/vapehosale.com\/vape-shop\/\"},{\"@type\":\"ListItem\",\"position\":3,\"name\":\"UZY 6in1 150000 Puffs Disposable Vape With Screen\"}]},{\"@type\":\"WebSite\",\"@id\":\"https:\/\/vapehosale.com\/#website\",\"url\":\"https:\/\/vapehosale.com\/\",\"name\":\"Vape Wholesale\",\"description\":\"Buy Vape Wholesale Price Near you\",\"potentialAction\":[{\"@type\":\"SearchAction\",\"target\":{\"@type\":\"EntryPoint\",\"urlTemplate\":\"https:\/\/vapehosale.com\/?s={search_term_string}\"},\"query-input\":\"required name=search_term_string\"}],\"inLanguage\":\"da-DK\"}]}<\/script>\n<!-- \/ Yoast SEO plugin. -->","yoast_head_json":{"title":"UZY 6in1 150000 Puffs Disposable Vape With Screen - Vape Wholesale","description":"Wholesale UZY 6 in 1 150K Disposable Vape with 150,000 puffs, 6 flavors, and smart LED display. Rechargeable Type-C design for long-lasting use. Shop now!","robots":{"index":"index","follow":"follow","max-snippet":"max-snippet:-1","max-image-preview":"max-image-preview:large","max-video-preview":"max-video-preview:-1"},"canonical":"https:\/\/vapehosale.com\/da\/product\/uzy-6in1-150000-puffs-disposable-vape\/","og_locale":"da_DK","og_type":"article","og_title":"UZY 6in1 150000 Puffs Disposable Vape With Screen - Vape Wholesale","og_description":"Wholesale UZY 6 in 1 150K Disposable Vape with 150,000 puffs, 6 flavors, and smart LED display. Rechargeable Type-C design for long-lasting use. Shop now!","og_url":"https:\/\/vapehosale.com\/da\/product\/uzy-6in1-150000-puffs-disposable-vape\/","og_site_name":"Vape Wholesale","article_modified_time":"2025-11-26T09:07:23+00:00","og_image":[{"width":2560,"height":2361,"url":"https:\/\/vapehosale.com\/wp-content\/uploads\/2025\/11\/UZY-150K-Puffs-6-In-1-Switch-Vape-Pen-Wholesale-scaled.webp","type":"image\/webp"}],"twitter_card":"summary_large_image","twitter_misc":{"Estimeret l\u00e6setid":"3 minutter"},"schema":{"@context":"https:\/\/schema.org","@graph":[{"@type":"WebPage","@id":"https:\/\/vapehosale.com\/product\/uzy-6in1-150000-puffs-disposable-vape\/","url":"https:\/\/vapehosale.com\/product\/uzy-6in1-150000-puffs-disposable-vape\/","name":"UZY 6in1 150000 Puffs Disposable Vape With Screen - Vape Wholesale","isPartOf":{"@id":"https:\/\/vapehosale.com\/#website"},"datePublished":"2025-11-21T08:16:13+00:00","dateModified":"2025-11-26T09:07:23+00:00","description":"Wholesale UZY 6 in 1 150K Disposable Vape with 150,000 puffs, 6 flavors, and smart LED display. Rechargeable Type-C design for long-lasting use. Shop now!","breadcrumb":{"@id":"https:\/\/vapehosale.com\/product\/uzy-6in1-150000-puffs-disposable-vape\/#breadcrumb"},"inLanguage":"da-DK","potentialAction":[{"@type":"ReadAction","target":["https:\/\/vapehosale.com\/product\/uzy-6in1-150000-puffs-disposable-vape\/"]}]},{"@type":"BreadcrumbList","@id":"https:\/\/vapehosale.com\/product\/uzy-6in1-150000-puffs-disposable-vape\/#breadcrumb","itemListElement":[{"@type":"ListItem","position":1,"name":"Home","item":"https:\/\/vapehosale.com\/"},{"@type":"ListItem","position":2,"name":"Best Sell Vapes","item":"https:\/\/vapehosale.com\/vape-shop\/"},{"@type":"ListItem","position":3,"name":"UZY 6in1 150000 Puffs Disposable Vape With Screen"}]},{"@type":"WebSite","@id":"https:\/\/vapehosale.com\/#website","url":"https:\/\/vapehosale.com\/","name":"Vape Wholesale","description":"Buy Vape Wholesale Price Near you","potentialAction":[{"@type":"SearchAction","target":{"@type":"EntryPoint","urlTemplate":"https:\/\/vapehosale.com\/?s={search_term_string}"},"query-input":"required name=search_term_string"}],"inLanguage":"da-DK"}]}},"uagb_featured_image_src":{"full":["https:\/\/vapehosale.com\/wp-content\/uploads\/2025\/11\/UZY-150K-Puffs-6-In-1-Switch-Vape-Pen-Wholesale-scaled.webp",2560,2361,false],"thumbnail":["https:\/\/vapehosale.com\/wp-content\/uploads\/2025\/11\/UZY-150K-Puffs-6-In-1-Switch-Vape-Pen-Wholesale-150x150.webp",150,150,true],"medium":["https:\/\/vapehosale.com\/wp-content\/uploads\/2025\/11\/UZY-150K-Puffs-6-In-1-Switch-Vape-Pen-Wholesale-300x277.webp",300,277,true],"medium_large":["https:\/\/vapehosale.com\/wp-content\/uploads\/2025\/11\/UZY-150K-Puffs-6-In-1-Switch-Vape-Pen-Wholesale-768x708.webp",768,708,true],"large":["https:\/\/vapehosale.com\/wp-content\/uploads\/2025\/11\/UZY-150K-Puffs-6-In-1-Switch-Vape-Pen-Wholesale-1024x944.webp",1024,944,true],"1536x1536":["https:\/\/vapehosale.com\/wp-content\/uploads\/2025\/11\/UZY-150K-Puffs-6-In-1-Switch-Vape-Pen-Wholesale-1536x1417.webp",1536,1417,true],"2048x2048":["https:\/\/vapehosale.com\/wp-content\/uploads\/2025\/11\/UZY-150K-Puffs-6-In-1-Switch-Vape-Pen-Wholesale-2048x1889.webp",2048,1889,true],"trp-custom-language-flag":["https:\/\/vapehosale.com\/wp-content\/uploads\/2025\/11\/UZY-150K-Puffs-6-In-1-Switch-Vape-Pen-Wholesale-13x12.webp",13,12,true],"woocommerce_thumbnail":["https:\/\/vapehosale.com\/wp-content\/uploads\/2025\/11\/UZY-150K-Puffs-6-In-1-Switch-Vape-Pen-Wholesale-300x300.webp",300,300,true],"woocommerce_single":["https:\/\/vapehosale.com\/wp-content\/uploads\/2025\/11\/UZY-150K-Puffs-6-In-1-Switch-Vape-Pen-Wholesale-600x553.webp",600,553,true],"woocommerce_gallery_thumbnail":["https:\/\/vapehosale.com\/wp-content\/uploads\/2025\/11\/UZY-150K-Puffs-6-In-1-Switch-Vape-Pen-Wholesale-100x100.webp",100,100,true],"wcpr-photo-reviews":["https:\/\/vapehosale.com\/wp-content\/uploads\/2025\/11\/UZY-150K-Puffs-6-In-1-Switch-Vape-Pen-Wholesale-scaled.webp",500,461,false]},"uagb_author_info":{"display_name":"Vicky hosale","author_link":"https:\/\/vapehosale.com\/da\/author\/"},"uagb_comment_info":0,"uagb_excerpt":"UZY 6 in 1 150K Disposable Vape, featuring 150,000 puffs, six flavors, and a 1.0ohm quad mesh coil. With 64ml e-liquid, 650mAh battery, Type-C charging, and smart LED display, it ensures reliable performance. Ideal for lasting satisfaction and convenience. (website price not include shipping cost) contact me for min order only 50 pcs! Contact me&hellip;","_links":{"self":[{"href":"https:\/\/vapehosale.com\/da\/wp-json\/wp\/v2\/product\/5731","targetHints":{"allow":["GET"]}}],"collection":[{"href":"https:\/\/vapehosale.com\/da\/wp-json\/wp\/v2\/product"}],"about":[{"href":"https:\/\/vapehosale.com\/da\/wp-json\/wp\/v2\/types\/product"}],"replies":[{"embeddable":true,"href":"https:\/\/vapehosale.com\/da\/wp-json\/wp\/v2\/comments?post=5731"}],"wp:featuredmedia":[{"embeddable":true,"href":"https:\/\/vapehosale.com\/da\/wp-json\/wp\/v2\/media\/5724"}],"wp:attachment":[{"href":"https:\/\/vapehosale.com\/da\/wp-json\/wp\/v2\/media?parent=5731"}],"wp:term":[{"taxonomy":"product_cat","embeddable":true,"href":"https:\/\/vapehosale.com\/da\/wp-json\/wp\/v2\/product_cat?post=5731"},{"taxonomy":"product_tag","embeddable":true,"href":"https:\/\/vapehosale.com\/da\/wp-json\/wp\/v2\/product_tag?post=5731"}],"curies":[{"name":"wp","href":"https:\/\/api.w.org\/{rel}","templated":true}]}}