{"id":1695,"date":"2023-10-17T02:21:27","date_gmt":"2023-10-17T02:21:27","guid":{"rendered":"https:\/\/vapehosale.com\/?post_type=product&#038;p=1695"},"modified":"2026-03-20T08:08:31","modified_gmt":"2026-03-20T08:08:31","slug":"vapme-crystal-7000","status":"publish","type":"product","link":"https:\/\/vapehosale.com\/da\/product\/vapme-crystal-7000\/","title":{"rendered":"Engros Vapme Crystal 7k Pust Engangsvape"},"content":{"rendered":"<h2 style=\"text-align: center\">Engros Vapme Crystal 7000 Puffs Engangsvape<\/h2>\n<p>Vapme Crystal 7k Puffs er en engangsvape, der lyser overalt, og dens kropsdesign er inspireret af anime-serien 'Pirate Hunter'. Hver smagsvariant har sin eksklusive IP-karakter.<br \/>\nVapme Crystal 7000 Puffs engangsvapes er tilg\u00e6ngelige i i alt 12 smagsvarianter. Hver genopladelig Crystal 7k Puffs vape indeholder 14 ml e-v\u00e6ske og et 600 mAh genopladeligt batteri og har top-notch 0,8\u03a9 mesh coil forst\u00f8vningsteknologi, s\u00e5 hver enhed kan give 7000 pust, f\u00f8r e-v\u00e6sken er opbrugt. Alle smagsvarianter kan give dig en ekstraordin\u00e6r oplevelse.<\/p>\n<p><img decoding=\"async\" class=\"alignnone size-large wp-image-1710\" src=\"https:\/\/vapehosale.com\/wp-content\/uploads\/2023\/10\/Vapme-Crystal-7000-Puffs-Real-Picture-1024x1024.jpg\" alt=\"Vapme Crystal 7000 Pust \u00e6gte billede\" width=\"1024\" height=\"1024\" srcset=\"https:\/\/vapehosale.com\/wp-content\/uploads\/2023\/10\/Vapme-Crystal-7000-Puffs-Real-Picture-1024x1024.jpg 1024w, https:\/\/vapehosale.com\/wp-content\/uploads\/2023\/10\/Vapme-Crystal-7000-Puffs-Real-Picture-300x300.jpg 300w, https:\/\/vapehosale.com\/wp-content\/uploads\/2023\/10\/Vapme-Crystal-7000-Puffs-Real-Picture-150x150.jpg 150w, https:\/\/vapehosale.com\/wp-content\/uploads\/2023\/10\/Vapme-Crystal-7000-Puffs-Real-Picture-768x768.jpg 768w, https:\/\/vapehosale.com\/wp-content\/uploads\/2023\/10\/Vapme-Crystal-7000-Puffs-Real-Picture-1536x1536.jpg 1536w, https:\/\/vapehosale.com\/wp-content\/uploads\/2023\/10\/Vapme-Crystal-7000-Puffs-Real-Picture-600x600.jpg 600w, https:\/\/vapehosale.com\/wp-content\/uploads\/2023\/10\/Vapme-Crystal-7000-Puffs-Real-Picture-100x100.jpg 100w, https:\/\/vapehosale.com\/wp-content\/uploads\/2023\/10\/Vapme-Crystal-7000-Puffs-Real-Picture.jpg 2000w\" sizes=\"(max-width: 1024px) 100vw, 1024px\" \/><\/p>\n<h3>1. Har Vapme Crystal 7k engangsvape et RGB-lys?<\/h3>\n<p>N\u00e5r du bruger Crystal 7k Vapme vape, vil RGB-lyset blive aktiveret for hvert pust, og det funklende RGB-lys skaber en unik visuel appel for dig.<\/p>\n<p><img decoding=\"async\" class=\"alignnone size-thumbnail wp-image-1719\" src=\"https:\/\/vapehosale.com\/wp-content\/uploads\/2023\/10\/Vapme-Crystal-7000-Puffs-RGB-light-Display-150x150.jpg\" alt=\"Vapme Crystal 7000 Pust RGB lys display\" width=\"150\" height=\"150\" srcset=\"https:\/\/vapehosale.com\/wp-content\/uploads\/2023\/10\/Vapme-Crystal-7000-Puffs-RGB-light-Display-150x150.jpg 150w, https:\/\/vapehosale.com\/wp-content\/uploads\/2023\/10\/Vapme-Crystal-7000-Puffs-RGB-light-Display-300x300.jpg 300w, https:\/\/vapehosale.com\/wp-content\/uploads\/2023\/10\/Vapme-Crystal-7000-Puffs-RGB-light-Display-100x100.jpg 100w\" sizes=\"(max-width: 150px) 100vw, 150px\" \/><img decoding=\"async\" class=\"alignnone size-thumbnail wp-image-1718\" src=\"https:\/\/vapehosale.com\/wp-content\/uploads\/2023\/10\/Vapme-Crystal-7000-Puffs-Disposable-Vape-Wholesale-150x150.jpg\" alt=\"Vapme Crystal 7000 Pust Engangs Vape Engros\" width=\"150\" height=\"150\" srcset=\"https:\/\/vapehosale.com\/wp-content\/uploads\/2023\/10\/Vapme-Crystal-7000-Puffs-Disposable-Vape-Wholesale-150x150.jpg 150w, https:\/\/vapehosale.com\/wp-content\/uploads\/2023\/10\/Vapme-Crystal-7000-Puffs-Disposable-Vape-Wholesale-300x300.jpg 300w, https:\/\/vapehosale.com\/wp-content\/uploads\/2023\/10\/Vapme-Crystal-7000-Puffs-Disposable-Vape-Wholesale-100x100.jpg 100w\" sizes=\"(max-width: 150px) 100vw, 150px\" \/><img decoding=\"async\" class=\"alignnone size-thumbnail wp-image-1716\" src=\"https:\/\/vapehosale.com\/wp-content\/uploads\/2023\/10\/RGB-light-Vape-Vapme-Crystal-7000-Wholesale-150x150.jpg\" alt=\"RGB lys Vape Vapme Crystal 7000 Engros\" width=\"150\" height=\"150\" srcset=\"https:\/\/vapehosale.com\/wp-content\/uploads\/2023\/10\/RGB-light-Vape-Vapme-Crystal-7000-Wholesale-150x150.jpg 150w, https:\/\/vapehosale.com\/wp-content\/uploads\/2023\/10\/RGB-light-Vape-Vapme-Crystal-7000-Wholesale-300x300.jpg 300w, https:\/\/vapehosale.com\/wp-content\/uploads\/2023\/10\/RGB-light-Vape-Vapme-Crystal-7000-Wholesale-100x100.jpg 100w\" sizes=\"(max-width: 150px) 100vw, 150px\" \/><img decoding=\"async\" class=\"alignnone size-thumbnail wp-image-1717\" src=\"https:\/\/vapehosale.com\/wp-content\/uploads\/2023\/10\/RGB-Vape-Crystal-7000-Disposable-Vape-150x150.jpg\" alt=\"RGB Vape Crystal 7000 Engangs Vape\" width=\"150\" height=\"150\" srcset=\"https:\/\/vapehosale.com\/wp-content\/uploads\/2023\/10\/RGB-Vape-Crystal-7000-Disposable-Vape-150x150.jpg 150w, https:\/\/vapehosale.com\/wp-content\/uploads\/2023\/10\/RGB-Vape-Crystal-7000-Disposable-Vape-300x300.jpg 300w, https:\/\/vapehosale.com\/wp-content\/uploads\/2023\/10\/RGB-Vape-Crystal-7000-Disposable-Vape-100x100.jpg 100w\" sizes=\"(max-width: 150px) 100vw, 150px\" \/><\/p>\n<h5><\/h5>\n<h3>2. Er Vapme Crystal 7k vape sikker?<\/h3>\n<p>Selvf\u00f8lgelig er Vapme Crystal 7k sikker.<br \/>\nYderkabinettet er lavet af milj\u00f8venlig plastik, og batteriet bruger rene koboltbatterier. Vi bruger det bedste kvalitetsbatteri blandt materialer til engangskits, fordi et godt batteri undg\u00e5r risikoen for eksplosion. Sikre e-v\u00e6skekomponenter er ekstremt vigtige. Billig vapeolie kan v\u00e6re lavkvalitets vapeolie, der er blevet brugt mange gange og kan for\u00e5rsage kr\u00e6ft. Vi bruger kun engangs-vapeolie, der har CE-certificering, fordi ingrediensernes sikkerhed er det f\u00f8rste valg p\u00e5 vores fabrik.<\/p>\n<h3>Vapme Crystal 7000 Puffs Specifikationer:<\/h3>\n<p>1. 2% \/ 5% Nikotinniveau<br \/>\n2. Pust: 7000 Pust engangsvape<br \/>\n3. Kapacitet: 14ml<br \/>\n5. 13 smagsvarianter tilg\u00e6ngelige<br \/>\n6. Indbygget 600Mah<br \/>\n7. Mesh Coil 1.0\u03a9<br \/>\n8. Fremstillet i Danmark<\/p>\n<h3>Engros Vapme 7k 56+ Smagsliste:<\/h3>\n<p>1. Bl\u00e5b\u00e6r Hindb\u00e6r<br \/>\n2. Drueb\u00e6r<br \/>\n3. Jordb\u00e6r Vandmelon Bubblegum<br \/>\n4. Jordb\u00e6r Hindb\u00e6r Slik<br \/>\n5. Jordb\u00e6r Banan<br \/>\n6. Jordb\u00e6r Mango<br \/>\n7. Fersken Mango Ananas<br \/>\n8. Vandmelon Is<br \/>\n9. Triple Mango<br \/>\n10. Kirseb\u00e6r Is<br \/>\n11. Passionsfrugt Melon Is<br \/>\n12. Kiwi Passionsfrugt Guava<br \/>\n13. Jordb\u00e6r Is<br \/>\n14. Fersken Is<br \/>\n15. Bl\u00e5 Hindb\u00e6r Limonade<br \/>\n16. Jordb\u00e6r Kiwi<br \/>\n17. Energidrik<br \/>\n18. Kirseb\u00e6r Cola<br \/>\n19. Blandede B\u00e6r Is<br \/>\n20.Citron<br \/>\n21.Jordb\u00e6rdrue<br \/>\n22.Solb\u00e6r-is<br \/>\n23.Bl\u00e5b\u00e6r-traneb\u00e6r-kirseb\u00e6r<br \/>\n24.Vandmelon-kiwi-is<br \/>\n25.Kirseb\u00e6r-b\u00e6r<br \/>\n26.Mynte<br \/>\n27.Tropisk frugtpunch<br \/>\n28.Mr bl\u00e5<br \/>\n29.Dobbelt \u00e6ble<br \/>\n30.banan is<br \/>\n31.Lady Killa<br \/>\n32.Vandmelon Tyr<br \/>\nAnanas Kiwi Is<br \/>\n34.Jordb\u00e6r Dragefrugt Is<br \/>\n35.Vandmelon Citron<br \/>\n36.Triple Melon Is<br \/>\n37.Bl\u00e5b\u00e6r Hindb\u00e6r Fersken<br \/>\n38.Jordb\u00e6r Hindb\u00e6r Is<br \/>\n39.Vandmelon Skittle<br \/>\n40.Jordb\u00e6r Gummy Bear<br \/>\n41.Jordb\u00e6r Red Bull<br \/>\n42.Sort Drage Ice<br \/>\n43.Druer is<br \/>\n44.Bl\u00e5b\u00e6r Vandmelon Is<br \/>\n45.P\u00e6re B\u00e6r Is<br \/>\n46.Eple Kiwi Is<br \/>\n47.Purpur Drue Is<br \/>\n48.Gr\u00f8n Eple Is<br \/>\n49.Mango Is<br \/>\n50.Vandmelon Kirseb\u00e6r<br \/>\n51.Citron Mynte<br \/>\n52.Saftig Grapefrugt Is<br \/>\n53.P\u00e6re Bl\u00e5 Razz<br \/>\n54.Appelsin Mango Guava Is<br \/>\n55.Ananas Is<br \/>\n56.Pink Lemonade<\/p>\n<p><a href=\"https:\/\/vapehosale.com\/da\/product\/randm-tornado-7000-puffs-disposable-vape\/\">Popul\u00e6r vape <\/a>Engros :<a href=\"https:\/\/vapehosale.com\/da\/product\/fumot-digital-box-12000-puffs\/\">Fumot Digital Box 12000 Pust<\/a><br \/>\n<a href=\"https:\/\/vapehosale.com\/da\/product\/fumot-leopard-40k-disposable-vape\/\">Fumot vape Leopard 40K Puffs\u00a0<\/a><br \/>\n<a href=\"https:\/\/vapehosale.com\/da\/product\/fumot-eco-50000-puffs\/\">RandM Fumot Eco 50000 Puffs<\/a><br \/>\n<a href=\"https:\/\/vapehosale.com\/da\/product-category\/vapme-vape\/\">Mere Vapme Vape Engros Pris Her<\/a><\/p>\n<h4>Forsendelsesdetaljer:<\/h4>\n<p>Produktionstid: 5 arbejdsdage<br \/>\nLeveringstid: 10-14 arbejdsdage<\/p>\n<p>Alle produkter i vores butik er 100% originale og autentiske, s\u00e5 ti gange kompensation for falske varer er vores butikspolitik.<\/p>\n<h3>Eftersalgsservice:<\/h3>\n<p>For mere detaljerede engrospriser, minimumsordrer og tilg\u00e6ngelige smagsvarianter, kontakt venligst vores salgschef Vicky <a href=\"https:\/\/wa.me\/8618077105750\">whatsapp:+45 1807 710 575<\/a><\/p>\n<p><img decoding=\"async\" class=\"alignnone size-full wp-image-2638\" src=\"https:\/\/vapehosale.com\/wp-content\/uploads\/2023\/09\/885301ea6f5e0b91f5ab2b1c85e665c.png\" alt=\"RandM Fabrik\" width=\"670\" height=\"658\" srcset=\"https:\/\/vapehosale.com\/wp-content\/uploads\/2023\/09\/885301ea6f5e0b91f5ab2b1c85e665c.png 670w, https:\/\/vapehosale.com\/wp-content\/uploads\/2023\/09\/885301ea6f5e0b91f5ab2b1c85e665c-300x295.png 300w, https:\/\/vapehosale.com\/wp-content\/uploads\/2023\/09\/885301ea6f5e0b91f5ab2b1c85e665c-600x589.png 600w\" sizes=\"(max-width: 670px) 100vw, 670px\" \/><\/p>","protected":false},"excerpt":{"rendered":"<p>Vapme Crystal 7000 Puffs genopladelig vape af h\u00f8j kvalitet er en meget popul\u00e6r engangsenhed p\u00e5 det europ\u00e6iske marked, der er i alt 43 tilg\u00e6ngelige smagsvarianter.<span style=\"color: #ff0000\">Prisen p\u00e5 hjemmesiden inkluderer ikke fragtomkostninger.\u00a0<\/span><\/p>\n<p>Kontakt salgschef Vicky for at f\u00e5 rabat i dag,<strong><span style=\"color: #ff0000\">Minimumsordre kun 50 stk!\u00a0<\/span><\/strong><\/p>\n<p><img decoding=\"async\" class=\"alignnone size-medium wp-image-2638\" src=\"https:\/\/vapehosale.com\/wp-content\/uploads\/2023\/09\/885301ea6f5e0b91f5ab2b1c85e665c-300x295.png\" alt=\"RandM Fabrik\" width=\"300\" height=\"295\" srcset=\"https:\/\/vapehosale.com\/wp-content\/uploads\/2023\/09\/885301ea6f5e0b91f5ab2b1c85e665c-300x295.png 300w, https:\/\/vapehosale.com\/wp-content\/uploads\/2023\/09\/885301ea6f5e0b91f5ab2b1c85e665c-600x589.png 600w, https:\/\/vapehosale.com\/wp-content\/uploads\/2023\/09\/885301ea6f5e0b91f5ab2b1c85e665c.png 670w\" sizes=\"(max-width: 300px) 100vw, 300px\" \/><\/p>\n<p>&nbsp;<\/p>\n<p>&nbsp;<\/p>","protected":false},"featured_media":1698,"comment_status":"open","ping_status":"closed","template":"","meta":{"_uag_custom_page_level_css":"","_lmt_disableupdate":"no","_lmt_disable":"","site-sidebar-layout":"default","site-content-layout":"","ast-site-content-layout":"default","site-content-style":"default","site-sidebar-style":"default","ast-global-header-display":"","ast-banner-title-visibility":"","ast-main-header-display":"","ast-hfb-above-header-display":"","ast-hfb-below-header-display":"","ast-hfb-mobile-header-display":"","site-post-title":"","ast-breadcrumbs-content":"","ast-featured-img":"","footer-sml-layout":"","theme-transparent-header-meta":"default","adv-header-id-meta":"","stick-header-meta":"","header-above-stick-meta":"","header-main-stick-meta":"","header-below-stick-meta":"","astra-migrate-meta-layouts":"set","_joinchat":[]},"product_cat":[15,55,91,137],"product_tag":[35,33,53],"class_list":["post-1695","product","type-product","status-publish","has-post-thumbnail","hentry","product_cat-vape-shop-wholesale","product_cat-minimum-order-quantity-50pcs","product_cat-7000-puffs-disposable-vape","product_cat-vapme-vape","product_tag-rechargeable-disposable-device","product_tag-rgb-light-disposable-vape","product_tag-vapme-vape","desktop-align-left","tablet-align-left","mobile-align-left"],"yoast_head":"<!-- This site is optimized with the Yoast SEO plugin v21.1 - https:\/\/yoast.com\/wordpress\/plugins\/seo\/ -->\n<title>Wholesale Vapme Crystal 7k Puffs Disposable Vape - Vape Wholesale<\/title>\n<meta name=\"description\" content=\"Want to wholesale High quality Vapme Crystal 7000? get a big disscount on wholesale disposable vape on this shop! More disccount waitting for you!\" \/>\n<meta name=\"robots\" content=\"index, follow, max-snippet:-1, max-image-preview:large, max-video-preview:-1\" \/>\n<link rel=\"canonical\" href=\"https:\/\/vapehosale.com\/da\/product\/vapme-crystal-7000\/\" \/>\n<meta property=\"og:locale\" content=\"da_DK\" \/>\n<meta property=\"og:type\" content=\"article\" \/>\n<meta property=\"og:title\" content=\"Wholesale Vapme Crystal 7k Puffs Disposable Vape - Vape Wholesale\" \/>\n<meta property=\"og:description\" content=\"Want to wholesale High quality Vapme Crystal 7000? get a big disscount on wholesale disposable vape on this shop! More disccount waitting for you!\" \/>\n<meta property=\"og:url\" content=\"https:\/\/vapehosale.com\/da\/product\/vapme-crystal-7000\/\" \/>\n<meta property=\"og:site_name\" content=\"Vape Wholesale\" \/>\n<meta property=\"article:modified_time\" content=\"2026-03-20T08:08:31+00:00\" \/>\n<meta property=\"og:image\" content=\"https:\/\/vapehosale.com\/wp-content\/uploads\/2023\/10\/High-Quality-Vapme-Crystal-7000-Puffs-.jpg\" \/>\n\t<meta property=\"og:image:width\" content=\"800\" \/>\n\t<meta property=\"og:image:height\" content=\"800\" \/>\n\t<meta property=\"og:image:type\" content=\"image\/jpeg\" \/>\n<meta name=\"twitter:card\" content=\"summary_large_image\" \/>\n<meta name=\"twitter:label1\" content=\"Estimeret l\u00e6setid\" \/>\n\t<meta name=\"twitter:data1\" content=\"4 minutter\" \/>\n<script type=\"application\/ld+json\" class=\"yoast-schema-graph\">{\"@context\":\"https:\/\/schema.org\",\"@graph\":[{\"@type\":\"WebPage\",\"@id\":\"https:\/\/vapehosale.com\/product\/vapme-crystal-7000\/\",\"url\":\"https:\/\/vapehosale.com\/product\/vapme-crystal-7000\/\",\"name\":\"Wholesale Vapme Crystal 7k Puffs Disposable Vape - Vape Wholesale\",\"isPartOf\":{\"@id\":\"https:\/\/vapehosale.com\/#website\"},\"datePublished\":\"2023-10-17T02:21:27+00:00\",\"dateModified\":\"2026-03-20T08:08:31+00:00\",\"description\":\"Want to wholesale High quality Vapme Crystal 7000? get a big disscount on wholesale disposable vape on this shop! More disccount waitting for you!\",\"breadcrumb\":{\"@id\":\"https:\/\/vapehosale.com\/product\/vapme-crystal-7000\/#breadcrumb\"},\"inLanguage\":\"da-DK\",\"potentialAction\":[{\"@type\":\"ReadAction\",\"target\":[\"https:\/\/vapehosale.com\/product\/vapme-crystal-7000\/\"]}]},{\"@type\":\"BreadcrumbList\",\"@id\":\"https:\/\/vapehosale.com\/product\/vapme-crystal-7000\/#breadcrumb\",\"itemListElement\":[{\"@type\":\"ListItem\",\"position\":1,\"name\":\"Home\",\"item\":\"https:\/\/vapehosale.com\/\"},{\"@type\":\"ListItem\",\"position\":2,\"name\":\"Best Sell Vapes\",\"item\":\"https:\/\/vapehosale.com\/vape-shop\/\"},{\"@type\":\"ListItem\",\"position\":3,\"name\":\"Wholesale Vapme Crystal 7k Puffs Disposable Vape\"}]},{\"@type\":\"WebSite\",\"@id\":\"https:\/\/vapehosale.com\/#website\",\"url\":\"https:\/\/vapehosale.com\/\",\"name\":\"Vape Wholesale\",\"description\":\"Buy Vape Wholesale Price Near you\",\"potentialAction\":[{\"@type\":\"SearchAction\",\"target\":{\"@type\":\"EntryPoint\",\"urlTemplate\":\"https:\/\/vapehosale.com\/?s={search_term_string}\"},\"query-input\":\"required name=search_term_string\"}],\"inLanguage\":\"da-DK\"}]}<\/script>\n<!-- \/ Yoast SEO plugin. -->","yoast_head_json":{"title":"Wholesale Vapme Crystal 7k Puffs Disposable Vape - Vape Wholesale","description":"Want to wholesale High quality Vapme Crystal 7000? get a big disscount on wholesale disposable vape on this shop! More disccount waitting for you!","robots":{"index":"index","follow":"follow","max-snippet":"max-snippet:-1","max-image-preview":"max-image-preview:large","max-video-preview":"max-video-preview:-1"},"canonical":"https:\/\/vapehosale.com\/da\/product\/vapme-crystal-7000\/","og_locale":"da_DK","og_type":"article","og_title":"Wholesale Vapme Crystal 7k Puffs Disposable Vape - Vape Wholesale","og_description":"Want to wholesale High quality Vapme Crystal 7000? get a big disscount on wholesale disposable vape on this shop! More disccount waitting for you!","og_url":"https:\/\/vapehosale.com\/da\/product\/vapme-crystal-7000\/","og_site_name":"Vape Wholesale","article_modified_time":"2026-03-20T08:08:31+00:00","og_image":[{"width":800,"height":800,"url":"https:\/\/vapehosale.com\/wp-content\/uploads\/2023\/10\/High-Quality-Vapme-Crystal-7000-Puffs-.jpg","type":"image\/jpeg"}],"twitter_card":"summary_large_image","twitter_misc":{"Estimeret l\u00e6setid":"4 minutter"},"schema":{"@context":"https:\/\/schema.org","@graph":[{"@type":"WebPage","@id":"https:\/\/vapehosale.com\/product\/vapme-crystal-7000\/","url":"https:\/\/vapehosale.com\/product\/vapme-crystal-7000\/","name":"Wholesale Vapme Crystal 7k Puffs Disposable Vape - Vape Wholesale","isPartOf":{"@id":"https:\/\/vapehosale.com\/#website"},"datePublished":"2023-10-17T02:21:27+00:00","dateModified":"2026-03-20T08:08:31+00:00","description":"Want to wholesale High quality Vapme Crystal 7000? get a big disscount on wholesale disposable vape on this shop! More disccount waitting for you!","breadcrumb":{"@id":"https:\/\/vapehosale.com\/product\/vapme-crystal-7000\/#breadcrumb"},"inLanguage":"da-DK","potentialAction":[{"@type":"ReadAction","target":["https:\/\/vapehosale.com\/product\/vapme-crystal-7000\/"]}]},{"@type":"BreadcrumbList","@id":"https:\/\/vapehosale.com\/product\/vapme-crystal-7000\/#breadcrumb","itemListElement":[{"@type":"ListItem","position":1,"name":"Home","item":"https:\/\/vapehosale.com\/"},{"@type":"ListItem","position":2,"name":"Best Sell Vapes","item":"https:\/\/vapehosale.com\/vape-shop\/"},{"@type":"ListItem","position":3,"name":"Wholesale Vapme Crystal 7k Puffs Disposable Vape"}]},{"@type":"WebSite","@id":"https:\/\/vapehosale.com\/#website","url":"https:\/\/vapehosale.com\/","name":"Vape Wholesale","description":"Buy Vape Wholesale Price Near you","potentialAction":[{"@type":"SearchAction","target":{"@type":"EntryPoint","urlTemplate":"https:\/\/vapehosale.com\/?s={search_term_string}"},"query-input":"required name=search_term_string"}],"inLanguage":"da-DK"}]}},"uagb_featured_image_src":{"full":["https:\/\/vapehosale.com\/wp-content\/uploads\/2023\/10\/High-Quality-Vapme-Crystal-7000-Puffs-.jpg",800,800,false],"thumbnail":["https:\/\/vapehosale.com\/wp-content\/uploads\/2023\/10\/High-Quality-Vapme-Crystal-7000-Puffs--150x150.jpg",150,150,true],"medium":["https:\/\/vapehosale.com\/wp-content\/uploads\/2023\/10\/High-Quality-Vapme-Crystal-7000-Puffs--300x300.jpg",300,300,true],"medium_large":["https:\/\/vapehosale.com\/wp-content\/uploads\/2023\/10\/High-Quality-Vapme-Crystal-7000-Puffs--768x768.jpg",768,768,true],"large":["https:\/\/vapehosale.com\/wp-content\/uploads\/2023\/10\/High-Quality-Vapme-Crystal-7000-Puffs-.jpg",800,800,false],"1536x1536":["https:\/\/vapehosale.com\/wp-content\/uploads\/2023\/10\/High-Quality-Vapme-Crystal-7000-Puffs-.jpg",800,800,false],"2048x2048":["https:\/\/vapehosale.com\/wp-content\/uploads\/2023\/10\/High-Quality-Vapme-Crystal-7000-Puffs-.jpg",800,800,false],"trp-custom-language-flag":["https:\/\/vapehosale.com\/wp-content\/uploads\/2023\/10\/High-Quality-Vapme-Crystal-7000-Puffs-.jpg",12,12,false],"woocommerce_thumbnail":["https:\/\/vapehosale.com\/wp-content\/uploads\/2023\/10\/High-Quality-Vapme-Crystal-7000-Puffs--300x300.jpg",300,300,true],"woocommerce_single":["https:\/\/vapehosale.com\/wp-content\/uploads\/2023\/10\/High-Quality-Vapme-Crystal-7000-Puffs--600x600.jpg",600,600,true],"woocommerce_gallery_thumbnail":["https:\/\/vapehosale.com\/wp-content\/uploads\/2023\/10\/High-Quality-Vapme-Crystal-7000-Puffs--100x100.jpg",100,100,true],"wcpr-photo-reviews":["https:\/\/vapehosale.com\/wp-content\/uploads\/2023\/10\/High-Quality-Vapme-Crystal-7000-Puffs-.jpg",500,500,false]},"uagb_author_info":{"display_name":"Vicky hosale","author_link":"https:\/\/vapehosale.com\/da\/author\/"},"uagb_comment_info":0,"uagb_excerpt":"high-quality Vapme Crystal 7000 Puffs rechargeable vape are a very hot sale disposable device in the european market , there are a total of 43 flavors is available.The website price does not include shipping costs.\u00a0 Contact sales manager vicky get disccount today,Min order only 50pcs!\u00a0 &nbsp; &nbsp;","_links":{"self":[{"href":"https:\/\/vapehosale.com\/da\/wp-json\/wp\/v2\/product\/1695","targetHints":{"allow":["GET"]}}],"collection":[{"href":"https:\/\/vapehosale.com\/da\/wp-json\/wp\/v2\/product"}],"about":[{"href":"https:\/\/vapehosale.com\/da\/wp-json\/wp\/v2\/types\/product"}],"replies":[{"embeddable":true,"href":"https:\/\/vapehosale.com\/da\/wp-json\/wp\/v2\/comments?post=1695"}],"wp:featuredmedia":[{"embeddable":true,"href":"https:\/\/vapehosale.com\/da\/wp-json\/wp\/v2\/media\/1698"}],"wp:attachment":[{"href":"https:\/\/vapehosale.com\/da\/wp-json\/wp\/v2\/media?parent=1695"}],"wp:term":[{"taxonomy":"product_cat","embeddable":true,"href":"https:\/\/vapehosale.com\/da\/wp-json\/wp\/v2\/product_cat?post=1695"},{"taxonomy":"product_tag","embeddable":true,"href":"https:\/\/vapehosale.com\/da\/wp-json\/wp\/v2\/product_tag?post=1695"}],"curies":[{"name":"wp","href":"https:\/\/api.w.org\/{rel}","templated":true}]}}