{"id":1572,"date":"2023-09-27T08:09:18","date_gmt":"2023-09-27T08:09:18","guid":{"rendered":"https:\/\/vapehosale.com\/?post_type=product&#038;p=1572"},"modified":"2024-10-16T09:20:58","modified_gmt":"2024-10-16T09:20:58","slug":"vbon-9000-puffs-disposable-vape","status":"publish","type":"product","link":"https:\/\/vapehosale.com\/da\/product\/vbon-9000-puffs-disposable-vape\/","title":{"rendered":"Engros VBON 9000 Pust Engangsvape 20mg"},"content":{"rendered":"<h2 style=\"text-align: center\">Hvad er VBON 9000 Pust Engangs Vape?<\/h2>\n<p>Engangs vape VBON 9000 pust er en af de mest popul\u00e6re engangs e-cigaretter i Italien. Den er udstyret med RGB-lys i bunden og vil udsende et cool RGB-lys, hver gang du tager et pust. vapen indeholder 18ML e-v\u00e6ske og et 600mah genopladeligt batteri, s\u00e5 brug af Type-c opladning kan give 9000 pust.<\/p>\n<p><img decoding=\"async\" class=\"alignnone size-full wp-image-1573\" src=\"https:\/\/vapehosale.com\/wp-content\/uploads\/2023\/09\/France-hot-sale-VBON-9000-Puffs-Disposable-vape-wholesale-.png\" alt=\"Frankrig hot salg VBON 9000 Puffs engangs vape engros\" width=\"809\" height=\"834\" srcset=\"https:\/\/vapehosale.com\/wp-content\/uploads\/2023\/09\/France-hot-sale-VBON-9000-Puffs-Disposable-vape-wholesale-.png 809w, https:\/\/vapehosale.com\/wp-content\/uploads\/2023\/09\/France-hot-sale-VBON-9000-Puffs-Disposable-vape-wholesale--291x300.png 291w, https:\/\/vapehosale.com\/wp-content\/uploads\/2023\/09\/France-hot-sale-VBON-9000-Puffs-Disposable-vape-wholesale--768x792.png 768w, https:\/\/vapehosale.com\/wp-content\/uploads\/2023\/09\/France-hot-sale-VBON-9000-Puffs-Disposable-vape-wholesale--600x619.png 600w\" sizes=\"(max-width: 809px) 100vw, 809px\" \/><\/p>\n<p>&nbsp;<\/p>\n<h4>Tror du, du m\u00e5ske vil vide om VBON 9000 Pust<\/h4>\n<p>&nbsp;<\/p>\n<h6>1.Kan jeg slukke for RGB-lyset?<\/h6>\n<p>Du kan ikke slukke for VBons RGB-lys, fordi det seje RGB-lys er en funktion i VBon 9000 pust engangs elektronisk cigaret, det vil blive udl\u00f8st med hvert pust, indtil batteriet l\u00f8ber t\u00f8r.<\/p>\n<h5>2.Hvad er den bedste smag?<\/h5>\n<p>Jeg anbefaler personligt f\u00f8lgende 3 smagsvarianter til folk, der bruger e-cigaretter for f\u00f8rste gang og \u00f8nsker at stoppe med e-cigaretter<br \/>\nTop 1: Red Bull<\/p>\n<p>Top 2: Vandmelon Is<\/p>\n<p>Top 3: Mamba<\/p>\n<p>\uf06cKan den genoplades? Ja, type-c genopladning<br \/>\n\uf06cHvad er den foresl\u00e5ede detailpris? 12-15\u20ac<br \/>\n\uf06cHvor mange pust kan jeg f\u00e5 fra en VBON 9000 Pust engangsenhed?<br \/>\n\uf06cKan jeg genopfylde Vbon 9000 S\u00e6ttet?<\/p>\n<h4>Specifikationer:<\/h4>\n<p>1. 2% \/ 5% Nikotinniveau<br \/>\n2.Pust: 9000 Pust langtidsholdbar engangs vape<br \/>\n3.Kapacitet: 18ml<br \/>\n4.30 smagsvarianter tilg\u00e6ngelige<br \/>\n5. Indbygget 600Mah<br \/>\n6.Type-C genopladning<br \/>\n7.Fremstillet i Kina<\/p>\n<h4>Smagsliste:<\/h4>\n<p>1. Kiwi passionsfrugt guava<\/p>\n<p>2.Blandede B\u00e6r<\/p>\n<p>3. Bl\u00e5 Hindb\u00e6r Is<\/p>\n<p>4. Bl\u00e5b\u00e6r granat\u00e6ble<\/p>\n<p>5. Bl\u00e5b\u00e6r kirseb\u00e6r traneb\u00e6r<\/p>\n<p>6. Red Bull<\/p>\n<p>vandmelonis<\/p>\n<p>8. Vandmelon Brazz Ice<\/p>\n<p>9.Jordb\u00e6r Vandmelon<\/p>\n<p>10. Jordb\u00e6r limonade<\/p>\n<p>11. Jordb\u00e6rcreme<\/p>\n<p>12. Jordb\u00e6ris<\/p>\n<p>13.Jordb\u00e6r kiwi<\/p>\n<p>14. Jordb\u00e6r vandmelon limonade<\/p>\n<p>15. Mango p\u00e5 is<\/p>\n<p>16. Fersken is<\/p>\n<p>17. Fersken mango<\/p>\n<p>18. Bl\u00e5b\u00e6r is<\/p>\n<p>19. Fersken mango ananas<\/p>\n<p>20. Fersken bl\u00e5b\u00e6r slik<\/p>\n<p>21. Gummibj\u00f8rn<\/p>\n<p>22. Mango fersken guava<\/p>\n<p>23. Passionsfrugt appelsin guava<\/p>\n<p>24. R\u00f8d \u00e6ble is<\/p>\n<p>25. Fersken citron<\/p>\n<p>26. Citron mynte lime<\/p>\n<p>27. Jordb\u00e6r ananas appelsin<\/p>\n<p>28. \u00c6ble fersken<\/p>\n<p>29. Shake shake is<\/p>\n<p>30. mandag<\/p>\n<p><a href=\"https:\/\/vapehosale.com\/da\/product\/randm-tornado-7000-puffs-disposable-vape\/\">Hot salg vape RandM Tornado 7000<\/a> og <a href=\"https:\/\/vapehosale.com\/da\/product\/bulk-buy-randm-tornado-9000\/\">RandM Tornado 9000 Puffs<\/a> Engros <a href=\"https:\/\/vapehosale.com\/da\/product\/fumot-digital-box-12000-puffs\/\">Fumot Digital Box 12000 Pust<\/a><br \/>\nKontakt for produktkatalog:<a href=\"https:\/\/wa.me\/8618077105750\">k\u00f8b nu<\/a><\/p>\n<p>Andre engangs vapes du m\u00e5ske kan lide:<a href=\"https:\/\/vapehosale.com\/da\/product\/bulk-buy-bang-king-12000\/\">Bang king 12000 sug<\/a>\/<a href=\"https:\/\/vapehosale.com\/da\/product\/sidia-12000-puffs-disposable-device\/\">Vapme 12000 sug<\/a>\/Vapme 7000 sug\/Bang 8000 sug\/ELFBAR bc5000 sug<\/p>\n<p>Speciel form model vape:<a href=\"https:\/\/vapehosale.com\/da\/product\/bulk-buy-bang-king-12000\/\">flaskeform<\/a>\/Cola d\u00e5se\/<a href=\"https:\/\/vapehosale.com\/da\/product\/sidia-12000-puffs-disposable-device\/\">RGB lys<\/a>\/Krystal<\/p>\n<h4>Forsendelsesdetaljer:<\/h4>\n<p>Produktionstid: 3-10 arbejdsdage<br \/>\nLeveringstid: 8-14 arbejdsdage<\/p>\n<p>Alle produkter i vores butik er 100% originale og autentiske, s\u00e5 ti gange kompensation for falske varer er vores butikspolitik.<\/p>\n<h3>Eftersalgsservice:<\/h3>\n<p><span style=\"color: #ff0000\">Bem\u00e6rk: Ingen refusioner eller ombytninger for ikke-kvalitetsproblemer<\/span><br \/>\n1. Kunder kan v\u00e6lge den smag, de \u00f8nsker, men hvis smagen er udsolgt, vil produktionsafdelingen v\u00e6lge en popul\u00e6r smag som erstatning. Kunder har ikke ret til at anmode om refusion eller ombytning baseret p\u00e5 smag.<\/p>\n<p>2. N\u00e5r der opst\u00e5r kvalitetsproblemer, bedes du give specifikke video- og billedbeskrivelser.<br \/>\nHvis du ikke kan freml\u00e6gge beviser som videoer og fotos, kan varerne ikke udskiftes.<\/p>\n<p>For mere detaljerede engrospriser, minimumsordrer og tilg\u00e6ngelige smagsvarianter, kontakt venligst vores salgschef Vicky <a href=\"https:\/\/wa.me\/8618077105750\">whatsapp:+45 1807 710 575<\/a><\/p>\n<p>&nbsp;<\/p>\n<p>&nbsp;<\/p>\n<h4 style=\"text-align: center\">Forsendelse og fabriksfremvisning:<\/h4>\n<p><img decoding=\"async\" class=\"alignnone size-medium wp-image-1422\" src=\"https:\/\/vapehosale.com\/wp-content\/uploads\/2023\/09\/factory-2-300x200.jpg\" alt=\"Vape fabrik (2)\" width=\"300\" height=\"200\" srcset=\"https:\/\/vapehosale.com\/wp-content\/uploads\/2023\/09\/factory-2-300x200.jpg 300w, https:\/\/vapehosale.com\/wp-content\/uploads\/2023\/09\/factory-2-1024x682.jpg 1024w, https:\/\/vapehosale.com\/wp-content\/uploads\/2023\/09\/factory-2-768x512.jpg 768w, https:\/\/vapehosale.com\/wp-content\/uploads\/2023\/09\/factory-2-600x400.jpg 600w, https:\/\/vapehosale.com\/wp-content\/uploads\/2023\/09\/factory-2.jpg 1280w\" sizes=\"(max-width: 300px) 100vw, 300px\" \/><img decoding=\"async\" class=\"alignnone size-medium wp-image-1423\" src=\"https:\/\/vapehosale.com\/wp-content\/uploads\/2023\/09\/RANDM-TORNADO-12000-VAEP-FACTORY-300x225.jpg\" alt=\"RANDM TORNADO 12000 VAEP FABRIK\" width=\"300\" height=\"225\" srcset=\"https:\/\/vapehosale.com\/wp-content\/uploads\/2023\/09\/RANDM-TORNADO-12000-VAEP-FACTORY-300x225.jpg 300w, https:\/\/vapehosale.com\/wp-content\/uploads\/2023\/09\/RANDM-TORNADO-12000-VAEP-FACTORY-1024x768.jpg 1024w, https:\/\/vapehosale.com\/wp-content\/uploads\/2023\/09\/RANDM-TORNADO-12000-VAEP-FACTORY-768x576.jpg 768w, https:\/\/vapehosale.com\/wp-content\/uploads\/2023\/09\/RANDM-TORNADO-12000-VAEP-FACTORY-1536x1152.jpg 1536w, https:\/\/vapehosale.com\/wp-content\/uploads\/2023\/09\/RANDM-TORNADO-12000-VAEP-FACTORY-600x450.jpg 600w, https:\/\/vapehosale.com\/wp-content\/uploads\/2023\/09\/RANDM-TORNADO-12000-VAEP-FACTORY.jpg 1702w\" sizes=\"(max-width: 300px) 100vw, 300px\" \/><img decoding=\"async\" class=\"alignnone size-medium wp-image-1425\" src=\"https:\/\/vapehosale.com\/wp-content\/uploads\/2023\/09\/WAREHOUSE-300x193.jpg\" alt=\"LAGER\" width=\"300\" height=\"193\" srcset=\"https:\/\/vapehosale.com\/wp-content\/uploads\/2023\/09\/WAREHOUSE-300x193.jpg 300w, https:\/\/vapehosale.com\/wp-content\/uploads\/2023\/09\/WAREHOUSE.jpg 557w\" sizes=\"(max-width: 300px) 100vw, 300px\" \/><img decoding=\"async\" class=\"alignnone size-medium wp-image-1564\" src=\"https:\/\/vapehosale.com\/wp-content\/uploads\/2023\/09\/f9454add9518c005b999699bbc181d1-169x300.jpg\" alt=\"Vape fabrik forsendelse\" width=\"169\" height=\"300\" srcset=\"https:\/\/vapehosale.com\/wp-content\/uploads\/2023\/09\/f9454add9518c005b999699bbc181d1-169x300.jpg 169w, https:\/\/vapehosale.com\/wp-content\/uploads\/2023\/09\/f9454add9518c005b999699bbc181d1-576x1024.jpg 576w, https:\/\/vapehosale.com\/wp-content\/uploads\/2023\/09\/f9454add9518c005b999699bbc181d1-768x1365.jpg 768w, https:\/\/vapehosale.com\/wp-content\/uploads\/2023\/09\/f9454add9518c005b999699bbc181d1-864x1536.jpg 864w, https:\/\/vapehosale.com\/wp-content\/uploads\/2023\/09\/f9454add9518c005b999699bbc181d1-600x1067.jpg 600w, https:\/\/vapehosale.com\/wp-content\/uploads\/2023\/09\/f9454add9518c005b999699bbc181d1.jpg 1080w\" sizes=\"(max-width: 169px) 100vw, 169px\" \/><\/p>","protected":false},"excerpt":{"rendered":"<p>VBON 9000 Pust Engangss\u00e6t bruger type-c til at genoplade, hver enhed indeholder 600mah batteri og 18ml olie, du kan bruge det hvor som helst, men ikke offentlige steder, kontakt vicky for engrosordre, minimumsordre beh\u00f8ver kun 100 stk<\/p>\n<p><img decoding=\"async\" class=\"alignnone size-medium wp-image-2638\" src=\"https:\/\/vapehosale.com\/wp-content\/uploads\/2023\/09\/885301ea6f5e0b91f5ab2b1c85e665c-300x295.png\" alt=\"RandM Fabrik\" width=\"300\" height=\"295\" srcset=\"https:\/\/vapehosale.com\/wp-content\/uploads\/2023\/09\/885301ea6f5e0b91f5ab2b1c85e665c-300x295.png 300w, https:\/\/vapehosale.com\/wp-content\/uploads\/2023\/09\/885301ea6f5e0b91f5ab2b1c85e665c-600x589.png 600w, https:\/\/vapehosale.com\/wp-content\/uploads\/2023\/09\/885301ea6f5e0b91f5ab2b1c85e665c.png 670w\" sizes=\"(max-width: 300px) 100vw, 300px\" \/><\/p>\n<p><span style=\"color: #ff0000\">NOTE: Webstedets pris inkluderer ikke forsendelsesomkostninger. Venligst oplys dit postnummer for at f\u00e5 oplysninger om forsendelsesomkostninger.<\/span><\/p>\n<p>&nbsp;<\/p>","protected":false},"featured_media":1578,"comment_status":"open","ping_status":"closed","template":"","meta":{"_uag_custom_page_level_css":"","_lmt_disableupdate":"","_lmt_disable":"","site-sidebar-layout":"default","site-content-layout":"","ast-site-content-layout":"default","site-content-style":"default","site-sidebar-style":"default","ast-global-header-display":"","ast-banner-title-visibility":"","ast-main-header-display":"","ast-hfb-above-header-display":"","ast-hfb-below-header-display":"","ast-hfb-mobile-header-display":"","site-post-title":"","ast-breadcrumbs-content":"","ast-featured-img":"","footer-sml-layout":"","theme-transparent-header-meta":"default","adv-header-id-meta":"","stick-header-meta":"","header-above-stick-meta":"","header-main-stick-meta":"","header-below-stick-meta":"","astra-migrate-meta-layouts":"set","_joinchat":[]},"product_cat":[86,15],"product_tag":[35,33,40],"class_list":["post-1572","product","type-product","status-publish","has-post-thumbnail","hentry","product_cat-9000-vape","product_cat-vape-shop-wholesale","product_tag-rechargeable-disposable-device","product_tag-rgb-light-disposable-vape","product_tag-sidia-vape","desktop-align-left","tablet-align-left","mobile-align-left"],"yoast_head":"<!-- This site is optimized with the Yoast SEO plugin v21.1 - https:\/\/yoast.com\/wordpress\/plugins\/seo\/ -->\n<title>Wholesale VBON 9000 Puffs Disposable Vape 20mg - Vape Wholesale<\/title>\n<meta name=\"description\" content=\"VBON 9000 Puffs is a rechargeable disposable device that contains 18ml e-liquid and an 600mah rechargeble battery\uff0ceach device provide 9000 puffs.\" \/>\n<meta name=\"robots\" content=\"index, follow, max-snippet:-1, max-image-preview:large, max-video-preview:-1\" \/>\n<link rel=\"canonical\" href=\"https:\/\/vapehosale.com\/da\/product\/vbon-9000-puffs-disposable-vape\/\" \/>\n<meta property=\"og:locale\" content=\"da_DK\" \/>\n<meta property=\"og:type\" content=\"article\" \/>\n<meta property=\"og:title\" content=\"Wholesale VBON 9000 Puffs Disposable Vape 20mg - Vape Wholesale\" \/>\n<meta property=\"og:description\" content=\"VBON 9000 Puffs is a rechargeable disposable device that contains 18ml e-liquid and an 600mah rechargeble battery\uff0ceach device provide 9000 puffs.\" \/>\n<meta property=\"og:url\" content=\"https:\/\/vapehosale.com\/da\/product\/vbon-9000-puffs-disposable-vape\/\" \/>\n<meta property=\"og:site_name\" content=\"Vape Wholesale\" \/>\n<meta property=\"article:modified_time\" content=\"2024-10-16T09:20:58+00:00\" \/>\n<meta property=\"og:image\" content=\"https:\/\/vapehosale.com\/wp-content\/uploads\/2023\/09\/Best-sale-VBON-9000-Puffs-Disposable-vape-wholesale-.jpg\" \/>\n\t<meta property=\"og:image:width\" content=\"800\" \/>\n\t<meta property=\"og:image:height\" content=\"800\" \/>\n\t<meta property=\"og:image:type\" content=\"image\/jpeg\" \/>\n<meta name=\"twitter:card\" content=\"summary_large_image\" \/>\n<meta name=\"twitter:label1\" content=\"Estimeret l\u00e6setid\" \/>\n\t<meta name=\"twitter:data1\" content=\"4 minutter\" \/>\n<script type=\"application\/ld+json\" class=\"yoast-schema-graph\">{\"@context\":\"https:\/\/schema.org\",\"@graph\":[{\"@type\":\"WebPage\",\"@id\":\"https:\/\/vapehosale.com\/product\/vbon-9000-puffs-disposable-vape\/\",\"url\":\"https:\/\/vapehosale.com\/product\/vbon-9000-puffs-disposable-vape\/\",\"name\":\"Wholesale VBON 9000 Puffs Disposable Vape 20mg - Vape Wholesale\",\"isPartOf\":{\"@id\":\"https:\/\/vapehosale.com\/#website\"},\"datePublished\":\"2023-09-27T08:09:18+00:00\",\"dateModified\":\"2024-10-16T09:20:58+00:00\",\"description\":\"VBON 9000 Puffs is a rechargeable disposable device that contains 18ml e-liquid and an 600mah rechargeble battery\uff0ceach device provide 9000 puffs.\",\"breadcrumb\":{\"@id\":\"https:\/\/vapehosale.com\/product\/vbon-9000-puffs-disposable-vape\/#breadcrumb\"},\"inLanguage\":\"da-DK\",\"potentialAction\":[{\"@type\":\"ReadAction\",\"target\":[\"https:\/\/vapehosale.com\/product\/vbon-9000-puffs-disposable-vape\/\"]}]},{\"@type\":\"BreadcrumbList\",\"@id\":\"https:\/\/vapehosale.com\/product\/vbon-9000-puffs-disposable-vape\/#breadcrumb\",\"itemListElement\":[{\"@type\":\"ListItem\",\"position\":1,\"name\":\"Home\",\"item\":\"https:\/\/vapehosale.com\/\"},{\"@type\":\"ListItem\",\"position\":2,\"name\":\"Best Sell Vapes\",\"item\":\"https:\/\/vapehosale.com\/vape-shop\/\"},{\"@type\":\"ListItem\",\"position\":3,\"name\":\"Wholesale VBON 9000 Puffs Disposable Vape 20mg\"}]},{\"@type\":\"WebSite\",\"@id\":\"https:\/\/vapehosale.com\/#website\",\"url\":\"https:\/\/vapehosale.com\/\",\"name\":\"Vape Wholesale\",\"description\":\"Buy Vape Wholesale Price Near you\",\"potentialAction\":[{\"@type\":\"SearchAction\",\"target\":{\"@type\":\"EntryPoint\",\"urlTemplate\":\"https:\/\/vapehosale.com\/?s={search_term_string}\"},\"query-input\":\"required name=search_term_string\"}],\"inLanguage\":\"da-DK\"}]}<\/script>\n<!-- \/ Yoast SEO plugin. -->","yoast_head_json":{"title":"Wholesale VBON 9000 Puffs Disposable Vape 20mg - Vape Wholesale","description":"VBON 9000 Puffs is a rechargeable disposable device that contains 18ml e-liquid and an 600mah rechargeble battery\uff0ceach device provide 9000 puffs.","robots":{"index":"index","follow":"follow","max-snippet":"max-snippet:-1","max-image-preview":"max-image-preview:large","max-video-preview":"max-video-preview:-1"},"canonical":"https:\/\/vapehosale.com\/da\/product\/vbon-9000-puffs-disposable-vape\/","og_locale":"da_DK","og_type":"article","og_title":"Wholesale VBON 9000 Puffs Disposable Vape 20mg - Vape Wholesale","og_description":"VBON 9000 Puffs is a rechargeable disposable device that contains 18ml e-liquid and an 600mah rechargeble battery\uff0ceach device provide 9000 puffs.","og_url":"https:\/\/vapehosale.com\/da\/product\/vbon-9000-puffs-disposable-vape\/","og_site_name":"Vape Wholesale","article_modified_time":"2024-10-16T09:20:58+00:00","og_image":[{"width":800,"height":800,"url":"https:\/\/vapehosale.com\/wp-content\/uploads\/2023\/09\/Best-sale-VBON-9000-Puffs-Disposable-vape-wholesale-.jpg","type":"image\/jpeg"}],"twitter_card":"summary_large_image","twitter_misc":{"Estimeret l\u00e6setid":"4 minutter"},"schema":{"@context":"https:\/\/schema.org","@graph":[{"@type":"WebPage","@id":"https:\/\/vapehosale.com\/product\/vbon-9000-puffs-disposable-vape\/","url":"https:\/\/vapehosale.com\/product\/vbon-9000-puffs-disposable-vape\/","name":"Wholesale VBON 9000 Puffs Disposable Vape 20mg - Vape Wholesale","isPartOf":{"@id":"https:\/\/vapehosale.com\/#website"},"datePublished":"2023-09-27T08:09:18+00:00","dateModified":"2024-10-16T09:20:58+00:00","description":"VBON 9000 Puffs is a rechargeable disposable device that contains 18ml e-liquid and an 600mah rechargeble battery\uff0ceach device provide 9000 puffs.","breadcrumb":{"@id":"https:\/\/vapehosale.com\/product\/vbon-9000-puffs-disposable-vape\/#breadcrumb"},"inLanguage":"da-DK","potentialAction":[{"@type":"ReadAction","target":["https:\/\/vapehosale.com\/product\/vbon-9000-puffs-disposable-vape\/"]}]},{"@type":"BreadcrumbList","@id":"https:\/\/vapehosale.com\/product\/vbon-9000-puffs-disposable-vape\/#breadcrumb","itemListElement":[{"@type":"ListItem","position":1,"name":"Home","item":"https:\/\/vapehosale.com\/"},{"@type":"ListItem","position":2,"name":"Best Sell Vapes","item":"https:\/\/vapehosale.com\/vape-shop\/"},{"@type":"ListItem","position":3,"name":"Wholesale VBON 9000 Puffs Disposable Vape 20mg"}]},{"@type":"WebSite","@id":"https:\/\/vapehosale.com\/#website","url":"https:\/\/vapehosale.com\/","name":"Vape Wholesale","description":"Buy Vape Wholesale Price Near you","potentialAction":[{"@type":"SearchAction","target":{"@type":"EntryPoint","urlTemplate":"https:\/\/vapehosale.com\/?s={search_term_string}"},"query-input":"required name=search_term_string"}],"inLanguage":"da-DK"}]}},"uagb_featured_image_src":{"full":["https:\/\/vapehosale.com\/wp-content\/uploads\/2023\/09\/Best-sale-VBON-9000-Puffs-Disposable-vape-wholesale-.jpg",800,800,false],"thumbnail":["https:\/\/vapehosale.com\/wp-content\/uploads\/2023\/09\/Best-sale-VBON-9000-Puffs-Disposable-vape-wholesale--150x150.jpg",150,150,true],"medium":["https:\/\/vapehosale.com\/wp-content\/uploads\/2023\/09\/Best-sale-VBON-9000-Puffs-Disposable-vape-wholesale--300x300.jpg",300,300,true],"medium_large":["https:\/\/vapehosale.com\/wp-content\/uploads\/2023\/09\/Best-sale-VBON-9000-Puffs-Disposable-vape-wholesale--768x768.jpg",768,768,true],"large":["https:\/\/vapehosale.com\/wp-content\/uploads\/2023\/09\/Best-sale-VBON-9000-Puffs-Disposable-vape-wholesale-.jpg",800,800,false],"1536x1536":["https:\/\/vapehosale.com\/wp-content\/uploads\/2023\/09\/Best-sale-VBON-9000-Puffs-Disposable-vape-wholesale-.jpg",800,800,false],"2048x2048":["https:\/\/vapehosale.com\/wp-content\/uploads\/2023\/09\/Best-sale-VBON-9000-Puffs-Disposable-vape-wholesale-.jpg",800,800,false],"trp-custom-language-flag":["https:\/\/vapehosale.com\/wp-content\/uploads\/2023\/09\/Best-sale-VBON-9000-Puffs-Disposable-vape-wholesale-.jpg",12,12,false],"woocommerce_thumbnail":["https:\/\/vapehosale.com\/wp-content\/uploads\/2023\/09\/Best-sale-VBON-9000-Puffs-Disposable-vape-wholesale--300x300.jpg",300,300,true],"woocommerce_single":["https:\/\/vapehosale.com\/wp-content\/uploads\/2023\/09\/Best-sale-VBON-9000-Puffs-Disposable-vape-wholesale--600x600.jpg",600,600,true],"woocommerce_gallery_thumbnail":["https:\/\/vapehosale.com\/wp-content\/uploads\/2023\/09\/Best-sale-VBON-9000-Puffs-Disposable-vape-wholesale--100x100.jpg",100,100,true],"wcpr-photo-reviews":["https:\/\/vapehosale.com\/wp-content\/uploads\/2023\/09\/Best-sale-VBON-9000-Puffs-Disposable-vape-wholesale-.jpg",500,500,false]},"uagb_author_info":{"display_name":"Vicky hosale","author_link":"https:\/\/vapehosale.com\/da\/author\/"},"uagb_comment_info":0,"uagb_excerpt":"VBON 9000 Puffs Disposable Kit use type-c to recharge,each device contain 600mah battery and 18ml oil, you can use it any where, but not public places, contact vicky for wholesale order, min order only need 100pcs NOTE: The website price does not include shipping costs. Please provide your postcode to check about shipping costs. &nbsp;","_links":{"self":[{"href":"https:\/\/vapehosale.com\/da\/wp-json\/wp\/v2\/product\/1572","targetHints":{"allow":["GET"]}}],"collection":[{"href":"https:\/\/vapehosale.com\/da\/wp-json\/wp\/v2\/product"}],"about":[{"href":"https:\/\/vapehosale.com\/da\/wp-json\/wp\/v2\/types\/product"}],"replies":[{"embeddable":true,"href":"https:\/\/vapehosale.com\/da\/wp-json\/wp\/v2\/comments?post=1572"}],"wp:featuredmedia":[{"embeddable":true,"href":"https:\/\/vapehosale.com\/da\/wp-json\/wp\/v2\/media\/1578"}],"wp:attachment":[{"href":"https:\/\/vapehosale.com\/da\/wp-json\/wp\/v2\/media?parent=1572"}],"wp:term":[{"taxonomy":"product_cat","embeddable":true,"href":"https:\/\/vapehosale.com\/da\/wp-json\/wp\/v2\/product_cat?post=1572"},{"taxonomy":"product_tag","embeddable":true,"href":"https:\/\/vapehosale.com\/da\/wp-json\/wp\/v2\/product_tag?post=1572"}],"curies":[{"name":"wp","href":"https:\/\/api.w.org\/{rel}","templated":true}]}}