{"id":1490,"date":"2023-09-21T02:02:20","date_gmt":"2023-09-21T02:02:20","guid":{"rendered":"https:\/\/vapehosale.com\/?post_type=product&#038;p=1490"},"modified":"2025-11-28T09:11:35","modified_gmt":"2025-11-28T09:11:35","slug":"fumot-digital-box-12000-puffs","status":"publish","type":"product","link":"https:\/\/vapehosale.com\/da\/product\/fumot-digital-box-12000-puffs\/","title":{"rendered":"Engros RandM Fumot Digital Box 12000 Puffs Vape"},"content":{"rendered":"<h1 style=\"text-align: center\">Engros Fumot Digital Box 12000 Puffs Genopladelig Vape<\/h1>\n<p>Fumot Digital Box 12000 Puffs-enheden har en enest\u00e5ende lang levetid, en genopladelig vape, der leverer bekr\u00e6ftede 12.000 pust drevet af dens betydelige 20 ml forfyldte e-v\u00e6skekapacitet og 850 mAh integrerede batteri, hvilket reducerer behovet for konstant genopladning eller genopfyldning. Den avancerede Mesh Coil sikrer effektiv fordampning af e-v\u00e6ske for en rigere smag og t\u00e6ttere skyer. Overv\u00e5g din brug tydeligt med det integrerede digitale boksdisplay, der viser batterilevetid og e-v\u00e6ske-niveauer. V\u00e6lg din foretrukne nikotinstyrke: 2% (20mg\/ml) eller 5% (50mg\/ml). fumot 12000 pust 52 forskellige smagsvarianter tilg\u00e6ngelige, opdag din perfekte all-day vape-ledsager designet til langvarig ydeevne.<\/p>\n<p><img decoding=\"async\" class=\"alignnone size-full wp-image-1498\" src=\"https:\/\/vapehosale.com\/wp-content\/uploads\/2023\/09\/Fumot-Digital-Box-12000-puffs-Disposable-Vape-Wholesale.jpg\" alt=\"Fumot Digital Box 12000 Puffs Engangs Vape Engros\" width=\"842\" height=\"540\" srcset=\"https:\/\/vapehosale.com\/wp-content\/uploads\/2023\/09\/Fumot-Digital-Box-12000-puffs-Disposable-Vape-Wholesale.jpg 842w, https:\/\/vapehosale.com\/wp-content\/uploads\/2023\/09\/Fumot-Digital-Box-12000-puffs-Disposable-Vape-Wholesale-300x192.jpg 300w, https:\/\/vapehosale.com\/wp-content\/uploads\/2023\/09\/Fumot-Digital-Box-12000-puffs-Disposable-Vape-Wholesale-768x493.jpg 768w, https:\/\/vapehosale.com\/wp-content\/uploads\/2023\/09\/Fumot-Digital-Box-12000-puffs-Disposable-Vape-Wholesale-600x385.jpg 600w\" sizes=\"(max-width: 842px) 100vw, 842px\" \/><\/p>\n<h3>Hvor kan jeg k\u00f8be fumot 12000 puffs engrospris (bulkk\u00f8bspris)?<\/h3>\n<h4>Fumot 12000 pris:18\u20ac-20\u20ac<\/h4>\n<p><a href=\"https:\/\/wa.me\/8618077105750\">Venligst kontakt salgschefen Vicky for mere information, salgschefen vil hj\u00e6lpe dig med at l\u00f8se alle problemer med din ordre.<\/a><br \/>\n<img decoding=\"async\" class=\"alignnone size-medium wp-image-5650\" src=\"https:\/\/vapehosale.com\/wp-content\/uploads\/2025\/10\/8a420713276bf7cf308193b71e051aa3-300x274.jpg\" alt=\"Vicky\" width=\"300\" height=\"274\" srcset=\"https:\/\/vapehosale.com\/wp-content\/uploads\/2025\/10\/8a420713276bf7cf308193b71e051aa3-300x274.jpg 300w, https:\/\/vapehosale.com\/wp-content\/uploads\/2025\/10\/8a420713276bf7cf308193b71e051aa3-1024x937.jpg 1024w, https:\/\/vapehosale.com\/wp-content\/uploads\/2025\/10\/8a420713276bf7cf308193b71e051aa3-768x703.jpg 768w, https:\/\/vapehosale.com\/wp-content\/uploads\/2025\/10\/8a420713276bf7cf308193b71e051aa3-13x12.jpg 13w, https:\/\/vapehosale.com\/wp-content\/uploads\/2025\/10\/8a420713276bf7cf308193b71e051aa3-600x549.jpg 600w, https:\/\/vapehosale.com\/wp-content\/uploads\/2025\/10\/8a420713276bf7cf308193b71e051aa3.jpg 1080w\" sizes=\"(max-width: 300px) 100vw, 300px\" \/><\/p>\n<h2>Fumot Digital Box 12000 Funktioner:<\/h2>\n<p>M\u00e6rke:Fumot RandM<br \/>\nNikotin:2% 5%<br \/>\nPuffs:12000<br \/>\nKapacitet:20ml<br \/>\n52 smagsvarianter tilg\u00e6ngelige<br \/>\n850mah Genopladelig<br \/>\nMesh Coil<br \/>\ndigitalt boksdisplay<br \/>\nv\u00e6gt:90g\/stk<br \/>\n200 stk. pr. karton<\/p>\n<h2>RandM Fumot 12000 Puffs Smagsliste:<\/h2>\n<p>1 Cool Mint<br \/>\n2 Vandmelonis<br \/>\n3 Grape Ice<br \/>\n4 Bl\u00e5b\u00e6r Hindb\u00e6r<br \/>\n5 Jordb\u00e6r Vandmelon<br \/>\n6 Jordb\u00e6r Banan<br \/>\n7 Frodig Is<br \/>\n8 Kirseb\u00e6r<br \/>\n9 Jordb\u00e6ris<br \/>\n10 Is Is<br \/>\n11 Pink Lemonade<br \/>\n12 Mango P\u00e5 Is<br \/>\n13 Blandede B\u00e6r<br \/>\n14 Jordb\u00e6r Donut<br \/>\n15 Jordb\u00e6r Drue<br \/>\n16 Kirseb\u00e6r Cola<br \/>\n17 Dr. Bl\u00e5<br \/>\n18 Bl\u00e5b\u00e6r P\u00e5 Is<br \/>\n19 Kiwi Passionsfrugt Guava<br \/>\n20 Jordb\u00e6r Kiwi<br \/>\n21 Fersken Mango<br \/>\n22 Fersken Is<br \/>\n23 R\u00f8dt \u00c6ble Is<br \/>\n24 Bl\u00e5b\u00e6r Tygegummi<br \/>\n25 B\u00e6r Lemonade<br \/>\n26 Bl\u00e5 Hindb\u00e6r Lemonade<br \/>\n27 Bl\u00e5syrlig Hindb\u00e6r<br \/>\n28 Jordb\u00e6r Red Bull<br \/>\n29 \u00c6ble B\u00e6r Blast<br \/>\n30 Vandmelon Bubble Gum<br \/>\n31 Hindb\u00e6r Vandmelon<br \/>\n32 Sort Is<br \/>\n33 Bl\u00e5b\u00e6r Kirseb\u00e6r Traneb\u00e6r<br \/>\n34 Jordb\u00e6r Pomp (Granat\u00e6ble)<br \/>\n35 Vimto<br \/>\n36 Kirseb\u00e6r B\u00e6r<br \/>\n37 Citron<br \/>\n38 Bingo Crush<br \/>\n39 Bl\u00e5b\u00e6r Kiwi<br \/>\n41 Bananis<br \/>\n42 Dragefrugt Is<br \/>\n43 Frugtfuld Fusion<br \/>\n44 Drue Mynte<br \/>\n45 K\u00e6rlighed 66<br \/>\n46 Ananas Is<br \/>\n47 R\u00f8d Energi Is<br \/>\n48 To \u00c6ble<br \/>\n50 Cola is<br \/>\n51 Is te citron is<br \/>\n52 Is te fersken is<\/p>\n<h2>FAQ om K\u00f8b <span class=\"___SText_anxqe-ko_\" data-ui-name=\"Link.Text\">Fumot Vape 12000 Pust Genopladelige Vapes<\/span><\/h2>\n<h4>Hvordan ved man om en Fumot vape 12000 pust genopladelig vape er l\u00f8bet t\u00f8r for str\u00f8m?<\/h4>\n<p>N\u00e5r en Fumot vape 12k l\u00f8ber t\u00f8r for str\u00f8m, viser det sig typisk som mindre r\u00f8g, svagere smag eller slet ingen r\u00f8g. Det digitale 12k-s\u00e6t har en batteriindikator, som hj\u00e6lper dig med at overv\u00e5ge str\u00f8mniveauet.<\/p>\n<h4>Hvor kan jeg engrosk\u00f8be Fumot digital box 12000 genopladelig engangsvape?<\/h4>\n<p>Fumot vape 12k digital box kan k\u00f8bes i fysiske butikker og onlinebutikker, is\u00e6r p\u00e5 engrosplatforme, hvor brugere kan finde et stort antal forskellige m\u00e6rker og modeller af vapes og nyde rabatter ved stork\u00f8b.<\/p>\n<h4>Hvor mange smagsvarianter er der tilg\u00e6ngelige for Fumot Vape digital box 12000 puffs Vapes?<\/h4>\n<p>Fumot 12000 puffs har i alt 52+ smagsvarianter tilg\u00e6ngelige.<\/p>\n<h4>Hvad betyder RandM Vape?<\/h4>\n<p>RandM Fumot Vape betyder Rick og Morty Vape<\/p>\n<h4>Fumot Digital box 12000 puffs pris?<\/h4>\n<p>Udsalgsprisen p\u00e5 lager i Europa er 12\u20ac-15\u20ac\/stk<\/p>\n<h4>Fumot Digital box 12000 puffs pakkevisning:<\/h4>\n<p><img decoding=\"async\" class=\"alignnone size-full wp-image-1768\" src=\"https:\/\/vapehosale.com\/wp-content\/uploads\/2023\/09\/15ce3368342a167b2c874627795f4ee.png\" alt=\"Fumot 12000 Puffs vape pakke\" width=\"565\" height=\"594\" srcset=\"https:\/\/vapehosale.com\/wp-content\/uploads\/2023\/09\/15ce3368342a167b2c874627795f4ee.png 565w, https:\/\/vapehosale.com\/wp-content\/uploads\/2023\/09\/15ce3368342a167b2c874627795f4ee-285x300.png 285w\" sizes=\"(max-width: 565px) 100vw, 565px\" \/><\/p>\n<p>&nbsp;<\/p>\n<p><a href=\"https:\/\/vapehosale.com\/da\/product-category\/randm-fumot-vape\/\">Hot salg vape Fumot Vape Engros Eu lager<\/a><br \/>\n<a href=\"https:\/\/vapehosale.com\/da\/product-category\/12000-puffs-disposable-vape\/\">Bedste 12000 Puffs Engangs Vape Hot Salg\u00a0<\/a><br \/>\nKontakt for produktkatalog:<a href=\"https:\/\/wa.me\/8618077105750\">k\u00f8b nu<\/a><\/p>\n<h4>Forsendelsesdetaljer:<\/h4>\n<p>Produktionstid: 5 arbejdsdage<br \/>\nLeveringstid: 8-14 arbejdsdage<\/p>\n<p>Alle produkter i vores butik er 100% originale og \u00e6gte, Tifold kompensation for falske varer.<\/p>\n<p>For mere detaljeret engrospris, MOQ og SKU, bedes du kontakte vores salgschef vicky <a href=\"https:\/\/wa.me\/8618077105750\">whatsapp:+45 1807 710 575<\/a><\/p>\n<p><img decoding=\"async\" class=\"alignnone size-full wp-image-2638\" src=\"https:\/\/vapehosale.com\/wp-content\/uploads\/2023\/09\/885301ea6f5e0b91f5ab2b1c85e665c.png\" alt=\"RandM Fabrik\" width=\"670\" height=\"658\" srcset=\"https:\/\/vapehosale.com\/wp-content\/uploads\/2023\/09\/885301ea6f5e0b91f5ab2b1c85e665c.png 670w, https:\/\/vapehosale.com\/wp-content\/uploads\/2023\/09\/885301ea6f5e0b91f5ab2b1c85e665c-300x295.png 300w, https:\/\/vapehosale.com\/wp-content\/uploads\/2023\/09\/885301ea6f5e0b91f5ab2b1c85e665c-600x589.png 600w\" sizes=\"(max-width: 670px) 100vw, 670px\" \/><\/p>","protected":false},"excerpt":{"rendered":"<p>RandM Fumot 12000 Puffs er en engangs vape med batteri- og oliedisplay, du kan nemt se, hvorn\u00e5r du skal genoplade din enhed gennem batteri-displaysk\u00e6rmen, der er 52 smagsvarianter tilg\u00e6ngelige.<span style=\"color: #ff0000\">Prisen p\u00e5 hjemmesiden inkluderer ikke forsendelsesomkostninger<\/span><\/p>\n<p>Velkommen til at tilf\u00f8je vicky whatsapp for engros fumot digital box 12000 puffs, minimumsordre kun 50 stk!<\/p>\n<p><img decoding=\"async\" class=\"alignnone size-medium wp-image-5650\" src=\"https:\/\/vapehosale.com\/wp-content\/uploads\/2025\/10\/8a420713276bf7cf308193b71e051aa3-300x274.jpg\" alt=\"Vicky\" width=\"300\" height=\"274\" srcset=\"https:\/\/vapehosale.com\/wp-content\/uploads\/2025\/10\/8a420713276bf7cf308193b71e051aa3-300x274.jpg 300w, https:\/\/vapehosale.com\/wp-content\/uploads\/2025\/10\/8a420713276bf7cf308193b71e051aa3-1024x937.jpg 1024w, https:\/\/vapehosale.com\/wp-content\/uploads\/2025\/10\/8a420713276bf7cf308193b71e051aa3-768x703.jpg 768w, https:\/\/vapehosale.com\/wp-content\/uploads\/2025\/10\/8a420713276bf7cf308193b71e051aa3-13x12.jpg 13w, https:\/\/vapehosale.com\/wp-content\/uploads\/2025\/10\/8a420713276bf7cf308193b71e051aa3-600x549.jpg 600w, https:\/\/vapehosale.com\/wp-content\/uploads\/2025\/10\/8a420713276bf7cf308193b71e051aa3.jpg 1080w\" sizes=\"(max-width: 300px) 100vw, 300px\" \/><\/p>\n<p>&nbsp;<\/p>\n<p>&nbsp;<\/p>","protected":false},"featured_media":1497,"comment_status":"open","ping_status":"closed","template":"","meta":{"_uag_custom_page_level_css":"","_lmt_disableupdate":"no","_lmt_disable":"","site-sidebar-layout":"default","site-content-layout":"","ast-site-content-layout":"default","site-content-style":"default","site-sidebar-style":"default","ast-global-header-display":"","ast-banner-title-visibility":"","ast-main-header-display":"","ast-hfb-above-header-display":"","ast-hfb-below-header-display":"","ast-hfb-mobile-header-display":"","site-post-title":"","ast-breadcrumbs-content":"","ast-featured-img":"","footer-sml-layout":"","theme-transparent-header-meta":"default","adv-header-id-meta":"","stick-header-meta":"","header-above-stick-meta":"","header-main-stick-meta":"","header-below-stick-meta":"","astra-migrate-meta-layouts":"set","_joinchat":[]},"product_cat":[15,83,41,55,89],"product_tag":[43,72,46,52,36,114,63,31,35,33,59],"class_list":["post-1490","product","type-product","status-publish","has-post-thumbnail","hentry","product_cat-vape-shop-wholesale","product_cat-12000-puffs-disposable-vape","product_cat-europe-hot-sale-vape","product_cat-minimum-order-quantity-50pcs","product_cat-randm-fumot-vape","product_tag-12000-puffs-vape-12k-vape","product_tag-2-nicotine-vape","product_tag-double-mesh-coil-vape","product_tag-fumot-12000-puffs","product_tag-fumot-digital-box-12000-puffs","product_tag-fumot-vape","product_tag-led-screen-disposable-vape","product_tag-randm-tornado-vape","product_tag-rechargeable-disposable-device","product_tag-rgb-light-disposable-vape","product_tag-smart-screen-disposable-vape","desktop-align-left","tablet-align-left","mobile-align-left"],"yoast_head":"<!-- This site is optimized with the Yoast SEO plugin v21.1 - https:\/\/yoast.com\/wordpress\/plugins\/seo\/ -->\n<title>Wholesale RandM Fumot Digital Box 12000 Puffs Vape - Vape Wholesale<\/title>\n<meta name=\"description\" content=\"Wholesale RandM Fumot Digital Box 12000 Puffs is a rechargeable disposable device that contains 20ml of e-liquid and an 600mah rechargeable battery.\" \/>\n<meta name=\"robots\" content=\"index, follow, max-snippet:-1, max-image-preview:large, max-video-preview:-1\" \/>\n<link rel=\"canonical\" href=\"https:\/\/vapehosale.com\/da\/product\/fumot-digital-box-12000-puffs\/\" \/>\n<meta property=\"og:locale\" content=\"da_DK\" \/>\n<meta property=\"og:type\" content=\"article\" \/>\n<meta property=\"og:title\" content=\"Wholesale RandM Fumot Digital Box 12000 Puffs Vape - Vape Wholesale\" \/>\n<meta property=\"og:description\" content=\"Wholesale RandM Fumot Digital Box 12000 Puffs is a rechargeable disposable device that contains 20ml of e-liquid and an 600mah rechargeable battery.\" \/>\n<meta property=\"og:url\" content=\"https:\/\/vapehosale.com\/da\/product\/fumot-digital-box-12000-puffs\/\" \/>\n<meta property=\"og:site_name\" content=\"Vape Wholesale\" \/>\n<meta property=\"article:modified_time\" content=\"2025-11-28T09:11:35+00:00\" \/>\n<meta property=\"og:image\" content=\"https:\/\/vapehosale.com\/wp-content\/uploads\/2023\/09\/Fumot-Digital-Box-12000-Digital-Box.jpg\" \/>\n\t<meta property=\"og:image:width\" content=\"474\" \/>\n\t<meta property=\"og:image:height\" content=\"600\" \/>\n\t<meta property=\"og:image:type\" content=\"image\/jpeg\" \/>\n<meta name=\"twitter:card\" content=\"summary_large_image\" \/>\n<meta name=\"twitter:label1\" content=\"Estimeret l\u00e6setid\" \/>\n\t<meta name=\"twitter:data1\" content=\"4 minutter\" \/>\n<script type=\"application\/ld+json\" class=\"yoast-schema-graph\">{\"@context\":\"https:\/\/schema.org\",\"@graph\":[{\"@type\":\"WebPage\",\"@id\":\"https:\/\/vapehosale.com\/product\/fumot-digital-box-12000-puffs\/\",\"url\":\"https:\/\/vapehosale.com\/product\/fumot-digital-box-12000-puffs\/\",\"name\":\"Wholesale RandM Fumot Digital Box 12000 Puffs Vape - Vape Wholesale\",\"isPartOf\":{\"@id\":\"https:\/\/vapehosale.com\/#website\"},\"datePublished\":\"2023-09-21T02:02:20+00:00\",\"dateModified\":\"2025-11-28T09:11:35+00:00\",\"description\":\"Wholesale RandM Fumot Digital Box 12000 Puffs is a rechargeable disposable device that contains 20ml of e-liquid and an 600mah rechargeable battery.\",\"breadcrumb\":{\"@id\":\"https:\/\/vapehosale.com\/product\/fumot-digital-box-12000-puffs\/#breadcrumb\"},\"inLanguage\":\"da-DK\",\"potentialAction\":[{\"@type\":\"ReadAction\",\"target\":[\"https:\/\/vapehosale.com\/product\/fumot-digital-box-12000-puffs\/\"]}]},{\"@type\":\"BreadcrumbList\",\"@id\":\"https:\/\/vapehosale.com\/product\/fumot-digital-box-12000-puffs\/#breadcrumb\",\"itemListElement\":[{\"@type\":\"ListItem\",\"position\":1,\"name\":\"Home\",\"item\":\"https:\/\/vapehosale.com\/\"},{\"@type\":\"ListItem\",\"position\":2,\"name\":\"Best Sell Vapes\",\"item\":\"https:\/\/vapehosale.com\/vape-shop\/\"},{\"@type\":\"ListItem\",\"position\":3,\"name\":\"Wholesale RandM Fumot Digital Box 12000 Puffs Vape\"}]},{\"@type\":\"WebSite\",\"@id\":\"https:\/\/vapehosale.com\/#website\",\"url\":\"https:\/\/vapehosale.com\/\",\"name\":\"Vape Wholesale\",\"description\":\"Buy Vape Wholesale Price Near you\",\"potentialAction\":[{\"@type\":\"SearchAction\",\"target\":{\"@type\":\"EntryPoint\",\"urlTemplate\":\"https:\/\/vapehosale.com\/?s={search_term_string}\"},\"query-input\":\"required name=search_term_string\"}],\"inLanguage\":\"da-DK\"}]}<\/script>\n<!-- \/ Yoast SEO plugin. -->","yoast_head_json":{"title":"Wholesale RandM Fumot Digital Box 12000 Puffs Vape - Vape Wholesale","description":"Wholesale RandM Fumot Digital Box 12000 Puffs is a rechargeable disposable device that contains 20ml of e-liquid and an 600mah rechargeable battery.","robots":{"index":"index","follow":"follow","max-snippet":"max-snippet:-1","max-image-preview":"max-image-preview:large","max-video-preview":"max-video-preview:-1"},"canonical":"https:\/\/vapehosale.com\/da\/product\/fumot-digital-box-12000-puffs\/","og_locale":"da_DK","og_type":"article","og_title":"Wholesale RandM Fumot Digital Box 12000 Puffs Vape - Vape Wholesale","og_description":"Wholesale RandM Fumot Digital Box 12000 Puffs is a rechargeable disposable device that contains 20ml of e-liquid and an 600mah rechargeable battery.","og_url":"https:\/\/vapehosale.com\/da\/product\/fumot-digital-box-12000-puffs\/","og_site_name":"Vape Wholesale","article_modified_time":"2025-11-28T09:11:35+00:00","og_image":[{"width":474,"height":600,"url":"https:\/\/vapehosale.com\/wp-content\/uploads\/2023\/09\/Fumot-Digital-Box-12000-Digital-Box.jpg","type":"image\/jpeg"}],"twitter_card":"summary_large_image","twitter_misc":{"Estimeret l\u00e6setid":"4 minutter"},"schema":{"@context":"https:\/\/schema.org","@graph":[{"@type":"WebPage","@id":"https:\/\/vapehosale.com\/product\/fumot-digital-box-12000-puffs\/","url":"https:\/\/vapehosale.com\/product\/fumot-digital-box-12000-puffs\/","name":"Wholesale RandM Fumot Digital Box 12000 Puffs Vape - Vape Wholesale","isPartOf":{"@id":"https:\/\/vapehosale.com\/#website"},"datePublished":"2023-09-21T02:02:20+00:00","dateModified":"2025-11-28T09:11:35+00:00","description":"Wholesale RandM Fumot Digital Box 12000 Puffs is a rechargeable disposable device that contains 20ml of e-liquid and an 600mah rechargeable battery.","breadcrumb":{"@id":"https:\/\/vapehosale.com\/product\/fumot-digital-box-12000-puffs\/#breadcrumb"},"inLanguage":"da-DK","potentialAction":[{"@type":"ReadAction","target":["https:\/\/vapehosale.com\/product\/fumot-digital-box-12000-puffs\/"]}]},{"@type":"BreadcrumbList","@id":"https:\/\/vapehosale.com\/product\/fumot-digital-box-12000-puffs\/#breadcrumb","itemListElement":[{"@type":"ListItem","position":1,"name":"Home","item":"https:\/\/vapehosale.com\/"},{"@type":"ListItem","position":2,"name":"Best Sell Vapes","item":"https:\/\/vapehosale.com\/vape-shop\/"},{"@type":"ListItem","position":3,"name":"Wholesale RandM Fumot Digital Box 12000 Puffs Vape"}]},{"@type":"WebSite","@id":"https:\/\/vapehosale.com\/#website","url":"https:\/\/vapehosale.com\/","name":"Vape Wholesale","description":"Buy Vape Wholesale Price Near you","potentialAction":[{"@type":"SearchAction","target":{"@type":"EntryPoint","urlTemplate":"https:\/\/vapehosale.com\/?s={search_term_string}"},"query-input":"required name=search_term_string"}],"inLanguage":"da-DK"}]}},"uagb_featured_image_src":{"full":["https:\/\/vapehosale.com\/wp-content\/uploads\/2023\/09\/Fumot-Digital-Box-12000-Digital-Box.jpg",474,600,false],"thumbnail":["https:\/\/vapehosale.com\/wp-content\/uploads\/2023\/09\/Fumot-Digital-Box-12000-Digital-Box-150x150.jpg",150,150,true],"medium":["https:\/\/vapehosale.com\/wp-content\/uploads\/2023\/09\/Fumot-Digital-Box-12000-Digital-Box-237x300.jpg",237,300,true],"medium_large":["https:\/\/vapehosale.com\/wp-content\/uploads\/2023\/09\/Fumot-Digital-Box-12000-Digital-Box.jpg",474,600,false],"large":["https:\/\/vapehosale.com\/wp-content\/uploads\/2023\/09\/Fumot-Digital-Box-12000-Digital-Box.jpg",474,600,false],"1536x1536":["https:\/\/vapehosale.com\/wp-content\/uploads\/2023\/09\/Fumot-Digital-Box-12000-Digital-Box.jpg",474,600,false],"2048x2048":["https:\/\/vapehosale.com\/wp-content\/uploads\/2023\/09\/Fumot-Digital-Box-12000-Digital-Box.jpg",474,600,false],"trp-custom-language-flag":["https:\/\/vapehosale.com\/wp-content\/uploads\/2023\/09\/Fumot-Digital-Box-12000-Digital-Box.jpg",9,12,false],"woocommerce_thumbnail":["https:\/\/vapehosale.com\/wp-content\/uploads\/2023\/09\/Fumot-Digital-Box-12000-Digital-Box-300x300.jpg",300,300,true],"woocommerce_single":["https:\/\/vapehosale.com\/wp-content\/uploads\/2023\/09\/Fumot-Digital-Box-12000-Digital-Box.jpg",474,600,false],"woocommerce_gallery_thumbnail":["https:\/\/vapehosale.com\/wp-content\/uploads\/2023\/09\/Fumot-Digital-Box-12000-Digital-Box-100x100.jpg",100,100,true],"wcpr-photo-reviews":["https:\/\/vapehosale.com\/wp-content\/uploads\/2023\/09\/Fumot-Digital-Box-12000-Digital-Box.jpg",395,500,false]},"uagb_author_info":{"display_name":"Vicky hosale","author_link":"https:\/\/vapehosale.com\/da\/author\/"},"uagb_comment_info":38,"uagb_excerpt":"RandM Fumot 12000 Puffs is a disposable vape with a battery and oil display, you can easy to know when your need recharge your device though the battery display screen,there is 52\u00a0 flavor available.The website price does not include shipping costs Welcome to add vicky whatsapp for wholesale fumot digital box 12000 puffs, min order&hellip;","_links":{"self":[{"href":"https:\/\/vapehosale.com\/da\/wp-json\/wp\/v2\/product\/1490","targetHints":{"allow":["GET"]}}],"collection":[{"href":"https:\/\/vapehosale.com\/da\/wp-json\/wp\/v2\/product"}],"about":[{"href":"https:\/\/vapehosale.com\/da\/wp-json\/wp\/v2\/types\/product"}],"replies":[{"embeddable":true,"href":"https:\/\/vapehosale.com\/da\/wp-json\/wp\/v2\/comments?post=1490"}],"wp:featuredmedia":[{"embeddable":true,"href":"https:\/\/vapehosale.com\/da\/wp-json\/wp\/v2\/media\/1497"}],"wp:attachment":[{"href":"https:\/\/vapehosale.com\/da\/wp-json\/wp\/v2\/media?parent=1490"}],"wp:term":[{"taxonomy":"product_cat","embeddable":true,"href":"https:\/\/vapehosale.com\/da\/wp-json\/wp\/v2\/product_cat?post=1490"},{"taxonomy":"product_tag","embeddable":true,"href":"https:\/\/vapehosale.com\/da\/wp-json\/wp\/v2\/product_tag?post=1490"}],"curies":[{"name":"wp","href":"https:\/\/api.w.org\/{rel}","templated":true}]}}