{"id":1453,"date":"2023-09-19T10:02:58","date_gmt":"2023-09-19T10:02:58","guid":{"rendered":"https:\/\/vapehosale.com\/?post_type=product&#038;p=1453"},"modified":"2025-08-29T08:33:33","modified_gmt":"2025-08-29T08:33:33","slug":"randm-tornado-7000-puffs-disposable-vape","status":"publish","type":"product","link":"https:\/\/vapehosale.com\/da\/product\/randm-tornado-7000-puffs-disposable-vape\/","title":{"rendered":"Engros RandM Tornado 7000 Pust Engangsvape"},"content":{"rendered":"<h1 style=\"text-align: center\">Engros RandM Tornado 7000 Pust Engangs Vape?<\/h1>\n<p>RandM Tornado 7000 puffs er en engangs vape, som kan justere luftstr\u00f8mmen, beh\u00f8ver kun <span style=\"font-size: 16px\">forsigtigt at dreje den nederste luftstr\u00f8msjusteringsknap for at f\u00e5 den st\u00f8rrelse af pust, der passer dig, og tornado 7000 er en af de bedst s\u00e6lgende engangs vapes i Tornado-serien. <span class=\"___SText_anxqe-ko_\" data-ui-name=\"Link.Text\">randm vapes 7k med <\/span>unikt design, brug visuelt oliekopdesign, og RGB-lystriggeren er anderledes end alle andre engangs vapes.<\/span><\/p>\n<p><img decoding=\"async\" class=\"alignnone size-full wp-image-3105\" src=\"https:\/\/vapehosale.com\/wp-content\/uploads\/2023\/09\/RandM-Tornado-7000-Puffs-Rechargeable-Disposable-Vape.jpg\" alt=\"RandM Tornado 7000 sug genopladelig engangs-vape\" width=\"1920\" height=\"1100\" srcset=\"https:\/\/vapehosale.com\/wp-content\/uploads\/2023\/09\/RandM-Tornado-7000-Puffs-Rechargeable-Disposable-Vape.jpg 1920w, https:\/\/vapehosale.com\/wp-content\/uploads\/2023\/09\/RandM-Tornado-7000-Puffs-Rechargeable-Disposable-Vape-300x172.jpg 300w, https:\/\/vapehosale.com\/wp-content\/uploads\/2023\/09\/RandM-Tornado-7000-Puffs-Rechargeable-Disposable-Vape-1024x587.jpg 1024w, https:\/\/vapehosale.com\/wp-content\/uploads\/2023\/09\/RandM-Tornado-7000-Puffs-Rechargeable-Disposable-Vape-768x440.jpg 768w, https:\/\/vapehosale.com\/wp-content\/uploads\/2023\/09\/RandM-Tornado-7000-Puffs-Rechargeable-Disposable-Vape-1536x880.jpg 1536w, https:\/\/vapehosale.com\/wp-content\/uploads\/2023\/09\/RandM-Tornado-7000-Puffs-Rechargeable-Disposable-Vape-600x344.jpg 600w\" sizes=\"(max-width: 1920px) 100vw, 1920px\" \/><\/p>\n<p>&nbsp;<\/p>\n<h2>Rick and Morty Vape 7k (RandM) Engangs Specifikationer:<\/h2>\n<p>1. 850mAh Type-c genopladeligt Batteri<br \/>\n2. 14ml Forfyldt E-juice<br \/>\n3. 2% og 5% Nikotin<br \/>\n4. Tilfredsstil n\u00e6sten 7000 Pust<br \/>\n5. Justerbar luftstr\u00f8m<br \/>\n6. RGB lys<\/p>\n<h2>RandM Tornado 7000 Smagsliste:<\/h2>\n<p>1. K\u00d8LIG MYNTE<br \/>\n2. FRODIG IS<br \/>\n3. TANGERIN IS<br \/>\n4. JORDB\u00c6R DONUT<br \/>\n5. VINGUMMI BJ\u00d8RN<br \/>\n6. BL\u00c5B\u00c6R P\u00c5 IS<br \/>\n7. MANGO P\u00c5 IS<br \/>\n8 FERSKEN IS<br \/>\n9 BANAN IS<br \/>\n10 DRUE IS<br \/>\n11 PINK LEMONADE<br \/>\n12 PINA COLADA ROM<br \/>\n13 BLANDEDE B\u00c6R<br \/>\n14 BANAN MILKSHAKE<br \/>\n15 JORDB\u00c6R VANDMELON<br \/>\n16 R\u00d8D \u00c6BLE CITRON<br \/>\n17 ANANAS IS<br \/>\n18 SUKKERSPIND<br \/>\n19 JORDB\u00c6R BANAN<br \/>\n20 JORDB\u00c6R IS<br \/>\n21 JORDB\u00c6R KIWI<br \/>\n22.R\u00d8D ENERGI IS<br \/>\n23.BL\u00c5 HINDB\u00c6R LEMONADE<br \/>\n24.R\u00d8D \u00c6BLEIS<br \/>\n25.B\u00c6R LIMONADE<br \/>\n26.BL\u00c5B\u00c6R TYGGEGUMMI<br \/>\n27.BL\u00c5 SYRLIG HINDB\u00c6R<br \/>\n28.DR BL\u00c5<br \/>\n29.\u00c6BLE FERSKEN P\u00c6RE<br \/>\n30.BL\u00c5B\u00c6R GRANAT\u00c6BLE<br \/>\n31.VIMTO<br \/>\n32.KIWI PASSIONSFRUGT GUAVA<br \/>\n33.COLAIS<br \/>\n34.SURE \u00c6BLE<br \/>\n35.SOLB\u00c6R MENTHOL<br \/>\n36.TIGERBLOD<br \/>\n37.FERSKEN BL\u00c5B\u00c6R SLIK<br \/>\n38.FERSKEN MANGO<br \/>\n39.JORDB\u00c6R RED BULL<br \/>\n40.SOLB\u00c6R IS<br \/>\n41.JORDB\u00c6R VANDMELON LEMONADE<br \/>\n42.KIRSEB\u00c6R<br \/>\n43.BL\u00c5 HINDB\u00c6R KIRSEB\u00c6R<br \/>\n44.SKITTLES<br \/>\n45.BL\u00c5B\u00c6R HINDB\u00c6R<br \/>\n46.JORDB\u00c6R DRUE<br \/>\n47.BL\u00c5B\u00c6R KIRSEB\u00c6R TRANEB\u00c6R<br \/>\n48.\u00c6BLE B\u00c6R BLAST<br \/>\n49.KIRSEB\u00c6R COLA<br \/>\n50.CITRON<br \/>\n51.PINK BOMBEBY<br \/>\n52.STILLEHAVS K\u00d8LER<br \/>\n53.IS POP<br \/>\n54.BINGO KNUS<br \/>\n55.VIMTO KNUS<br \/>\n56.TOBAK<\/p>\n<h3>S\u00e5dan bruger du Randm Tornado 7000 Vape?<\/h3>\n<p>Trin 1: Riv den forseglede pose op<br \/>\nTrin 2: Riv klisterm\u00e6rket af<br \/>\nSidste trin: Tr\u00e6k silikoneproppen ud, og lad den st\u00e5 i 3 minutter, hvorefter du kan bruge den<\/p>\n<p>L\u00e6s venligst brugsanvisningen til RandM Tornado 7000 Puffs grundigt for at undg\u00e5 produktproblemer for\u00e5rsaget af forkert betjening.<\/p>\n<h3>Randm Tornado Vapes 7000 opladningsvejledning:<\/h3>\n<p>1.Fumot RandM vape 7k kan ikke oplades med en hurtigoplader. Den standard sikre str\u00f8mstyrke for engangsvapes er 5V 1A. Hvis du bruger en hurtigoplader, vil det direkte beskadige batteriet.<\/p>\n<p>2.N\u00e5r batteriet er ved at l\u00f8be t\u00f8r for str\u00f8m, vil der v\u00e6re et blinkende lys i bunden af s\u00e6ttet. Hvis du f\u00f8ler, at m\u00e6ngden af damp ikke er stor, er det ogs\u00e5, fordi batteristr\u00f8mmen er utilstr\u00e6kkelig, og du skal oplade den i tide, f\u00f8r str\u00f8mmen i Fumot vape Tornados 7000 er opbrugt, ellers vil det for\u00e5rsage skade p\u00e5 batteriet, hvilket resulterer i at e-cigaretten ikke kan bruges.<\/p>\n<h3>Fumot Vape Tornado 7000 Puffs n\u00f8glefunktioner og fordele<\/h3>\n<ol>\n<li><strong>Mesh Coil Teknologi \u2013 Mere Damp, Bedre Smag<\/strong>: RandM vapes 7000 Puffs bruger avanceret mesh coil-teknologi, der leverer t\u00e6ttere damp og rigere smag. Mesh coils opvarmes mere j\u00e6vnt end traditionelle coils, hvilket sikrer, at hvert sug er glat og fuld af smag.<\/li>\n<li><strong>L\u00e6kagesikkert design med olie- og coil-separation<\/strong>: Med et innovativt design, der adskiller olie og coil, er denne vape meget modstandsdygtig over for l\u00e6kage, og den adskilte struktur forbedrer enhedens stabilitet, hvilket sikrer en ren og ensartet dampoplevelse.<\/li>\n<li><strong>8-sekunders automatisk l\u00e5s for at forhindre afbr\u00e6nding af coils<\/strong>: Med sin indbyggede 8-sekunders autol\u00e5s-funktion forhindrer RandM Tornado coilen i at br\u00e6nde ud ved automatisk at stoppe efter 8 sekunders kontinuerlig inhalation. Denne funktion forbedrer enhedens levetid og sikrer sikker brug.<\/li>\n<li><strong>Justerbar luftstr\u00f8mskontrol<\/strong>: Du kan nemt justere luftstr\u00f8mmen for at tilpasse deres dampoplevelse. Uanset om du foretr\u00e6kker strammere eller l\u00f8sere sug, lader denne funktion dig styre dampens t\u00e6thed og inhalationsmodstand for en personlig oplevelse.<\/li>\n<li><strong>RGB-lys n\u00e5r du damper<\/strong>: Hvert sug aktiverer dynamiske RGB-lys, hvilket tilf\u00f8jer en sjov og stilfuld visuel effekt. Perfekt til brugere, der \u00f8nsker, at deres vape skal skille sig ud med et moderne, farverigt pr\u00e6g.<\/li>\n<\/ol>\n<p>Med disse funktioner <strong>RandM Tornado 7k Puffs Genopladelig<\/strong>\u00a0skiller sig ud som en h\u00f8jtydende enhed, der tilbyder god smag, justerbar luftstr\u00f8m, l\u00e6kagesikkert design og i\u00f8jnefaldende RGB-belysning. Ideel til dampere, der s\u00f8ger bekvemmelighed, stil og overlegen funktionalitet.<\/p>\n<p><strong>Tilf\u00f8j salgschef vicky whatsapp +8618077105750 og f\u00e5 mere rabat!<\/strong><\/p>\n<p><img decoding=\"async\" class=\"alignnone size-full wp-image-2638\" src=\"https:\/\/vapehosale.com\/wp-content\/uploads\/2023\/09\/885301ea6f5e0b91f5ab2b1c85e665c.png\" alt=\"RandM Fabrik\" width=\"670\" height=\"658\" srcset=\"https:\/\/vapehosale.com\/wp-content\/uploads\/2023\/09\/885301ea6f5e0b91f5ab2b1c85e665c.png 670w, https:\/\/vapehosale.com\/wp-content\/uploads\/2023\/09\/885301ea6f5e0b91f5ab2b1c85e665c-300x295.png 300w, https:\/\/vapehosale.com\/wp-content\/uploads\/2023\/09\/885301ea6f5e0b91f5ab2b1c85e665c-600x589.png 600w\" sizes=\"(max-width: 670px) 100vw, 670px\" \/><\/p>\n<p>Flere popul\u00e6re vapes du m\u00e5ske har brug for<\/p>\n<div class=\"sm-table-layout__cell sm-table-layout__cell_align_left sm-table-layout__cell_fixed-cell_phrase\" role=\"cell\" data-testid=\"table-cell-keyword\">\n<div class=\"sm-cell-phrase\">\n<p><a href=\"https:\/\/vapehosale.com\/da\/product-category\/9000-vape\/\">Engros RandM Engangs-Vapes her<span class=\"x19la9d6 x1fc57z9 x6ikm8r x10wlt62 x19co3pv x1g5zs5t xfibh0p xiy17q3 x1xsqp64 x1lkfr7t xexx8yu xyri2b x18d9i69 x1c1uobl\"><span class=\"xrtxmta x1bhl96m\">\ud83d\udc48<\/span><\/span><\/a><\/p>\n<div class=\"sm-cell-phrase__addons-container\"><a href=\"https:\/\/vapehosale.com\/da\/product\/randm-fumot-tornado-30k-music-disposable-vape\/\">Fumot Vape RandM Vape <\/a><span class=\"___SText_anxqe-kmt_\" data-ui-name=\"Link.Text\">tornado 30k Musik<br \/>\n<a href=\"https:\/\/vapehosale.com\/da\/product-category\/7000-puffs-disposable-vape\/\">7000 sug engangs-vape p\u00e5 tilbud nu!<\/a><\/span><\/div>\n<\/div>\n<\/div>\n<p>Kontakt for produktkatalog:<a href=\"https:\/\/wa.me\/8618077105750\">k\u00f8b nu<\/a><\/p>","protected":false},"excerpt":{"rendered":"<p>Randm tornados 7k genopladelig engangs vape, der indeholder 14 ml e-v\u00e6ske og et 850 mah genopladeligt batteri. Hver fumot 7k vape kan give 7000 sug, 40+ smag p\u00e5 lager, der venter p\u00e5, at du v\u00e6lger i dag!<span style=\"color: #ff0000\">(webstedspris inkluderer ikke forsendelsesomkostninger)<\/span><br \/>\n<span style=\"color: #000000\">Kontakt vikcy for mere rabat, RandM vape engros minimum bestilling beh\u00f8ver kun 50 stk!<\/span><\/p>\n<p><img decoding=\"async\" class=\"alignnone size-medium wp-image-2638\" src=\"https:\/\/vapehosale.com\/wp-content\/uploads\/2023\/09\/885301ea6f5e0b91f5ab2b1c85e665c-300x295.png\" alt=\"RandM Fabrik\" width=\"300\" height=\"295\" srcset=\"https:\/\/vapehosale.com\/wp-content\/uploads\/2023\/09\/885301ea6f5e0b91f5ab2b1c85e665c-300x295.png 300w, https:\/\/vapehosale.com\/wp-content\/uploads\/2023\/09\/885301ea6f5e0b91f5ab2b1c85e665c-600x589.png 600w, https:\/\/vapehosale.com\/wp-content\/uploads\/2023\/09\/885301ea6f5e0b91f5ab2b1c85e665c.png 670w\" sizes=\"(max-width: 300px) 100vw, 300px\" \/><\/p>\n<p><span style=\"color: #ff0000\">NOTE: Webstedets pris inkluderer ikke forsendelsesomkostninger. Venligst oplys dit postnummer for at f\u00e5 oplysninger om forsendelsesomkostninger.<\/span><\/p>","protected":false},"featured_media":3104,"comment_status":"closed","ping_status":"closed","template":"","meta":{"_uag_custom_page_level_css":"","_lmt_disableupdate":"no","_lmt_disable":"","site-sidebar-layout":"default","site-content-layout":"","ast-site-content-layout":"default","site-content-style":"default","site-sidebar-style":"default","ast-global-header-display":"","ast-banner-title-visibility":"","ast-main-header-display":"","ast-hfb-above-header-display":"","ast-hfb-below-header-display":"","ast-hfb-mobile-header-display":"","site-post-title":"","ast-breadcrumbs-content":"","ast-featured-img":"","footer-sml-layout":"","theme-transparent-header-meta":"default","adv-header-id-meta":"","stick-header-meta":"","header-above-stick-meta":"","header-main-stick-meta":"","header-below-stick-meta":"","astra-migrate-meta-layouts":"set","_joinchat":[]},"product_cat":[15,41,55,89,91],"product_tag":[32,114,31,33],"class_list":["post-1453","product","type-product","status-publish","has-post-thumbnail","hentry","product_cat-vape-shop-wholesale","product_cat-europe-hot-sale-vape","product_cat-minimum-order-quantity-50pcs","product_cat-randm-fumot-vape","product_cat-7000-puffs-disposable-vape","product_tag-7000-puffs-disposable-vape","product_tag-fumot-vape","product_tag-randm-tornado-vape","product_tag-rgb-light-disposable-vape","desktop-align-left","tablet-align-left","mobile-align-left"],"yoast_head":"<!-- This site is optimized with the Yoast SEO plugin v21.1 - https:\/\/yoast.com\/wordpress\/plugins\/seo\/ -->\n<title>Wholesale RandM Tornado 7000 Puffs Disposable Vape - Vape Wholesale<\/title>\n<meta name=\"description\" content=\"RandM Tornado 7000 Puffs Rechargeable Vape with mesh coil, leak-proof design, RGB lights, and adjustable airflow for the ultimate vaping experience\" \/>\n<meta name=\"robots\" content=\"index, follow, max-snippet:-1, max-image-preview:large, max-video-preview:-1\" \/>\n<link rel=\"canonical\" href=\"https:\/\/vapehosale.com\/da\/product\/randm-tornado-7000-puffs-disposable-vape\/\" \/>\n<meta property=\"og:locale\" content=\"da_DK\" \/>\n<meta property=\"og:type\" content=\"article\" \/>\n<meta property=\"og:title\" content=\"Wholesale RandM Tornado 7000 Puffs Disposable Vape - Vape Wholesale\" \/>\n<meta property=\"og:description\" content=\"RandM Tornado 7000 Puffs Rechargeable Vape with mesh coil, leak-proof design, RGB lights, and adjustable airflow for the ultimate vaping experience\" \/>\n<meta property=\"og:url\" content=\"https:\/\/vapehosale.com\/da\/product\/randm-tornado-7000-puffs-disposable-vape\/\" \/>\n<meta property=\"og:site_name\" content=\"Vape Wholesale\" \/>\n<meta property=\"article:modified_time\" content=\"2025-08-29T08:33:33+00:00\" \/>\n<meta property=\"og:image\" content=\"https:\/\/vapehosale.com\/wp-content\/uploads\/2023\/09\/RandM-Factory-Direct-7000-Puffs-RGB-Vape.jpg\" \/>\n\t<meta property=\"og:image:width\" content=\"1440\" \/>\n\t<meta property=\"og:image:height\" content=\"1800\" \/>\n\t<meta property=\"og:image:type\" content=\"image\/jpeg\" \/>\n<meta name=\"twitter:card\" content=\"summary_large_image\" \/>\n<meta name=\"twitter:label1\" content=\"Estimeret l\u00e6setid\" \/>\n\t<meta name=\"twitter:data1\" content=\"4 minutter\" \/>\n<script type=\"application\/ld+json\" class=\"yoast-schema-graph\">{\"@context\":\"https:\/\/schema.org\",\"@graph\":[{\"@type\":\"WebPage\",\"@id\":\"https:\/\/vapehosale.com\/product\/randm-tornado-7000-puffs-disposable-vape\/\",\"url\":\"https:\/\/vapehosale.com\/product\/randm-tornado-7000-puffs-disposable-vape\/\",\"name\":\"Wholesale RandM Tornado 7000 Puffs Disposable Vape - Vape Wholesale\",\"isPartOf\":{\"@id\":\"https:\/\/vapehosale.com\/#website\"},\"datePublished\":\"2023-09-19T10:02:58+00:00\",\"dateModified\":\"2025-08-29T08:33:33+00:00\",\"description\":\"RandM Tornado 7000 Puffs Rechargeable Vape with mesh coil, leak-proof design, RGB lights, and adjustable airflow for the ultimate vaping experience\",\"breadcrumb\":{\"@id\":\"https:\/\/vapehosale.com\/product\/randm-tornado-7000-puffs-disposable-vape\/#breadcrumb\"},\"inLanguage\":\"da-DK\",\"potentialAction\":[{\"@type\":\"ReadAction\",\"target\":[\"https:\/\/vapehosale.com\/product\/randm-tornado-7000-puffs-disposable-vape\/\"]}]},{\"@type\":\"BreadcrumbList\",\"@id\":\"https:\/\/vapehosale.com\/product\/randm-tornado-7000-puffs-disposable-vape\/#breadcrumb\",\"itemListElement\":[{\"@type\":\"ListItem\",\"position\":1,\"name\":\"Home\",\"item\":\"https:\/\/vapehosale.com\/\"},{\"@type\":\"ListItem\",\"position\":2,\"name\":\"Best Sell Vapes\",\"item\":\"https:\/\/vapehosale.com\/vape-shop\/\"},{\"@type\":\"ListItem\",\"position\":3,\"name\":\"Wholesale RandM Tornado 7000 Puffs Disposable Vape\"}]},{\"@type\":\"WebSite\",\"@id\":\"https:\/\/vapehosale.com\/#website\",\"url\":\"https:\/\/vapehosale.com\/\",\"name\":\"Vape Wholesale\",\"description\":\"Buy Vape Wholesale Price Near you\",\"potentialAction\":[{\"@type\":\"SearchAction\",\"target\":{\"@type\":\"EntryPoint\",\"urlTemplate\":\"https:\/\/vapehosale.com\/?s={search_term_string}\"},\"query-input\":\"required name=search_term_string\"}],\"inLanguage\":\"da-DK\"}]}<\/script>\n<!-- \/ Yoast SEO plugin. -->","yoast_head_json":{"title":"Wholesale RandM Tornado 7000 Puffs Disposable Vape - Vape Wholesale","description":"RandM Tornado 7000 Puffs Rechargeable Vape with mesh coil, leak-proof design, RGB lights, and adjustable airflow for the ultimate vaping experience","robots":{"index":"index","follow":"follow","max-snippet":"max-snippet:-1","max-image-preview":"max-image-preview:large","max-video-preview":"max-video-preview:-1"},"canonical":"https:\/\/vapehosale.com\/da\/product\/randm-tornado-7000-puffs-disposable-vape\/","og_locale":"da_DK","og_type":"article","og_title":"Wholesale RandM Tornado 7000 Puffs Disposable Vape - Vape Wholesale","og_description":"RandM Tornado 7000 Puffs Rechargeable Vape with mesh coil, leak-proof design, RGB lights, and adjustable airflow for the ultimate vaping experience","og_url":"https:\/\/vapehosale.com\/da\/product\/randm-tornado-7000-puffs-disposable-vape\/","og_site_name":"Vape Wholesale","article_modified_time":"2025-08-29T08:33:33+00:00","og_image":[{"width":1440,"height":1800,"url":"https:\/\/vapehosale.com\/wp-content\/uploads\/2023\/09\/RandM-Factory-Direct-7000-Puffs-RGB-Vape.jpg","type":"image\/jpeg"}],"twitter_card":"summary_large_image","twitter_misc":{"Estimeret l\u00e6setid":"4 minutter"},"schema":{"@context":"https:\/\/schema.org","@graph":[{"@type":"WebPage","@id":"https:\/\/vapehosale.com\/product\/randm-tornado-7000-puffs-disposable-vape\/","url":"https:\/\/vapehosale.com\/product\/randm-tornado-7000-puffs-disposable-vape\/","name":"Wholesale RandM Tornado 7000 Puffs Disposable Vape - Vape Wholesale","isPartOf":{"@id":"https:\/\/vapehosale.com\/#website"},"datePublished":"2023-09-19T10:02:58+00:00","dateModified":"2025-08-29T08:33:33+00:00","description":"RandM Tornado 7000 Puffs Rechargeable Vape with mesh coil, leak-proof design, RGB lights, and adjustable airflow for the ultimate vaping experience","breadcrumb":{"@id":"https:\/\/vapehosale.com\/product\/randm-tornado-7000-puffs-disposable-vape\/#breadcrumb"},"inLanguage":"da-DK","potentialAction":[{"@type":"ReadAction","target":["https:\/\/vapehosale.com\/product\/randm-tornado-7000-puffs-disposable-vape\/"]}]},{"@type":"BreadcrumbList","@id":"https:\/\/vapehosale.com\/product\/randm-tornado-7000-puffs-disposable-vape\/#breadcrumb","itemListElement":[{"@type":"ListItem","position":1,"name":"Home","item":"https:\/\/vapehosale.com\/"},{"@type":"ListItem","position":2,"name":"Best Sell Vapes","item":"https:\/\/vapehosale.com\/vape-shop\/"},{"@type":"ListItem","position":3,"name":"Wholesale RandM Tornado 7000 Puffs Disposable Vape"}]},{"@type":"WebSite","@id":"https:\/\/vapehosale.com\/#website","url":"https:\/\/vapehosale.com\/","name":"Vape Wholesale","description":"Buy Vape Wholesale Price Near you","potentialAction":[{"@type":"SearchAction","target":{"@type":"EntryPoint","urlTemplate":"https:\/\/vapehosale.com\/?s={search_term_string}"},"query-input":"required name=search_term_string"}],"inLanguage":"da-DK"}]}},"uagb_featured_image_src":{"full":["https:\/\/vapehosale.com\/wp-content\/uploads\/2023\/09\/RandM-Factory-Direct-7000-Puffs-RGB-Vape.jpg",1440,1800,false],"thumbnail":["https:\/\/vapehosale.com\/wp-content\/uploads\/2023\/09\/RandM-Factory-Direct-7000-Puffs-RGB-Vape-150x150.jpg",150,150,true],"medium":["https:\/\/vapehosale.com\/wp-content\/uploads\/2023\/09\/RandM-Factory-Direct-7000-Puffs-RGB-Vape-240x300.jpg",240,300,true],"medium_large":["https:\/\/vapehosale.com\/wp-content\/uploads\/2023\/09\/RandM-Factory-Direct-7000-Puffs-RGB-Vape-768x960.jpg",768,960,true],"large":["https:\/\/vapehosale.com\/wp-content\/uploads\/2023\/09\/RandM-Factory-Direct-7000-Puffs-RGB-Vape-819x1024.jpg",819,1024,true],"1536x1536":["https:\/\/vapehosale.com\/wp-content\/uploads\/2023\/09\/RandM-Factory-Direct-7000-Puffs-RGB-Vape-1229x1536.jpg",1229,1536,true],"2048x2048":["https:\/\/vapehosale.com\/wp-content\/uploads\/2023\/09\/RandM-Factory-Direct-7000-Puffs-RGB-Vape.jpg",1440,1800,false],"trp-custom-language-flag":["https:\/\/vapehosale.com\/wp-content\/uploads\/2023\/09\/RandM-Factory-Direct-7000-Puffs-RGB-Vape.jpg",10,12,false],"woocommerce_thumbnail":["https:\/\/vapehosale.com\/wp-content\/uploads\/2023\/09\/RandM-Factory-Direct-7000-Puffs-RGB-Vape-300x300.jpg",300,300,true],"woocommerce_single":["https:\/\/vapehosale.com\/wp-content\/uploads\/2023\/09\/RandM-Factory-Direct-7000-Puffs-RGB-Vape-600x750.jpg",600,750,true],"woocommerce_gallery_thumbnail":["https:\/\/vapehosale.com\/wp-content\/uploads\/2023\/09\/RandM-Factory-Direct-7000-Puffs-RGB-Vape-100x100.jpg",100,100,true],"wcpr-photo-reviews":["https:\/\/vapehosale.com\/wp-content\/uploads\/2023\/09\/RandM-Factory-Direct-7000-Puffs-RGB-Vape.jpg",400,500,false]},"uagb_author_info":{"display_name":"Vicky hosale","author_link":"https:\/\/vapehosale.com\/da\/author\/"},"uagb_comment_info":8,"uagb_excerpt":"Randm tornados 7k rechargeable disposable vape that contains 14ml of e-liquid and an 850mah rechargeable battery,\u00a0 each fumot 7k vapes can provide 7000 puffs, 40+ flavor instock, waittinig for you to choose today!(website price not include shipping cost) Contact vikcy for more disscount,RandM vape wholesale min order only need 50pcs! NOTE: The website price does&hellip;","_links":{"self":[{"href":"https:\/\/vapehosale.com\/da\/wp-json\/wp\/v2\/product\/1453","targetHints":{"allow":["GET"]}}],"collection":[{"href":"https:\/\/vapehosale.com\/da\/wp-json\/wp\/v2\/product"}],"about":[{"href":"https:\/\/vapehosale.com\/da\/wp-json\/wp\/v2\/types\/product"}],"replies":[{"embeddable":true,"href":"https:\/\/vapehosale.com\/da\/wp-json\/wp\/v2\/comments?post=1453"}],"wp:featuredmedia":[{"embeddable":true,"href":"https:\/\/vapehosale.com\/da\/wp-json\/wp\/v2\/media\/3104"}],"wp:attachment":[{"href":"https:\/\/vapehosale.com\/da\/wp-json\/wp\/v2\/media?parent=1453"}],"wp:term":[{"taxonomy":"product_cat","embeddable":true,"href":"https:\/\/vapehosale.com\/da\/wp-json\/wp\/v2\/product_cat?post=1453"},{"taxonomy":"product_tag","embeddable":true,"href":"https:\/\/vapehosale.com\/da\/wp-json\/wp\/v2\/product_tag?post=1453"}],"curies":[{"name":"wp","href":"https:\/\/api.w.org\/{rel}","templated":true}]}}