{"id":1572,"date":"2023-09-27T08:09:18","date_gmt":"2023-09-27T08:09:18","guid":{"rendered":"https:\/\/vapehosale.com\/?post_type=product&#038;p=1572"},"modified":"2024-10-16T09:20:58","modified_gmt":"2024-10-16T09:20:58","slug":"vbon-9000-puffs-disposable-vape","status":"publish","type":"product","link":"https:\/\/vapehosale.com\/cs\/product\/vbon-9000-puffs-disposable-vape\/","title":{"rendered":"Velkoobchod VBON 9000 Puffs Jednor\u00e1zov\u00e1 e-cigareta 20 mg"},"content":{"rendered":"<h2 style=\"text-align: center\">Co je jednor\u00e1zov\u00e1 elektronick\u00e1 cigareta VBON 9000 potah\u016f?<\/h2>\n<p>Jednor\u00e1zov\u00e1 elektronick\u00e1 cigareta VBON 9000 potah\u016f je jednou z nejobl\u00edben\u011bj\u0161\u00edch jednor\u00e1zov\u00fdch elektronick\u00fdch cigaret v \u010cesk\u00e9 republice. Je vybavena RGB sv\u011btlem na spodn\u00ed stran\u011b a p\u0159i ka\u017ed\u00e9m pot\u00e1hnut\u00ed vyd\u00e1v\u00e1 chladn\u00e9 RGB sv\u011btlo. Elektronick\u00e1 cigareta obsahuje 18ML n\u00e1pln\u011b a 600mAh dob\u00edjec\u00ed baterii, tak\u017ee p\u0159i pou\u017eit\u00ed nab\u00edjen\u00ed p\u0159es Type-c poskytuje 9000 potah\u016f.<\/p>\n<p><img decoding=\"async\" class=\"alignnone size-full wp-image-1573\" src=\"https:\/\/vapehosale.com\/wp-content\/uploads\/2023\/09\/France-hot-sale-VBON-9000-Puffs-Disposable-vape-wholesale-.png\" alt=\"\u010cesk\u00e1 republika hork\u00fd prodej VBON 9000 pot\u00e1hnut\u00ed jednor\u00e1zov\u00e1 elektronick\u00e1 cigareta velkoobchod\" width=\"809\" height=\"834\" srcset=\"https:\/\/vapehosale.com\/wp-content\/uploads\/2023\/09\/France-hot-sale-VBON-9000-Puffs-Disposable-vape-wholesale-.png 809w, https:\/\/vapehosale.com\/wp-content\/uploads\/2023\/09\/France-hot-sale-VBON-9000-Puffs-Disposable-vape-wholesale--291x300.png 291w, https:\/\/vapehosale.com\/wp-content\/uploads\/2023\/09\/France-hot-sale-VBON-9000-Puffs-Disposable-vape-wholesale--768x792.png 768w, https:\/\/vapehosale.com\/wp-content\/uploads\/2023\/09\/France-hot-sale-VBON-9000-Puffs-Disposable-vape-wholesale--600x619.png 600w\" sizes=\"(max-width: 809px) 100vw, 809px\" \/><\/p>\n<p>&nbsp;<\/p>\n<h4>Mysl\u00edte si, \u017ee byste se mohli cht\u00edt dozv\u011bd\u011bt o VBON 9000 potah\u016f<\/h4>\n<p>&nbsp;<\/p>\n<h6>1.Mohu vypnout RGB sv\u011btlo?<\/h6>\n<p>Jednor\u00e1zovou elektronickou cigaretu VBon RGB sv\u011btlo nelze vypnout, proto\u017ee chladn\u00e9 RGB sv\u011btlo je vlastnost\u00ed jednor\u00e1zov\u00e9 elektronick\u00e9 cigarety VBon 9000 potah\u016f, bude aktivov\u00e1no p\u0159i ka\u017ed\u00e9m pot\u00e1hnut\u00ed, dokud se baterie nevybije.<\/p>\n<h5>2.Jak\u00e1 je nejlep\u0161\u00ed p\u0159\u00edchu\u0165?<\/h5>\n<p>Osobn\u011b doporu\u010duji n\u00e1sleduj\u00edc\u00ed 3 p\u0159\u00edchut\u011b lidem, kte\u0159\u00ed poprv\u00e9 pou\u017e\u00edvaj\u00ed elektronick\u00e9 cigarety a cht\u011bj\u00ed p\u0159estat s elektronick\u00fdmi cigaretami<br \/>\nTop 1: Red Bull<\/p>\n<p>Top 2: Watermelon Ice<\/p>\n<p>Top 3: Mamba<\/p>\n<p>\uf06cLze ji dob\u00edjet? Ano, dob\u00edjen\u00ed p\u0159es typ-c<br \/>\n\uf06cJak\u00e1 je doporu\u010den\u00e1 maloobchodn\u00ed cena? 12-15\u20ac<br \/>\n\uf06cKolik potah\u016f mohu z\u00edskat z jednoho jednor\u00e1zov\u00e9ho za\u0159\u00edzen\u00ed VBON 9000 potah\u016f?<br \/>\n\uf06cMohu dob\u00edt sadu Vbon 9000?<\/p>\n<h4>Specifikace:<\/h4>\n<p>1. 2% 5% \u00darove\u0148 nikotinu<br \/>\n2.Potahy: 9000 potah\u016f dlouhotrvaj\u00edc\u00ed jednor\u00e1zov\u00e1 elektronick\u00e1 cigareta<br \/>\n3.Kapacita: 18ml<br \/>\n4.K dispozici 30 p\u0159\u00edchut\u00ed<br \/>\n5.Vestav\u011bn\u00e1 600mAh<br \/>\n6.Dob\u00edjen\u00ed Type-C<br \/>\n7.Vyrobeno v \u010c\u00edn\u011b<\/p>\n<h4>Seznam p\u0159\u00edchut\u00ed:<\/h4>\n<p>1. Kiwi Passion Fruit Guava<\/p>\n<p>2.Sm\u00ed\u0161en\u00e9 bobule<\/p>\n<p>3. Modr\u00fd led Razz<\/p>\n<p>4.Bor\u016fvka gran\u00e1tov\u00e9 jablko<\/p>\n<p>5.Bor\u016fvka T\u0159e\u0161e\u0148 Brusinka<\/p>\n<p>6. Red Bull<\/p>\n<p>7. Ledov\u00fd vodn\u00ed meloun<\/p>\n<p>8.Vodn\u00ed meloun Brazz Ice<\/p>\n<p>9.Jahodov\u00fd meloun<\/p>\n<p>10.Jahodov\u00e1 limon\u00e1da<\/p>\n<p>11.Jahodov\u00fd kr\u00e9m<\/p>\n<p>12.Jahodov\u00fd led<\/p>\n<p>13.Jahoda Kiwi<\/p>\n<p>14.Jahodov\u00e1 melounov\u00e1 limon\u00e1da<\/p>\n<p>15.Mango na ledu<\/p>\n<p>16.Broskvov\u00fd led<\/p>\n<p>17.Broskev mango<\/p>\n<p>18.Bor\u016fvkov\u00fd led<\/p>\n<p>19.Broskev mango ananas<\/p>\n<p>20.Broskvov\u00e1 bor\u016fvkov\u00e1 cukrovinka<\/p>\n<p>21.Gummy bear<\/p>\n<p>22.Mango broskev guava<\/p>\n<p>23.Maracuja pomeran\u010d guava<\/p>\n<p>24.\u010cerven\u00e9 jablko led<\/p>\n<p>25.Broskev citron<\/p>\n<p>26. citron m\u00e1ta limetka<\/p>\n<p>27. jahoda ananas pomeran\u010d<\/p>\n<p>28. Jablko broskev<\/p>\n<p>29. ml\u00e9\u010dn\u00fd koktejl ml\u00e9\u010dn\u00fd koktejl led<\/p>\n<p>30. manba<\/p>\n<p><a href=\"https:\/\/vapehosale.com\/cs\/product\/randm-tornado-7000-puffs-disposable-vape\/\">\u017dhav\u00fd prodej vape RandM Tornado 7000<\/a> a <a href=\"https:\/\/vapehosale.com\/cs\/product\/bulk-buy-randm-tornado-9000\/\">RandM Tornado 9000 pot\u00e1hnut\u00ed<\/a> Velkoobchod <a href=\"https:\/\/vapehosale.com\/cs\/product\/fumot-digital-box-12000-puffs\/\">Fumot Digital Box 12000 pot\u00e1hnut\u00ed<\/a><br \/>\nKontakt pro katalog produkt\u016f:<a href=\"https:\/\/wa.me\/8618077105750\">Nakupovat<\/a><\/p>\n<p>Dal\u0161\u00ed jednor\u00e1zov\u00e9 vapky, kter\u00e9 by se v\u00e1m mohly l\u00edbit:<a href=\"https:\/\/vapehosale.com\/cs\/product\/bulk-buy-bang-king-12000\/\">Bang king 12000 pot\u00e1hnut\u00ed<\/a>\/<a href=\"https:\/\/vapehosale.com\/cs\/product\/sidia-12000-puffs-disposable-device\/\">Vapme 12000 pot\u00e1hnut\u00ed<\/a>\/Vapme 7000 pot\u00e1hnut\u00ed\/Bang 8000 pot\u00e1hnut\u00ed\/ELFBAR bc5000 pot\u00e1hnut\u00ed<\/p>\n<p>Speci\u00e1ln\u00ed tvar modelu e-cigarety:<a href=\"https:\/\/vapehosale.com\/cs\/product\/bulk-buy-bang-king-12000\/\">Tvar l\u00e1hve<\/a>\/Plechovka od Coca-Coly\/<a href=\"https:\/\/vapehosale.com\/cs\/product\/sidia-12000-puffs-disposable-device\/\">RGB sv\u011btlo<\/a>\/Krystal<\/p>\n<h4>Detaily dopravy:<\/h4>\n<p>Doba v\u00fdroby: 3-10 pracovn\u00edch dn\u016f<br \/>\nDoba dod\u00e1n\u00ed: 8-14 pracovn\u00edch dn\u016f<\/p>\n<p>V\u0161echny produkty v na\u0161em obchod\u011b jsou 100% origin\u00e1ln\u00ed a autentick\u00e9, tak\u017ee desetkr\u00e1t vy\u0161\u0161\u00ed od\u0161kodn\u011bn\u00ed za pad\u011blan\u00e9 zbo\u017e\u00ed je na\u0161\u00ed obchodn\u00ed politikou.<\/p>\n<h3>Poprodejn\u00ed servis:<\/h3>\n<p><span style=\"color: #ff0000\">Upozorn\u011bn\u00ed: \u017d\u00e1dn\u00e9 vr\u00e1cen\u00ed pen\u011bz nebo v\u00fdm\u011bny z d\u016fvodu probl\u00e9m\u016f, kter\u00e9 nesouvis\u00ed s kvalitou<\/span><br \/>\n1. Z\u00e1kazn\u00edci si mohou vybrat p\u0159\u00edchu\u0165, kterou cht\u011bj\u00ed, ale pokud je p\u0159\u00edchu\u0165 vyprodan\u00e1, v\u00fdrobn\u00ed odd\u011blen\u00ed vybere obl\u00edbenou p\u0159\u00edchu\u0165, kter\u00e1 ji nahrad\u00ed. Z\u00e1kazn\u00edci nemaj\u00ed pr\u00e1vo \u017e\u00e1dat o vr\u00e1cen\u00ed pen\u011bz nebo v\u00fdm\u011bnu zbo\u017e\u00ed na z\u00e1klad\u011b p\u0159\u00edchut\u00ed.<\/p>\n<p>2. Pokud se vyskytnou probl\u00e9my s kvalitou, poskytn\u011bte pros\u00edm konkr\u00e9tn\u00ed popis ve form\u011b videa a obr\u00e1zk\u016f.<br \/>\nPokud nem\u016f\u017eete poskytnout d\u016fkazy, jako jsou videa a fotografie, zbo\u017e\u00ed nelze vym\u011bnit.<\/p>\n<p>Pro podrobn\u011bj\u0161\u00ed velkoobchodn\u00ed cenu, MOQ, dostupn\u00e9 p\u0159\u00edchut\u011b, kontaktujte pros\u00edm na\u0161i obchodn\u00ed mana\u017eerku vicky <a href=\"https:\/\/wa.me\/8618077105750\">whatsapp:+8618077105750<\/a><\/p>\n<p>&nbsp;<\/p>\n<p>&nbsp;<\/p>\n<h4 style=\"text-align: center\">Lodn\u00ed a tov\u00e1rn\u00ed displej:<\/h4>\n<p><img decoding=\"async\" class=\"alignnone size-medium wp-image-1422\" src=\"https:\/\/vapehosale.com\/wp-content\/uploads\/2023\/09\/factory-2-300x200.jpg\" alt=\"Tov\u00e1rna na vapy (2)\" width=\"300\" height=\"200\" srcset=\"https:\/\/vapehosale.com\/wp-content\/uploads\/2023\/09\/factory-2-300x200.jpg 300w, https:\/\/vapehosale.com\/wp-content\/uploads\/2023\/09\/factory-2-1024x682.jpg 1024w, https:\/\/vapehosale.com\/wp-content\/uploads\/2023\/09\/factory-2-768x512.jpg 768w, https:\/\/vapehosale.com\/wp-content\/uploads\/2023\/09\/factory-2-600x400.jpg 600w, https:\/\/vapehosale.com\/wp-content\/uploads\/2023\/09\/factory-2.jpg 1280w\" sizes=\"(max-width: 300px) 100vw, 300px\" \/><img decoding=\"async\" class=\"alignnone size-medium wp-image-1423\" src=\"https:\/\/vapehosale.com\/wp-content\/uploads\/2023\/09\/RANDM-TORNADO-12000-VAEP-FACTORY-300x225.jpg\" alt=\"Tov\u00e1rna na vapy RANDM TORNADO 12000\" width=\"300\" height=\"225\" srcset=\"https:\/\/vapehosale.com\/wp-content\/uploads\/2023\/09\/RANDM-TORNADO-12000-VAEP-FACTORY-300x225.jpg 300w, https:\/\/vapehosale.com\/wp-content\/uploads\/2023\/09\/RANDM-TORNADO-12000-VAEP-FACTORY-1024x768.jpg 1024w, https:\/\/vapehosale.com\/wp-content\/uploads\/2023\/09\/RANDM-TORNADO-12000-VAEP-FACTORY-768x576.jpg 768w, https:\/\/vapehosale.com\/wp-content\/uploads\/2023\/09\/RANDM-TORNADO-12000-VAEP-FACTORY-1536x1152.jpg 1536w, https:\/\/vapehosale.com\/wp-content\/uploads\/2023\/09\/RANDM-TORNADO-12000-VAEP-FACTORY-600x450.jpg 600w, https:\/\/vapehosale.com\/wp-content\/uploads\/2023\/09\/RANDM-TORNADO-12000-VAEP-FACTORY.jpg 1702w\" sizes=\"(max-width: 300px) 100vw, 300px\" \/><img decoding=\"async\" class=\"alignnone size-medium wp-image-1425\" src=\"https:\/\/vapehosale.com\/wp-content\/uploads\/2023\/09\/WAREHOUSE-300x193.jpg\" alt=\"SKLAD\" width=\"300\" height=\"193\" srcset=\"https:\/\/vapehosale.com\/wp-content\/uploads\/2023\/09\/WAREHOUSE-300x193.jpg 300w, https:\/\/vapehosale.com\/wp-content\/uploads\/2023\/09\/WAREHOUSE.jpg 557w\" sizes=\"(max-width: 300px) 100vw, 300px\" \/><img decoding=\"async\" class=\"alignnone size-medium wp-image-1564\" src=\"https:\/\/vapehosale.com\/wp-content\/uploads\/2023\/09\/f9454add9518c005b999699bbc181d1-169x300.jpg\" alt=\"Lodn\u00ed z\u00e1silka z tov\u00e1rny na elektronick\u00e9 cigarety\" width=\"169\" height=\"300\" srcset=\"https:\/\/vapehosale.com\/wp-content\/uploads\/2023\/09\/f9454add9518c005b999699bbc181d1-169x300.jpg 169w, https:\/\/vapehosale.com\/wp-content\/uploads\/2023\/09\/f9454add9518c005b999699bbc181d1-576x1024.jpg 576w, https:\/\/vapehosale.com\/wp-content\/uploads\/2023\/09\/f9454add9518c005b999699bbc181d1-768x1365.jpg 768w, https:\/\/vapehosale.com\/wp-content\/uploads\/2023\/09\/f9454add9518c005b999699bbc181d1-864x1536.jpg 864w, https:\/\/vapehosale.com\/wp-content\/uploads\/2023\/09\/f9454add9518c005b999699bbc181d1-600x1067.jpg 600w, https:\/\/vapehosale.com\/wp-content\/uploads\/2023\/09\/f9454add9518c005b999699bbc181d1.jpg 1080w\" sizes=\"(max-width: 169px) 100vw, 169px\" \/><\/p>","protected":false},"excerpt":{"rendered":"<p>Jednor\u00e1zov\u00e1 sada VBON 9000 potah\u016f pou\u017e\u00edv\u00e1 pro dob\u00edjen\u00ed typ-c, ka\u017ed\u00e9 za\u0159\u00edzen\u00ed obsahuje 600mAh baterii a 18ml n\u00e1pln\u011b, m\u016f\u017eete ji pou\u017e\u00edvat kdekoli, ale ne na ve\u0159ejn\u00fdch m\u00edstech, kontaktujte Vicky pro velkoobchodn\u00ed objedn\u00e1vku, minim\u00e1ln\u00ed objedn\u00e1vka je pouze 100ks<\/p>\n<p><img decoding=\"async\" class=\"alignnone size-medium wp-image-2638\" src=\"https:\/\/vapehosale.com\/wp-content\/uploads\/2023\/09\/885301ea6f5e0b91f5ab2b1c85e665c-300x295.png\" alt=\"Tov\u00e1rna RandM\" width=\"300\" height=\"295\" srcset=\"https:\/\/vapehosale.com\/wp-content\/uploads\/2023\/09\/885301ea6f5e0b91f5ab2b1c85e665c-300x295.png 300w, https:\/\/vapehosale.com\/wp-content\/uploads\/2023\/09\/885301ea6f5e0b91f5ab2b1c85e665c-600x589.png 600w, https:\/\/vapehosale.com\/wp-content\/uploads\/2023\/09\/885301ea6f5e0b91f5ab2b1c85e665c.png 670w\" sizes=\"(max-width: 300px) 100vw, 300px\" \/><\/p>\n<p><span style=\"color: #ff0000\">POZN\u00c1MKA: Cena na webov\u00fdch str\u00e1nk\u00e1ch nezahrnuje n\u00e1klady na dopravu. Uve\u010fte pros\u00edm sv\u00e9 PS\u010c pro ov\u011b\u0159en\u00ed n\u00e1klad\u016f na dopravu.<\/span><\/p>\n<p>&nbsp;<\/p>","protected":false},"featured_media":1578,"comment_status":"open","ping_status":"closed","template":"","meta":{"_uag_custom_page_level_css":"","_lmt_disableupdate":"","_lmt_disable":"","site-sidebar-layout":"default","site-content-layout":"","ast-site-content-layout":"default","site-content-style":"default","site-sidebar-style":"default","ast-global-header-display":"","ast-banner-title-visibility":"","ast-main-header-display":"","ast-hfb-above-header-display":"","ast-hfb-below-header-display":"","ast-hfb-mobile-header-display":"","site-post-title":"","ast-breadcrumbs-content":"","ast-featured-img":"","footer-sml-layout":"","theme-transparent-header-meta":"default","adv-header-id-meta":"","stick-header-meta":"","header-above-stick-meta":"","header-main-stick-meta":"","header-below-stick-meta":"","astra-migrate-meta-layouts":"set","_joinchat":[]},"product_cat":[15,86],"product_tag":[35,33,40],"class_list":["post-1572","product","type-product","status-publish","has-post-thumbnail","hentry","product_cat-vape-shop-wholesale","product_cat-9000-vape","product_tag-rechargeable-disposable-device","product_tag-rgb-light-disposable-vape","product_tag-sidia-vape","desktop-align-left","tablet-align-left","mobile-align-left"],"yoast_head":"<!-- This site is optimized with the Yoast SEO plugin v21.1 - https:\/\/yoast.com\/wordpress\/plugins\/seo\/ -->\n<title>Wholesale VBON 9000 Puffs Disposable Vape 20mg - Vape Wholesale<\/title>\n<meta name=\"description\" content=\"VBON 9000 Puffs is a rechargeable disposable device that contains 18ml e-liquid and an 600mah rechargeble battery\uff0ceach device provide 9000 puffs.\" \/>\n<meta name=\"robots\" content=\"index, follow, max-snippet:-1, max-image-preview:large, max-video-preview:-1\" \/>\n<link rel=\"canonical\" href=\"https:\/\/vapehosale.com\/cs\/product\/vbon-9000-puffs-disposable-vape\/\" \/>\n<meta property=\"og:locale\" content=\"cs_CZ\" \/>\n<meta property=\"og:type\" content=\"article\" \/>\n<meta property=\"og:title\" content=\"Wholesale VBON 9000 Puffs Disposable Vape 20mg - Vape Wholesale\" \/>\n<meta property=\"og:description\" content=\"VBON 9000 Puffs is a rechargeable disposable device that contains 18ml e-liquid and an 600mah rechargeble battery\uff0ceach device provide 9000 puffs.\" \/>\n<meta property=\"og:url\" content=\"https:\/\/vapehosale.com\/cs\/product\/vbon-9000-puffs-disposable-vape\/\" \/>\n<meta property=\"og:site_name\" content=\"Vape Wholesale\" \/>\n<meta property=\"article:modified_time\" content=\"2024-10-16T09:20:58+00:00\" \/>\n<meta property=\"og:image\" content=\"https:\/\/vapehosale.com\/wp-content\/uploads\/2023\/09\/Best-sale-VBON-9000-Puffs-Disposable-vape-wholesale-.jpg\" \/>\n\t<meta property=\"og:image:width\" content=\"800\" \/>\n\t<meta property=\"og:image:height\" content=\"800\" \/>\n\t<meta property=\"og:image:type\" content=\"image\/jpeg\" \/>\n<meta name=\"twitter:card\" content=\"summary_large_image\" \/>\n<meta name=\"twitter:label1\" content=\"Odhadovan\u00e1 doba \u010dten\u00ed\" \/>\n\t<meta name=\"twitter:data1\" content=\"4 minuty\" \/>\n<script type=\"application\/ld+json\" class=\"yoast-schema-graph\">{\"@context\":\"https:\/\/schema.org\",\"@graph\":[{\"@type\":\"WebPage\",\"@id\":\"https:\/\/vapehosale.com\/product\/vbon-9000-puffs-disposable-vape\/\",\"url\":\"https:\/\/vapehosale.com\/product\/vbon-9000-puffs-disposable-vape\/\",\"name\":\"Wholesale VBON 9000 Puffs Disposable Vape 20mg - Vape Wholesale\",\"isPartOf\":{\"@id\":\"https:\/\/vapehosale.com\/#website\"},\"datePublished\":\"2023-09-27T08:09:18+00:00\",\"dateModified\":\"2024-10-16T09:20:58+00:00\",\"description\":\"VBON 9000 Puffs is a rechargeable disposable device that contains 18ml e-liquid and an 600mah rechargeble battery\uff0ceach device provide 9000 puffs.\",\"breadcrumb\":{\"@id\":\"https:\/\/vapehosale.com\/product\/vbon-9000-puffs-disposable-vape\/#breadcrumb\"},\"inLanguage\":\"cs\",\"potentialAction\":[{\"@type\":\"ReadAction\",\"target\":[\"https:\/\/vapehosale.com\/product\/vbon-9000-puffs-disposable-vape\/\"]}]},{\"@type\":\"BreadcrumbList\",\"@id\":\"https:\/\/vapehosale.com\/product\/vbon-9000-puffs-disposable-vape\/#breadcrumb\",\"itemListElement\":[{\"@type\":\"ListItem\",\"position\":1,\"name\":\"Home\",\"item\":\"https:\/\/vapehosale.com\/\"},{\"@type\":\"ListItem\",\"position\":2,\"name\":\"Best Sell Vapes\",\"item\":\"https:\/\/vapehosale.com\/vape-shop\/\"},{\"@type\":\"ListItem\",\"position\":3,\"name\":\"Wholesale VBON 9000 Puffs Disposable Vape 20mg\"}]},{\"@type\":\"WebSite\",\"@id\":\"https:\/\/vapehosale.com\/#website\",\"url\":\"https:\/\/vapehosale.com\/\",\"name\":\"Vape Wholesale\",\"description\":\"Buy Vape Wholesale Price Near you\",\"potentialAction\":[{\"@type\":\"SearchAction\",\"target\":{\"@type\":\"EntryPoint\",\"urlTemplate\":\"https:\/\/vapehosale.com\/?s={search_term_string}\"},\"query-input\":\"required name=search_term_string\"}],\"inLanguage\":\"cs\"}]}<\/script>\n<!-- \/ Yoast SEO plugin. -->","yoast_head_json":{"title":"Wholesale VBON 9000 Puffs Disposable Vape 20mg - Vape Wholesale","description":"VBON 9000 Puffs is a rechargeable disposable device that contains 18ml e-liquid and an 600mah rechargeble battery\uff0ceach device provide 9000 puffs.","robots":{"index":"index","follow":"follow","max-snippet":"max-snippet:-1","max-image-preview":"max-image-preview:large","max-video-preview":"max-video-preview:-1"},"canonical":"https:\/\/vapehosale.com\/cs\/product\/vbon-9000-puffs-disposable-vape\/","og_locale":"cs_CZ","og_type":"article","og_title":"Wholesale VBON 9000 Puffs Disposable Vape 20mg - Vape Wholesale","og_description":"VBON 9000 Puffs is a rechargeable disposable device that contains 18ml e-liquid and an 600mah rechargeble battery\uff0ceach device provide 9000 puffs.","og_url":"https:\/\/vapehosale.com\/cs\/product\/vbon-9000-puffs-disposable-vape\/","og_site_name":"Vape Wholesale","article_modified_time":"2024-10-16T09:20:58+00:00","og_image":[{"width":800,"height":800,"url":"https:\/\/vapehosale.com\/wp-content\/uploads\/2023\/09\/Best-sale-VBON-9000-Puffs-Disposable-vape-wholesale-.jpg","type":"image\/jpeg"}],"twitter_card":"summary_large_image","twitter_misc":{"Odhadovan\u00e1 doba \u010dten\u00ed":"4 minuty"},"schema":{"@context":"https:\/\/schema.org","@graph":[{"@type":"WebPage","@id":"https:\/\/vapehosale.com\/product\/vbon-9000-puffs-disposable-vape\/","url":"https:\/\/vapehosale.com\/product\/vbon-9000-puffs-disposable-vape\/","name":"Wholesale VBON 9000 Puffs Disposable Vape 20mg - Vape Wholesale","isPartOf":{"@id":"https:\/\/vapehosale.com\/#website"},"datePublished":"2023-09-27T08:09:18+00:00","dateModified":"2024-10-16T09:20:58+00:00","description":"VBON 9000 Puffs is a rechargeable disposable device that contains 18ml e-liquid and an 600mah rechargeble battery\uff0ceach device provide 9000 puffs.","breadcrumb":{"@id":"https:\/\/vapehosale.com\/product\/vbon-9000-puffs-disposable-vape\/#breadcrumb"},"inLanguage":"cs","potentialAction":[{"@type":"ReadAction","target":["https:\/\/vapehosale.com\/product\/vbon-9000-puffs-disposable-vape\/"]}]},{"@type":"BreadcrumbList","@id":"https:\/\/vapehosale.com\/product\/vbon-9000-puffs-disposable-vape\/#breadcrumb","itemListElement":[{"@type":"ListItem","position":1,"name":"Home","item":"https:\/\/vapehosale.com\/"},{"@type":"ListItem","position":2,"name":"Best Sell Vapes","item":"https:\/\/vapehosale.com\/vape-shop\/"},{"@type":"ListItem","position":3,"name":"Wholesale VBON 9000 Puffs Disposable Vape 20mg"}]},{"@type":"WebSite","@id":"https:\/\/vapehosale.com\/#website","url":"https:\/\/vapehosale.com\/","name":"Vape Wholesale","description":"Buy Vape Wholesale Price Near you","potentialAction":[{"@type":"SearchAction","target":{"@type":"EntryPoint","urlTemplate":"https:\/\/vapehosale.com\/?s={search_term_string}"},"query-input":"required name=search_term_string"}],"inLanguage":"cs"}]}},"uagb_featured_image_src":{"full":["https:\/\/vapehosale.com\/wp-content\/uploads\/2023\/09\/Best-sale-VBON-9000-Puffs-Disposable-vape-wholesale-.jpg",800,800,false],"thumbnail":["https:\/\/vapehosale.com\/wp-content\/uploads\/2023\/09\/Best-sale-VBON-9000-Puffs-Disposable-vape-wholesale--150x150.jpg",150,150,true],"medium":["https:\/\/vapehosale.com\/wp-content\/uploads\/2023\/09\/Best-sale-VBON-9000-Puffs-Disposable-vape-wholesale--300x300.jpg",300,300,true],"medium_large":["https:\/\/vapehosale.com\/wp-content\/uploads\/2023\/09\/Best-sale-VBON-9000-Puffs-Disposable-vape-wholesale--768x768.jpg",768,768,true],"large":["https:\/\/vapehosale.com\/wp-content\/uploads\/2023\/09\/Best-sale-VBON-9000-Puffs-Disposable-vape-wholesale-.jpg",800,800,false],"1536x1536":["https:\/\/vapehosale.com\/wp-content\/uploads\/2023\/09\/Best-sale-VBON-9000-Puffs-Disposable-vape-wholesale-.jpg",800,800,false],"2048x2048":["https:\/\/vapehosale.com\/wp-content\/uploads\/2023\/09\/Best-sale-VBON-9000-Puffs-Disposable-vape-wholesale-.jpg",800,800,false],"trp-custom-language-flag":["https:\/\/vapehosale.com\/wp-content\/uploads\/2023\/09\/Best-sale-VBON-9000-Puffs-Disposable-vape-wholesale-.jpg",12,12,false],"woocommerce_thumbnail":["https:\/\/vapehosale.com\/wp-content\/uploads\/2023\/09\/Best-sale-VBON-9000-Puffs-Disposable-vape-wholesale--300x300.jpg",300,300,true],"woocommerce_single":["https:\/\/vapehosale.com\/wp-content\/uploads\/2023\/09\/Best-sale-VBON-9000-Puffs-Disposable-vape-wholesale--600x600.jpg",600,600,true],"woocommerce_gallery_thumbnail":["https:\/\/vapehosale.com\/wp-content\/uploads\/2023\/09\/Best-sale-VBON-9000-Puffs-Disposable-vape-wholesale--100x100.jpg",100,100,true],"wcpr-photo-reviews":["https:\/\/vapehosale.com\/wp-content\/uploads\/2023\/09\/Best-sale-VBON-9000-Puffs-Disposable-vape-wholesale-.jpg",500,500,false]},"uagb_author_info":{"display_name":"Vicky hosale","author_link":"https:\/\/vapehosale.com\/cs\/author\/"},"uagb_comment_info":0,"uagb_excerpt":"VBON 9000 Puffs Disposable Kit use type-c to recharge,each device contain 600mah battery and 18ml oil, you can use it any where, but not public places, contact vicky for wholesale order, min order only need 100pcs NOTE: The website price does not include shipping costs. Please provide your postcode to check about shipping costs. &nbsp;","_links":{"self":[{"href":"https:\/\/vapehosale.com\/cs\/wp-json\/wp\/v2\/product\/1572","targetHints":{"allow":["GET"]}}],"collection":[{"href":"https:\/\/vapehosale.com\/cs\/wp-json\/wp\/v2\/product"}],"about":[{"href":"https:\/\/vapehosale.com\/cs\/wp-json\/wp\/v2\/types\/product"}],"replies":[{"embeddable":true,"href":"https:\/\/vapehosale.com\/cs\/wp-json\/wp\/v2\/comments?post=1572"}],"wp:featuredmedia":[{"embeddable":true,"href":"https:\/\/vapehosale.com\/cs\/wp-json\/wp\/v2\/media\/1578"}],"wp:attachment":[{"href":"https:\/\/vapehosale.com\/cs\/wp-json\/wp\/v2\/media?parent=1572"}],"wp:term":[{"taxonomy":"product_cat","embeddable":true,"href":"https:\/\/vapehosale.com\/cs\/wp-json\/wp\/v2\/product_cat?post=1572"},{"taxonomy":"product_tag","embeddable":true,"href":"https:\/\/vapehosale.com\/cs\/wp-json\/wp\/v2\/product_tag?post=1572"}],"curies":[{"name":"wp","href":"https:\/\/api.w.org\/{rel}","templated":true}]}}