{"id":1490,"date":"2023-09-21T02:02:20","date_gmt":"2023-09-21T02:02:20","guid":{"rendered":"https:\/\/vapehosale.com\/?post_type=product&#038;p=1490"},"modified":"2025-11-28T09:11:35","modified_gmt":"2025-11-28T09:11:35","slug":"fumot-digital-box-12000-puffs","status":"publish","type":"product","link":"https:\/\/vapehosale.com\/cs\/product\/fumot-digital-box-12000-puffs\/","title":{"rendered":"Velkoobchod RandM Fumot Digital Box 12000 Puffs Vape"},"content":{"rendered":"<h1 style=\"text-align: center\">Velkoobchod Fumot Digital Box 12000 Puffs Dob\u00edjec\u00ed vaporiz\u00e9r<\/h1>\n<p>Za\u0159\u00edzen\u00ed Fumot Digital Box 12000 Puffs je v\u00fdjime\u010dn\u011b trvanliv\u00fd dob\u00edjec\u00ed vape, kter\u00fd poskytuje garantovan\u00fdch 12 000 pot\u00e1hnut\u00ed d\u00edky sv\u00e9 zna\u010dn\u00e9 20ml p\u0159edpln\u011bn\u00e9 kapacit\u011b e-liquidu a integrovan\u00e9 850mAh baterii, co\u017e v\u00fdrazn\u011b sni\u017euje pot\u0159ebu neust\u00e1l\u00e9ho dob\u00edjen\u00ed nebo dopl\u0148ov\u00e1n\u00ed. Pokro\u010dil\u00e1 Mesh Coil zaji\u0161\u0165uje efektivn\u00ed odpa\u0159ov\u00e1n\u00ed e-liquidu pro bohat\u0161\u00ed chu\u0165 a hust\u0161\u00ed p\u00e1ru. Sledujte sv\u00e9 pou\u017e\u00edv\u00e1n\u00ed p\u0159ehledn\u011b pomoc\u00ed integrovan\u00e9ho digit\u00e1ln\u00edho displeje, kter\u00fd zobrazuje \u017eivotnost baterie a hladinu e-liquidu. Vyberte si preferovanou s\u00edlu nikotinu: 2 % (20 mg\/ml) nebo 5 % (50 mg\/ml). K dispozici je 52 r\u016fzn\u00fdch p\u0159\u00edchut\u00ed fumot 12000 puffs, objevte sv\u00e9ho dokonal\u00e9ho spole\u010dn\u00edka na cel\u00fd den, navr\u017een\u00e9ho pro dlouhotrvaj\u00edc\u00ed v\u00fdkon.<\/p>\n<p><img decoding=\"async\" class=\"alignnone size-full wp-image-1498\" src=\"https:\/\/vapehosale.com\/wp-content\/uploads\/2023\/09\/Fumot-Digital-Box-12000-puffs-Disposable-Vape-Wholesale.jpg\" alt=\"Fumot Digital Box 12000 pot\u00e1hnut\u00ed Jednor\u00e1zov\u00e1 vape Velkoobchod\" width=\"842\" height=\"540\" srcset=\"https:\/\/vapehosale.com\/wp-content\/uploads\/2023\/09\/Fumot-Digital-Box-12000-puffs-Disposable-Vape-Wholesale.jpg 842w, https:\/\/vapehosale.com\/wp-content\/uploads\/2023\/09\/Fumot-Digital-Box-12000-puffs-Disposable-Vape-Wholesale-300x192.jpg 300w, https:\/\/vapehosale.com\/wp-content\/uploads\/2023\/09\/Fumot-Digital-Box-12000-puffs-Disposable-Vape-Wholesale-768x493.jpg 768w, https:\/\/vapehosale.com\/wp-content\/uploads\/2023\/09\/Fumot-Digital-Box-12000-puffs-Disposable-Vape-Wholesale-600x385.jpg 600w\" sizes=\"(max-width: 842px) 100vw, 842px\" \/><\/p>\n<h3>Kde si mohu koupit fumot 12000 puffs za velkoobchodn\u00ed cenu (cena za hromadn\u00fd n\u00e1kup)?<\/h3>\n<h4>Cena Fumot 12000: 18 \u20ac - 20 \u20ac<\/h4>\n<p><a href=\"https:\/\/wa.me\/8618077105750\">Pro v\u00edce informac\u00ed kontaktujte obchodn\u00ed mana\u017eerku Vicky, obchodn\u00ed mana\u017eerka v\u00e1m pom\u016f\u017ee vy\u0159e\u0161it v\u0161echny probl\u00e9my s va\u0161\u00ed objedn\u00e1vkou.<\/a><br \/>\n<img decoding=\"async\" class=\"alignnone size-medium wp-image-5650\" src=\"https:\/\/vapehosale.com\/wp-content\/uploads\/2025\/10\/8a420713276bf7cf308193b71e051aa3-300x274.jpg\" alt=\"Vicky\" width=\"300\" height=\"274\" srcset=\"https:\/\/vapehosale.com\/wp-content\/uploads\/2025\/10\/8a420713276bf7cf308193b71e051aa3-300x274.jpg 300w, https:\/\/vapehosale.com\/wp-content\/uploads\/2025\/10\/8a420713276bf7cf308193b71e051aa3-1024x937.jpg 1024w, https:\/\/vapehosale.com\/wp-content\/uploads\/2025\/10\/8a420713276bf7cf308193b71e051aa3-768x703.jpg 768w, https:\/\/vapehosale.com\/wp-content\/uploads\/2025\/10\/8a420713276bf7cf308193b71e051aa3-13x12.jpg 13w, https:\/\/vapehosale.com\/wp-content\/uploads\/2025\/10\/8a420713276bf7cf308193b71e051aa3-600x549.jpg 600w, https:\/\/vapehosale.com\/wp-content\/uploads\/2025\/10\/8a420713276bf7cf308193b71e051aa3.jpg 1080w\" sizes=\"(max-width: 300px) 100vw, 300px\" \/><\/p>\n<h2>Funkce Fumot Digital Box 12000:<\/h2>\n<p>Zna\u010dka: Fumot RandM<br \/>\nNikotin: 2 % 5 %<br \/>\nPot\u00e1hnut\u00ed: 12000<br \/>\nKapacita: 20 ml<br \/>\nK dispozici 52 p\u0159\u00edchut\u00ed<br \/>\n850mAh dob\u00edjec\u00ed<br \/>\nMesh spir\u00e1lka<br \/>\nDigit\u00e1ln\u00ed displej<br \/>\nHmotnost: 90 g\/ks<br \/>\n200 ks v kartonu<\/p>\n<h2>Seznam p\u0159\u00edchut\u00ed RandM Fumot 12000 Puffs:<\/h2>\n<p>1 Chladn\u00e1 m\u00e1ta<br \/>\n2 Vodn\u00ed meloun led<br \/>\n3 Hroznov\u00e9 v\u00edno led<br \/>\n4 Bor\u016fvka malina<br \/>\n5 Jahoda vodn\u00ed meloun<br \/>\n6 Jahoda ban\u00e1n<br \/>\n7 Sv\u011b\u017e\u00ed led<br \/>\n8 T\u0159e\u0161e\u0148<br \/>\n9 Jahodov\u00fd led<br \/>\n10 Ledov\u00e1 t\u0159\u00ed\u0161\u0165<br \/>\n11 R\u016f\u017eov\u00e1 limon\u00e1da<br \/>\n12 Mango ledov\u00e9<br \/>\n13 Mix lesn\u00edch plod\u016f<br \/>\n14 Jahodov\u00fd donut<br \/>\n15 Jahoda hroznov\u00e9 v\u00edno<br \/>\n16 T\u0159e\u0161\u0148ov\u00e1 cola<br \/>\n17 Dr. Blue<br \/>\n18 Bor\u016fvka ledov\u00e1<br \/>\n19 Kiwi mu\u010denka guava<br \/>\n20 Jahoda kiwi<br \/>\n21 Broskev mango<br \/>\n22 Broskvov\u00e1 ledov\u00e1<br \/>\n23 \u010cerven\u00e9 jablko ledov\u00e1<br \/>\n24 Bor\u016fvkov\u00e1 \u017ev\u00fdka\u010dka<br \/>\n25 Bobulov\u00e1 limon\u00e1da<br \/>\n26 Modr\u00e1 malinov\u00e1 limon\u00e1da<br \/>\n27 Modr\u00e1 kysel\u00e1 malina<br \/>\n28 Jahodov\u00fd Red Bull<br \/>\n29 Jable\u010dn\u00e1 bobulov\u00e1 exploze<br \/>\n30 Melounov\u00e1 \u017ev\u00fdka\u010dka<br \/>\n31 Malina Meloun<br \/>\n32 \u010cern\u00fd led<br \/>\n33 Bor\u016fvka T\u0159e\u0161e\u0148 Brusinka<br \/>\n34 Jahodov\u00e9 Pomp (Gran\u00e1tov\u00e9 jablko)<br \/>\n35 Vimto<br \/>\n36 T\u0159e\u0161\u0148ov\u00e1 Bobule<br \/>\n37 Citron<br \/>\n38 Bingo Crush<br \/>\n39 Bor\u016fvka Kiwi<br \/>\n41 Ban\u00e1nov\u00fd led<br \/>\n42 Dra\u010d\u00ed ovoce led<br \/>\n43 Ovocn\u00e1 F\u00faze<br \/>\n44 Hroznov\u00e1 m\u00e1ta<br \/>\n45 L\u00e1ska 66<br \/>\n46 Ananasov\u00fd led<br \/>\n47 \u010cerven\u00fd energetick\u00fd led<br \/>\n48 Dv\u011b jablka<br \/>\n50 Cola led<br \/>\n51 Ledov\u00fd \u010daj citronov\u00fd led<br \/>\n52 Ledov\u00fd \u010daj broskvov\u00fd led<\/p>\n<h2>FAQ o n\u00e1kupu <span class=\"___SText_anxqe-ko_\" data-ui-name=\"Link.Text\">Fumot Vape 12000 pot\u00e1hnut\u00ed, dob\u00edjec\u00ed vapovac\u00ed pero<\/span><\/h2>\n<h4>Jak poznat, \u017ee dob\u00edjec\u00ed vapovac\u00ed pero Fumot Vape 12000 pot\u00e1hnut\u00ed je vybit\u00e9?<\/h4>\n<p>Kdy\u017e se vape Fumot 12k vybije, obvykle se to projev\u00ed men\u0161\u00edm mno\u017estv\u00edm kou\u0159e, slab\u0161\u00ed chut\u00ed, nebo \u017e\u00e1dn\u00fdm kou\u0159em. Digit\u00e1ln\u00ed sada 12k je vybavena indik\u00e1torem baterie, kter\u00fd v\u00e1m pom\u016f\u017ee sledovat \u00farove\u0148 energie.<\/p>\n<h4>Kde mohu velkoobchodn\u011b koupit dob\u00edjec\u00ed jednor\u00e1zov\u00e9 vape Fumot digital box 12000?<\/h4>\n<p>Fumot vape 12k digital box lze zakoupit v kamenn\u00fdch obchodech a online obchodech, zejm\u00e9na na velkoobchodn\u00edch platform\u00e1ch jako je vapehosale.com, kde u\u017eivatel\u00e9 mohou naj\u00edt velk\u00e9 mno\u017estv\u00ed r\u016fzn\u00fdch zna\u010dek a model\u016f vapovac\u00edch per a vyu\u017e\u00edvat slevy p\u0159i hromadn\u00e9m n\u00e1kupu.<\/p>\n<h4>Kolik p\u0159\u00edchut\u00ed je k dispozici u Fumot Vape digital box 12000 pot\u00e1hnut\u00ed?<\/h4>\n<p>Fumot 12000 pot\u00e1hnut\u00ed m\u00e1 celkem 52+ dostupn\u00fdch p\u0159\u00edchut\u00ed.<\/p>\n<h4>Co znamen\u00e1 RandM Vape?<\/h4>\n<p>RandM Fumot Vape znamen\u00e1 Rick and Morty Vape<\/p>\n<h4>Cena Fumot Digital box 12000 pot\u00e1hnut\u00ed?<\/h4>\n<p>Maloobchodn\u00ed cena ve skladu v Evrop\u011b je 12\u20ac-15\u20ac\/ks<\/p>\n<h4>Zobrazen\u00ed balen\u00ed Fumot Digital box 12000 pot\u00e1hnut\u00ed:<\/h4>\n<p><img decoding=\"async\" class=\"alignnone size-full wp-image-1768\" src=\"https:\/\/vapehosale.com\/wp-content\/uploads\/2023\/09\/15ce3368342a167b2c874627795f4ee.png\" alt=\"Fumot 12000 pot\u00e1hnut\u00ed vape balen\u00ed\" width=\"565\" height=\"594\" srcset=\"https:\/\/vapehosale.com\/wp-content\/uploads\/2023\/09\/15ce3368342a167b2c874627795f4ee.png 565w, https:\/\/vapehosale.com\/wp-content\/uploads\/2023\/09\/15ce3368342a167b2c874627795f4ee-285x300.png 285w\" sizes=\"(max-width: 565px) 100vw, 565px\" \/><\/p>\n<p>&nbsp;<\/p>\n<p><a href=\"https:\/\/vapehosale.com\/cs\/product-category\/randm-fumot-vape\/\">Hork\u00e1 prodej vaporiz\u00e9ru Fumot Vape Velkoobchod EU skladi\u0161t\u011b<\/a><br \/>\n<a href=\"https:\/\/vapehosale.com\/cs\/product-category\/12000-puffs-disposable-vape\/\">Nejlep\u0161\u00ed 12000 Puffs Jednor\u00e1zov\u00fd vaporiz\u00e9r Hork\u00fd prodej\u00a0<\/a><br \/>\nKontakt pro katalog produkt\u016f:<a href=\"https:\/\/wa.me\/8618077105750\">Nakupovat<\/a><\/p>\n<h4>Detaily dopravy:<\/h4>\n<p>Doba v\u00fdroby: 5 pracovn\u00edch dn\u016f<br \/>\nDoba dod\u00e1n\u00ed: 8-14 pracovn\u00edch dn\u016f<\/p>\n<p>V\u0161echny produkty v na\u0161em obchod\u011b jsou 100% origin\u00e1ln\u00ed a autentick\u00e9, desetin\u00e1sobn\u00e1 kompenzace za pad\u011blky.<\/p>\n<p>Pro podrobn\u011bj\u0161\u00ed velkoobchodn\u00ed cenu, MOQ a SKU kontaktujte pros\u00edm na\u0161i obchodn\u00ed mana\u017eerku Vicky <a href=\"https:\/\/wa.me\/8618077105750\">whatsapp:+8618077105750<\/a><\/p>\n<p><img decoding=\"async\" class=\"alignnone size-full wp-image-2638\" src=\"https:\/\/vapehosale.com\/wp-content\/uploads\/2023\/09\/885301ea6f5e0b91f5ab2b1c85e665c.png\" alt=\"Tov\u00e1rna RandM\" width=\"670\" height=\"658\" srcset=\"https:\/\/vapehosale.com\/wp-content\/uploads\/2023\/09\/885301ea6f5e0b91f5ab2b1c85e665c.png 670w, https:\/\/vapehosale.com\/wp-content\/uploads\/2023\/09\/885301ea6f5e0b91f5ab2b1c85e665c-300x295.png 300w, https:\/\/vapehosale.com\/wp-content\/uploads\/2023\/09\/885301ea6f5e0b91f5ab2b1c85e665c-600x589.png 600w\" sizes=\"(max-width: 670px) 100vw, 670px\" \/><\/p>","protected":false},"excerpt":{"rendered":"<p>RandM Fumot 12000 Puffs je jednor\u00e1zov\u00fd vape s displejem baterie a oleje, d\u00edky kter\u00e9mu snadno pozn\u00e1te, kdy je t\u0159eba za\u0159\u00edzen\u00ed nab\u00edt, k dispozici je 52 p\u0159\u00edchut\u00ed.<span style=\"color: #ff0000\">Cena na webu nezahrnuje n\u00e1klady na dopravu<\/span><\/p>\n<p>V\u00edtejte, p\u0159idejte si Vicky na WhatsApp pro velkoobchodn\u00ed prodej fumot digital box 12000 puffs, minim\u00e1ln\u00ed objedn\u00e1vka je pouze 50 ks!<\/p>\n<p><img decoding=\"async\" class=\"alignnone size-medium wp-image-5650\" src=\"https:\/\/vapehosale.com\/wp-content\/uploads\/2025\/10\/8a420713276bf7cf308193b71e051aa3-300x274.jpg\" alt=\"Vicky\" width=\"300\" height=\"274\" srcset=\"https:\/\/vapehosale.com\/wp-content\/uploads\/2025\/10\/8a420713276bf7cf308193b71e051aa3-300x274.jpg 300w, https:\/\/vapehosale.com\/wp-content\/uploads\/2025\/10\/8a420713276bf7cf308193b71e051aa3-1024x937.jpg 1024w, https:\/\/vapehosale.com\/wp-content\/uploads\/2025\/10\/8a420713276bf7cf308193b71e051aa3-768x703.jpg 768w, https:\/\/vapehosale.com\/wp-content\/uploads\/2025\/10\/8a420713276bf7cf308193b71e051aa3-13x12.jpg 13w, https:\/\/vapehosale.com\/wp-content\/uploads\/2025\/10\/8a420713276bf7cf308193b71e051aa3-600x549.jpg 600w, https:\/\/vapehosale.com\/wp-content\/uploads\/2025\/10\/8a420713276bf7cf308193b71e051aa3.jpg 1080w\" sizes=\"(max-width: 300px) 100vw, 300px\" \/><\/p>\n<p>&nbsp;<\/p>\n<p>&nbsp;<\/p>","protected":false},"featured_media":1497,"comment_status":"open","ping_status":"closed","template":"","meta":{"_uag_custom_page_level_css":"","_lmt_disableupdate":"no","_lmt_disable":"","site-sidebar-layout":"default","site-content-layout":"","ast-site-content-layout":"default","site-content-style":"default","site-sidebar-style":"default","ast-global-header-display":"","ast-banner-title-visibility":"","ast-main-header-display":"","ast-hfb-above-header-display":"","ast-hfb-below-header-display":"","ast-hfb-mobile-header-display":"","site-post-title":"","ast-breadcrumbs-content":"","ast-featured-img":"","footer-sml-layout":"","theme-transparent-header-meta":"default","adv-header-id-meta":"","stick-header-meta":"","header-above-stick-meta":"","header-main-stick-meta":"","header-below-stick-meta":"","astra-migrate-meta-layouts":"set","_joinchat":[]},"product_cat":[15,83,41,55,89],"product_tag":[43,72,46,52,36,114,63,31,35,33,59],"class_list":["post-1490","product","type-product","status-publish","has-post-thumbnail","hentry","product_cat-vape-shop-wholesale","product_cat-12000-puffs-disposable-vape","product_cat-europe-hot-sale-vape","product_cat-minimum-order-quantity-50pcs","product_cat-randm-fumot-vape","product_tag-12000-puffs-vape-12k-vape","product_tag-2-nicotine-vape","product_tag-double-mesh-coil-vape","product_tag-fumot-12000-puffs","product_tag-fumot-digital-box-12000-puffs","product_tag-fumot-vape","product_tag-led-screen-disposable-vape","product_tag-randm-tornado-vape","product_tag-rechargeable-disposable-device","product_tag-rgb-light-disposable-vape","product_tag-smart-screen-disposable-vape","desktop-align-left","tablet-align-left","mobile-align-left"],"yoast_head":"<!-- This site is optimized with the Yoast SEO plugin v21.1 - https:\/\/yoast.com\/wordpress\/plugins\/seo\/ -->\n<title>Wholesale RandM Fumot Digital Box 12000 Puffs Vape - Vape Wholesale<\/title>\n<meta name=\"description\" content=\"Wholesale RandM Fumot Digital Box 12000 Puffs is a rechargeable disposable device that contains 20ml of e-liquid and an 600mah rechargeable battery.\" \/>\n<meta name=\"robots\" content=\"index, follow, max-snippet:-1, max-image-preview:large, max-video-preview:-1\" \/>\n<link rel=\"canonical\" href=\"https:\/\/vapehosale.com\/cs\/product\/fumot-digital-box-12000-puffs\/\" \/>\n<meta property=\"og:locale\" content=\"cs_CZ\" \/>\n<meta property=\"og:type\" content=\"article\" \/>\n<meta property=\"og:title\" content=\"Wholesale RandM Fumot Digital Box 12000 Puffs Vape - Vape Wholesale\" \/>\n<meta property=\"og:description\" content=\"Wholesale RandM Fumot Digital Box 12000 Puffs is a rechargeable disposable device that contains 20ml of e-liquid and an 600mah rechargeable battery.\" \/>\n<meta property=\"og:url\" content=\"https:\/\/vapehosale.com\/cs\/product\/fumot-digital-box-12000-puffs\/\" \/>\n<meta property=\"og:site_name\" content=\"Vape Wholesale\" \/>\n<meta property=\"article:modified_time\" content=\"2025-11-28T09:11:35+00:00\" \/>\n<meta property=\"og:image\" content=\"https:\/\/vapehosale.com\/wp-content\/uploads\/2023\/09\/Fumot-Digital-Box-12000-Digital-Box.jpg\" \/>\n\t<meta property=\"og:image:width\" content=\"474\" \/>\n\t<meta property=\"og:image:height\" content=\"600\" \/>\n\t<meta property=\"og:image:type\" content=\"image\/jpeg\" \/>\n<meta name=\"twitter:card\" content=\"summary_large_image\" \/>\n<meta name=\"twitter:label1\" content=\"Odhadovan\u00e1 doba \u010dten\u00ed\" \/>\n\t<meta name=\"twitter:data1\" content=\"4 minuty\" \/>\n<script type=\"application\/ld+json\" class=\"yoast-schema-graph\">{\"@context\":\"https:\/\/schema.org\",\"@graph\":[{\"@type\":\"WebPage\",\"@id\":\"https:\/\/vapehosale.com\/product\/fumot-digital-box-12000-puffs\/\",\"url\":\"https:\/\/vapehosale.com\/product\/fumot-digital-box-12000-puffs\/\",\"name\":\"Wholesale RandM Fumot Digital Box 12000 Puffs Vape - Vape Wholesale\",\"isPartOf\":{\"@id\":\"https:\/\/vapehosale.com\/#website\"},\"datePublished\":\"2023-09-21T02:02:20+00:00\",\"dateModified\":\"2025-11-28T09:11:35+00:00\",\"description\":\"Wholesale RandM Fumot Digital Box 12000 Puffs is a rechargeable disposable device that contains 20ml of e-liquid and an 600mah rechargeable battery.\",\"breadcrumb\":{\"@id\":\"https:\/\/vapehosale.com\/product\/fumot-digital-box-12000-puffs\/#breadcrumb\"},\"inLanguage\":\"cs\",\"potentialAction\":[{\"@type\":\"ReadAction\",\"target\":[\"https:\/\/vapehosale.com\/product\/fumot-digital-box-12000-puffs\/\"]}]},{\"@type\":\"BreadcrumbList\",\"@id\":\"https:\/\/vapehosale.com\/product\/fumot-digital-box-12000-puffs\/#breadcrumb\",\"itemListElement\":[{\"@type\":\"ListItem\",\"position\":1,\"name\":\"Home\",\"item\":\"https:\/\/vapehosale.com\/\"},{\"@type\":\"ListItem\",\"position\":2,\"name\":\"Best Sell Vapes\",\"item\":\"https:\/\/vapehosale.com\/vape-shop\/\"},{\"@type\":\"ListItem\",\"position\":3,\"name\":\"Wholesale RandM Fumot Digital Box 12000 Puffs Vape\"}]},{\"@type\":\"WebSite\",\"@id\":\"https:\/\/vapehosale.com\/#website\",\"url\":\"https:\/\/vapehosale.com\/\",\"name\":\"Vape Wholesale\",\"description\":\"Buy Vape Wholesale Price Near you\",\"potentialAction\":[{\"@type\":\"SearchAction\",\"target\":{\"@type\":\"EntryPoint\",\"urlTemplate\":\"https:\/\/vapehosale.com\/?s={search_term_string}\"},\"query-input\":\"required name=search_term_string\"}],\"inLanguage\":\"cs\"}]}<\/script>\n<!-- \/ Yoast SEO plugin. -->","yoast_head_json":{"title":"Wholesale RandM Fumot Digital Box 12000 Puffs Vape - Vape Wholesale","description":"Wholesale RandM Fumot Digital Box 12000 Puffs is a rechargeable disposable device that contains 20ml of e-liquid and an 600mah rechargeable battery.","robots":{"index":"index","follow":"follow","max-snippet":"max-snippet:-1","max-image-preview":"max-image-preview:large","max-video-preview":"max-video-preview:-1"},"canonical":"https:\/\/vapehosale.com\/cs\/product\/fumot-digital-box-12000-puffs\/","og_locale":"cs_CZ","og_type":"article","og_title":"Wholesale RandM Fumot Digital Box 12000 Puffs Vape - Vape Wholesale","og_description":"Wholesale RandM Fumot Digital Box 12000 Puffs is a rechargeable disposable device that contains 20ml of e-liquid and an 600mah rechargeable battery.","og_url":"https:\/\/vapehosale.com\/cs\/product\/fumot-digital-box-12000-puffs\/","og_site_name":"Vape Wholesale","article_modified_time":"2025-11-28T09:11:35+00:00","og_image":[{"width":474,"height":600,"url":"https:\/\/vapehosale.com\/wp-content\/uploads\/2023\/09\/Fumot-Digital-Box-12000-Digital-Box.jpg","type":"image\/jpeg"}],"twitter_card":"summary_large_image","twitter_misc":{"Odhadovan\u00e1 doba \u010dten\u00ed":"4 minuty"},"schema":{"@context":"https:\/\/schema.org","@graph":[{"@type":"WebPage","@id":"https:\/\/vapehosale.com\/product\/fumot-digital-box-12000-puffs\/","url":"https:\/\/vapehosale.com\/product\/fumot-digital-box-12000-puffs\/","name":"Wholesale RandM Fumot Digital Box 12000 Puffs Vape - Vape Wholesale","isPartOf":{"@id":"https:\/\/vapehosale.com\/#website"},"datePublished":"2023-09-21T02:02:20+00:00","dateModified":"2025-11-28T09:11:35+00:00","description":"Wholesale RandM Fumot Digital Box 12000 Puffs is a rechargeable disposable device that contains 20ml of e-liquid and an 600mah rechargeable battery.","breadcrumb":{"@id":"https:\/\/vapehosale.com\/product\/fumot-digital-box-12000-puffs\/#breadcrumb"},"inLanguage":"cs","potentialAction":[{"@type":"ReadAction","target":["https:\/\/vapehosale.com\/product\/fumot-digital-box-12000-puffs\/"]}]},{"@type":"BreadcrumbList","@id":"https:\/\/vapehosale.com\/product\/fumot-digital-box-12000-puffs\/#breadcrumb","itemListElement":[{"@type":"ListItem","position":1,"name":"Home","item":"https:\/\/vapehosale.com\/"},{"@type":"ListItem","position":2,"name":"Best Sell Vapes","item":"https:\/\/vapehosale.com\/vape-shop\/"},{"@type":"ListItem","position":3,"name":"Wholesale RandM Fumot Digital Box 12000 Puffs Vape"}]},{"@type":"WebSite","@id":"https:\/\/vapehosale.com\/#website","url":"https:\/\/vapehosale.com\/","name":"Vape Wholesale","description":"Buy Vape Wholesale Price Near you","potentialAction":[{"@type":"SearchAction","target":{"@type":"EntryPoint","urlTemplate":"https:\/\/vapehosale.com\/?s={search_term_string}"},"query-input":"required name=search_term_string"}],"inLanguage":"cs"}]}},"uagb_featured_image_src":{"full":["https:\/\/vapehosale.com\/wp-content\/uploads\/2023\/09\/Fumot-Digital-Box-12000-Digital-Box.jpg",474,600,false],"thumbnail":["https:\/\/vapehosale.com\/wp-content\/uploads\/2023\/09\/Fumot-Digital-Box-12000-Digital-Box-150x150.jpg",150,150,true],"medium":["https:\/\/vapehosale.com\/wp-content\/uploads\/2023\/09\/Fumot-Digital-Box-12000-Digital-Box-237x300.jpg",237,300,true],"medium_large":["https:\/\/vapehosale.com\/wp-content\/uploads\/2023\/09\/Fumot-Digital-Box-12000-Digital-Box.jpg",474,600,false],"large":["https:\/\/vapehosale.com\/wp-content\/uploads\/2023\/09\/Fumot-Digital-Box-12000-Digital-Box.jpg",474,600,false],"1536x1536":["https:\/\/vapehosale.com\/wp-content\/uploads\/2023\/09\/Fumot-Digital-Box-12000-Digital-Box.jpg",474,600,false],"2048x2048":["https:\/\/vapehosale.com\/wp-content\/uploads\/2023\/09\/Fumot-Digital-Box-12000-Digital-Box.jpg",474,600,false],"trp-custom-language-flag":["https:\/\/vapehosale.com\/wp-content\/uploads\/2023\/09\/Fumot-Digital-Box-12000-Digital-Box.jpg",9,12,false],"woocommerce_thumbnail":["https:\/\/vapehosale.com\/wp-content\/uploads\/2023\/09\/Fumot-Digital-Box-12000-Digital-Box-300x300.jpg",300,300,true],"woocommerce_single":["https:\/\/vapehosale.com\/wp-content\/uploads\/2023\/09\/Fumot-Digital-Box-12000-Digital-Box.jpg",474,600,false],"woocommerce_gallery_thumbnail":["https:\/\/vapehosale.com\/wp-content\/uploads\/2023\/09\/Fumot-Digital-Box-12000-Digital-Box-100x100.jpg",100,100,true],"wcpr-photo-reviews":["https:\/\/vapehosale.com\/wp-content\/uploads\/2023\/09\/Fumot-Digital-Box-12000-Digital-Box.jpg",395,500,false]},"uagb_author_info":{"display_name":"Vicky hosale","author_link":"https:\/\/vapehosale.com\/cs\/author\/"},"uagb_comment_info":38,"uagb_excerpt":"RandM Fumot 12000 Puffs is a disposable vape with a battery and oil display, you can easy to know when your need recharge your device though the battery display screen,there is 52\u00a0 flavor available.The website price does not include shipping costs Welcome to add vicky whatsapp for wholesale fumot digital box 12000 puffs, min order&hellip;","_links":{"self":[{"href":"https:\/\/vapehosale.com\/cs\/wp-json\/wp\/v2\/product\/1490","targetHints":{"allow":["GET"]}}],"collection":[{"href":"https:\/\/vapehosale.com\/cs\/wp-json\/wp\/v2\/product"}],"about":[{"href":"https:\/\/vapehosale.com\/cs\/wp-json\/wp\/v2\/types\/product"}],"replies":[{"embeddable":true,"href":"https:\/\/vapehosale.com\/cs\/wp-json\/wp\/v2\/comments?post=1490"}],"wp:featuredmedia":[{"embeddable":true,"href":"https:\/\/vapehosale.com\/cs\/wp-json\/wp\/v2\/media\/1497"}],"wp:attachment":[{"href":"https:\/\/vapehosale.com\/cs\/wp-json\/wp\/v2\/media?parent=1490"}],"wp:term":[{"taxonomy":"product_cat","embeddable":true,"href":"https:\/\/vapehosale.com\/cs\/wp-json\/wp\/v2\/product_cat?post=1490"},{"taxonomy":"product_tag","embeddable":true,"href":"https:\/\/vapehosale.com\/cs\/wp-json\/wp\/v2\/product_tag?post=1490"}],"curies":[{"name":"wp","href":"https:\/\/api.w.org\/{rel}","templated":true}]}}