{"id":1453,"date":"2023-09-19T10:02:58","date_gmt":"2023-09-19T10:02:58","guid":{"rendered":"https:\/\/vapehosale.com\/?post_type=product&#038;p=1453"},"modified":"2025-08-29T08:33:33","modified_gmt":"2025-08-29T08:33:33","slug":"randm-tornado-7000-puffs-disposable-vape","status":"publish","type":"product","link":"https:\/\/vapehosale.com\/cs\/product\/randm-tornado-7000-puffs-disposable-vape\/","title":{"rendered":"Velkoobchod jednor\u00e1zov\u00fdch vap\u016f RandM Tornado 7000 potah\u016f"},"content":{"rendered":"<h1 style=\"text-align: center\">Velkoobchod RandM Tornado 7000 Puffs jednor\u00e1zov\u00fd Vape?<\/h1>\n<p>RandM Tornado 7000 pot\u00e1hnut\u00ed je jednor\u00e1zov\u00fd vape, kter\u00fd m\u016f\u017ee upravit proud\u011bn\u00ed vzduchu, sta\u010d\u00ed <span style=\"font-size: 16px\">jemn\u011b oto\u010dit spodn\u00edm tla\u010d\u00edtkem pro nastaven\u00ed proud\u011bn\u00ed vzduchu, abyste z\u00edskali velikost pot\u00e1hnut\u00ed, kter\u00e1 v\u00e1m vyhovuje, a tornado 7000 je jedn\u00edm z nejprod\u00e1van\u011bj\u0161\u00edch jednor\u00e1zov\u00fdch vape v s\u00e9rii Tornado. <span class=\"___SText_anxqe-ko_\" data-ui-name=\"Link.Text\">randm vapes 7k s <\/span>jedine\u010dn\u00fdm designem, pou\u017eit\u00ed vizu\u00e1ln\u00edho designu olejov\u00e9 n\u00e1dobky a spou\u0161t\u011b RGB sv\u011btla se li\u0161\u00ed od v\u0161ech jednor\u00e1zov\u00fdch vape.<\/span><\/p>\n<p><img decoding=\"async\" class=\"alignnone size-full wp-image-3105\" src=\"https:\/\/vapehosale.com\/wp-content\/uploads\/2023\/09\/RandM-Tornado-7000-Puffs-Rechargeable-Disposable-Vape.jpg\" alt=\"RandM Tornado 7000 pot\u00e1hnut\u00ed Dob\u00edjec\u00ed jednor\u00e1zov\u00e1 vape\" width=\"1920\" height=\"1100\" srcset=\"https:\/\/vapehosale.com\/wp-content\/uploads\/2023\/09\/RandM-Tornado-7000-Puffs-Rechargeable-Disposable-Vape.jpg 1920w, https:\/\/vapehosale.com\/wp-content\/uploads\/2023\/09\/RandM-Tornado-7000-Puffs-Rechargeable-Disposable-Vape-300x172.jpg 300w, https:\/\/vapehosale.com\/wp-content\/uploads\/2023\/09\/RandM-Tornado-7000-Puffs-Rechargeable-Disposable-Vape-1024x587.jpg 1024w, https:\/\/vapehosale.com\/wp-content\/uploads\/2023\/09\/RandM-Tornado-7000-Puffs-Rechargeable-Disposable-Vape-768x440.jpg 768w, https:\/\/vapehosale.com\/wp-content\/uploads\/2023\/09\/RandM-Tornado-7000-Puffs-Rechargeable-Disposable-Vape-1536x880.jpg 1536w, https:\/\/vapehosale.com\/wp-content\/uploads\/2023\/09\/RandM-Tornado-7000-Puffs-Rechargeable-Disposable-Vape-600x344.jpg 600w\" sizes=\"(max-width: 1920px) 100vw, 1920px\" \/><\/p>\n<p>&nbsp;<\/p>\n<h2>Rick and Morty Vape 7k (RandM) jednor\u00e1zov\u00e9 specifikace:<\/h2>\n<p>1. 850mAh dob\u00edjec\u00ed baterie typu C<br \/>\n2. 14ml p\u0159edpln\u011bn\u00fd E-juice<br \/>\n3. 2% a 5% nikotinu<br \/>\n4. Uspokoj\u00ed t\u00e9m\u011b\u0159 7000 pot\u00e1hnut\u00ed<br \/>\n5. Nastaviteln\u00fd pr\u016ftok vzduchu<br \/>\n6. RGB sv\u011btlo<\/p>\n<h2>RandM Tornado 7000 Seznam p\u0159\u00edchut\u00ed:<\/h2>\n<p>1 .CHLADIV\u00c1 M\u00c1TA<br \/>\n2. LUSH LED<br \/>\n3. MANDARINKOV\u00dd LED<br \/>\n4.JAHODOV\u00dd DONUT<br \/>\n5.GUMOV\u00dd MEDV\u00cdDEK<br \/>\n6.BOR\u016eVKY NA LEDU<br \/>\n7.MANGO NA LEDU<br \/>\n8.BROSKEV NA LEDU<br \/>\n9.BAN\u00c1N NA LEDU<br \/>\n10.HROZNY NA LEDU<br \/>\n11.R\u016e\u017dOV\u00c1 LIMON\u00c1DA<br \/>\n12.PINA COLADA S RUMEM<br \/>\n13.MIX LESN\u00cdCH PLOD\u016e<br \/>\n14.BAN\u00c1NOV\u00dd MILKSHAKE<br \/>\n15.JAHODA S VODN\u00cdM MELOUNEM<br \/>\n16.\u010cERVEN\u00c9 JABLKO S CITRONEM<br \/>\n17.ANANAS NA LEDU<br \/>\n18.CUKROV\u00c1 VATA<br \/>\n19.JAHODA S BAN\u00c1NEM<br \/>\n20.JAHODA NA LEDU<br \/>\n21.JAHODA S KIWI<br \/>\n22.\u010cERVEN\u00dd ENERGETICK\u00dd N\u00c1POJ NA LEDU<br \/>\n23.BOR\u016eVKOV\u00c1 LIMON\u00c1DA S MALINAMI<br \/>\n24.\u010cERVEN\u00c9 JABLKO LED<br \/>\n25.BOBULOVA LIMON\u00c1DA<br \/>\n26.BOR\u016eVKOV\u00c1 \u017dV\u00ddKA\u010cKA<br \/>\n27.KYSEL\u00c1 BOR\u016eVKA MALINA<br \/>\n28.DR MODR\u00c1<br \/>\n29.JABLKO BROSKVEV HRU\u0160KA<br \/>\n30.BOR\u016eVKA GRAN\u00c1TOV\u00c9 JABLKO<br \/>\n31.VIMTO<br \/>\n32.KIWI MU\u010cENKA GUAVA<br \/>\n33.KOLALED<br \/>\n34.KYSEL\u00c9 JABLKO<br \/>\n35.\u010cERN\u00dd RYB\u00cdZ MENTOL<br \/>\n36.TYG\u0158\u00cd KREV<br \/>\n37.PEACH BOR\u016eVKA CUKR<br \/>\n38.BROSKEV MANGO<br \/>\n39.JAHODOV\u00dd RED BULL<br \/>\n40.\u010cERN\u00dd RYB\u00cdZ LED<br \/>\n41.JAHODA VODN\u00cd MELOUN LIMON\u00c1DA<br \/>\n42.T\u0158E\u0160N\u011a<br \/>\n43.MODR\u00c1 MALINA T\u0158E\u0160N\u011a<br \/>\n44.SKITTLES<br \/>\n45.BOR\u016eVKA MALINA<br \/>\n46.JAHODA HROZNY<br \/>\n47.BOR\u016eVKA T\u0158E\u0160N\u011a BRUSINKA<br \/>\n48.JABLKO LESN\u00cd PLODY V\u00ddBUCH<br \/>\n49.T\u0158E\u0160N\u011a KOLA<br \/>\n50.CITRON<br \/>\n51.R\u016e\u017dOV\u00dd V\u00ddBUCH<br \/>\n52.PACIFICK\u00dd CHLADI\u010c<br \/>\n53.LED POP<br \/>\n54.BINGO DRTIV\u00dd<br \/>\n55.VIMTO DRTIV\u00dd<br \/>\n56.TAB\u00c1K<\/p>\n<h3>Jak pou\u017e\u00edvat Randm Tornado 7000 Vape?<\/h3>\n<p>Krok 1: Otev\u0159ete zape\u010det\u011bn\u00fd s\u00e1\u010dek<br \/>\nKrok 2: Odtrhn\u011bte n\u00e1lepku<br \/>\nPosledn\u00ed krok: Vyt\u00e1hn\u011bte silikonovou z\u00e1tku a nechte 3 minuty odst\u00e1t, pot\u00e9 m\u016f\u017eete pou\u017e\u00edt<\/p>\n<p>P\u0159e\u010dt\u011bte si pozorn\u011b n\u00e1vod k pou\u017eit\u00ed RandM Tornado 7000 Puffs, abyste p\u0159ede\u0161li probl\u00e9m\u016fm s produktem zp\u016fsoben\u00fdm nespr\u00e1vnou obsluhou.<\/p>\n<h3>N\u00e1vod k nab\u00edjen\u00ed Randm Tornado Vapes 7000:<\/h3>\n<p>1. Fumot RandM vape 7k nelze nab\u00edjet rychlonab\u00edje\u010dkou, standardn\u00ed bezpe\u010dn\u00fd v\u00fdkon jednor\u00e1zov\u00fdch vap\u016f je 5V 1A. Pokud pou\u017eijete rychlonab\u00edje\u010dku, p\u0159\u00edmo po\u0161kod\u00edte baterii.<\/p>\n<p>2. Kdy\u017e se baterie chyst\u00e1 vyb\u00edt, ve spodn\u00ed \u010d\u00e1sti soupravy zablik\u00e1 sv\u011btlo. Pokud se v\u00e1m zd\u00e1, \u017ee mno\u017estv\u00ed kou\u0159e nen\u00ed velk\u00e9, je to tak\u00e9 proto, \u017ee je baterie nedostate\u010dn\u011b nabit\u00e1, a mus\u00edte ji v\u010das nab\u00edt, ne\u017e se energie Fumot vape Tornados 7000 vy\u010derp\u00e1, jinak dojde k po\u0161kozen\u00ed baterie, co\u017e zp\u016fsob\u00ed, \u017ee se z e-cigarety nebude kou\u0159it.<\/p>\n<h3>Kl\u00ed\u010dov\u00e9 vlastnosti a v\u00fdhody Fumot Vape Tornado 7000 Puffs<\/h3>\n<ol>\n<li><strong>Technologie mesh spir\u00e1ly \u2013 V\u00edce p\u00e1ry, lep\u0161\u00ed chu\u0165<\/strong>: RandM vapes 7000 Puffs vyu\u017e\u00edv\u00e1 pokro\u010dilou technologii mesh spir\u00e1ly, kter\u00e1 poskytuje hust\u0161\u00ed p\u00e1ru a bohat\u0161\u00ed chu\u0165. Mesh spir\u00e1ly se zah\u0159\u00edvaj\u00ed rovnom\u011brn\u011bji ne\u017e tradi\u010dn\u00ed spir\u00e1ly, co\u017e zaji\u0161\u0165uje, \u017ee ka\u017ed\u00e9 pot\u00e1hnut\u00ed je hladk\u00e9 a pln\u00e9 chuti.<\/li>\n<li><strong>Nepropustn\u00fd design s odd\u011blen\u00edm oleje a spir\u00e1ly<\/strong>: D\u00edky inovativn\u00edmu designu s odd\u011blen\u00edm oleje a spir\u00e1ly je tento vape vysoce odoln\u00fd proti \u00faniku a odd\u011blen\u00e1 struktura zvy\u0161uje stabilitu za\u0159\u00edzen\u00ed a zaji\u0161\u0165uje \u010dist\u00fd a konzistentn\u00ed z\u00e1\u017eitek z vapov\u00e1n\u00ed.<\/li>\n<li><strong>8sekundov\u00fd automatick\u00fd z\u00e1mek, kter\u00fd zabra\u0148uje sp\u00e1len\u00ed spir\u00e1ly<\/strong>: D\u00edky vestav\u011bn\u00e9 8sekundov\u00e9 funkci automatick\u00e9ho z\u00e1mku zabra\u0148uje RandM Tornado sp\u00e1len\u00ed spir\u00e1ly t\u00edm, \u017ee se automaticky zastav\u00ed po 8 sekund\u00e1ch nep\u0159etr\u017eit\u00e9ho vdechov\u00e1n\u00ed. Tato funkce prodlu\u017euje \u017eivotnost za\u0159\u00edzen\u00ed a zaji\u0161\u0165uje bezpe\u010dn\u00e9 pou\u017e\u00edv\u00e1n\u00ed.<\/li>\n<li><strong>Nastaviteln\u00e1 regulace proud\u011bn\u00ed vzduchu<\/strong>: proud\u011bn\u00ed vzduchu si m\u016f\u017eete snadno upravit a p\u0159izp\u016fsobit si tak z\u00e1\u017eitek z vapov\u00e1n\u00ed. A\u0165 u\u017e preferujete pevn\u011bj\u0161\u00ed nebo voln\u011bj\u0161\u00ed pot\u00e1hnut\u00ed, tato funkce v\u00e1m umo\u017en\u00ed ovl\u00e1dat hustotu p\u00e1ry a odpor p\u0159i vdechov\u00e1n\u00ed pro personalizovan\u00fd z\u00e1\u017eitek.<\/li>\n<li><strong>RGB sv\u011btla p\u0159i potahov\u00e1n\u00ed<\/strong>: Ka\u017ed\u00fd potah aktivuje dynamick\u00e1 RGB sv\u011btla, kter\u00e1 dod\u00e1vaj\u00ed z\u00e1bavn\u00fd a stylov\u00fd vizu\u00e1ln\u00ed efekt. Ide\u00e1ln\u00ed pro u\u017eivatele, kte\u0159\u00ed cht\u011bj\u00ed, aby jejich vape vynikl modern\u00edm, barevn\u00fdm n\u00e1dechem.<\/li>\n<\/ol>\n<p>S t\u011bmito funkcemi, Vape <strong>RandM Tornado 7k Puffs Dob\u00edjec\u00ed<\/strong>\u00a0vynik\u00e1 jako vysoce v\u00fdkonn\u00e9 za\u0159\u00edzen\u00ed, kter\u00e9 nab\u00edz\u00ed skv\u011blou chu\u0165, p\u0159izp\u016fsobiteln\u00fd pr\u016ftok vzduchu, nepropustn\u00fd design a poutav\u00e9 RGB osv\u011btlen\u00ed. Ide\u00e1ln\u00ed pro vapery, kte\u0159\u00ed hledaj\u00ed pohodl\u00ed, styl a vynikaj\u00edc\u00ed funk\u010dnost.<\/p>\n<p><strong>P\u0159idejte si obchodn\u00ed mana\u017eerku Vicky na WhatsApp +8618077105750 a z\u00edskejte dal\u0161\u00ed slevy!<\/strong><\/p>\n<p><img decoding=\"async\" class=\"alignnone size-full wp-image-2638\" src=\"https:\/\/vapehosale.com\/wp-content\/uploads\/2023\/09\/885301ea6f5e0b91f5ab2b1c85e665c.png\" alt=\"Tov\u00e1rna RandM\" width=\"670\" height=\"658\" srcset=\"https:\/\/vapehosale.com\/wp-content\/uploads\/2023\/09\/885301ea6f5e0b91f5ab2b1c85e665c.png 670w, https:\/\/vapehosale.com\/wp-content\/uploads\/2023\/09\/885301ea6f5e0b91f5ab2b1c85e665c-300x295.png 300w, https:\/\/vapehosale.com\/wp-content\/uploads\/2023\/09\/885301ea6f5e0b91f5ab2b1c85e665c-600x589.png 600w\" sizes=\"(max-width: 670px) 100vw, 670px\" \/><\/p>\n<p>Dal\u0161\u00ed popul\u00e1rn\u00ed vape, kter\u00e9 byste mohli pot\u0159ebovat<\/p>\n<div class=\"sm-table-layout__cell sm-table-layout__cell_align_left sm-table-layout__cell_fixed-cell_phrase\" role=\"cell\" data-testid=\"table-cell-keyword\">\n<div class=\"sm-cell-phrase\">\n<p><a href=\"https:\/\/vapehosale.com\/cs\/product-category\/9000-vape\/\">Velkoobchod s jednor\u00e1zov\u00fdmi vape RandM zde<span class=\"x19la9d6 x1fc57z9 x6ikm8r x10wlt62 x19co3pv x1g5zs5t xfibh0p xiy17q3 x1xsqp64 x1lkfr7t xexx8yu xyri2b x18d9i69 x1c1uobl\"><span class=\"xrtxmta x1bhl96m\">\ud83d\udc48<\/span><\/span><\/a><\/p>\n<div class=\"sm-cell-phrase__addons-container\"><a href=\"https:\/\/vapehosale.com\/cs\/product\/randm-fumot-tornado-30k-music-disposable-vape\/\">Fumot Vape RandM Vape <\/a><span class=\"___SText_anxqe-kmt_\" data-ui-name=\"Link.Text\">tornado 30k Hudba<br \/>\n<a href=\"https:\/\/vapehosale.com\/cs\/product-category\/7000-puffs-disposable-vape\/\">7000 pot\u00e1hnut\u00ed jednor\u00e1zov\u00e1 vape \u017dhav\u00fd prodej!<\/a><\/span><\/div>\n<\/div>\n<\/div>\n<p>Kontakt pro katalog produkt\u016f:<a href=\"https:\/\/wa.me\/8618077105750\">Nakupovat<\/a><\/p>","protected":false},"excerpt":{"rendered":"<p>Randm tornados 7k dob\u00edjec\u00ed jednor\u00e1zov\u00fd vape, kter\u00fd obsahuje 14 ml e-liquidu a 850mAh dob\u00edjec\u00ed baterii, ka\u017ed\u00fd fumot 7k vape m\u016f\u017ee poskytnout 7000 pot\u00e1hnut\u00ed, 40+ p\u0159\u00edchut\u00ed skladem, \u010dek\u00e1 na v\u00e1s, abyste si vybrali je\u0161t\u011b dnes!<span style=\"color: #ff0000\">(cena na webu nezahrnuje n\u00e1klady na dopravu)<\/span><br \/>\n<span style=\"color: #000000\">Kontaktujte Vikcy pro v\u00edce slev, velkoobchodn\u00ed minim\u00e1ln\u00ed objedn\u00e1vka RandM vape pouze 50 kus\u016f!<\/span><\/p>\n<p><img decoding=\"async\" class=\"alignnone size-medium wp-image-2638\" src=\"https:\/\/vapehosale.com\/wp-content\/uploads\/2023\/09\/885301ea6f5e0b91f5ab2b1c85e665c-300x295.png\" alt=\"Tov\u00e1rna RandM\" width=\"300\" height=\"295\" srcset=\"https:\/\/vapehosale.com\/wp-content\/uploads\/2023\/09\/885301ea6f5e0b91f5ab2b1c85e665c-300x295.png 300w, https:\/\/vapehosale.com\/wp-content\/uploads\/2023\/09\/885301ea6f5e0b91f5ab2b1c85e665c-600x589.png 600w, https:\/\/vapehosale.com\/wp-content\/uploads\/2023\/09\/885301ea6f5e0b91f5ab2b1c85e665c.png 670w\" sizes=\"(max-width: 300px) 100vw, 300px\" \/><\/p>\n<p><span style=\"color: #ff0000\">POZN\u00c1MKA: Cena na webov\u00fdch str\u00e1nk\u00e1ch nezahrnuje n\u00e1klady na dopravu. Uve\u010fte pros\u00edm sv\u00e9 PS\u010c pro ov\u011b\u0159en\u00ed n\u00e1klad\u016f na dopravu.<\/span><\/p>","protected":false},"featured_media":3104,"comment_status":"closed","ping_status":"closed","template":"","meta":{"_uag_custom_page_level_css":"","_lmt_disableupdate":"no","_lmt_disable":"","site-sidebar-layout":"default","site-content-layout":"","ast-site-content-layout":"default","site-content-style":"default","site-sidebar-style":"default","ast-global-header-display":"","ast-banner-title-visibility":"","ast-main-header-display":"","ast-hfb-above-header-display":"","ast-hfb-below-header-display":"","ast-hfb-mobile-header-display":"","site-post-title":"","ast-breadcrumbs-content":"","ast-featured-img":"","footer-sml-layout":"","theme-transparent-header-meta":"default","adv-header-id-meta":"","stick-header-meta":"","header-above-stick-meta":"","header-main-stick-meta":"","header-below-stick-meta":"","astra-migrate-meta-layouts":"set","_joinchat":[]},"product_cat":[15,41,55,89,91],"product_tag":[32,114,31,33],"class_list":["post-1453","product","type-product","status-publish","has-post-thumbnail","hentry","product_cat-vape-shop-wholesale","product_cat-europe-hot-sale-vape","product_cat-minimum-order-quantity-50pcs","product_cat-randm-fumot-vape","product_cat-7000-puffs-disposable-vape","product_tag-7000-puffs-disposable-vape","product_tag-fumot-vape","product_tag-randm-tornado-vape","product_tag-rgb-light-disposable-vape","desktop-align-left","tablet-align-left","mobile-align-left"],"yoast_head":"<!-- This site is optimized with the Yoast SEO plugin v21.1 - https:\/\/yoast.com\/wordpress\/plugins\/seo\/ -->\n<title>Wholesale RandM Tornado 7000 Puffs Disposable Vape - Vape Wholesale<\/title>\n<meta name=\"description\" content=\"RandM Tornado 7000 Puffs Rechargeable Vape with mesh coil, leak-proof design, RGB lights, and adjustable airflow for the ultimate vaping experience\" \/>\n<meta name=\"robots\" content=\"index, follow, max-snippet:-1, max-image-preview:large, max-video-preview:-1\" \/>\n<link rel=\"canonical\" href=\"https:\/\/vapehosale.com\/cs\/product\/randm-tornado-7000-puffs-disposable-vape\/\" \/>\n<meta property=\"og:locale\" content=\"cs_CZ\" \/>\n<meta property=\"og:type\" content=\"article\" \/>\n<meta property=\"og:title\" content=\"Wholesale RandM Tornado 7000 Puffs Disposable Vape - Vape Wholesale\" \/>\n<meta property=\"og:description\" content=\"RandM Tornado 7000 Puffs Rechargeable Vape with mesh coil, leak-proof design, RGB lights, and adjustable airflow for the ultimate vaping experience\" \/>\n<meta property=\"og:url\" content=\"https:\/\/vapehosale.com\/cs\/product\/randm-tornado-7000-puffs-disposable-vape\/\" \/>\n<meta property=\"og:site_name\" content=\"Vape Wholesale\" \/>\n<meta property=\"article:modified_time\" content=\"2025-08-29T08:33:33+00:00\" \/>\n<meta property=\"og:image\" content=\"https:\/\/vapehosale.com\/wp-content\/uploads\/2023\/09\/RandM-Factory-Direct-7000-Puffs-RGB-Vape.jpg\" \/>\n\t<meta property=\"og:image:width\" content=\"1440\" \/>\n\t<meta property=\"og:image:height\" content=\"1800\" \/>\n\t<meta property=\"og:image:type\" content=\"image\/jpeg\" \/>\n<meta name=\"twitter:card\" content=\"summary_large_image\" \/>\n<meta name=\"twitter:label1\" content=\"Odhadovan\u00e1 doba \u010dten\u00ed\" \/>\n\t<meta name=\"twitter:data1\" content=\"4 minuty\" \/>\n<script type=\"application\/ld+json\" class=\"yoast-schema-graph\">{\"@context\":\"https:\/\/schema.org\",\"@graph\":[{\"@type\":\"WebPage\",\"@id\":\"https:\/\/vapehosale.com\/product\/randm-tornado-7000-puffs-disposable-vape\/\",\"url\":\"https:\/\/vapehosale.com\/product\/randm-tornado-7000-puffs-disposable-vape\/\",\"name\":\"Wholesale RandM Tornado 7000 Puffs Disposable Vape - Vape Wholesale\",\"isPartOf\":{\"@id\":\"https:\/\/vapehosale.com\/#website\"},\"datePublished\":\"2023-09-19T10:02:58+00:00\",\"dateModified\":\"2025-08-29T08:33:33+00:00\",\"description\":\"RandM Tornado 7000 Puffs Rechargeable Vape with mesh coil, leak-proof design, RGB lights, and adjustable airflow for the ultimate vaping experience\",\"breadcrumb\":{\"@id\":\"https:\/\/vapehosale.com\/product\/randm-tornado-7000-puffs-disposable-vape\/#breadcrumb\"},\"inLanguage\":\"cs\",\"potentialAction\":[{\"@type\":\"ReadAction\",\"target\":[\"https:\/\/vapehosale.com\/product\/randm-tornado-7000-puffs-disposable-vape\/\"]}]},{\"@type\":\"BreadcrumbList\",\"@id\":\"https:\/\/vapehosale.com\/product\/randm-tornado-7000-puffs-disposable-vape\/#breadcrumb\",\"itemListElement\":[{\"@type\":\"ListItem\",\"position\":1,\"name\":\"Home\",\"item\":\"https:\/\/vapehosale.com\/\"},{\"@type\":\"ListItem\",\"position\":2,\"name\":\"Best Sell Vapes\",\"item\":\"https:\/\/vapehosale.com\/vape-shop\/\"},{\"@type\":\"ListItem\",\"position\":3,\"name\":\"Wholesale RandM Tornado 7000 Puffs Disposable Vape\"}]},{\"@type\":\"WebSite\",\"@id\":\"https:\/\/vapehosale.com\/#website\",\"url\":\"https:\/\/vapehosale.com\/\",\"name\":\"Vape Wholesale\",\"description\":\"Buy Vape Wholesale Price Near you\",\"potentialAction\":[{\"@type\":\"SearchAction\",\"target\":{\"@type\":\"EntryPoint\",\"urlTemplate\":\"https:\/\/vapehosale.com\/?s={search_term_string}\"},\"query-input\":\"required name=search_term_string\"}],\"inLanguage\":\"cs\"}]}<\/script>\n<!-- \/ Yoast SEO plugin. -->","yoast_head_json":{"title":"Wholesale RandM Tornado 7000 Puffs Disposable Vape - Vape Wholesale","description":"RandM Tornado 7000 Puffs Rechargeable Vape with mesh coil, leak-proof design, RGB lights, and adjustable airflow for the ultimate vaping experience","robots":{"index":"index","follow":"follow","max-snippet":"max-snippet:-1","max-image-preview":"max-image-preview:large","max-video-preview":"max-video-preview:-1"},"canonical":"https:\/\/vapehosale.com\/cs\/product\/randm-tornado-7000-puffs-disposable-vape\/","og_locale":"cs_CZ","og_type":"article","og_title":"Wholesale RandM Tornado 7000 Puffs Disposable Vape - Vape Wholesale","og_description":"RandM Tornado 7000 Puffs Rechargeable Vape with mesh coil, leak-proof design, RGB lights, and adjustable airflow for the ultimate vaping experience","og_url":"https:\/\/vapehosale.com\/cs\/product\/randm-tornado-7000-puffs-disposable-vape\/","og_site_name":"Vape Wholesale","article_modified_time":"2025-08-29T08:33:33+00:00","og_image":[{"width":1440,"height":1800,"url":"https:\/\/vapehosale.com\/wp-content\/uploads\/2023\/09\/RandM-Factory-Direct-7000-Puffs-RGB-Vape.jpg","type":"image\/jpeg"}],"twitter_card":"summary_large_image","twitter_misc":{"Odhadovan\u00e1 doba \u010dten\u00ed":"4 minuty"},"schema":{"@context":"https:\/\/schema.org","@graph":[{"@type":"WebPage","@id":"https:\/\/vapehosale.com\/product\/randm-tornado-7000-puffs-disposable-vape\/","url":"https:\/\/vapehosale.com\/product\/randm-tornado-7000-puffs-disposable-vape\/","name":"Wholesale RandM Tornado 7000 Puffs Disposable Vape - Vape Wholesale","isPartOf":{"@id":"https:\/\/vapehosale.com\/#website"},"datePublished":"2023-09-19T10:02:58+00:00","dateModified":"2025-08-29T08:33:33+00:00","description":"RandM Tornado 7000 Puffs Rechargeable Vape with mesh coil, leak-proof design, RGB lights, and adjustable airflow for the ultimate vaping experience","breadcrumb":{"@id":"https:\/\/vapehosale.com\/product\/randm-tornado-7000-puffs-disposable-vape\/#breadcrumb"},"inLanguage":"cs","potentialAction":[{"@type":"ReadAction","target":["https:\/\/vapehosale.com\/product\/randm-tornado-7000-puffs-disposable-vape\/"]}]},{"@type":"BreadcrumbList","@id":"https:\/\/vapehosale.com\/product\/randm-tornado-7000-puffs-disposable-vape\/#breadcrumb","itemListElement":[{"@type":"ListItem","position":1,"name":"Home","item":"https:\/\/vapehosale.com\/"},{"@type":"ListItem","position":2,"name":"Best Sell Vapes","item":"https:\/\/vapehosale.com\/vape-shop\/"},{"@type":"ListItem","position":3,"name":"Wholesale RandM Tornado 7000 Puffs Disposable Vape"}]},{"@type":"WebSite","@id":"https:\/\/vapehosale.com\/#website","url":"https:\/\/vapehosale.com\/","name":"Vape Wholesale","description":"Buy Vape Wholesale Price Near you","potentialAction":[{"@type":"SearchAction","target":{"@type":"EntryPoint","urlTemplate":"https:\/\/vapehosale.com\/?s={search_term_string}"},"query-input":"required name=search_term_string"}],"inLanguage":"cs"}]}},"uagb_featured_image_src":{"full":["https:\/\/vapehosale.com\/wp-content\/uploads\/2023\/09\/RandM-Factory-Direct-7000-Puffs-RGB-Vape.jpg",1440,1800,false],"thumbnail":["https:\/\/vapehosale.com\/wp-content\/uploads\/2023\/09\/RandM-Factory-Direct-7000-Puffs-RGB-Vape-150x150.jpg",150,150,true],"medium":["https:\/\/vapehosale.com\/wp-content\/uploads\/2023\/09\/RandM-Factory-Direct-7000-Puffs-RGB-Vape-240x300.jpg",240,300,true],"medium_large":["https:\/\/vapehosale.com\/wp-content\/uploads\/2023\/09\/RandM-Factory-Direct-7000-Puffs-RGB-Vape-768x960.jpg",768,960,true],"large":["https:\/\/vapehosale.com\/wp-content\/uploads\/2023\/09\/RandM-Factory-Direct-7000-Puffs-RGB-Vape-819x1024.jpg",819,1024,true],"1536x1536":["https:\/\/vapehosale.com\/wp-content\/uploads\/2023\/09\/RandM-Factory-Direct-7000-Puffs-RGB-Vape-1229x1536.jpg",1229,1536,true],"2048x2048":["https:\/\/vapehosale.com\/wp-content\/uploads\/2023\/09\/RandM-Factory-Direct-7000-Puffs-RGB-Vape.jpg",1440,1800,false],"trp-custom-language-flag":["https:\/\/vapehosale.com\/wp-content\/uploads\/2023\/09\/RandM-Factory-Direct-7000-Puffs-RGB-Vape.jpg",10,12,false],"woocommerce_thumbnail":["https:\/\/vapehosale.com\/wp-content\/uploads\/2023\/09\/RandM-Factory-Direct-7000-Puffs-RGB-Vape-300x300.jpg",300,300,true],"woocommerce_single":["https:\/\/vapehosale.com\/wp-content\/uploads\/2023\/09\/RandM-Factory-Direct-7000-Puffs-RGB-Vape-600x750.jpg",600,750,true],"woocommerce_gallery_thumbnail":["https:\/\/vapehosale.com\/wp-content\/uploads\/2023\/09\/RandM-Factory-Direct-7000-Puffs-RGB-Vape-100x100.jpg",100,100,true],"wcpr-photo-reviews":["https:\/\/vapehosale.com\/wp-content\/uploads\/2023\/09\/RandM-Factory-Direct-7000-Puffs-RGB-Vape.jpg",400,500,false]},"uagb_author_info":{"display_name":"Vicky hosale","author_link":"https:\/\/vapehosale.com\/cs\/author\/"},"uagb_comment_info":8,"uagb_excerpt":"Randm tornados 7k rechargeable disposable vape that contains 14ml of e-liquid and an 850mah rechargeable battery,\u00a0 each fumot 7k vapes can provide 7000 puffs, 40+ flavor instock, waittinig for you to choose today!(website price not include shipping cost) Contact vikcy for more disscount,RandM vape wholesale min order only need 50pcs! NOTE: The website price does&hellip;","_links":{"self":[{"href":"https:\/\/vapehosale.com\/cs\/wp-json\/wp\/v2\/product\/1453","targetHints":{"allow":["GET"]}}],"collection":[{"href":"https:\/\/vapehosale.com\/cs\/wp-json\/wp\/v2\/product"}],"about":[{"href":"https:\/\/vapehosale.com\/cs\/wp-json\/wp\/v2\/types\/product"}],"replies":[{"embeddable":true,"href":"https:\/\/vapehosale.com\/cs\/wp-json\/wp\/v2\/comments?post=1453"}],"wp:featuredmedia":[{"embeddable":true,"href":"https:\/\/vapehosale.com\/cs\/wp-json\/wp\/v2\/media\/3104"}],"wp:attachment":[{"href":"https:\/\/vapehosale.com\/cs\/wp-json\/wp\/v2\/media?parent=1453"}],"wp:term":[{"taxonomy":"product_cat","embeddable":true,"href":"https:\/\/vapehosale.com\/cs\/wp-json\/wp\/v2\/product_cat?post=1453"},{"taxonomy":"product_tag","embeddable":true,"href":"https:\/\/vapehosale.com\/cs\/wp-json\/wp\/v2\/product_tag?post=1453"}],"curies":[{"name":"wp","href":"https:\/\/api.w.org\/{rel}","templated":true}]}}